{"id":178,"date":"2017-05-10T12:28:57","date_gmt":"2017-05-10T09:28:57","guid":{"rendered":"https:\/\/blogi.eoppimispalvelut.fi\/hyvinvointiteknologia2017\/?page_id=178"},"modified":"2017-05-29T16:37:01","modified_gmt":"2017-05-29T13:37:01","slug":"alyvaatteet-ja-muu","status":"publish","type":"page","link":"https:\/\/blogi.eoppimispalvelut.fi\/hyvinvointiteknologia2017\/alyvaatteet-ja-muu\/","title":{"rendered":"\u00c4lyvaatteet ja muu"},"content":{"rendered":"<p><strong>\u00c4lyvaatteet\u00a0<\/strong><\/p>\n<p>*<strong><a href=\"http:\/\/www.myontec.com\/en\/\">myontec<\/a>\u00a0<\/strong>&#8211; Vaatteet (esim. shortsit), jotka mittaavat lihasaktiivisuutta.<\/p>\n<p><iframe loading=\"lazy\" title=\"Myontec Mbody -  Garment that measures your muscle activity\" width=\"584\" height=\"329\" src=\"https:\/\/www.youtube.com\/embed\/RK11nb9syaQ?feature=oembed\" frameborder=\"0\" allow=\"accelerometer; autoplay; clipboard-write; encrypted-media; gyroscope; picture-in-picture; web-share\" referrerpolicy=\"strict-origin-when-cross-origin\" allowfullscreen><\/iframe><\/p>\n<p>*<a href=\"http:\/\/www.megaemg.com\/\">Bittium Biosignals Oy (mega)<\/a><\/p>\n<hr \/>\n<p><strong>\u00c4lykorut:<\/strong><\/p>\n<p>*<a href=\"http:\/\/www.kalevalakoru.fi\/fi\/verkkokauppa\/alykorut\">Kalevala Korun &#8220;\u00e4lykorut&#8221;<\/a><\/p>\n<p><a href=\"https:\/\/www.wareable.com\/smart-jewellery\/semi-precious-the-best-smart-jewelry-582\">Charara S (2017) <em>Semi-precious: The best smart jewelry Rings, bracelets, necklaces and clip-ons with hidden tech talents.<\/em> www.wearable.com<\/a><\/p>\n<p>&nbsp;<\/p>\n<hr \/>\n<p><strong>Muu:<\/strong><\/p>\n<p><a href=\"http:\/\/www.hs.fi\/teknologia\/art-2000005085941.html\">Rissanen V (2017) <em>\u00c4lyvaaka kertoo painok\u00e4yr\u00e4si lis\u00e4ksi p\u00e4iv\u00e4n s\u00e4\u00e4n \u2013 millainen \u00e4lyvaaka kannattaa ostaa ja miksi?<\/em> Helsingin Sanomat<\/a><\/p>\n","protected":false},"excerpt":{"rendered":"<p>\u00c4lyvaatteet\u00a0 *myontec\u00a0&#8211; Vaatteet (esim. shortsit), jotka mittaavat lihasaktiivisuutta. *Bittium Biosignals Oy (mega) \u00c4lykorut: *Kalevala Korun &#8220;\u00e4lykorut&#8221; Charara S (2017) Semi-precious: The best smart jewelry Rings, bracelets, necklaces and clip-ons with hidden tech talents. www.wearable.com &nbsp; Muu: Rissanen V (2017) \u00c4lyvaaka &hellip; <a href=\"https:\/\/blogi.eoppimispalvelut.fi\/hyvinvointiteknologia2017\/alyvaatteet-ja-muu\/\">Continue reading <span class=\"meta-nav\">&rarr;<\/span><\/a><\/p>\n","protected":false},"author":1824,"featured_media":0,"parent":0,"menu_order":0,"comment_status":"closed","ping_status":"closed","template":"","meta":{"footnotes":""},"class_list":["post-178","page","type-page","status-publish","hentry"],"_links":{"self":[{"href":"https:\/\/blogi.eoppimispalvelut.fi\/hyvinvointiteknologia2017\/wp-json\/wp\/v2\/pages\/178","targetHints":{"allow":["GET"]}}],"collection":[{"href":"https:\/\/blogi.eoppimispalvelut.fi\/hyvinvointiteknologia2017\/wp-json\/wp\/v2\/pages"}],"about":[{"href":"https:\/\/blogi.eoppimispalvelut.fi\/hyvinvointiteknologia2017\/wp-json\/wp\/v2\/types\/page"}],"author":[{"embeddable":true,"href":"https:\/\/blogi.eoppimispalvelut.fi\/hyvinvointiteknologia2017\/wp-json\/wp\/v2\/users\/1824"}],"replies":[{"embeddable":true,"href":"https:\/\/blogi.eoppimispalvelut.fi\/hyvinvointiteknologia2017\/wp-json\/wp\/v2\/comments?post=178"}],"version-history":[{"count":6,"href":"https:\/\/blogi.eoppimispalvelut.fi\/hyvinvointiteknologia2017\/wp-json\/wp\/v2\/pages\/178\/revisions"}],"predecessor-version":[{"id":319,"href":"https:\/\/blogi.eoppimispalvelut.fi\/hyvinvointiteknologia2017\/wp-json\/wp\/v2\/pages\/178\/revisions\/319"}],"wp:attachment":[{"href":"https:\/\/blogi.eoppimispalvelut.fi\/hyvinvointiteknologia2017\/wp-json\/wp\/v2\/media?parent=178"}],"curies":[{"name":"wp","href":"https:\/\/api.w.org\/{rel}","templated":true}]}}