{"id":297,"date":"2017-05-29T14:31:11","date_gmt":"2017-05-29T11:31:11","guid":{"rendered":"https:\/\/blogi.eoppimispalvelut.fi\/hyvinvointiteknologia2017\/?page_id=297"},"modified":"2017-06-13T12:41:20","modified_gmt":"2017-06-13T09:41:20","slug":"muuta-hyvinvointiteknologiasta","status":"publish","type":"page","link":"https:\/\/blogi.eoppimispalvelut.fi\/hyvinvointiteknologia2017\/muuta-hyvinvointiteknologiasta\/","title":{"rendered":"Muuta hyvinvointiteknologiasta"},"content":{"rendered":"<p>T\u00e4ss\u00e4 v\u00e4h\u00e4n hyvinvointiteknologiasta&#8230; eri n\u00e4k\u00f6kulmasta! K\u00e4yk\u00e4\u00e4h\u00e4n tutustumasssa!<\/p>\n<hr \/>\n<p><strong>Terveys (l\u00e4\u00e4ketieteellist\u00e4 teknologia)<\/strong><\/p>\n<p><a href=\"http:\/\/www.medtronic.com\/us-en\/index.html\">Medtronic<\/a><\/p>\n<p><a href=\"https:\/\/www.salimetrics.com\/\">Salimetrics<\/a><\/p>\n<hr \/>\n<p><strong>Sis\u00e4ilma<\/strong><\/p>\n<p>*<strong><a href=\"https:\/\/www.naava.io\/fi\/\">NAAVA<\/a>\u00a0<\/strong>&#8211; \u00c4lyvihersein\u00e4, joka puhdistaa sis\u00e4ilmaa. Huono sis\u00e4ilma heikent\u00e4\u00e4 aivotoimintaa ja vaarantaa terveyt\u00e4mme ja hyvinvoinimme.<\/p>\n<p><iframe loading=\"lazy\" title=\"Naava: How Naava Air Naturalization Works\" width=\"584\" height=\"329\" src=\"https:\/\/www.youtube.com\/embed\/QqN6z9_F7HY?feature=oembed\" frameborder=\"0\" allow=\"accelerometer; autoplay; clipboard-write; encrypted-media; gyroscope; picture-in-picture; web-share\" referrerpolicy=\"strict-origin-when-cross-origin\" allowfullscreen><\/iframe><\/p>\n<p><iframe loading=\"lazy\" title=\"Naturvention \u2013 Yle Uutiset 20.4.2016\" width=\"584\" height=\"329\" src=\"https:\/\/www.youtube.com\/embed\/lwQxHq-lrcE?feature=oembed\" frameborder=\"0\" allow=\"accelerometer; autoplay; clipboard-write; encrypted-media; gyroscope; picture-in-picture; web-share\" referrerpolicy=\"strict-origin-when-cross-origin\" allowfullscreen><\/iframe><\/p>\n<p>&nbsp;<\/p>\n<p><strong><a href=\"https:\/\/cubesensors.com\/\">CubeSensors<\/a>\u00a0<\/strong>&#8211; Mittaa talosi\/toimistosi ilmankosteus, ilman l\u00e4mp\u00f6tila, ilmanlaatu, melu, valo ym.<\/p>\n<p>&nbsp;<\/p>\n<hr \/>\n<p><strong>Exergaming \/ liikuntapelit \/ hy\u00f6typelit<\/strong><\/p>\n<p>Uudehko liikuntatrendi miss\u00e4 digitaaliset pelit (esim. <a href=\"http:\/\/www.pokemongo.com\/\">PokemonGo<\/a>\u00a0tai\u00a0<a href=\"https:\/\/www.playstation.com\/en-gb\/games\/move-fitness-ps3\/\">PlayStation \u00a03 Move Fitness)<\/a> innostuvat liikkumaan.<\/p>\n<p>Kajaanin Ammattikorkeakoulu panostaa liikuntapeleihin. T\u00e4ss\u00e4 meid\u00e4n \u00e4lysalin esitysvideo sek\u00e4 muutamia linkkej\u00e4 aiheesta:<\/p>\n<p><iframe loading=\"lazy\" title=\"SmartGym\" width=\"584\" height=\"329\" src=\"https:\/\/www.youtube.com\/embed\/Q3E_T84lLOw?feature=oembed\" frameborder=\"0\" allow=\"accelerometer; autoplay; clipboard-write; encrypted-media; gyroscope; picture-in-picture; web-share\" referrerpolicy=\"strict-origin-when-cross-origin\" allowfullscreen><\/iframe><\/p>\n<p>*<a href=\"http:\/\/cse.fi\/\">CSE- Kamk Game Development \/Real CSE Center<\/a><\/p>\n<p>*<a href=\"http:\/\/www.cse-entertainment.com\/\">CSE Entertainment<\/a><\/p>\n<p>*<a href=\"http:\/\/www.kuopioinnovation.fi\/uploads\/aineistopankki\/muut_fi\/SGRL_Opas.pdf\">KAMKin Serious Gaming Research Labin Opas hy\u00f6typeleihin ja palvelumallin kehitt\u00e4miseen<\/a>.<\/p>\n<p>&nbsp;<\/p>\n<p><strong>Lukemista!<\/strong><\/p>\n<p><strong>PELILLIST\u00c4MISEST\u00c4:<\/strong><\/p>\n<p><a href=\"http:\/\/gamify.fi\/\">http:\/\/gamify.fi\/<\/a><\/p>\n<p><em><strong>TEKES:<\/strong><\/em><\/p>\n<p><a href=\"https:\/\/www.tekes.fi\/tekes\/tulokset-ja-vaikutukset\/caset\/2016\/nordicedu-suomalaiset-hyotypelit-tulevat\/\">Nordgren K (2016)\u00a0<em>NordicEdu: Suomalaiset hy\u00f6typelit tulevat.<\/em> TEKES.<\/a><\/p>\n<p><em><strong>Pro Gradu\u00a0aiheesta:<\/strong><\/em><\/p>\n<p><a href=\"https:\/\/jyx.jyu.fi\/dspace\/bitstream\/handle\/123456789\/38141\/URN%3aNBN%3afi%3ajyu-201207031998.pdf?sequence=1\">Saarinen J (2012) Liikuntapelit osaksi koulun liikuntaa? Videopelitutkimus Jyr\u00e4ng\u00f6n alakoulussa. Pro Gradu tutkielma. Jyv\u00e4skyl\u00e4n yliopisto.<\/a><\/p>\n<p><em><strong>Tuore v\u00e4it\u00f6skirja aiheesta:<\/strong><\/em><\/p>\n<p><a href=\"https:\/\/jyx.jyu.fi\/dspace\/bitstream\/handle\/123456789\/52866\/978-951-39-6956-1_vaitos11022017.pdf?sequence=1\">Kari T (2017) <em>Exergaming usage: Hedonic and utilitarian aspects.<\/em> Jyv\u00e4skyl\u00e4 Studies in Computing, University of Jyv\u00e4skyl\u00e4.\u00a0<\/a><\/p>\n<p>&nbsp;<\/p>\n<hr \/>\n<p><strong>Koulutus<\/strong><\/p>\n<p>*<a href=\"http:\/\/digiterveys.fi\/\">Digiterveys<\/a><\/p>\n<p>*<a href=\"https:\/\/www.jyu.fi\/sport\/laitokset\/liikuntabiologia\/opiskelu\/ohjelmat\/vuotech\">Liikuntateknologian maisterikoulutus (JYU- Vuokatti)<\/a><\/p>\n","protected":false},"excerpt":{"rendered":"<p>T\u00e4ss\u00e4 v\u00e4h\u00e4n hyvinvointiteknologiasta&#8230; eri n\u00e4k\u00f6kulmasta! K\u00e4yk\u00e4\u00e4h\u00e4n tutustumasssa! Terveys (l\u00e4\u00e4ketieteellist\u00e4 teknologia) Medtronic Salimetrics Sis\u00e4ilma *NAAVA\u00a0&#8211; \u00c4lyvihersein\u00e4, joka puhdistaa sis\u00e4ilmaa. Huono sis\u00e4ilma heikent\u00e4\u00e4 aivotoimintaa ja vaarantaa terveyt\u00e4mme ja hyvinvoinimme. &nbsp; CubeSensors\u00a0&#8211; Mittaa talosi\/toimistosi ilmankosteus, ilman l\u00e4mp\u00f6tila, ilmanlaatu, melu, valo ym. &nbsp; Exergaming &hellip; <a href=\"https:\/\/blogi.eoppimispalvelut.fi\/hyvinvointiteknologia2017\/muuta-hyvinvointiteknologiasta\/\">Continue reading <span class=\"meta-nav\">&rarr;<\/span><\/a><\/p>\n","protected":false},"author":1824,"featured_media":0,"parent":0,"menu_order":0,"comment_status":"closed","ping_status":"closed","template":"","meta":{"footnotes":""},"class_list":["post-297","page","type-page","status-publish","hentry"],"_links":{"self":[{"href":"https:\/\/blogi.eoppimispalvelut.fi\/hyvinvointiteknologia2017\/wp-json\/wp\/v2\/pages\/297","targetHints":{"allow":["GET"]}}],"collection":[{"href":"https:\/\/blogi.eoppimispalvelut.fi\/hyvinvointiteknologia2017\/wp-json\/wp\/v2\/pages"}],"about":[{"href":"https:\/\/blogi.eoppimispalvelut.fi\/hyvinvointiteknologia2017\/wp-json\/wp\/v2\/types\/page"}],"author":[{"embeddable":true,"href":"https:\/\/blogi.eoppimispalvelut.fi\/hyvinvointiteknologia2017\/wp-json\/wp\/v2\/users\/1824"}],"replies":[{"embeddable":true,"href":"https:\/\/blogi.eoppimispalvelut.fi\/hyvinvointiteknologia2017\/wp-json\/wp\/v2\/comments?post=297"}],"version-history":[{"count":3,"href":"https:\/\/blogi.eoppimispalvelut.fi\/hyvinvointiteknologia2017\/wp-json\/wp\/v2\/pages\/297\/revisions"}],"predecessor-version":[{"id":478,"href":"https:\/\/blogi.eoppimispalvelut.fi\/hyvinvointiteknologia2017\/wp-json\/wp\/v2\/pages\/297\/revisions\/478"}],"wp:attachment":[{"href":"https:\/\/blogi.eoppimispalvelut.fi\/hyvinvointiteknologia2017\/wp-json\/wp\/v2\/media?parent=297"}],"curies":[{"name":"wp","href":"https:\/\/api.w.org\/{rel}","templated":true}]}}