{"id":493,"date":"2017-06-15T13:30:42","date_gmt":"2017-06-15T10:30:42","guid":{"rendered":"https:\/\/blogi.eoppimispalvelut.fi\/hyvinvointiteknologia2017\/?page_id=493"},"modified":"2017-06-15T13:30:42","modified_gmt":"2017-06-15T10:30:42","slug":"tetrasimin-kaytto-kaytannon-perehdytykdessa","status":"publish","type":"page","link":"https:\/\/blogi.eoppimispalvelut.fi\/hyvinvointiteknologia2017\/tetrasimin-kaytto-kaytannon-perehdytykdessa\/","title":{"rendered":"Tetrasimin k\u00e4ytt\u00f6 k\u00e4yt\u00e4nn\u00f6n perehdytykdess\u00e4"},"content":{"rendered":"<p><a href=\"https:\/\/blogi.eoppimispalvelut.fi\/hyvinvointiteknologia2017\/files\/2017\/06\/Tetrasimin-k\u00e4ytt\u00f6-k\u00e4yt\u00e4nn\u00f6n-perehdytykdess\u00e4-14.6.2017.pptx\">Tetrasimin k\u00e4ytt\u00f6 k\u00e4yt\u00e4nn\u00f6n perehdytykdess\u00e4 14.6.2017<\/a><\/p>\n","protected":false},"excerpt":{"rendered":"<p>Tetrasimin k\u00e4ytt\u00f6 k\u00e4yt\u00e4nn\u00f6n perehdytykdess\u00e4 14.6.2017<\/p>\n","protected":false},"author":31,"featured_media":0,"parent":0,"menu_order":0,"comment_status":"closed","ping_status":"closed","template":"","meta":{"footnotes":""},"class_list":["post-493","page","type-page","status-publish","hentry"],"_links":{"self":[{"href":"https:\/\/blogi.eoppimispalvelut.fi\/hyvinvointiteknologia2017\/wp-json\/wp\/v2\/pages\/493","targetHints":{"allow":["GET"]}}],"collection":[{"href":"https:\/\/blogi.eoppimispalvelut.fi\/hyvinvointiteknologia2017\/wp-json\/wp\/v2\/pages"}],"about":[{"href":"https:\/\/blogi.eoppimispalvelut.fi\/hyvinvointiteknologia2017\/wp-json\/wp\/v2\/types\/page"}],"author":[{"embeddable":true,"href":"https:\/\/blogi.eoppimispalvelut.fi\/hyvinvointiteknologia2017\/wp-json\/wp\/v2\/users\/31"}],"replies":[{"embeddable":true,"href":"https:\/\/blogi.eoppimispalvelut.fi\/hyvinvointiteknologia2017\/wp-json\/wp\/v2\/comments?post=493"}],"version-history":[{"count":1,"href":"https:\/\/blogi.eoppimispalvelut.fi\/hyvinvointiteknologia2017\/wp-json\/wp\/v2\/pages\/493\/revisions"}],"predecessor-version":[{"id":494,"href":"https:\/\/blogi.eoppimispalvelut.fi\/hyvinvointiteknologia2017\/wp-json\/wp\/v2\/pages\/493\/revisions\/494"}],"wp:attachment":[{"href":"https:\/\/blogi.eoppimispalvelut.fi\/hyvinvointiteknologia2017\/wp-json\/wp\/v2\/media?parent=493"}],"curies":[{"name":"wp","href":"https:\/\/api.w.org\/{rel}","templated":true}]}}