{"id":61,"date":"2017-05-09T13:29:11","date_gmt":"2017-05-09T10:29:11","guid":{"rendered":"https:\/\/blogi.eoppimispalvelut.fi\/hyvinvointiteknologia2017\/?page_id=61"},"modified":"2017-06-08T16:00:57","modified_gmt":"2017-06-08T13:00:57","slug":"aikataulu-ja-tehtavat","status":"publish","type":"page","link":"https:\/\/blogi.eoppimispalvelut.fi\/hyvinvointiteknologia2017\/aikataulu-ja-tehtavat\/","title":{"rendered":"Aikataulu"},"content":{"rendered":"<p><span style=\"color: #ff0000\"><strong>Muistakaa, ett\u00e4 voitte kuunella luentoja j\u00e4lkik\u00e4tteen! <\/strong><\/span><strong>Linkit luentoihin\u00a0<a href=\"https:\/\/moodle.eoppimispalvelut.fi\/course\/view.php?id=16175#section-2\">moodlessa.<\/a><\/strong><\/p>\n<table style=\"height: 1545px\" width=\"586\">\n<tbody>\n<tr>\n<td width=\"100\"><strong>P\u00c4IV\u00c4<\/strong><\/td>\n<td width=\"99\"><strong>KELLO<\/strong><\/td>\n<td width=\"126\"><\/td>\n<td width=\"148\"><strong>TAVOITE<\/strong><\/td>\n<td width=\"123\"><strong>VASTUUHENKIL\u00d6<\/strong><\/td>\n<\/tr>\n<tr>\n<td width=\"100\">29.5.2017<\/td>\n<td width=\"99\">16.30-18.45<\/td>\n<td width=\"126\">i-linkki<\/td>\n<td width=\"148\">Oppimisen sis\u00e4lt\u00f6 tutuksi, info tulevista kes\u00e4opinnoista<\/td>\n<td width=\"123\">Paula Poikela, Ritva Taipale, Marko Meht\u00e4l\u00e4<\/td>\n<\/tr>\n<tr>\n<td width=\"100\">1.6.2017<\/td>\n<td width=\"99\">16.30-18.45<\/td>\n<td width=\"126\">i-linkki<\/td>\n<td width=\"148\">Mit\u00e4 on hyvinvointi-teknologia?<\/td>\n<td width=\"123\">Paula Poikela<\/td>\n<\/tr>\n<tr>\n<td width=\"100\">7.6.2017<\/td>\n<td width=\"99\">17.00-18.30<\/td>\n<td width=\"126\">i-linkki<\/td>\n<td width=\"148\">Palvelumuotoilu osana hyvinvointiteknologian suunnittelua<\/td>\n<td width=\"123\">Mira Alhonsuo<\/td>\n<\/tr>\n<tr>\n<td width=\"100\">13.6.2017<\/td>\n<td width=\"99\">16.30-18.30<\/td>\n<td width=\"126\">i-linkki<\/td>\n<td width=\"148\">Hyvinvointi-teknologia keskustelu; kuntoilun\/liikunnan n\u00e4k\u00f6kulmasta<\/td>\n<td width=\"123\">Ritva Taipale<\/td>\n<\/tr>\n<tr>\n<td width=\"100\">14.6.2017<\/td>\n<td width=\"99\">16.30-18.45<\/td>\n<td width=\"126\">i-linkki<\/td>\n<td width=\"148\">Tietokonepohjaiset simulaatioymp\u00e4rist\u00f6t esimerkkin\u00e4 TetraSim-opetusohjelma<\/td>\n<td width=\"123\">Matti Luiro<\/td>\n<\/tr>\n<tr>\n<td width=\"100\">28.8.2017<\/td>\n<td width=\"99\">\u00a016.30-18.45<\/td>\n<td width=\"126\">i-linkki<\/td>\n<td width=\"148\">Video presentaatio<\/td>\n<td width=\"123\">Ritva Taipale \u00a0 Paula Poikela \u00a0 \u00a0Mira Alhonsuo<\/td>\n<\/tr>\n<tr>\n<td width=\"100\">29.8.2017<\/td>\n<td width=\"99\">16.30-18.45<\/td>\n<td width=\"126\">i-linkki<\/td>\n<td width=\"148\">Video presentaatio<\/td>\n<td width=\"123\">Ritva Taipale \u00a0 Paula Poikela \u00a0 \u00a0Mira Alhonsuo<\/td>\n<\/tr>\n<tr>\n<td width=\"100\">31.8.2017<\/td>\n<td width=\"99\">16.30-18.00<\/td>\n<td width=\"126\">i-linkki<\/td>\n<td width=\"148\">Matkalaukun tarkistaminen<\/td>\n<td width=\"123\">Ritva Taipale \u00a0 Paula Poikela<\/td>\n<\/tr>\n<\/tbody>\n<\/table>\n","protected":false},"excerpt":{"rendered":"<p>Muistakaa, ett\u00e4 voitte kuunella luentoja j\u00e4lkik\u00e4tteen! Linkit luentoihin\u00a0moodlessa. P\u00c4IV\u00c4 KELLO TAVOITE VASTUUHENKIL\u00d6 29.5.2017 16.30-18.45 i-linkki Oppimisen sis\u00e4lt\u00f6 tutuksi, info tulevista kes\u00e4opinnoista Paula Poikela, Ritva Taipale, Marko Meht\u00e4l\u00e4 1.6.2017 16.30-18.45 i-linkki Mit\u00e4 on hyvinvointi-teknologia? Paula Poikela 7.6.2017 17.00-18.30 i-linkki Palvelumuotoilu osana &hellip; <a href=\"https:\/\/blogi.eoppimispalvelut.fi\/hyvinvointiteknologia2017\/aikataulu-ja-tehtavat\/\">Continue reading <span class=\"meta-nav\">&rarr;<\/span><\/a><\/p>\n","protected":false},"author":1824,"featured_media":0,"parent":0,"menu_order":0,"comment_status":"closed","ping_status":"closed","template":"","meta":{"footnotes":""},"class_list":["post-61","page","type-page","status-publish","hentry"],"_links":{"self":[{"href":"https:\/\/blogi.eoppimispalvelut.fi\/hyvinvointiteknologia2017\/wp-json\/wp\/v2\/pages\/61","targetHints":{"allow":["GET"]}}],"collection":[{"href":"https:\/\/blogi.eoppimispalvelut.fi\/hyvinvointiteknologia2017\/wp-json\/wp\/v2\/pages"}],"about":[{"href":"https:\/\/blogi.eoppimispalvelut.fi\/hyvinvointiteknologia2017\/wp-json\/wp\/v2\/types\/page"}],"author":[{"embeddable":true,"href":"https:\/\/blogi.eoppimispalvelut.fi\/hyvinvointiteknologia2017\/wp-json\/wp\/v2\/users\/1824"}],"replies":[{"embeddable":true,"href":"https:\/\/blogi.eoppimispalvelut.fi\/hyvinvointiteknologia2017\/wp-json\/wp\/v2\/comments?post=61"}],"version-history":[{"count":6,"href":"https:\/\/blogi.eoppimispalvelut.fi\/hyvinvointiteknologia2017\/wp-json\/wp\/v2\/pages\/61\/revisions"}],"predecessor-version":[{"id":433,"href":"https:\/\/blogi.eoppimispalvelut.fi\/hyvinvointiteknologia2017\/wp-json\/wp\/v2\/pages\/61\/revisions\/433"}],"wp:attachment":[{"href":"https:\/\/blogi.eoppimispalvelut.fi\/hyvinvointiteknologia2017\/wp-json\/wp\/v2\/media?parent=61"}],"curies":[{"name":"wp","href":"https:\/\/api.w.org\/{rel}","templated":true}]}}