{"id":146,"date":"2017-05-10T09:01:37","date_gmt":"2017-05-10T06:01:37","guid":{"rendered":"https:\/\/blogi.eoppimispalvelut.fi\/hyvinvointiteknologia2017\/?page_id=146"},"modified":"2018-06-17T08:55:10","modified_gmt":"2018-06-17T05:55:10","slug":"ryhmat","status":"publish","type":"page","link":"https:\/\/blogi.eoppimispalvelut.fi\/hyvinvointiteknologia2018\/ryhmat\/","title":{"rendered":"Ryhm\u00e4t"},"content":{"rendered":"<p><strong>Osaamisen tueksi: <\/strong><\/p>\n<p><span style=\"color: #0000ff\"><strong>Jokainen ryhm\u00e4 k\u00e4y lukemassa toisten blogeja ja kommentoimassa seuraavanlaisesti:<\/strong><\/span><\/p>\n<p><strong>Ryhm\u00e4 1<\/strong> seuraa 2,3; <strong>ryhm\u00e4 2<\/strong> seuraa 3,4; <strong>ryhm\u00e4 3<\/strong> seuraa 4,5; <strong>ryhm\u00e4 4<\/strong> seuraa 5,6; <strong>ryhm\u00e4 5<\/strong> seuraa 6,7; <strong>ryhm\u00e4 6 <\/strong>seuraa 7,1; <strong>ryhm\u00e4 7 <\/strong>seuraa 1,2<\/p>\n<p><em>Mielenkiinnon mukaan voitte vierailla my\u00f6s muissa ryhmiss\u00e4 ja saada uusia vaikutteita ja kommentoida.<\/em><\/p>\n<p>&nbsp;<\/p>\n<p><strong>Ryhm\u00e4 1:<\/strong><\/p>\n<p>Heiskanen Aino, L\u00e4\u00e4kk\u00f6l\u00e4 Tiia, Tolonen Marjaana.<\/p>\n<p><strong>Ryhm\u00e4 2:<\/strong><\/p>\n<p>Hyv\u00e4rinen Jaakko, Koivuporras Juha, Kurvinen Pekka.<\/p>\n<p><strong>Ryhm\u00e4 3:<\/strong><\/p>\n<p>Savunen Marja, T\u00f6rm\u00e4lehto Tarja, Lappi Hanne<\/p>\n<p><strong>Ryhm\u00e4 4.<\/strong><\/p>\n<p>Ahlsved Sari, Iivari Mari, Maikkunen Krista, V\u00e4\u00e4r\u00e4l\u00e4 Tuija.<\/p>\n<p><strong>Ryhm\u00e4 5.<\/strong><\/p>\n<p>Nyman Pasi, Ranataniemi Ainomaija, Viiri Tija<\/p>\n<p><strong>Ryhm\u00e4 6.<\/strong><\/p>\n<p>Nissi-L\u00e4ms\u00e4 Jaana, Pyykk\u00f6nen Riikka.<\/p>\n<p><strong>Ryhm\u00e4 7.<\/strong><\/p>\n<p>Invenius Virpi, K\u00e4rj\u00e4-Lahdensuu Tiina<\/p>\n","protected":false},"excerpt":{"rendered":"<p>Osaamisen tueksi: Jokainen ryhm\u00e4 k\u00e4y lukemassa toisten blogeja ja kommentoimassa seuraavanlaisesti: Ryhm\u00e4 1 seuraa 2,3; ryhm\u00e4 2 seuraa 3,4; ryhm\u00e4 3 seuraa 4,5; ryhm\u00e4 4 seuraa 5,6; ryhm\u00e4 5 seuraa 6,7; ryhm\u00e4 6 seuraa 7,1; ryhm\u00e4 7 seuraa 1,2 Mielenkiinnon &hellip; <a href=\"https:\/\/blogi.eoppimispalvelut.fi\/hyvinvointiteknologia2018\/ryhmat\/\">Continue reading <span class=\"meta-nav\">&rarr;<\/span><\/a><\/p>\n","protected":false},"author":36,"featured_media":0,"parent":0,"menu_order":0,"comment_status":"closed","ping_status":"closed","template":"","meta":{"footnotes":""},"class_list":["post-146","page","type-page","status-publish","hentry"],"_links":{"self":[{"href":"https:\/\/blogi.eoppimispalvelut.fi\/hyvinvointiteknologia2018\/wp-json\/wp\/v2\/pages\/146","targetHints":{"allow":["GET"]}}],"collection":[{"href":"https:\/\/blogi.eoppimispalvelut.fi\/hyvinvointiteknologia2018\/wp-json\/wp\/v2\/pages"}],"about":[{"href":"https:\/\/blogi.eoppimispalvelut.fi\/hyvinvointiteknologia2018\/wp-json\/wp\/v2\/types\/page"}],"author":[{"embeddable":true,"href":"https:\/\/blogi.eoppimispalvelut.fi\/hyvinvointiteknologia2018\/wp-json\/wp\/v2\/users\/36"}],"replies":[{"embeddable":true,"href":"https:\/\/blogi.eoppimispalvelut.fi\/hyvinvointiteknologia2018\/wp-json\/wp\/v2\/comments?post=146"}],"version-history":[{"count":2,"href":"https:\/\/blogi.eoppimispalvelut.fi\/hyvinvointiteknologia2018\/wp-json\/wp\/v2\/pages\/146\/revisions"}],"predecessor-version":[{"id":825,"href":"https:\/\/blogi.eoppimispalvelut.fi\/hyvinvointiteknologia2018\/wp-json\/wp\/v2\/pages\/146\/revisions\/825"}],"wp:attachment":[{"href":"https:\/\/blogi.eoppimispalvelut.fi\/hyvinvointiteknologia2018\/wp-json\/wp\/v2\/media?parent=146"}],"curies":[{"name":"wp","href":"https:\/\/api.w.org\/{rel}","templated":true}]}}