{"id":152,"date":"2017-05-10T09:12:15","date_gmt":"2017-05-10T06:12:15","guid":{"rendered":"https:\/\/blogi.eoppimispalvelut.fi\/hyvinvointiteknologia2017\/?page_id=152"},"modified":"2018-07-02T10:15:23","modified_gmt":"2018-07-02T07:15:23","slug":"ritva","status":"publish","type":"page","link":"https:\/\/blogi.eoppimispalvelut.fi\/hyvinvointiteknologia2018\/ritva\/","title":{"rendered":"Ritva Taipale"},"content":{"rendered":"<p>*Pahoittelen viiv\u00e4styst\u00e4.<\/p>\n<p>Ritvan tervehdys:<\/p>\n<p>[embedyt] https:\/\/www.youtube.com\/watch?v=fjFgaCbeFgk[\/embedyt]<\/p>\n<p>Ritvan luento:<\/p>\n<p>[embedyt] https:\/\/www.youtube.com\/watch?v=025uKkro7Oo[\/embedyt]<\/p>\n<p>&nbsp;<\/p>\n<p>Luennon lis\u00e4ksi, tutustukaa sivuihin: <a href=\"https:\/\/blogi.eoppimispalvelut.fi\/hyvinvointiteknologia2018\/syke-ja-aktiivisuusmittarit\/\">syke- ja aktiivisuusmittarit<\/a>, <a href=\"https:\/\/blogi.eoppimispalvelut.fi\/hyvinvointiteknologia2018\/sovellukset\/\">sovellukset<\/a>, <a href=\"https:\/\/blogi.eoppimispalvelut.fi\/hyvinvointiteknologia2018\/valmennus\/\">valmennus\/ personal training<\/a>, <a href=\"https:\/\/blogi.eoppimispalvelut.fi\/hyvinvointiteknologia2018\/kuntosali-ja-kuntotestaus\/\">kuntosali ja kuntotestaus<\/a>, sek\u00e4<a href=\"https:\/\/blogi.eoppimispalvelut.fi\/hyvinvointiteknologia2018\/alyvaatteet-ja-muu\/\">\u00a0\u00e4lyvaatteet ja muu.\u00a0<\/a>Kannustan teit\u00e4 lukemaan my\u00f6s ao. Moilasen ja Alahuhdan artikkeleita.<\/p>\n<p>Mik\u00e4li urheiluteknologia kiinnostaa, lukekaa viel\u00e4 Valleala ym. Kirjassa Huippu-urheiluvalmennus teroia ja k\u00e4yt\u00e4nt\u00f6 p\u00e4ivtt\u00e4isvalmennuksesssa.<\/p>\n<hr \/>\n<p><strong>Lukekaa:<\/strong><\/p>\n<p><a href=\"http:\/\/www.lts.fi\/sites\/default\/files\/page_attachment\/lt_5-14_12-17_lowres.pdf\">Moilanen P (2014) <em>Kannustin, koriste vai kuntoilijan kaveri? Liikuntateknologia on yh\u00e4 useamman arkea<\/em>. Liikunta &amp; Tiede 51(5): 12-17.<\/a><\/p>\n<p><a href=\"https:\/\/vttblog.com\/2016\/08\/04\/korvaako-urheiluteknologia-valmentajan\/\">Alahuhta P (2016) \u00a0Korvaako urheiluteknologia valmentajan?<\/a><\/p>\n<p>Valleala R, Nurkkala V-M, Kalermo-Poranen J, Hakkarainen A ja Linnamo V. (2016) Teknologian maholllisuuksia. <a href=\"https:\/\/www.vk-kustannus.fi\/huippu-urheiluvalmennus\/\">Kirjassa\u00a0Huippu-urheiluvalmennus teoria ja k\u00e4yt\u00e4nt\u00f6 p\u00e4ivitt\u00e4isvalmennuksessa<\/a> (eds.\u00a0Mero A, Nummela A, Kalaja S ja H\u00e4kkinen K.) VK-Kustannus Oy. 603-622<\/p>\n<p>&nbsp;<\/p>\n<hr \/>\n<p><strong>AJANKOHTAISTA MEDIASSA <\/strong><em>*ei ole pakollista lukemista<\/em><\/p>\n<h1><span style=\"color: #ff00ff\">Kes\u00e4lll\u00e4 2018 bongattu:<\/span><\/h1>\n<h1><a href=\"https:\/\/ekokamu.com\/?gclid=CjwKCAjwyMfZBRAXEiwA-R3gM1wztdmveKleRPKS-E32H3_-6ltETCfkZz9g725jo91v7iP-VeCTfBoCHEsQAvD_BwE\">Ekokamu<\/a><\/h1>\n<h1><a href=\"https:\/\/www.nytimes.com\/2018\/06\/26\/smarter-living\/how-to-clean-your-filthy-disgusting-laptop.html?rref=collection%2Fsectioncollection%2Fpersonaltech\">How to Clean Your Filthy, Disgusting Laptop<\/a><\/h1>\n<p><strong><a href=\"https:\/\/www.theguardian.com\/australia-news\/2018\/may\/11\/fitness-apps-found-to-make-almost-no-difference-to-users-health\">Fitness apps found to make almost no difference to users&#8217; health<\/a><\/strong><\/p>\n<h1><a href=\"https:\/\/www.frontiersin.org\/articles\/10.3389\/fphys.2018.00743\/full\">A Critical Review of Consumer Wearables, Mobile Applications, and Equipment for Providing Biofeedback, Monitoring Stress, and Sleep in Physically Active Populations<\/a><\/h1>\n<p>&nbsp;<\/p>\n<h1><span style=\"color: #ff00ff\">Kes\u00e4lll\u00e4 2017 bongattu:<\/span><\/h1>\n<h1><a href=\"https:\/\/www.dezeen.com\/2017\/06\/01\/mit-researchers-tattoo-inks-act-health-trackers-design-technology\/\">MIT researchers develop tattoo inks that could act as health trackers<\/a><\/h1>\n<h1><a href=\"http:\/\/www.npr.org\/sections\/health-shots\/2017\/08\/22\/538153337\/smart-pill-bottles-arent-enough-to-help-the-medicine-go-down\">&#8216;Smart&#8217; Pill Bottles Aren&#8217;t Enough To Help The Medicine Go Down<\/a><\/h1>\n<h1><a href=\"http:\/\/www.npr.org\/sections\/13.7\/2017\/07\/17\/537667988\/technology-can-be-a-tool-a-teacher-a-trickster\">Technology Can Be A Tool, A Teacher, A Trickster<\/a><\/h1>\n<h1><a href=\"http:\/\/www.npr.org\/sections\/alltechconsidered\/2017\/08\/14\/541699733\/our-homes-may-get-smarter-but-have-we-thought-it-through\">Our Homes May Get Smarter, But Have We Thought It Through?<\/a><\/h1>\n<h1 id=\"headline\" class=\"headline\"><a href=\"https:\/\/www.nytimes.com\/2017\/08\/09\/business\/heart-and-asthma-monitors-theres-an-app-for-that.html?rref=collection%2Fsectioncollection%2Ftechnology&amp;action=click&amp;contentCollection=technology&amp;region=stream&amp;module=stream_unit&amp;version=latest&amp;contentPlacement=59&amp;pgtype=sectionfront\">Heart and Asthma Monitors? There\u2019s an App for That<\/a><\/h1>\n","protected":false},"excerpt":{"rendered":"<p>*Pahoittelen viiv\u00e4styst\u00e4. Ritvan tervehdys: [embedyt] https:\/\/www.youtube.com\/watch?v=fjFgaCbeFgk[\/embedyt] Ritvan luento: [embedyt] https:\/\/www.youtube.com\/watch?v=025uKkro7Oo[\/embedyt] &nbsp; Luennon lis\u00e4ksi, tutustukaa sivuihin: syke- ja aktiivisuusmittarit, sovellukset, valmennus\/ personal training, kuntosali ja kuntotestaus, sek\u00e4\u00a0\u00e4lyvaatteet ja muu.\u00a0Kannustan teit\u00e4 lukemaan my\u00f6s ao. Moilasen ja Alahuhdan artikkeleita. Mik\u00e4li urheiluteknologia kiinnostaa, lukekaa &hellip; <a href=\"https:\/\/blogi.eoppimispalvelut.fi\/hyvinvointiteknologia2018\/ritva\/\">Continue reading <span class=\"meta-nav\">&rarr;<\/span><\/a><\/p>\n","protected":false},"author":36,"featured_media":0,"parent":0,"menu_order":0,"comment_status":"closed","ping_status":"closed","template":"","meta":{"footnotes":""},"class_list":["post-152","page","type-page","status-publish","hentry"],"_links":{"self":[{"href":"https:\/\/blogi.eoppimispalvelut.fi\/hyvinvointiteknologia2018\/wp-json\/wp\/v2\/pages\/152","targetHints":{"allow":["GET"]}}],"collection":[{"href":"https:\/\/blogi.eoppimispalvelut.fi\/hyvinvointiteknologia2018\/wp-json\/wp\/v2\/pages"}],"about":[{"href":"https:\/\/blogi.eoppimispalvelut.fi\/hyvinvointiteknologia2018\/wp-json\/wp\/v2\/types\/page"}],"author":[{"embeddable":true,"href":"https:\/\/blogi.eoppimispalvelut.fi\/hyvinvointiteknologia2018\/wp-json\/wp\/v2\/users\/36"}],"replies":[{"embeddable":true,"href":"https:\/\/blogi.eoppimispalvelut.fi\/hyvinvointiteknologia2018\/wp-json\/wp\/v2\/comments?post=152"}],"version-history":[{"count":10,"href":"https:\/\/blogi.eoppimispalvelut.fi\/hyvinvointiteknologia2018\/wp-json\/wp\/v2\/pages\/152\/revisions"}],"predecessor-version":[{"id":1002,"href":"https:\/\/blogi.eoppimispalvelut.fi\/hyvinvointiteknologia2018\/wp-json\/wp\/v2\/pages\/152\/revisions\/1002"}],"wp:attachment":[{"href":"https:\/\/blogi.eoppimispalvelut.fi\/hyvinvointiteknologia2018\/wp-json\/wp\/v2\/media?parent=152"}],"curies":[{"name":"wp","href":"https:\/\/api.w.org\/{rel}","templated":true}]}}