{"id":288,"date":"2017-05-29T10:12:05","date_gmt":"2017-05-29T07:12:05","guid":{"rendered":"https:\/\/blogi.eoppimispalvelut.fi\/hyvinvointiteknologia2017\/?page_id=288"},"modified":"2017-05-29T10:12:05","modified_gmt":"2017-05-29T07:12:05","slug":"wordpress-ohjeet","status":"publish","type":"page","link":"https:\/\/blogi.eoppimispalvelut.fi\/hyvinvointiteknologia2018\/wordpress-ohjeet\/","title":{"rendered":"WordPress Ohjeet"},"content":{"rendered":"<p>Mik\u00e4li tarvitset apuja WordPressin k\u00e4yt\u00f6ss\u00e4, tarkista ensin <a href=\"https:\/\/wpopas.fi\/videot\/\">n\u00e4m\u00e4 ohjeet.\u00a0<\/a><\/p>\n","protected":false},"excerpt":{"rendered":"<p>Mik\u00e4li tarvitset apuja WordPressin k\u00e4yt\u00f6ss\u00e4, tarkista ensin n\u00e4m\u00e4 ohjeet.\u00a0<\/p>\n","protected":false},"author":36,"featured_media":0,"parent":0,"menu_order":0,"comment_status":"closed","ping_status":"closed","template":"","meta":{"footnotes":""},"class_list":["post-288","page","type-page","status-publish","hentry"],"_links":{"self":[{"href":"https:\/\/blogi.eoppimispalvelut.fi\/hyvinvointiteknologia2018\/wp-json\/wp\/v2\/pages\/288","targetHints":{"allow":["GET"]}}],"collection":[{"href":"https:\/\/blogi.eoppimispalvelut.fi\/hyvinvointiteknologia2018\/wp-json\/wp\/v2\/pages"}],"about":[{"href":"https:\/\/blogi.eoppimispalvelut.fi\/hyvinvointiteknologia2018\/wp-json\/wp\/v2\/types\/page"}],"author":[{"embeddable":true,"href":"https:\/\/blogi.eoppimispalvelut.fi\/hyvinvointiteknologia2018\/wp-json\/wp\/v2\/users\/36"}],"replies":[{"embeddable":true,"href":"https:\/\/blogi.eoppimispalvelut.fi\/hyvinvointiteknologia2018\/wp-json\/wp\/v2\/comments?post=288"}],"version-history":[{"count":0,"href":"https:\/\/blogi.eoppimispalvelut.fi\/hyvinvointiteknologia2018\/wp-json\/wp\/v2\/pages\/288\/revisions"}],"wp:attachment":[{"href":"https:\/\/blogi.eoppimispalvelut.fi\/hyvinvointiteknologia2018\/wp-json\/wp\/v2\/media?parent=288"}],"curies":[{"name":"wp","href":"https:\/\/api.w.org\/{rel}","templated":true}]}}