{"id":609,"date":"2018-05-24T14:46:42","date_gmt":"2018-05-24T11:46:42","guid":{"rendered":"https:\/\/blogi.eoppimispalvelut.fi\/hyvinvointiteknologia2018\/?page_id=609"},"modified":"2018-05-24T16:50:35","modified_gmt":"2018-05-24T13:50:35","slug":"ryhmat-2","status":"publish","type":"page","link":"https:\/\/blogi.eoppimispalvelut.fi\/hyvinvointiteknologia2018\/ryhmat-2\/","title":{"rendered":"Ryhm\u00e4jako"},"content":{"rendered":"<p><strong>Ryhm\u00e4 1:<\/strong><\/p>\n<p>Heiskanen Aino, L\u00e4\u00e4kk\u00f6l\u00e4 Tiia, Tolonen Marjaana.<\/p>\n<p><strong>Ryhm\u00e4 2:<\/strong><\/p>\n<p>Hyv\u00e4rinen Jaakko, Koivuporras Juha, Kurvinen Pekka.<\/p>\n<p><strong>Ryhm\u00e4 3:<\/strong><\/p>\n<p>Savunen Marja, T\u00f6rm\u00e4lehto Tarja, Lappi Hanne<\/p>\n<p><strong>Ryhm\u00e4 4.<\/strong><\/p>\n<p>Ahlsved Sari, Iivari Mari, Maikkunen Krista, V\u00e4\u00e4r\u00e4l\u00e4 Tuija.<\/p>\n<p><strong>Ryhm\u00e4 5.<\/strong><\/p>\n<p>Nyman Pasi, Ranataniemi Ainomaija, Viiri Tija<\/p>\n<p><strong>Ryhm\u00e4 6.<\/strong><\/p>\n<p>Nissi-L\u00e4ms\u00e4 Jaana, Pyykk\u00f6nen Riikka.<\/p>\n<p><strong>Ryhm\u00e4 7.<\/strong><\/p>\n<p>Invenius Virpi, K\u00e4rj\u00e4-Lahdensuu Tiina<\/p>\n<p>&nbsp;<\/p>\n","protected":false},"excerpt":{"rendered":"<p>Ryhm\u00e4 1: Heiskanen Aino, L\u00e4\u00e4kk\u00f6l\u00e4 Tiia, Tolonen Marjaana. Ryhm\u00e4 2: Hyv\u00e4rinen Jaakko, Koivuporras Juha, Kurvinen Pekka. Ryhm\u00e4 3: Savunen Marja, T\u00f6rm\u00e4lehto Tarja, Lappi Hanne Ryhm\u00e4 4. Ahlsved Sari, Iivari Mari, Maikkunen Krista, V\u00e4\u00e4r\u00e4l\u00e4 Tuija. Ryhm\u00e4 5. Nyman Pasi, Ranataniemi Ainomaija, &hellip; <a href=\"https:\/\/blogi.eoppimispalvelut.fi\/hyvinvointiteknologia2018\/ryhmat-2\/\">Continue reading <span class=\"meta-nav\">&rarr;<\/span><\/a><\/p>\n","protected":false},"author":1818,"featured_media":0,"parent":0,"menu_order":0,"comment_status":"closed","ping_status":"closed","template":"","meta":{"footnotes":""},"class_list":["post-609","page","type-page","status-publish","hentry"],"_links":{"self":[{"href":"https:\/\/blogi.eoppimispalvelut.fi\/hyvinvointiteknologia2018\/wp-json\/wp\/v2\/pages\/609","targetHints":{"allow":["GET"]}}],"collection":[{"href":"https:\/\/blogi.eoppimispalvelut.fi\/hyvinvointiteknologia2018\/wp-json\/wp\/v2\/pages"}],"about":[{"href":"https:\/\/blogi.eoppimispalvelut.fi\/hyvinvointiteknologia2018\/wp-json\/wp\/v2\/types\/page"}],"author":[{"embeddable":true,"href":"https:\/\/blogi.eoppimispalvelut.fi\/hyvinvointiteknologia2018\/wp-json\/wp\/v2\/users\/1818"}],"replies":[{"embeddable":true,"href":"https:\/\/blogi.eoppimispalvelut.fi\/hyvinvointiteknologia2018\/wp-json\/wp\/v2\/comments?post=609"}],"version-history":[{"count":6,"href":"https:\/\/blogi.eoppimispalvelut.fi\/hyvinvointiteknologia2018\/wp-json\/wp\/v2\/pages\/609\/revisions"}],"predecessor-version":[{"id":626,"href":"https:\/\/blogi.eoppimispalvelut.fi\/hyvinvointiteknologia2018\/wp-json\/wp\/v2\/pages\/609\/revisions\/626"}],"wp:attachment":[{"href":"https:\/\/blogi.eoppimispalvelut.fi\/hyvinvointiteknologia2018\/wp-json\/wp\/v2\/media?parent=609"}],"curies":[{"name":"wp","href":"https:\/\/api.w.org\/{rel}","templated":true}]}}