{"id":47,"date":"2022-11-22T10:47:20","date_gmt":"2022-11-22T08:47:20","guid":{"rendered":"https:\/\/blogi.eoppimispalvelut.fi\/ikallo\/?page_id=47"},"modified":"2022-11-22T11:01:06","modified_gmt":"2022-11-22T09:01:06","slug":"ota-yhteytta","status":"publish","type":"page","link":"https:\/\/blogi.eoppimispalvelut.fi\/ikallo\/ota-yhteytta\/","title":{"rendered":"Ota yhteytt\u00e4!"},"content":{"rendered":"\n<p>Voit ottaa meihin yhteytt\u00e4 t\u00e4ytt\u00e4m\u00e4ll\u00e4 alla olevan lomakkeen. Vastaamme yhteydenottoonne mahdollisimman pian!<\/p>\n","protected":false},"excerpt":{"rendered":"<p>Voit ottaa meihin yhteytt\u00e4 t\u00e4ytt\u00e4m\u00e4ll\u00e4 alla olevan lomakkeen. Vastaamme yhteydenottoonne mahdollisimman pian!<\/p>\n","protected":false},"author":20722,"featured_media":0,"parent":0,"menu_order":0,"comment_status":"closed","ping_status":"closed","template":"","meta":{"footnotes":""},"class_list":["post-47","page","type-page","status-publish","hentry"],"_links":{"self":[{"href":"https:\/\/blogi.eoppimispalvelut.fi\/ikallo\/wp-json\/wp\/v2\/pages\/47","targetHints":{"allow":["GET"]}}],"collection":[{"href":"https:\/\/blogi.eoppimispalvelut.fi\/ikallo\/wp-json\/wp\/v2\/pages"}],"about":[{"href":"https:\/\/blogi.eoppimispalvelut.fi\/ikallo\/wp-json\/wp\/v2\/types\/page"}],"author":[{"embeddable":true,"href":"https:\/\/blogi.eoppimispalvelut.fi\/ikallo\/wp-json\/wp\/v2\/users\/20722"}],"replies":[{"embeddable":true,"href":"https:\/\/blogi.eoppimispalvelut.fi\/ikallo\/wp-json\/wp\/v2\/comments?post=47"}],"version-history":[{"count":2,"href":"https:\/\/blogi.eoppimispalvelut.fi\/ikallo\/wp-json\/wp\/v2\/pages\/47\/revisions"}],"predecessor-version":[{"id":51,"href":"https:\/\/blogi.eoppimispalvelut.fi\/ikallo\/wp-json\/wp\/v2\/pages\/47\/revisions\/51"}],"wp:attachment":[{"href":"https:\/\/blogi.eoppimispalvelut.fi\/ikallo\/wp-json\/wp\/v2\/media?parent=47"}],"curies":[{"name":"wp","href":"https:\/\/api.w.org\/{rel}","templated":true}]}}