{"id":18,"date":"2026-02-10T11:21:03","date_gmt":"2026-02-10T11:21:03","guid":{"rendered":"https:\/\/blogi.eoppimispalvelut.fi\/ilowell\/?page_id=18"},"modified":"2026-03-11T10:48:22","modified_gmt":"2026-03-11T10:48:22","slug":"rekisteri-ja-tietosuojaseloste","status":"publish","type":"page","link":"https:\/\/blogi.eoppimispalvelut.fi\/ilowell\/rekisteri-ja-tietosuojaseloste\/","title":{"rendered":"Rekisteri-ja tietosuojaseloste"},"content":{"rendered":"\n<p>T\u00e4m\u00e4 tietosuojaseloste kertoo, kuinka iloWell Oyp ker\u00e4\u00e4, k\u00e4sittelee ja luovuttaa henkil\u00f6tietoja hyvinvoinnin hoitamisen yhteydess\u00e4.<\/p>\n\n\n\n<p><strong>1. Rekisterinpit\u00e4j\u00e4<\/strong><\/p>\n\n\n\n<p>iloWell Oyp, Jokitie 18, 96500 Napalaakso<\/p>\n\n\n\n<p><strong>2. Henkil\u00f6tietojen k\u00e4sittely<\/strong><\/p>\n\n\n\n<p>Henkil\u00f6tietoja k\u00e4sitell\u00e4\u00e4n hyvinvointipalvelujen tarjoamiseksi, asiakassuhteen hoitamiseksi sek\u00e4 palvelujen kehitt\u00e4miseksi.<\/p>\n\n\n\n<p><strong>3. Ker\u00e4tt\u00e4v\u00e4t henkil\u00f6tiedot<\/strong><\/p>\n\n\n\n<p>Asiakkaan nimi, k\u00e4ytt\u00e4j\u00e4tunnus sek\u00e4 mahdolliset annetut hyvinvointitiedot ja lis\u00e4tiedot.<\/p>\n\n\n\n<p>4.&nbsp;<strong>Henkil\u00f6tietojen s\u00e4ilytysaika<\/strong><\/p>\n\n\n\n<p>Henkil\u00f6tietoja s\u00e4ilytet\u00e4\u00e4n vain niin kauan kuin se on tarpeen palvelun toteuttamiseksi tai asiakassuhteen ajan<\/p>\n\n\n\n<p><strong>5. Henkil\u00f6tietojen siirrot ja luovutukset<\/strong><\/p>\n\n\n\n<p>Luovutamme henkil\u00f6tietoja meid\u00e4n ty\u00f6ntekij\u00f6ille ja yhteisty\u00f6kumppaneillemme, jotka k\u00e4sittelev\u00e4t hyvinvointitietoja organisaation sallimissa puitteissa.<\/p>\n\n\n\n<p><strong>6. Henkil\u00f6tietojen siirrot EU:n tai ETA-alueen ulkopuolelle<\/strong><\/p>\n\n\n\n<p>Emme siirr\u00e4 henkil\u00f6tietoja EU:n tai ETA-alueen ulkopuolelle.<\/p>\n","protected":false},"excerpt":{"rendered":"<p>T\u00e4m\u00e4 tietosuojaseloste kertoo, kuinka iloWell Oyp ker\u00e4\u00e4, k\u00e4sittelee ja luovuttaa henkil\u00f6tietoja hyvinvoinnin hoitamisen yhteydess\u00e4. 1. Rekisterinpit\u00e4j\u00e4 iloWell Oyp, Jokitie 18, 96500 Napalaakso 2. Henkil\u00f6tietojen k\u00e4sittely Henkil\u00f6tietoja k\u00e4sitell\u00e4\u00e4n hyvinvointipalvelujen tarjoamiseksi, asiakassuhteen hoitamiseksi sek\u00e4 palvelujen kehitt\u00e4miseksi. 3. Ker\u00e4tt\u00e4v\u00e4t henkil\u00f6tiedot Asiakkaan nimi, k\u00e4ytt\u00e4j\u00e4tunnus sek\u00e4 mahdolliset annetut hyvinvointitiedot ja lis\u00e4tiedot. 4.&nbsp;Henkil\u00f6tietojen s\u00e4ilytysaika Henkil\u00f6tietoja s\u00e4ilytet\u00e4\u00e4n vain niin kauan kuin se [&hellip;]<\/p>\n","protected":false},"author":54736,"featured_media":0,"parent":0,"menu_order":0,"comment_status":"closed","ping_status":"closed","template":"","meta":{"footnotes":""},"class_list":["post-18","page","type-page","status-publish","hentry"],"_links":{"self":[{"href":"https:\/\/blogi.eoppimispalvelut.fi\/ilowell\/wp-json\/wp\/v2\/pages\/18","targetHints":{"allow":["GET"]}}],"collection":[{"href":"https:\/\/blogi.eoppimispalvelut.fi\/ilowell\/wp-json\/wp\/v2\/pages"}],"about":[{"href":"https:\/\/blogi.eoppimispalvelut.fi\/ilowell\/wp-json\/wp\/v2\/types\/page"}],"author":[{"embeddable":true,"href":"https:\/\/blogi.eoppimispalvelut.fi\/ilowell\/wp-json\/wp\/v2\/users\/54736"}],"replies":[{"embeddable":true,"href":"https:\/\/blogi.eoppimispalvelut.fi\/ilowell\/wp-json\/wp\/v2\/comments?post=18"}],"version-history":[{"count":2,"href":"https:\/\/blogi.eoppimispalvelut.fi\/ilowell\/wp-json\/wp\/v2\/pages\/18\/revisions"}],"predecessor-version":[{"id":105,"href":"https:\/\/blogi.eoppimispalvelut.fi\/ilowell\/wp-json\/wp\/v2\/pages\/18\/revisions\/105"}],"wp:attachment":[{"href":"https:\/\/blogi.eoppimispalvelut.fi\/ilowell\/wp-json\/wp\/v2\/media?parent=18"}],"curies":[{"name":"wp","href":"https:\/\/api.w.org\/{rel}","templated":true}]}}