{"id":5,"date":"2026-02-10T11:10:35","date_gmt":"2026-02-10T11:10:35","guid":{"rendered":"https:\/\/blogi.eoppimispalvelut.fi\/ilowell\/?page_id=5"},"modified":"2026-04-24T09:39:07","modified_gmt":"2026-04-24T09:39:07","slug":"tietoa-meista","status":"publish","type":"page","link":"https:\/\/blogi.eoppimispalvelut.fi\/ilowell\/tietoa-meista\/","title":{"rendered":"Tilausvaihtoehdot"},"content":{"rendered":"\n<p>iloWell ymm\u00e4rt\u00e4\u00e4, ett\u00e4 jokainen yritys on erilainen. Siksi tarjoamme kolme joustavaa kuukausitilausvaihtoehtoa: Basic, Premium ja Premium+. Voit valita juuri teid\u00e4n organisaatiollenne sopivan tason aloittaa kevyesti tai hy\u00f6dynt\u00e4\u00e4 laajemmat hyvinvoinnin ty\u00f6kalut koko henkil\u00f6st\u00f6lle. Kaikki paketit tukevat ty\u00f6ntekij\u00f6iden hyvinvointia, motivaatiota ja jaksamista arjessa.<\/p>\n\n\n\n<p>Hinnat sis\u00e4lt\u00e4v\u00e4t ALV 25,5%. Tilaus on jatkuva kuukausitilaus.<br><\/p>\n\n\n\n<figure class=\"wp-block-image size-full\"><img loading=\"lazy\" decoding=\"async\" width=\"1024\" height=\"768\" src=\"https:\/\/blogi.eoppimispalvelut.fi\/ilowell\/files\/2026\/03\/iloWell-tilausvaihtoehdot.png\" alt=\"\" class=\"wp-image-63\" srcset=\"https:\/\/blogi.eoppimispalvelut.fi\/ilowell\/files\/2026\/03\/iloWell-tilausvaihtoehdot.png 1024w, https:\/\/blogi.eoppimispalvelut.fi\/ilowell\/files\/2026\/03\/iloWell-tilausvaihtoehdot-900x675.png 900w, https:\/\/blogi.eoppimispalvelut.fi\/ilowell\/files\/2026\/03\/iloWell-tilausvaihtoehdot-768x576.png 768w\" sizes=\"auto, (max-width: 1024px) 100vw, 1024px\" \/><\/figure>\n\n\n\n<p>iloWell kahvilasta saa nyt tilattu my\u00f6s kahvipaketteja 40\u20ac\/kpl. <\/p>\n\n\n\n<figure class=\"wp-block-image size-full is-resized\"><img loading=\"lazy\" decoding=\"async\" width=\"1080\" height=\"1350\" src=\"https:\/\/blogi.eoppimispalvelut.fi\/ilowell\/files\/2026\/03\/Neutral-Minimalist-Doodle-Coffee-Promotion-Cafe-Instagram-Post.png\" alt=\"\" class=\"wp-image-151\" style=\"width:348px;height:auto\" srcset=\"https:\/\/blogi.eoppimispalvelut.fi\/ilowell\/files\/2026\/03\/Neutral-Minimalist-Doodle-Coffee-Promotion-Cafe-Instagram-Post.png 1080w, https:\/\/blogi.eoppimispalvelut.fi\/ilowell\/files\/2026\/03\/Neutral-Minimalist-Doodle-Coffee-Promotion-Cafe-Instagram-Post-900x1125.png 900w, https:\/\/blogi.eoppimispalvelut.fi\/ilowell\/files\/2026\/03\/Neutral-Minimalist-Doodle-Coffee-Promotion-Cafe-Instagram-Post-768x960.png 768w\" sizes=\"auto, (max-width: 1080px) 100vw, 1080px\" \/><\/figure>\n\n\n\n<p><\/p>\n\n\n\n<p><em><strong>Are you looking to boost your team\u2019s wellbeing, productivity, and motivation?&nbsp;<\/strong><\/em><\/p>\n\n\n\n<figure class=\"wp-block-image size-full is-resized\"><img loading=\"lazy\" decoding=\"async\" width=\"1080\" height=\"1350\" src=\"https:\/\/blogi.eoppimispalvelut.fi\/ilowell\/files\/2026\/04\/Invest-in-your-teams-wellbeing-and-watch-your-company-thrive.-Stronger-teams-begin-with-better-wellbeing.-Prices-starting-from-35E-inc.-VAT.png\" alt=\"\" class=\"wp-image-157\" style=\"aspect-ratio:0.8000161293574467;width:478px;height:auto\" srcset=\"https:\/\/blogi.eoppimispalvelut.fi\/ilowell\/files\/2026\/04\/Invest-in-your-teams-wellbeing-and-watch-your-company-thrive.-Stronger-teams-begin-with-better-wellbeing.-Prices-starting-from-35E-inc.-VAT.png 1080w, https:\/\/blogi.eoppimispalvelut.fi\/ilowell\/files\/2026\/04\/Invest-in-your-teams-wellbeing-and-watch-your-company-thrive.-Stronger-teams-begin-with-better-wellbeing.-Prices-starting-from-35E-inc.-VAT-900x1125.png 900w, https:\/\/blogi.eoppimispalvelut.fi\/ilowell\/files\/2026\/04\/Invest-in-your-teams-wellbeing-and-watch-your-company-thrive.-Stronger-teams-begin-with-better-wellbeing.-Prices-starting-from-35E-inc.-VAT-768x960.png 768w\" sizes=\"auto, (max-width: 1080px) 100vw, 1080px\" \/><\/figure>\n\n\n\n<div class=\"wp-block-group alignwide has-global-padding is-layout-constrained wp-block-group-is-layout-constrained\">\n<h1 class=\"wp-block-heading alignwide has-xx-large-font-size\" style=\"line-height:1.2\"><\/h1>\n<\/div>\n\n\n\n<div class=\"wp-block-group alignfull has-global-padding is-layout-constrained wp-container-core-group-is-layout-0747478d wp-block-group-is-layout-constrained\" style=\"padding-top:var(--wp--preset--spacing--50);padding-right:var(--wp--preset--spacing--50);padding-bottom:var(--wp--preset--spacing--50);padding-left:var(--wp--preset--spacing--50)\">\n<div class=\"wp-block-columns alignwide is-layout-flex wp-container-core-columns-is-layout-ff4b9c61 wp-block-columns-is-layout-flex\" style=\"margin-top:0;margin-bottom:0\">\n<div class=\"wp-block-column is-layout-flow wp-container-core-column-is-layout-8a368f38 wp-block-column-is-layout-flow\">\n<div class=\"wp-block-query is-layout-flow wp-block-query-is-layout-flow\"><\/div>\n<\/div>\n\n\n\n<div class=\"wp-block-column is-layout-flow wp-container-core-column-is-layout-8736a895 wp-block-column-is-layout-flow\" style=\"padding-top:0\">\n<div style=\"height:var(--wp--preset--spacing--50)\" aria-hidden=\"true\" class=\"wp-block-spacer\"><\/div>\n\n\n\n<div class=\"wp-block-query is-layout-flow wp-block-query-is-layout-flow\"><\/div>\n\n\n\n<div style=\"height:var(--wp--preset--spacing--50)\" aria-hidden=\"true\" class=\"wp-block-spacer\"><\/div>\n<\/div>\n\n\n\n<div class=\"wp-block-column is-layout-flow wp-container-core-column-is-layout-8a368f38 wp-block-column-is-layout-flow\">\n<div class=\"wp-block-query is-layout-flow wp-block-query-is-layout-flow\"><\/div>\n<\/div>\n\n\n\n<div class=\"wp-block-column is-layout-flow wp-container-core-column-is-layout-8736a895 wp-block-column-is-layout-flow\" style=\"padding-top:0\">\n<div style=\"height:var(--wp--preset--spacing--50)\" aria-hidden=\"true\" class=\"wp-block-spacer\"><\/div>\n\n\n\n<div class=\"wp-block-query is-layout-flow wp-block-query-is-layout-flow\"><\/div>\n\n\n\n<div style=\"height:var(--wp--preset--spacing--50)\" aria-hidden=\"true\" class=\"wp-block-spacer\"><\/div>\n<\/div>\n<\/div>\n<\/div>\n","protected":false},"excerpt":{"rendered":"<p>iloWell ymm\u00e4rt\u00e4\u00e4, ett\u00e4 jokainen yritys on erilainen. Siksi tarjoamme kolme joustavaa kuukausitilausvaihtoehtoa: Basic, Premium ja Premium+. Voit valita juuri teid\u00e4n organisaatiollenne sopivan tason aloittaa kevyesti tai hy\u00f6dynt\u00e4\u00e4 laajemmat hyvinvoinnin ty\u00f6kalut koko henkil\u00f6st\u00f6lle. Kaikki paketit tukevat ty\u00f6ntekij\u00f6iden hyvinvointia, motivaatiota ja jaksamista arjessa. Hinnat sis\u00e4lt\u00e4v\u00e4t ALV 25,5%. Tilaus on jatkuva kuukausitilaus. iloWell kahvilasta saa nyt tilattu my\u00f6s [&hellip;]<\/p>\n","protected":false},"author":54736,"featured_media":0,"parent":0,"menu_order":0,"comment_status":"closed","ping_status":"closed","template":"","meta":{"footnotes":""},"class_list":["post-5","page","type-page","status-publish","hentry"],"_links":{"self":[{"href":"https:\/\/blogi.eoppimispalvelut.fi\/ilowell\/wp-json\/wp\/v2\/pages\/5","targetHints":{"allow":["GET"]}}],"collection":[{"href":"https:\/\/blogi.eoppimispalvelut.fi\/ilowell\/wp-json\/wp\/v2\/pages"}],"about":[{"href":"https:\/\/blogi.eoppimispalvelut.fi\/ilowell\/wp-json\/wp\/v2\/types\/page"}],"author":[{"embeddable":true,"href":"https:\/\/blogi.eoppimispalvelut.fi\/ilowell\/wp-json\/wp\/v2\/users\/54736"}],"replies":[{"embeddable":true,"href":"https:\/\/blogi.eoppimispalvelut.fi\/ilowell\/wp-json\/wp\/v2\/comments?post=5"}],"version-history":[{"count":12,"href":"https:\/\/blogi.eoppimispalvelut.fi\/ilowell\/wp-json\/wp\/v2\/pages\/5\/revisions"}],"predecessor-version":[{"id":159,"href":"https:\/\/blogi.eoppimispalvelut.fi\/ilowell\/wp-json\/wp\/v2\/pages\/5\/revisions\/159"}],"wp:attachment":[{"href":"https:\/\/blogi.eoppimispalvelut.fi\/ilowell\/wp-json\/wp\/v2\/media?parent=5"}],"curies":[{"name":"wp","href":"https:\/\/api.w.org\/{rel}","templated":true}]}}