{"id":72,"date":"2026-03-10T16:03:41","date_gmt":"2026-03-10T16:03:41","guid":{"rendered":"https:\/\/blogi.eoppimispalvelut.fi\/ilowell\/?page_id=72"},"modified":"2026-03-18T13:24:19","modified_gmt":"2026-03-18T13:24:19","slug":"tietoa-meista-3","status":"publish","type":"page","link":"https:\/\/blogi.eoppimispalvelut.fi\/ilowell\/tietoa-meista-3\/","title":{"rendered":"Tietoa meist\u00e4"},"content":{"rendered":"\n<p>iloWell syntyi halusta tehd\u00e4 ty\u00f6hyvinvoinnista helppoa ja k\u00e4yt\u00e4nn\u00f6nl\u00e4heist\u00e4. Uskomme, ett\u00e4 ty\u00f6el\u00e4m\u00e4n kuuluu tukea ihmist\u00e4 \u2013 ei kuluttaa loppuun.<\/p>\n\n\n\n<p><strong>Missio:<\/strong>&nbsp;Auttaa yrityksi\u00e4 ja ty\u00f6ntekij\u00f6it\u00e4 rakentamaan arkea, jossa hyvinvointi, energia ja tasapaino kulkevat k\u00e4si k\u00e4dess\u00e4.<br><strong>Visio:<\/strong>&nbsp;Luoda ty\u00f6paikoista paikkoja, joissa hyvinvointi, motivaatio ja tuottavuus yhdistyv\u00e4t luonnollisesti.<br><strong>Arvot:<\/strong>&nbsp;Ihmisl\u00e4ht\u00f6isyys, kokonaisvaltaisuus, yhteis\u00f6llisyys, ilo ja kest\u00e4vyys.<\/p>\n\n\n\n<p>Viiden hengen monialainen tiimimme yhdist\u00e4\u00e4 osaamisen ja intohimon, jotta ty\u00f6 voi olla energisoivaa, merkityksellist\u00e4 ja palkitsevaa kaikille.<\/p>\n\n\n\n<p><\/p>\n\n\n\n<p><strong>Toimitusjohtaja<\/strong> Sonja Palokangas<\/p>\n\n\n\n<figure class=\"wp-block-image size-large is-resized\"><img loading=\"lazy\" decoding=\"async\" width=\"1280\" height=\"1317\" src=\"https:\/\/blogi.eoppimispalvelut.fi\/ilowell\/files\/2026\/03\/IMG_9567-1280x1317.jpg\" alt=\"\" class=\"wp-image-139\" style=\"aspect-ratio:0.9719315477314797;width:308px;height:auto\" srcset=\"https:\/\/blogi.eoppimispalvelut.fi\/ilowell\/files\/2026\/03\/IMG_9567-1280x1317.jpg 1280w, https:\/\/blogi.eoppimispalvelut.fi\/ilowell\/files\/2026\/03\/IMG_9567-900x926.jpg 900w, https:\/\/blogi.eoppimispalvelut.fi\/ilowell\/files\/2026\/03\/IMG_9567-768x790.jpg 768w, https:\/\/blogi.eoppimispalvelut.fi\/ilowell\/files\/2026\/03\/IMG_9567-1493x1536.jpg 1493w, https:\/\/blogi.eoppimispalvelut.fi\/ilowell\/files\/2026\/03\/IMG_9567.jpg 1516w\" sizes=\"auto, (max-width: 1280px) 100vw, 1280px\" \/><\/figure>\n\n\n\n<p><strong>Hallituksen puheenjohtaja ja talousp\u00e4\u00e4likk\u00f6<\/strong> Aleksandra Starovoitova<\/p>\n\n\n\n<figure class=\"wp-block-image size-full is-resized\"><img loading=\"lazy\" decoding=\"async\" width=\"960\" height=\"1280\" src=\"https:\/\/blogi.eoppimispalvelut.fi\/ilowell\/files\/2026\/03\/IMG_0130.jpg\" alt=\"\" class=\"wp-image-140\" style=\"aspect-ratio:0.7500094507239254;width:301px;height:auto\" srcset=\"https:\/\/blogi.eoppimispalvelut.fi\/ilowell\/files\/2026\/03\/IMG_0130.jpg 960w, https:\/\/blogi.eoppimispalvelut.fi\/ilowell\/files\/2026\/03\/IMG_0130-900x1200.jpg 900w, https:\/\/blogi.eoppimispalvelut.fi\/ilowell\/files\/2026\/03\/IMG_0130-768x1024.jpg 768w\" sizes=\"auto, (max-width: 960px) 100vw, 960px\" \/><\/figure>\n\n\n\n<p><strong>Myynnin ja markkinoinnin johtaja<\/strong> Jasmin Nordman<\/p>\n\n\n\n<figure class=\"wp-block-image size-large is-resized\"><img loading=\"lazy\" decoding=\"async\" width=\"1280\" height=\"1707\" src=\"https:\/\/blogi.eoppimispalvelut.fi\/ilowell\/files\/2026\/03\/IMG_9056-1280x1707.jpg\" alt=\"\" class=\"wp-image-144\" style=\"aspect-ratio:0.7498654168909719;width:296px;height:auto\" srcset=\"https:\/\/blogi.eoppimispalvelut.fi\/ilowell\/files\/2026\/03\/IMG_9056-1280x1707.jpg 1280w, https:\/\/blogi.eoppimispalvelut.fi\/ilowell\/files\/2026\/03\/IMG_9056-900x1200.jpg 900w, https:\/\/blogi.eoppimispalvelut.fi\/ilowell\/files\/2026\/03\/IMG_9056-768x1024.jpg 768w, https:\/\/blogi.eoppimispalvelut.fi\/ilowell\/files\/2026\/03\/IMG_9056-1152x1536.jpg 1152w, https:\/\/blogi.eoppimispalvelut.fi\/ilowell\/files\/2026\/03\/IMG_9056-1536x2048.jpg 1536w, https:\/\/blogi.eoppimispalvelut.fi\/ilowell\/files\/2026\/03\/IMG_9056-scaled.jpg 1920w\" sizes=\"auto, (max-width: 1280px) 100vw, 1280px\" \/><\/figure>\n\n\n\n<p><strong>Asiakkuusp\u00e4\u00e4likk\u00f6<\/strong> Lotta Saksi<\/p>\n\n\n\n<figure class=\"wp-block-image size-full is-resized\"><img loading=\"lazy\" decoding=\"async\" width=\"878\" height=\"1560\" src=\"https:\/\/blogi.eoppimispalvelut.fi\/ilowell\/files\/2026\/03\/IMG_9575.jpg\" alt=\"\" class=\"wp-image-147\" style=\"aspect-ratio:0.5628209128819041;width:289px;height:auto\" srcset=\"https:\/\/blogi.eoppimispalvelut.fi\/ilowell\/files\/2026\/03\/IMG_9575.jpg 878w, https:\/\/blogi.eoppimispalvelut.fi\/ilowell\/files\/2026\/03\/IMG_9575-768x1365.jpg 768w, https:\/\/blogi.eoppimispalvelut.fi\/ilowell\/files\/2026\/03\/IMG_9575-864x1536.jpg 864w\" sizes=\"auto, (max-width: 878px) 100vw, 878px\" \/><\/figure>\n\n\n\n<p>Hallituksen j\u00e4sen Ulyana Louchyk<\/p>\n\n\n\n<p><\/p>\n","protected":false},"excerpt":{"rendered":"<p>iloWell syntyi halusta tehd\u00e4 ty\u00f6hyvinvoinnista helppoa ja k\u00e4yt\u00e4nn\u00f6nl\u00e4heist\u00e4. Uskomme, ett\u00e4 ty\u00f6el\u00e4m\u00e4n kuuluu tukea ihmist\u00e4 \u2013 ei kuluttaa loppuun. Missio:&nbsp;Auttaa yrityksi\u00e4 ja ty\u00f6ntekij\u00f6it\u00e4 rakentamaan arkea, jossa hyvinvointi, energia ja tasapaino kulkevat k\u00e4si k\u00e4dess\u00e4.Visio:&nbsp;Luoda ty\u00f6paikoista paikkoja, joissa hyvinvointi, motivaatio ja tuottavuus yhdistyv\u00e4t luonnollisesti.Arvot:&nbsp;Ihmisl\u00e4ht\u00f6isyys, kokonaisvaltaisuus, yhteis\u00f6llisyys, ilo ja kest\u00e4vyys. Viiden hengen monialainen tiimimme yhdist\u00e4\u00e4 osaamisen ja intohimon, jotta [&hellip;]<\/p>\n","protected":false},"author":54736,"featured_media":0,"parent":0,"menu_order":0,"comment_status":"closed","ping_status":"closed","template":"","meta":{"footnotes":""},"class_list":["post-72","page","type-page","status-publish","hentry"],"_links":{"self":[{"href":"https:\/\/blogi.eoppimispalvelut.fi\/ilowell\/wp-json\/wp\/v2\/pages\/72","targetHints":{"allow":["GET"]}}],"collection":[{"href":"https:\/\/blogi.eoppimispalvelut.fi\/ilowell\/wp-json\/wp\/v2\/pages"}],"about":[{"href":"https:\/\/blogi.eoppimispalvelut.fi\/ilowell\/wp-json\/wp\/v2\/types\/page"}],"author":[{"embeddable":true,"href":"https:\/\/blogi.eoppimispalvelut.fi\/ilowell\/wp-json\/wp\/v2\/users\/54736"}],"replies":[{"embeddable":true,"href":"https:\/\/blogi.eoppimispalvelut.fi\/ilowell\/wp-json\/wp\/v2\/comments?post=72"}],"version-history":[{"count":10,"href":"https:\/\/blogi.eoppimispalvelut.fi\/ilowell\/wp-json\/wp\/v2\/pages\/72\/revisions"}],"predecessor-version":[{"id":149,"href":"https:\/\/blogi.eoppimispalvelut.fi\/ilowell\/wp-json\/wp\/v2\/pages\/72\/revisions\/149"}],"wp:attachment":[{"href":"https:\/\/blogi.eoppimispalvelut.fi\/ilowell\/wp-json\/wp\/v2\/media?parent=72"}],"curies":[{"name":"wp","href":"https:\/\/api.w.org\/{rel}","templated":true}]}}