{"id":12,"date":"2018-05-14T11:38:37","date_gmt":"2018-05-14T08:38:37","guid":{"rendered":"https:\/\/blogi.eoppimispalvelut.fi\/infrakarel\/?page_id=12"},"modified":"2018-05-24T16:30:15","modified_gmt":"2018-05-24T13:30:15","slug":"oma-tyopanos","status":"publish","type":"page","link":"https:\/\/blogi.eoppimispalvelut.fi\/infrakarel\/oma-tyopanos\/","title":{"rendered":"Itsearviointi"},"content":{"rendered":"<h3>Oma panos<\/h3>\n<p>Oma ty\u00f6panokseni projektiin on ollut mielest\u00e4ni hyv\u00e4. Olen p\u00e4\u00e4ssyt tekem\u00e4\u00e4n\u00a0paljon erilaisia vaiheita. Olen valmistellut kysymyksi\u00e4 Halva Oy:n henkil\u00f6kunnalle, analysoinut vastauksia, ja sen my\u00f6t\u00e4 tunnistanut tarpeita. Olen ollut aktiivisesti ryhm\u00e4n mukana keskusteluissa ja suunnitteluissa kehityssuunnitelmaan liittyen. Olen mielest\u00e4ni ollut ryhm\u00e4mme suunnann\u00e4ytt\u00e4j\u00e4. Aina jos\u00a0minusta on tuntunut, ett\u00e4 ryhm\u00e4mme ajautuu tietyiss\u00e4 teht\u00e4viss\u00e4 sivuraiteille, olen pyrkinyt n\u00e4ytt\u00e4m\u00e4\u00e4n ja kertomaan, mit\u00e4 teht\u00e4viss\u00e4 mielest\u00e4ni todella haetaan, ja miten meid\u00e4n tulisi seuraavaksi jatkaa. Olen my\u00f6s lukenut aiheeseen liittyv\u00e4\u00e4 kirjallisuutta ja artikkeleita omatoimisesti, saaden niist\u00e4 lis\u00e4tietoa projektin toteutukseen. Olen esitellyt ryhm\u00e4mme t\u00f6iden hedelmi\u00e4 ohjaustunneilla ja ottanut palautetta vastaan kehitt\u00e4v\u00e4ss\u00e4 mieless\u00e4.<\/p>\n<h3>Mielipiteet<\/h3>\n<p>Mielest\u00e4ni onnistuimme lopputuloksessa kiitett\u00e4v\u00e4sti. Onnistuimme tunnistamaan oikeita tarpeita yrityksen sis\u00e4lt\u00e4 ja l\u00f6ysimme niihin toimivia ratkaisuja. Mielest\u00e4ni tavoitetila, jonka olemme asettaneet, on liiketoiminnan parantamiseen t\u00e4ht\u00e4\u00e4v\u00e4 lopputulos, jolta voidaan odottaa hy\u00f6ty\u00e4 suorasti ja ep\u00e4suorasti.<\/p>\n<p>Ymp\u00e4rist\u00f6n nykytilasta oli vaikeaa saada t\u00e4ydellist\u00e4 kokokuvaa, sill\u00e4 kaikkiin haluamiimme kysymyksiin emme saaneet vastauksia. Tiettyjen tarkkojen vastausten puutteessa jouduimme olettamaan joitakin tilastoihin liittyvi\u00e4 asioita.\u00a0 Jouduimme my\u00f6skin suodattamaan joitakin vaihtoehtoja sen takia, ett\u00e4 teemme vain oppimisteht\u00e4v\u00e4\u00e4, emmek\u00e4 ole suoranaisesti muuttamassa yrityksen ICT-ymp\u00e4rist\u00f6\u00e4. L\u00f6ysimme kuitenkin potentiaalisia vaihtoehtoja, joista yritys voi todella hy\u00f6ty\u00e4. Annamme suunnitelmamme eteenp\u00e4in yritykselle, ja se saakin hy\u00f6dynt\u00e4\u00e4 sit\u00e4 haluamallaan tavalla. Koin ryhm\u00e4ty\u00f6skentelyn aika ajoin haastavaksi, sill\u00e4 kun ryhm\u00e4ss\u00e4 ollaan, saattavat mielipiteet erota toisistaan. Ongelmista selvittiin kompromisseill\u00e4 ja avoimuudella toisiamme kohtaan.<\/p>\n<h3>Mit\u00e4 opin<\/h3>\n<p>Opintojaksolla opin mit\u00e4 vaiheita yrityksen ICT-ymp\u00e4rist\u00f6n kehitykseen tarvitaan. Opin l\u00f6yt\u00e4m\u00e4\u00e4n ja tunnistamaan muutostarpeita. Opin lis\u00e4ksi my\u00f6s syy-seuraussuhteista, erilaisista mittareista, joilla ymp\u00e4rist\u00f6\u00e4 voidaan mitata ja erilaisista vaatimuksista, joita ICT-ymp\u00e4rist\u00f6\u00f6n saattaa liitty\u00e4. Etsin my\u00f6s paljon tietoa eri komponenteista ja sovelluksista, mink\u00e4 kautta opin juuri niist\u00e4 tietyist\u00e4 lis\u00e4\u00e4. Opin n\u00e4kem\u00e4\u00e4n mit\u00e4 hy\u00f6ty\u00e4 mist\u00e4kin kehitysaskeleesta on, ja kuinka ne hy\u00f6dytt\u00e4v\u00e4t yrityksen liiketoimintaa pitk\u00e4ll\u00e4 t\u00e4ht\u00e4imell\u00e4. Opin my\u00f6s paljon lis\u00e4\u00e4 ryhm\u00e4ty\u00f6skentelyst\u00e4 ja erilaisista viestint\u00e4\u00e4n ja kommunikointiin k\u00e4ytett\u00e4vist\u00e4 sovelluksista, kuten esimerkiksi Microsoft Teams-sovelluksesta.<\/p>\n<figure id=\"attachment_23\" aria-describedby=\"caption-attachment-23\" style=\"width: 139px\" class=\"wp-caption alignnone\"><img loading=\"lazy\" decoding=\"async\" class=\"wp-image-23\" src=\"https:\/\/blogi.eoppimispalvelut.fi\/infrakarel\/files\/2018\/05\/profiili.png\" alt=\"\" width=\"139\" height=\"190\" srcset=\"https:\/\/blogi.eoppimispalvelut.fi\/infrakarel\/files\/2018\/05\/profiili.png 398w, https:\/\/blogi.eoppimispalvelut.fi\/infrakarel\/files\/2018\/05\/profiili-220x300.png 220w\" sizes=\"auto, (max-width: 139px) 100vw, 139px\" \/><figcaption id=\"caption-attachment-23\" class=\"wp-caption-text\">Kirjoittaja Karel Haapasalo<\/figcaption><\/figure>\n","protected":false},"excerpt":{"rendered":"<p>Oma panos Oma ty\u00f6panokseni projektiin on ollut mielest\u00e4ni hyv\u00e4. Olen p\u00e4\u00e4ssyt tekem\u00e4\u00e4n\u00a0paljon erilaisia vaiheita. Olen valmistellut kysymyksi\u00e4 Halva Oy:n henkil\u00f6kunnalle, analysoinut vastauksia, ja sen my\u00f6t\u00e4 tunnistanut tarpeita. Olen ollut aktiivisesti ryhm\u00e4n mukana keskusteluissa ja suunnitteluissa kehityssuunnitelmaan liittyen. Olen mielest\u00e4ni ollut ryhm\u00e4mme suunnann\u00e4ytt\u00e4j\u00e4. Aina jos\u00a0minusta on tuntunut, ett\u00e4 ryhm\u00e4mme ajautuu tietyiss\u00e4 teht\u00e4viss\u00e4 sivuraiteille, olen pyrkinyt n\u00e4ytt\u00e4m\u00e4\u00e4n &hellip; <a href=\"https:\/\/blogi.eoppimispalvelut.fi\/infrakarel\/oma-tyopanos\/\" class=\"more-link\">Continue reading <span class=\"screen-reader-text\">Itsearviointi<\/span> <span class=\"meta-nav\">&rarr;<\/span><\/a><\/p>\n","protected":false},"author":3091,"featured_media":0,"parent":0,"menu_order":8,"comment_status":"closed","ping_status":"closed","template":"","meta":{"footnotes":""},"class_list":["post-12","page","type-page","status-publish","hentry"],"_links":{"self":[{"href":"https:\/\/blogi.eoppimispalvelut.fi\/infrakarel\/wp-json\/wp\/v2\/pages\/12","targetHints":{"allow":["GET"]}}],"collection":[{"href":"https:\/\/blogi.eoppimispalvelut.fi\/infrakarel\/wp-json\/wp\/v2\/pages"}],"about":[{"href":"https:\/\/blogi.eoppimispalvelut.fi\/infrakarel\/wp-json\/wp\/v2\/types\/page"}],"author":[{"embeddable":true,"href":"https:\/\/blogi.eoppimispalvelut.fi\/infrakarel\/wp-json\/wp\/v2\/users\/3091"}],"replies":[{"embeddable":true,"href":"https:\/\/blogi.eoppimispalvelut.fi\/infrakarel\/wp-json\/wp\/v2\/comments?post=12"}],"version-history":[{"count":9,"href":"https:\/\/blogi.eoppimispalvelut.fi\/infrakarel\/wp-json\/wp\/v2\/pages\/12\/revisions"}],"predecessor-version":[{"id":79,"href":"https:\/\/blogi.eoppimispalvelut.fi\/infrakarel\/wp-json\/wp\/v2\/pages\/12\/revisions\/79"}],"wp:attachment":[{"href":"https:\/\/blogi.eoppimispalvelut.fi\/infrakarel\/wp-json\/wp\/v2\/media?parent=12"}],"curies":[{"name":"wp","href":"https:\/\/api.w.org\/{rel}","templated":true}]}}