{"id":2,"date":"2018-05-14T11:15:49","date_gmt":"2018-05-14T08:15:49","guid":{"rendered":"https:\/\/blogi.eoppimispalvelut.fi\/infrakarel\/?page_id=2"},"modified":"2018-05-23T16:51:55","modified_gmt":"2018-05-23T13:51:55","slug":"esimerkkisivu","status":"publish","type":"page","link":"https:\/\/blogi.eoppimispalvelut.fi\/infrakarel\/","title":{"rendered":"Kehityssuunnitelman esittely"},"content":{"rendered":"<p><img loading=\"lazy\" decoding=\"async\" class=\"size-full wp-image-35 alignnone\" src=\"https:\/\/blogi.eoppimispalvelut.fi\/infrakarel\/files\/2018\/05\/halva-logo-pieni.png\" alt=\"\" width=\"94\" height=\"50\" \/><\/p>\n<p>T\u00e4ll\u00e4\u00a0sivustolla esitell\u00e4\u00e4n Halva Oy:n ICT-ymp\u00e4rist\u00f6n kehityssuunnitelmaa. Projektiin ovat osallistuneet Karel Haapasalo, Svetlana Sokolova sek\u00e4 Marko Boman. Se on tehty osittain yhteisty\u00f6ss\u00e4 Halvan yhteyshenkil\u00f6iden kanssa.<\/p>\n<p>Suunnitelma keskittyy kartoittamaan Halva Oy:n ICT-ymp\u00e4rist\u00f6n nykytilaa ja sen tarpeita. Siin\u00e4 esitell\u00e4\u00e4n tavoitetila, ja muutokset mit\u00e4 tavoitteeseen p\u00e4\u00e4syyn vaaditaan. Suunnitelma sis\u00e4lt\u00e4\u00e4 toiminnan muutokset, sek\u00e4 k\u00e4ytt\u00f6\u00f6n otettavat uudet sovellukset ja laitteistot. My\u00f6s kehityspolku on k\u00e4yty l\u00e4pi, josta n\u00e4kee, mik\u00e4 vaihe suoritetaan miss\u00e4kin aikaj\u00e4rjestyksess\u00e4. Olemme maininneet my\u00f6s ymp\u00e4rist\u00f6n yll\u00e4pitoon liittyv\u00e4t asiat. Suunnitelmamme suurin tarkoitus on l\u00f6yt\u00e4\u00e4 kustannustehokkaita ratkaisuja, ja olemmekin k\u00e4yneet t\u00e4t\u00e4 l\u00e4pi kustannusten ja niihin liittyvien\u00a0hy\u00f6tyodotusten kautta. N\u00e4iden asioiden perusteella olemme tehneet johtop\u00e4\u00e4t\u00f6ksi\u00e4, jotka Halva Oy:lle tekem\u00e4st\u00e4mme kehityssuunnitelmasta voi vet\u00e4\u00e4.<\/p>\n<p><img loading=\"lazy\" decoding=\"async\" class=\"alignnone size-large wp-image-9\" src=\"https:\/\/blogi.eoppimispalvelut.fi\/infrakarel\/files\/2018\/05\/server-90389_1920-1024x683.jpg\" alt=\"\" width=\"660\" height=\"440\" srcset=\"https:\/\/blogi.eoppimispalvelut.fi\/infrakarel\/files\/2018\/05\/server-90389_1920-1024x683.jpg 1024w, https:\/\/blogi.eoppimispalvelut.fi\/infrakarel\/files\/2018\/05\/server-90389_1920-300x200.jpg 300w, https:\/\/blogi.eoppimispalvelut.fi\/infrakarel\/files\/2018\/05\/server-90389_1920-768x512.jpg 768w, https:\/\/blogi.eoppimispalvelut.fi\/infrakarel\/files\/2018\/05\/server-90389_1920.jpg 1920w\" sizes=\"auto, (max-width: 660px) 100vw, 660px\" \/><\/p>\n","protected":false},"excerpt":{"rendered":"<p>T\u00e4ll\u00e4\u00a0sivustolla esitell\u00e4\u00e4n Halva Oy:n ICT-ymp\u00e4rist\u00f6n kehityssuunnitelmaa. Projektiin ovat osallistuneet Karel Haapasalo, Svetlana Sokolova sek\u00e4 Marko Boman. Se on tehty osittain yhteisty\u00f6ss\u00e4 Halvan yhteyshenkil\u00f6iden kanssa. Suunnitelma keskittyy kartoittamaan Halva Oy:n ICT-ymp\u00e4rist\u00f6n nykytilaa ja sen tarpeita. Siin\u00e4 esitell\u00e4\u00e4n tavoitetila, ja muutokset mit\u00e4 tavoitteeseen p\u00e4\u00e4syyn vaaditaan. Suunnitelma sis\u00e4lt\u00e4\u00e4 toiminnan muutokset, sek\u00e4 k\u00e4ytt\u00f6\u00f6n otettavat uudet sovellukset ja laitteistot. My\u00f6s &hellip; <a href=\"https:\/\/blogi.eoppimispalvelut.fi\/infrakarel\/\" class=\"more-link\">Continue reading <span class=\"screen-reader-text\">Kehityssuunnitelman esittely<\/span> <span class=\"meta-nav\">&rarr;<\/span><\/a><\/p>\n","protected":false},"author":3091,"featured_media":0,"parent":0,"menu_order":1,"comment_status":"closed","ping_status":"open","template":"","meta":{"footnotes":""},"class_list":["post-2","page","type-page","status-publish","hentry"],"_links":{"self":[{"href":"https:\/\/blogi.eoppimispalvelut.fi\/infrakarel\/wp-json\/wp\/v2\/pages\/2","targetHints":{"allow":["GET"]}}],"collection":[{"href":"https:\/\/blogi.eoppimispalvelut.fi\/infrakarel\/wp-json\/wp\/v2\/pages"}],"about":[{"href":"https:\/\/blogi.eoppimispalvelut.fi\/infrakarel\/wp-json\/wp\/v2\/types\/page"}],"author":[{"embeddable":true,"href":"https:\/\/blogi.eoppimispalvelut.fi\/infrakarel\/wp-json\/wp\/v2\/users\/3091"}],"replies":[{"embeddable":true,"href":"https:\/\/blogi.eoppimispalvelut.fi\/infrakarel\/wp-json\/wp\/v2\/comments?post=2"}],"version-history":[{"count":8,"href":"https:\/\/blogi.eoppimispalvelut.fi\/infrakarel\/wp-json\/wp\/v2\/pages\/2\/revisions"}],"predecessor-version":[{"id":71,"href":"https:\/\/blogi.eoppimispalvelut.fi\/infrakarel\/wp-json\/wp\/v2\/pages\/2\/revisions\/71"}],"wp:attachment":[{"href":"https:\/\/blogi.eoppimispalvelut.fi\/infrakarel\/wp-json\/wp\/v2\/media?parent=2"}],"curies":[{"name":"wp","href":"https:\/\/api.w.org\/{rel}","templated":true}]}}