{"id":24,"date":"2018-05-21T22:06:50","date_gmt":"2018-05-21T19:06:50","guid":{"rendered":"https:\/\/blogi.eoppimispalvelut.fi\/infrakarel\/?page_id=24"},"modified":"2018-05-24T16:27:13","modified_gmt":"2018-05-24T13:27:13","slug":"kehityspolku","status":"publish","type":"page","link":"https:\/\/blogi.eoppimispalvelut.fi\/infrakarel\/kehityspolku\/","title":{"rendered":"Kehityspolku"},"content":{"rendered":"<p><img loading=\"lazy\" decoding=\"async\" class=\"size-full wp-image-25 alignnone\" src=\"https:\/\/blogi.eoppimispalvelut.fi\/infrakarel\/files\/2018\/05\/kehityspolku-kaavio.png\" alt=\"\" width=\"512\" height=\"338\" srcset=\"https:\/\/blogi.eoppimispalvelut.fi\/infrakarel\/files\/2018\/05\/kehityspolku-kaavio.png 512w, https:\/\/blogi.eoppimispalvelut.fi\/infrakarel\/files\/2018\/05\/kehityspolku-kaavio-300x198.png 300w\" sizes=\"auto, (max-width: 512px) 100vw, 512px\" \/><\/p>\n<p style=\"text-align: left\">Yll\u00e4 oleva kaavio n\u00e4ytt\u00e4\u00e4 kehityksen aikaj\u00e4rjestyksen. Ensin k\u00e4ytt\u00f6\u00f6n otetaan uusi verkkoyhteys, joka vaikuttaa kaikkiin t\u00e4m\u00e4n j\u00e4lkeen tuleviin vaiheisiin. Sen j\u00e4lkeen toteutetaan eri vaiheita kuvan n\u00e4ytt\u00e4m\u00e4n j\u00e4rjestyksen mukaan. K\u00e4ytt\u00f6\u00f6n otetaan erilaisia sovelluksia, laitteita sek\u00e4 toiminnallisia muutoksia. Lopuksi p\u00e4\u00e4st\u00e4\u00e4n haluttuun tavoitetilaan, jonka tulisi vastata yrityksen ICT-tarpeisiin mahdollisimman hyvin. K\u00e4ytt\u00e4\u00e4notto suoritetaan osittain itse, osittain IT-tuen avulla ja osittain palvelutarjoajien toimesta.<\/p>\n","protected":false},"excerpt":{"rendered":"<p>Yll\u00e4 oleva kaavio n\u00e4ytt\u00e4\u00e4 kehityksen aikaj\u00e4rjestyksen. Ensin k\u00e4ytt\u00f6\u00f6n otetaan uusi verkkoyhteys, joka vaikuttaa kaikkiin t\u00e4m\u00e4n j\u00e4lkeen tuleviin vaiheisiin. Sen j\u00e4lkeen toteutetaan eri vaiheita kuvan n\u00e4ytt\u00e4m\u00e4n j\u00e4rjestyksen mukaan. K\u00e4ytt\u00f6\u00f6n otetaan erilaisia sovelluksia, laitteita sek\u00e4 toiminnallisia muutoksia. Lopuksi p\u00e4\u00e4st\u00e4\u00e4n haluttuun tavoitetilaan, jonka tulisi vastata yrityksen ICT-tarpeisiin mahdollisimman hyvin. K\u00e4ytt\u00e4\u00e4notto suoritetaan osittain itse, osittain IT-tuen avulla ja osittain &hellip; <a href=\"https:\/\/blogi.eoppimispalvelut.fi\/infrakarel\/kehityspolku\/\" class=\"more-link\">Continue reading <span class=\"screen-reader-text\">Kehityspolku<\/span> <span class=\"meta-nav\">&rarr;<\/span><\/a><\/p>\n","protected":false},"author":3091,"featured_media":0,"parent":0,"menu_order":4,"comment_status":"closed","ping_status":"closed","template":"","meta":{"footnotes":""},"class_list":["post-24","page","type-page","status-publish","hentry"],"_links":{"self":[{"href":"https:\/\/blogi.eoppimispalvelut.fi\/infrakarel\/wp-json\/wp\/v2\/pages\/24","targetHints":{"allow":["GET"]}}],"collection":[{"href":"https:\/\/blogi.eoppimispalvelut.fi\/infrakarel\/wp-json\/wp\/v2\/pages"}],"about":[{"href":"https:\/\/blogi.eoppimispalvelut.fi\/infrakarel\/wp-json\/wp\/v2\/types\/page"}],"author":[{"embeddable":true,"href":"https:\/\/blogi.eoppimispalvelut.fi\/infrakarel\/wp-json\/wp\/v2\/users\/3091"}],"replies":[{"embeddable":true,"href":"https:\/\/blogi.eoppimispalvelut.fi\/infrakarel\/wp-json\/wp\/v2\/comments?post=24"}],"version-history":[{"count":5,"href":"https:\/\/blogi.eoppimispalvelut.fi\/infrakarel\/wp-json\/wp\/v2\/pages\/24\/revisions"}],"predecessor-version":[{"id":78,"href":"https:\/\/blogi.eoppimispalvelut.fi\/infrakarel\/wp-json\/wp\/v2\/pages\/24\/revisions\/78"}],"wp:attachment":[{"href":"https:\/\/blogi.eoppimispalvelut.fi\/infrakarel\/wp-json\/wp\/v2\/media?parent=24"}],"curies":[{"name":"wp","href":"https:\/\/api.w.org\/{rel}","templated":true}]}}