{"id":38,"date":"2018-05-21T22:44:50","date_gmt":"2018-05-21T19:44:50","guid":{"rendered":"https:\/\/blogi.eoppimispalvelut.fi\/infrakarel\/?page_id=38"},"modified":"2018-05-23T17:01:12","modified_gmt":"2018-05-23T14:01:12","slug":"tarpeetnykytila","status":"publish","type":"page","link":"https:\/\/blogi.eoppimispalvelut.fi\/infrakarel\/tarpeetnykytila\/","title":{"rendered":"ICT tarpeet ja nykytila"},"content":{"rendered":"<h4>Halva Oy:ss\u00e4 tunnistamiamme tarpeita ovat:<\/h4>\n<p>Langattoman sis\u00e4isen verkon k\u00e4ytt\u00f6\u00f6notto<\/p>\n<p>Parempi sis\u00e4inen viestint\u00e4<\/p>\n<p>Puutteellisen varastonk\u00e4sittelyn ja saldojen kirjauksen parantaminen<\/p>\n<p>Tehokkaampi markkinointi<\/p>\n<p>Kattavampi ulkoistaminen<\/p>\n<p>Informoinnin digitalisoiminen<\/p>\n<p>&nbsp;<\/p>\n<h4>Nykytila<\/h4>\n<p>Nykytilassa on paljon positiivisia ICT-ratkaisuja. Siell\u00e4 on toimiva s\u00e4hk\u00f6posti ja Office 365 paketti muuhunkin tiedonk\u00e4sittelyyn. Esimiehill\u00e4 on hyv\u00e4t puhelimet, joista l\u00f6ytyy Android k\u00e4ytt\u00f6j\u00e4rjestelm\u00e4. Tietokoneet ja monitoimilaitteet ovat toimineet hyvin. IT:n yll\u00e4pidosta on vastannut Chilit Oy. Nykytilassa on my\u00f6s Elisalta tuleva verkko pelk\u00e4st\u00e4\u00e4n kiinte\u00e4ll\u00e4 yhteydell\u00e4. Verkkoon on yhdistetty p\u00f6yt\u00e4koneet sek\u00e4 monitoimilaitteet.<\/p>\n<p>Valmistuspuolella on erilaisia valmistukseen k\u00e4ytett\u00e4vi\u00e4 laitteistoja sek\u00e4 j\u00e4rjestelmi\u00e4. Muun muassa Eagle-j\u00e4rjestelm\u00e4 valvoo karkin valuj\u00e4lke\u00e4 ja Keybox-j\u00e4rjestelm\u00e4 toimii toiminnanohjauksessa. Yrityksell\u00e4 on my\u00f6s omat verkkosivut sek\u00e4 verkkokauppa. My\u00f6s jonkin verran robotiikkaa on k\u00e4yt\u00f6ss\u00e4.\u00a0 Nykytilassa on kuitenkin parennettavaa niin kuin tarpeista k\u00e4y ilmi.<\/p>\n<p>&nbsp;<\/p>\n<p>&nbsp;<\/p>\n<p>&nbsp;<\/p>\n","protected":false},"excerpt":{"rendered":"<p>Halva Oy:ss\u00e4 tunnistamiamme tarpeita ovat: Langattoman sis\u00e4isen verkon k\u00e4ytt\u00f6\u00f6notto Parempi sis\u00e4inen viestint\u00e4 Puutteellisen varastonk\u00e4sittelyn ja saldojen kirjauksen parantaminen Tehokkaampi markkinointi Kattavampi ulkoistaminen Informoinnin digitalisoiminen &nbsp; Nykytila Nykytilassa on paljon positiivisia ICT-ratkaisuja. Siell\u00e4 on toimiva s\u00e4hk\u00f6posti ja Office 365 paketti muuhunkin tiedonk\u00e4sittelyyn. Esimiehill\u00e4 on hyv\u00e4t puhelimet, joista l\u00f6ytyy Android k\u00e4ytt\u00f6j\u00e4rjestelm\u00e4. Tietokoneet ja monitoimilaitteet ovat toimineet hyvin. &hellip; <a href=\"https:\/\/blogi.eoppimispalvelut.fi\/infrakarel\/tarpeetnykytila\/\" class=\"more-link\">Continue reading <span class=\"screen-reader-text\">ICT tarpeet ja nykytila<\/span> <span class=\"meta-nav\">&rarr;<\/span><\/a><\/p>\n","protected":false},"author":3091,"featured_media":0,"parent":0,"menu_order":2,"comment_status":"closed","ping_status":"closed","template":"","meta":{"footnotes":""},"class_list":["post-38","page","type-page","status-publish","hentry"],"_links":{"self":[{"href":"https:\/\/blogi.eoppimispalvelut.fi\/infrakarel\/wp-json\/wp\/v2\/pages\/38","targetHints":{"allow":["GET"]}}],"collection":[{"href":"https:\/\/blogi.eoppimispalvelut.fi\/infrakarel\/wp-json\/wp\/v2\/pages"}],"about":[{"href":"https:\/\/blogi.eoppimispalvelut.fi\/infrakarel\/wp-json\/wp\/v2\/types\/page"}],"author":[{"embeddable":true,"href":"https:\/\/blogi.eoppimispalvelut.fi\/infrakarel\/wp-json\/wp\/v2\/users\/3091"}],"replies":[{"embeddable":true,"href":"https:\/\/blogi.eoppimispalvelut.fi\/infrakarel\/wp-json\/wp\/v2\/comments?post=38"}],"version-history":[{"count":7,"href":"https:\/\/blogi.eoppimispalvelut.fi\/infrakarel\/wp-json\/wp\/v2\/pages\/38\/revisions"}],"predecessor-version":[{"id":73,"href":"https:\/\/blogi.eoppimispalvelut.fi\/infrakarel\/wp-json\/wp\/v2\/pages\/38\/revisions\/73"}],"wp:attachment":[{"href":"https:\/\/blogi.eoppimispalvelut.fi\/infrakarel\/wp-json\/wp\/v2\/media?parent=38"}],"curies":[{"name":"wp","href":"https:\/\/api.w.org\/{rel}","templated":true}]}}