{"id":56,"date":"2018-05-22T15:29:09","date_gmt":"2018-05-22T12:29:09","guid":{"rendered":"https:\/\/blogi.eoppimispalvelut.fi\/infrakarel\/?page_id=56"},"modified":"2018-05-23T17:03:20","modified_gmt":"2018-05-23T14:03:20","slug":"tavoitetila","status":"publish","type":"page","link":"https:\/\/blogi.eoppimispalvelut.fi\/infrakarel\/tavoitetila\/","title":{"rendered":"Tavoitetila"},"content":{"rendered":"<h5>Esittely<\/h5>\n<p>Halva Oy:n ICT-ymp\u00e4rist\u00f6n tavoitetilaan p\u00e4\u00e4semiseksi tulee hankkia tai p\u00e4ivitt\u00e4\u00e4 tietty\u00e4 laitteistoa ja sovelluksia. My\u00f6s k\u00e4ytt\u00e4jien toimintaa tulee osaltaan hiukan muuttaa. Siin\u00e4 on my\u00f6s huomioitava tiettyj\u00e4 vaatimuksia. Asettamamme tavoitetila itsess\u00e4\u00e4n on parempi ja tehokkaampi ICT-ymp\u00e4rist\u00f6 liiketoiminnan tueksi.<\/p>\n<h6>Tavoitetila pit\u00e4\u00e4 sis\u00e4ll\u00e4\u00e4n uudet komponentit ja niiden hinnat:<\/h6>\n<p>TP-LINK Archer C1200-reititin, 62,90\u20ac<\/p>\n<p>TP-LINK Deco M5 WLAN-vahvistin setti, 299,90\u20ac<\/p>\n<p>4x CAT S31-puhelin, 1120\u20ac<\/p>\n<p>2x Nautiz X2-k\u00e4mmentietokone, 950\u20ac<\/p>\n<p>Chrome Cast-mediantoisto plug, 60\u20ac<\/p>\n<p>HubSpot-dataker\u00e4ilyohjelma, ilmainen<\/p>\n<h6>Palveluiden ja sovellusten hinnat:<\/h6>\n<p>Elisa\/Saunalahti Korttelikuitu-verkkoliittym\u00e4, 19,90\u20ac\/kk<\/p>\n<p>Norton Mobile Security, 42\u20ac\/vuosi<\/p>\n<h5>Hinnat yhteens\u00e4:<\/h5>\n<h6>k\u00e4ytt\u00f6\u00f6notot ja hankinnat 2492\u20ac<\/h6>\n<h6>kuukausittaiset maksut 23,40\u20ac<\/h6>\n<h4><\/h4>\n<h4>Hy\u00f6dyt<\/h4>\n<p>Kehityssuunnitelmasta on montaa eri hy\u00f6ty\u00e4 Halva Oy:lle. Se saa k\u00e4ytt\u00f6\u00f6ns\u00e4 nopeamman verkon langattomasti, johon voi liitty\u00e4 esimerkiksi uusilla kerrospuhelimilla. Puhelimiin voi asentaa jo olemassa olevalla lisenssill\u00e4 Office 365 toimistosovelluspaketit ja s\u00e4hk\u00f6posti tulee parantamaan sis\u00e4ist\u00e4 viestint\u00e4\u00e4 huomattavasti. N\u00e4m\u00e4 kaikki vaikuttavat tuotantoprosessin tarkkuuteen ja tehokkuuteen vaikuttaen samalla pitk\u00e4ll\u00e4 t\u00e4ht\u00e4imell\u00e4 liiketoiminnan kasvuun.\u00a0 Viestinn\u00e4n paraneminen edesauttaa henkil\u00f6st\u00f6n tietoutta firman sis\u00e4isist\u00e4 asioista. My\u00f6s Chrome Castin k\u00e4ytt\u00f6\u00f6notto digitaalisen informaatiotaulun toimintaan saamiseksi auttaa tiedottamista. Info on helpompi sy\u00f6tt\u00e4\u00e4 digitaalisesti tauluun, eik\u00e4 turhia papereita tarvitse tehd\u00e4.<\/p>\n<p>Digitaalisista skannereista odotetaan suurinta hy\u00f6ty\u00e4 yritykselle. Ne tulevat nopeuttamaan saldojen kirjausta. My\u00f6s inventaariot sujuvat vaivattomammin laitteiden avulla. Menetelm\u00e4 on kaiken lis\u00e4ksi ymp\u00e4rist\u00f6yst\u00e4v\u00e4llinen. Skanneria voidaan k\u00e4ytt\u00e4\u00e4 my\u00f6s viestinn\u00e4ss\u00e4 puhelimen tavoin tai kamerana.<\/p>\n<p>Automaattisella dataker\u00e4ilyohjelmalla yritys havaitsee asiakkaiden tarpeita paremmin, t\u00e4ten se pystyy kehitt\u00e4m\u00e4\u00e4n tuotteitaan kysynn\u00e4n mukaan. Se ker\u00e4\u00e4 tietoa k\u00e4ytt\u00e4jien toiminnasta nettisivuilla ja kaupassa. Ohjelma ker\u00e4\u00e4 tietoa my\u00f6s tuotantoprosessista, mink\u00e4 avulla niit\u00e4 voidaan kehitt\u00e4\u00e4.<\/p>\n<p>&nbsp;<\/p>\n<p>&nbsp;<\/p>\n","protected":false},"excerpt":{"rendered":"<p>Esittely Halva Oy:n ICT-ymp\u00e4rist\u00f6n tavoitetilaan p\u00e4\u00e4semiseksi tulee hankkia tai p\u00e4ivitt\u00e4\u00e4 tietty\u00e4 laitteistoa ja sovelluksia. My\u00f6s k\u00e4ytt\u00e4jien toimintaa tulee osaltaan hiukan muuttaa. Siin\u00e4 on my\u00f6s huomioitava tiettyj\u00e4 vaatimuksia. Asettamamme tavoitetila itsess\u00e4\u00e4n on parempi ja tehokkaampi ICT-ymp\u00e4rist\u00f6 liiketoiminnan tueksi. Tavoitetila pit\u00e4\u00e4 sis\u00e4ll\u00e4\u00e4n uudet komponentit ja niiden hinnat: TP-LINK Archer C1200-reititin, 62,90\u20ac TP-LINK Deco M5 WLAN-vahvistin setti, 299,90\u20ac &hellip; <a href=\"https:\/\/blogi.eoppimispalvelut.fi\/infrakarel\/tavoitetila\/\" class=\"more-link\">Continue reading <span class=\"screen-reader-text\">Tavoitetila<\/span> <span class=\"meta-nav\">&rarr;<\/span><\/a><\/p>\n","protected":false},"author":3091,"featured_media":0,"parent":0,"menu_order":3,"comment_status":"closed","ping_status":"closed","template":"","meta":{"footnotes":""},"class_list":["post-56","page","type-page","status-publish","hentry"],"_links":{"self":[{"href":"https:\/\/blogi.eoppimispalvelut.fi\/infrakarel\/wp-json\/wp\/v2\/pages\/56","targetHints":{"allow":["GET"]}}],"collection":[{"href":"https:\/\/blogi.eoppimispalvelut.fi\/infrakarel\/wp-json\/wp\/v2\/pages"}],"about":[{"href":"https:\/\/blogi.eoppimispalvelut.fi\/infrakarel\/wp-json\/wp\/v2\/types\/page"}],"author":[{"embeddable":true,"href":"https:\/\/blogi.eoppimispalvelut.fi\/infrakarel\/wp-json\/wp\/v2\/users\/3091"}],"replies":[{"embeddable":true,"href":"https:\/\/blogi.eoppimispalvelut.fi\/infrakarel\/wp-json\/wp\/v2\/comments?post=56"}],"version-history":[{"count":6,"href":"https:\/\/blogi.eoppimispalvelut.fi\/infrakarel\/wp-json\/wp\/v2\/pages\/56\/revisions"}],"predecessor-version":[{"id":74,"href":"https:\/\/blogi.eoppimispalvelut.fi\/infrakarel\/wp-json\/wp\/v2\/pages\/56\/revisions\/74"}],"wp:attachment":[{"href":"https:\/\/blogi.eoppimispalvelut.fi\/infrakarel\/wp-json\/wp\/v2\/media?parent=56"}],"curies":[{"name":"wp","href":"https:\/\/api.w.org\/{rel}","templated":true}]}}