{"id":2,"date":"2019-01-29T10:52:17","date_gmt":"2019-01-29T08:52:17","guid":{"rendered":"https:\/\/blogi.eoppimispalvelut.fi\/innej\/?page_id=2"},"modified":"2019-11-08T21:59:41","modified_gmt":"2019-11-08T19:59:41","slug":"portfolion-sisalto","status":"publish","type":"page","link":"https:\/\/blogi.eoppimispalvelut.fi\/innej\/portfolion-sisalto\/","title":{"rendered":"Portfolion sis\u00e4lt\u00f6"},"content":{"rendered":"<p><span style=\"color: #ff0000\"><strong>Sis\u00e4llys:<\/strong><\/span><\/p>\n<p><a href=\"https:\/\/blogi.eoppimispalvelut.fi\/innej\/portfolion-sisalto\/r702t43-lasta-odottavan-ja-lapsiperheen-terveydenhoitotyon-harjoittelu\/\">Asiakasl\u00e4ht\u00f6inen lapsiperheen terveyden edist\u00e4minen<\/a><\/p>\n<p><a href=\"https:\/\/blogi.eoppimispalvelut.fi\/innej\/portfolion-sisalto\/r702t45-koululaisen-ja-opiskelijan-terveydenhoitotyon-harjoittelu\/\">Koululaisen ja opiskelijan voimavarojen tukeminen<\/a><\/p>\n<p><a href=\"https:\/\/blogi.eoppimispalvelut.fi\/innej\/portfolion-sisalto\/r702t45-koululaisen-ja-opiskelijan-terveydenhoitotyon-harjoittelu\/r702t41-tyoikaisen-terveydenhoitotyon-harjoittelu\/\">Ty\u00f6ymp\u00e4rist\u00f6n ja ty\u00f6ik\u00e4isten terveyden edist\u00e4minen<\/a><\/p>\n<p><a href=\"https:\/\/blogi.eoppimispalvelut.fi\/innej\/portfolion-sisalto\/yhteison-ja-ympariston-terveyden-edistaminen\/\">Yhteis\u00f6n ja ymp\u00e4rist\u00f6n terveyden edist\u00e4minen<\/a><\/p>\n<p><a href=\"https:\/\/blogi.eoppimispalvelut.fi\/innej\/portfolion-sisalto\/johtaminen-ja-kehittaminen-terveydenhoitotyossa\/\">Johtaminen ja kehitt\u00e4minen terveydenhoitoty\u00f6ss\u00e4<\/a><\/p>\n<p>&nbsp;<\/p>\n<p>&nbsp;<\/p>\n<p>&nbsp;<\/p>\n<p>&nbsp;<\/p>\n","protected":false},"excerpt":{"rendered":"<p>Sis\u00e4llys: Asiakasl\u00e4ht\u00f6inen lapsiperheen terveyden edist\u00e4minen Koululaisen ja opiskelijan voimavarojen tukeminen Ty\u00f6ymp\u00e4rist\u00f6n ja ty\u00f6ik\u00e4isten terveyden edist\u00e4minen Yhteis\u00f6n ja ymp\u00e4rist\u00f6n terveyden edist\u00e4minen Johtaminen ja kehitt\u00e4minen terveydenhoitoty\u00f6ss\u00e4 &nbsp; &nbsp; &nbsp; &nbsp;<\/p>\n","protected":false},"author":3616,"featured_media":0,"parent":0,"menu_order":3,"comment_status":"closed","ping_status":"open","template":"","meta":{"footnotes":""},"class_list":["post-2","page","type-page","status-publish","hentry"],"_links":{"self":[{"href":"https:\/\/blogi.eoppimispalvelut.fi\/innej\/wp-json\/wp\/v2\/pages\/2","targetHints":{"allow":["GET"]}}],"collection":[{"href":"https:\/\/blogi.eoppimispalvelut.fi\/innej\/wp-json\/wp\/v2\/pages"}],"about":[{"href":"https:\/\/blogi.eoppimispalvelut.fi\/innej\/wp-json\/wp\/v2\/types\/page"}],"author":[{"embeddable":true,"href":"https:\/\/blogi.eoppimispalvelut.fi\/innej\/wp-json\/wp\/v2\/users\/3616"}],"replies":[{"embeddable":true,"href":"https:\/\/blogi.eoppimispalvelut.fi\/innej\/wp-json\/wp\/v2\/comments?post=2"}],"version-history":[{"count":15,"href":"https:\/\/blogi.eoppimispalvelut.fi\/innej\/wp-json\/wp\/v2\/pages\/2\/revisions"}],"predecessor-version":[{"id":326,"href":"https:\/\/blogi.eoppimispalvelut.fi\/innej\/wp-json\/wp\/v2\/pages\/2\/revisions\/326"}],"wp:attachment":[{"href":"https:\/\/blogi.eoppimispalvelut.fi\/innej\/wp-json\/wp\/v2\/media?parent=2"}],"curies":[{"name":"wp","href":"https:\/\/api.w.org\/{rel}","templated":true}]}}