{"id":263,"date":"2019-09-29T20:07:00","date_gmt":"2019-09-29T17:07:00","guid":{"rendered":"https:\/\/blogi.eoppimispalvelut.fi\/innej\/?page_id=263"},"modified":"2019-12-01T21:02:48","modified_gmt":"2019-12-01T19:02:48","slug":"r702t43-lasta-odottavan-ja-lapsiperheen-terveydenhoitotyon-harjoittelu","status":"publish","type":"page","link":"https:\/\/blogi.eoppimispalvelut.fi\/innej\/portfolion-sisalto\/r702t43-lasta-odottavan-ja-lapsiperheen-terveydenhoitotyon-harjoittelu\/","title":{"rendered":"Asiakasl\u00e4ht\u00f6inen lapsiperheen terveyden edist\u00e4minen"},"content":{"rendered":"<p><span style=\"color: #ff0000\"><strong><span style=\"margin: 0px;line-height: 150%;font-family: 'Arial',sans-serif;font-size: 12pt\">Opintojakson tavoitteet:<\/span><\/strong><\/span><\/p>\n<ul>\n<li><span style=\"color: #000000\">Osaa soveltaa n\u00e4ytt\u00f6\u00f6n perustuvaa tietoa ja asiakasl\u00e4ht\u00f6isi\u00e4 ty\u00f6menetelmi\u00e4 lasta odottavan ja lapsiperheen terveydenhoitoty\u00f6n prosessissa.<\/span><\/li>\n<li><span style=\"color: #000000\">Osaa koordinoida yhteisty\u00f6t\u00e4 asiakkaan, perheen, ryhm\u00e4n ja yhteis\u00f6n terveydenhoidossa.<\/span><\/li>\n<li><span style=\"color: #000000\">Osaa lasta odottavan, lapsen ja lapsiperheenterveyden seurannan tunnistaen perheiden voimavaroja ja riskitekij\u00f6it\u00e4 turvallisen kasvuymp\u00e4rist\u00f6n yll\u00e4pit\u00e4miseksi ja edist\u00e4miseksi.<\/span><\/li>\n<\/ul>\n<h4><span style=\"color: #ff0000\">Miten olen saavuttanut opintojakson tavoitteet?<img loading=\"lazy\" decoding=\"async\" class=\" wp-image-156 alignright\" src=\"https:\/\/blogi.eoppimispalvelut.fi\/innej\/files\/2019\/02\/dc336e53-73d4-4d56-8ab4-03f8ada19cec_1.1ec74504b9b7d195c360b751bfb360e6.jpg\" alt=\"\" width=\"472\" height=\"266\" \/><\/span><\/h4>\n<p>T\u00e4m\u00e4n opintojakson teoria osuuden suoritin syksyll\u00e4 2018. N\u00e4ytt\u00f6\u00f6n perustuvan tiedon ja asiakasl\u00e4ht\u00f6isten ty\u00f6menetelmien k\u00e4ytt\u00f6 lasta odottavan ja lapsiperheen terveydenhoitoty\u00f6ss\u00e4 tulivat kurssilla tutuksi. Tiedon soveltamisen harjoittaminen l\u00e4hti melko hyvin k\u00e4yntiin Saarenkyl\u00e4n neuvolan harjoittelussa maaliskuussa 2018. Yhteisty\u00f6 asiakkaiden, perheiden ja ryhmien onnistui hyvin.<\/p>\n<p>Ik\u00e4v\u00e4 kyll\u00e4 ohjaajani oli ensimm\u00e4ist\u00e4 kertaa opiskeluaikana sellainen, jonka kanssa kemiat eiv\u00e4t oikein kohdanneet. Mutta onneksi minulla on kaksi ohjaaja ja p\u00e4\u00e4sin hyvin toisen ohjaajani kanssa soveltamaan perheen voimavaroja ja riskitekij\u00f6it\u00e4 turvallisen kasvuymp\u00e4rist\u00f6n yll\u00e4pit\u00e4miseksi ja edist\u00e4miseksi.<\/p>\n<p>Neuvolan harjoittelu oli monestakin n\u00e4k\u00f6kulmasta katsottuna minulle hyv\u00e4.\u00a0 K\u00e4yt\u00e4nn\u00f6n kokemus vauvoista minulla on, ja olen pit\u00e4nyt l\u00e4hes omatoimisesti lasten neuvolaa, sek\u00e4 sain aloittaa raskaana olevien k\u00e4yntej\u00e4, ja vet\u00e4\u00e4 ne yhdess\u00e4 ohjaajan kanssa loppuun. L\u00e4ht\u00f6kohtiini n\u00e4hden harjoittelu sujui teorian soveltamisen ja k\u00e4yt\u00e4nn\u00f6n harjoittelun kannalta hyvin. Tiedostin kuitenkin, ett\u00e4 neuvola ei ole ainakaan t\u00e4ss\u00e4 el\u00e4m\u00e4n vaiheessa minun unelmien ty\u00f6paikkani.<\/p>\n","protected":false},"excerpt":{"rendered":"<p>Opintojakson tavoitteet: Osaa soveltaa n\u00e4ytt\u00f6\u00f6n perustuvaa tietoa ja asiakasl\u00e4ht\u00f6isi\u00e4 ty\u00f6menetelmi\u00e4 lasta odottavan ja lapsiperheen terveydenhoitoty\u00f6n prosessissa. Osaa koordinoida yhteisty\u00f6t\u00e4 asiakkaan, perheen, ryhm\u00e4n ja yhteis\u00f6n terveydenhoidossa. Osaa lasta odottavan, lapsen ja lapsiperheenterveyden seurannan tunnistaen perheiden voimavaroja ja riskitekij\u00f6it\u00e4 turvallisen kasvuymp\u00e4rist\u00f6n yll\u00e4pit\u00e4miseksi ja edist\u00e4miseksi. Miten olen saavuttanut opintojakson tavoitteet? T\u00e4m\u00e4n opintojakson teoria osuuden suoritin syksyll\u00e4 2018. N\u00e4ytt\u00f6\u00f6n [&hellip;]<\/p>\n","protected":false},"author":3616,"featured_media":0,"parent":2,"menu_order":1,"comment_status":"closed","ping_status":"closed","template":"","meta":{"footnotes":""},"class_list":["post-263","page","type-page","status-publish","hentry"],"_links":{"self":[{"href":"https:\/\/blogi.eoppimispalvelut.fi\/innej\/wp-json\/wp\/v2\/pages\/263","targetHints":{"allow":["GET"]}}],"collection":[{"href":"https:\/\/blogi.eoppimispalvelut.fi\/innej\/wp-json\/wp\/v2\/pages"}],"about":[{"href":"https:\/\/blogi.eoppimispalvelut.fi\/innej\/wp-json\/wp\/v2\/types\/page"}],"author":[{"embeddable":true,"href":"https:\/\/blogi.eoppimispalvelut.fi\/innej\/wp-json\/wp\/v2\/users\/3616"}],"replies":[{"embeddable":true,"href":"https:\/\/blogi.eoppimispalvelut.fi\/innej\/wp-json\/wp\/v2\/comments?post=263"}],"version-history":[{"count":7,"href":"https:\/\/blogi.eoppimispalvelut.fi\/innej\/wp-json\/wp\/v2\/pages\/263\/revisions"}],"predecessor-version":[{"id":419,"href":"https:\/\/blogi.eoppimispalvelut.fi\/innej\/wp-json\/wp\/v2\/pages\/263\/revisions\/419"}],"up":[{"embeddable":true,"href":"https:\/\/blogi.eoppimispalvelut.fi\/innej\/wp-json\/wp\/v2\/pages\/2"}],"wp:attachment":[{"href":"https:\/\/blogi.eoppimispalvelut.fi\/innej\/wp-json\/wp\/v2\/media?parent=263"}],"curies":[{"name":"wp","href":"https:\/\/api.w.org\/{rel}","templated":true}]}}