{"id":273,"date":"2019-09-29T20:50:49","date_gmt":"2019-09-29T17:50:49","guid":{"rendered":"https:\/\/blogi.eoppimispalvelut.fi\/innej\/?page_id=273"},"modified":"2019-12-01T21:01:32","modified_gmt":"2019-12-01T19:01:32","slug":"yhteison-ja-ympariston-terveyden-edistaminen","status":"publish","type":"page","link":"https:\/\/blogi.eoppimispalvelut.fi\/innej\/portfolion-sisalto\/yhteison-ja-ympariston-terveyden-edistaminen\/","title":{"rendered":"Yhteis\u00f6n ja ymp\u00e4rist\u00f6n terveyden edist\u00e4minen"},"content":{"rendered":"<h2><span style=\"color: #ff0000\">Opintojakson tavoitteet:<\/span><\/h2>\n<ul>\n<li><span style=\"color: #000000\">Osaa edist\u00e4\u00e4 tarttuvien tautien ehk\u00e4isy\u00e4 ja toteuttaa kansallista rokotusohjelmaa ja matkailijan terveysneuvontaa.<\/span><\/li>\n<li><span style=\"color: #000000\">Osaa ottaa huomioon globaalit terveysriskit ja niiden ehk\u00e4isyn terveyden edist\u00e4misen n\u00e4k\u00f6kulmasta.<\/span><\/li>\n<li><span style=\"color: #000000\"> Osaa ehk\u00e4ist\u00e4 suunnitelmallisesti koti-, ty\u00f6- ja vapaa-ajan tapaturmia. <\/span><\/li>\n<li><span style=\"color: #000000\">Osaa tunnistaa v\u00e4est\u00f6ryhmien v\u00e4lisi\u00e4 terveyseroja sek\u00e4 turvattomuuden ja sosiaalisen kehityksen riskej\u00e4 ja h\u00e4iri\u00f6it\u00e4 sek\u00e4 erityistuen ja -hoidon tarvetta.<\/span><\/li>\n<li><span style=\"color: #000000\">Osaa tunnistaa p\u00e4\u00e4t\u00f6ksenteon terveysvaikutuksia ja osaat vaikuttaa paikalliseen p\u00e4\u00e4t\u00f6ksentekoon v\u00e4est\u00f6n terveytt\u00e4 edist\u00e4v\u00e4sti ja terveyseroja kaventaen.<\/span><\/li>\n<\/ul>\n<h4><span style=\"color: #ff0000\">Miten olen saavuttanut opintojakson tavoitteet?<\/span><\/h4>\n<p><img loading=\"lazy\" decoding=\"async\" class=\" wp-image-416 aligncenter\" src=\"https:\/\/blogi.eoppimispalvelut.fi\/innej\/files\/2019\/12\/Microsoft-Edge-01_12_2019-20_57_16-2.png\" alt=\"\" width=\"579\" height=\"317\" srcset=\"https:\/\/blogi.eoppimispalvelut.fi\/innej\/files\/2019\/12\/Microsoft-Edge-01_12_2019-20_57_16-2.png 561w, https:\/\/blogi.eoppimispalvelut.fi\/innej\/files\/2019\/12\/Microsoft-Edge-01_12_2019-20_57_16-2-525x287.png 525w\" sizes=\"auto, (max-width: 579px) 100vw, 579px\" \/><\/p>\n<p>Tarttuvien tautien ehk\u00e4isy ja kansallisen rokotusohjelman toteuttaminen ja matkailijan terveysneuvonta ovat tulleet usealla teoriajaksolla tutuiksi, ja k\u00e4yt\u00e4nn\u00f6n harjoitteluissa sovellettaviksi terveyden edist\u00e4misen osa-alueiksi. Globaalit terveysriskien huomioiminen terveyden edist\u00e4misen n\u00e4k\u00f6kulmasta on vahvistunut terveydenhoitaja koulutuksen aikana pikku hiljaa. Lis\u00e4ksi opiskeluterveydenhuollon harjoittelun aikana osallistuin infektion torjunnan koulutukseen muiden ammattilaisten kanssa ja sain hyvi\u00e4 tietoa koulutuksesta.<\/p>\n<p>Osaan paremmin tunnistaa v\u00e4est\u00f6ryhmien v\u00e4lisi\u00e4 terveyseroja sek\u00e4 turvattomuuden ja sosiaalisen kehityksen riskej\u00e4 ja h\u00e4iri\u00f6it\u00e4 sek\u00e4 erityistuen ja -hoidon tarvetta. Osaan suunnitelmallisesti ehk\u00e4ist\u00e4 koti-, ty\u00f6- ja vapaa-ajan tapaturmia. Osaan tunnistaa p\u00e4\u00e4t\u00f6ksenteon terveysvaikutuksia. Seuraan jatkuvasti politiikkaa Suomen sis\u00e4isist\u00e4 asioista, ett\u00e4 ulkomaan politiikkaa. Paikalliseen p\u00e4\u00e4t\u00f6ksentekoon v\u00e4est\u00f6n terveytt\u00e4 edist\u00e4v\u00e4sti ja terveyseroja kaventaen on poliittinen asia. Vaikka osaisin vaikuttaa p\u00e4\u00e4t\u00f6ksen tekoon, ja haluaisin edist\u00e4\u00e4 ja kaventaa v\u00e4est\u00f6n terveyseroja, en haluaisi l\u00e4hte\u00e4 mukaan poliittiseen vaikuttamiseen. Tiedostan olevani sivusta seuraaja, enk\u00e4 rehellisesti sanottuna haluaisi astua valokeilaan puhumaan poliittisesti p\u00e4\u00e4tett\u00e4vist\u00e4 asioista.<\/p>\n","protected":false},"excerpt":{"rendered":"<p>Opintojakson tavoitteet: Osaa edist\u00e4\u00e4 tarttuvien tautien ehk\u00e4isy\u00e4 ja toteuttaa kansallista rokotusohjelmaa ja matkailijan terveysneuvontaa. Osaa ottaa huomioon globaalit terveysriskit ja niiden ehk\u00e4isyn terveyden edist\u00e4misen n\u00e4k\u00f6kulmasta. Osaa ehk\u00e4ist\u00e4 suunnitelmallisesti koti-, ty\u00f6- ja vapaa-ajan tapaturmia. Osaa tunnistaa v\u00e4est\u00f6ryhmien v\u00e4lisi\u00e4 terveyseroja sek\u00e4 turvattomuuden ja sosiaalisen kehityksen riskej\u00e4 ja h\u00e4iri\u00f6it\u00e4 sek\u00e4 erityistuen ja -hoidon tarvetta. Osaa tunnistaa p\u00e4\u00e4t\u00f6ksenteon terveysvaikutuksia [&hellip;]<\/p>\n","protected":false},"author":3616,"featured_media":0,"parent":2,"menu_order":4,"comment_status":"closed","ping_status":"closed","template":"","meta":{"footnotes":""},"class_list":["post-273","page","type-page","status-publish","hentry"],"_links":{"self":[{"href":"https:\/\/blogi.eoppimispalvelut.fi\/innej\/wp-json\/wp\/v2\/pages\/273","targetHints":{"allow":["GET"]}}],"collection":[{"href":"https:\/\/blogi.eoppimispalvelut.fi\/innej\/wp-json\/wp\/v2\/pages"}],"about":[{"href":"https:\/\/blogi.eoppimispalvelut.fi\/innej\/wp-json\/wp\/v2\/types\/page"}],"author":[{"embeddable":true,"href":"https:\/\/blogi.eoppimispalvelut.fi\/innej\/wp-json\/wp\/v2\/users\/3616"}],"replies":[{"embeddable":true,"href":"https:\/\/blogi.eoppimispalvelut.fi\/innej\/wp-json\/wp\/v2\/comments?post=273"}],"version-history":[{"count":6,"href":"https:\/\/blogi.eoppimispalvelut.fi\/innej\/wp-json\/wp\/v2\/pages\/273\/revisions"}],"predecessor-version":[{"id":418,"href":"https:\/\/blogi.eoppimispalvelut.fi\/innej\/wp-json\/wp\/v2\/pages\/273\/revisions\/418"}],"up":[{"embeddable":true,"href":"https:\/\/blogi.eoppimispalvelut.fi\/innej\/wp-json\/wp\/v2\/pages\/2"}],"wp:attachment":[{"href":"https:\/\/blogi.eoppimispalvelut.fi\/innej\/wp-json\/wp\/v2\/media?parent=273"}],"curies":[{"name":"wp","href":"https:\/\/api.w.org\/{rel}","templated":true}]}}