{"id":18,"date":"2025-09-03T15:23:37","date_gmt":"2025-09-03T12:23:37","guid":{"rendered":"https:\/\/blogi.eoppimispalvelut.fi\/inspires\/?page_id=18"},"modified":"2026-03-20T13:35:34","modified_gmt":"2026-03-20T11:35:34","slug":"rahoitushaku","status":"publish","type":"page","link":"https:\/\/blogi.eoppimispalvelut.fi\/inspires\/rahoitushaku\/","title":{"rendered":"Rahoitushaku k\u00e4ynniss\u00e4"},"content":{"rendered":"<p>[et_pb_section fb_built=&#8221;1&#8243; _builder_version=&#8221;4.27.4&#8243; _module_preset=&#8221;default&#8221; global_colors_info=&#8221;{}&#8221;][et_pb_row column_structure=&#8221;1_2,1_2&#8243; _builder_version=&#8221;4.27.4&#8243; _module_preset=&#8221;default&#8221; global_colors_info=&#8221;{}&#8221;][et_pb_column type=&#8221;1_2&#8243; _builder_version=&#8221;4.27.4&#8243; _module_preset=&#8221;default&#8221; global_colors_info=&#8221;{}&#8221;][et_pb_text _builder_version=&#8221;4.27.4&#8243; _module_preset=&#8221;default&#8221; hover_enabled=&#8221;0&#8243; global_colors_info=&#8221;{}&#8221; sticky_enabled=&#8221;0&#8243;]<\/p>\n<h1><b><span data-contrast=\"auto\">INSPIRES 2. rahoitushaku<\/span><\/b><span data-ccp-props=\"{}\"> k\u00e4ynnistynyt<\/span><\/h1>\n<p>Hae 15 000 euron tukea, jotta matkailuyrityksest\u00e4si tulisi kest\u00e4v\u00e4mpi, digitaalisempi ja joustavampi. Tee yhteisty\u00f6t\u00e4 kumppaneiden kanssa. Kehit\u00e4 innovaatioita. Kasvata liiketoimintaasi.<\/p>\n<p>L\u00e4het\u00e4 hakemuksesi <strong>11. toukokuuta 2026 menness\u00e4<\/strong>!<\/p>\n<p><span data-ccp-props=\"{}\"><\/span><\/p>\n<h2><strong>1. Kuka voi hakea?<\/strong><\/h2>\n<p><span data-contrast=\"auto\">Jos olet pieni tai keskisuuri matkailuyritys, joka sijaitsee jossakin alla olevista maista, olet oikeutettu tukeen:<\/span><span data-ccp-props=\"{}\">\u00a0<\/span><\/p>\n<ul>\n<li><span data-contrast=\"auto\">Belgia<\/span><\/li>\n<li><strong>Suomi<\/strong><span data-ccp-props=\"{}\"> <\/span><\/li>\n<li>Saksa<span data-ccp-props=\"{}\"> <\/span><\/li>\n<li>Puola<\/li>\n<\/ul>\n<p><span data-contrast=\"auto\">Sinun on haettava rahoitusta 2\u20135 organisaation kumppanuutena. V\u00e4hint\u00e4\u00e4n 50 % kumppaneista ON oltava matkailualan pk-yrityksi\u00e4. P\u00e4\u00e4hakijan ON oltava matkailualan pk-yritys.<\/span><span data-ccp-props=\"{}\">\u00a0<\/span><\/p>\n<h2><span><br \/><\/span><strong>\u00a02. Mit\u00e4 rahoitusta on saatavilla?<\/strong><\/h2>\n<p><span data-contrast=\"auto\">15 000 euroa (Pioneer) projekteihin: pk-yrityksille, joilla on jonkin verran kokemusta kest\u00e4vyydest\u00e4 tai digitalisaatiosta<\/span><\/p>\n<p><span data-contrast=\"auto\">Rahoitusta my\u00f6nnet\u00e4\u00e4n yhteisty\u00f6projekteille ja se maksetaan kahdessa er\u00e4ss\u00e4: 60 % etuk\u00e4teen ja 40 % loppuraportin j\u00e4lkeen.<\/span><span data-ccp-props=\"{}\">\u00a0<\/span><\/p>\n<p><span data-ccp-props=\"{}\"><\/span><\/p>\n<h2><strong>\u00a03 Millaisia \u200b\u200bprojekteja etsimme?<\/strong><\/h2>\n<p><span data-contrast=\"auto\">Matkailualan yritysten toimintaa edist\u00e4vi\u00e4 projekteja:<\/span><span data-ccp-props=\"{}\">\u00a0<\/span><\/p>\n<ul>\n<li><span data-contrast=\"auto\">Kest\u00e4v\u00e4mpi <\/span><span data-contrast=\"auto\">\u2192<\/span><span data-contrast=\"auto\"> vihre\u00e4mpi toiminta, v\u00e4hemm\u00e4n j\u00e4tett\u00e4, ilmastotietoinen<\/span><span data-ccp-props=\"{}\"> <\/span><\/li>\n<li>Digitaalisempi <span data-contrast=\"auto\">\u2192<\/span><span data-contrast=\"auto\"> \u00e4lykk\u00e4\u00e4t ty\u00f6kalut, alustat ja datal\u00e4ht\u00f6iset ratkaisut<\/span><span data-ccp-props=\"{}\"> <\/span><\/li>\n<li>Joustavampi <span data-contrast=\"auto\">\u2192<\/span><span data-contrast=\"auto\"> innovatiiviset palvelut, osallistavat mallit, vahvemmat kumppanuudet<\/span><span data-ccp-props=\"{}\">\u00a0<\/span><\/li>\n<\/ul>\n<p><span data-contrast=\"auto\">Hankkeiden on sis\u00e4llett\u00e4v\u00e4 yhteisty\u00f6t\u00e4, johon voi osallistua my\u00f6s muiden alojen (esim. maatalous- ja elintarviketeollisuus, kulttuuri, tieto- ja viestint\u00e4tekniikka, luovat alat) yhteisty\u00f6kumppaneita.<\/span><span data-ccp-props=\"{}\">\u00a0<\/span><\/p>\n<h2><span><br \/><\/span><strong>\u00a04. Miten hakea: ohjeistus<\/strong><\/h2>\n<p><span data-contrast=\"auto\">(a) Lataa englanninkieliset hakulomakkeet:<\/span><span data-ccp-props=\"{}\">\u00a0<\/span><\/p>\n<ul>\n<li><a href=\"https:\/\/inspires-tourism.eu\/onewebmedia\/Annex_6_Declaration%20of%20honor%202.docx\" target=\"_blank\" rel=\"noopener\"><b><span data-contrast=\"none\">Liite 6: Sitoumus <\/span><\/b><\/a>(Annex 6: Declaration of Honor)<a href=\"https:\/\/inspires-tourism.eu\/onewebmedia\/Annex_6_Declaration%20of%20honor.docx\" target=\"_blank\" rel=\"noopener\"><b><span data-contrast=\"none\"><br \/><\/span><\/b><\/a><a href=\"https:\/\/inspires-tourism.eu\/onewebmedia\/Annex_6_Declaration%20of%20honor.docx\" target=\"_blank\" rel=\"noopener\"><b><span data-contrast=\"none\"><\/span><\/b><\/a><a href=\"https:\/\/inspires-tourism.eu\/onewebmedia\/Annex_7_Application_Form%202.docx\" target=\"_blank\" rel=\"noopener\"><b><span data-contrast=\"none\">Liite 7: Hakemuslomake<\/span><\/b><span data-ccp-props=\"{}\"><\/span> <\/a>(Annex 7: Application Form)<\/li>\n<li><a href=\"https:\/\/inspires-tourism.eu\/onewebmedia\/Annex%208.xlsx\" target=\"_blank\" rel=\"noopener\"><strong>Liite 8: Budjetti<\/strong> <\/a>Annex 8: Budget)<a href=\"https:\/\/inspires-tourism.eu\/onewebmedia\/Annex%208%20Budget.xlsx\" target=\"_blank\" rel=\"noopener\"><b><span data-contrast=\"none\"><\/span><\/b><\/a><span data-ccp-props=\"{}\"> <\/span><\/li>\n<li><a href=\"https:\/\/inspires-tourism.eu\/onewebmedia\/Annex_9_T4T%20Pledge%202.docx\" target=\"_blank\" rel=\"noopener\"><b><span data-contrast=\"none\">Liite 9:\u202fT4T-lupaus (valinnainen)<\/span><\/b><\/a> (Annex 9: T4T Pledge (optional)<b><span data-contrast=\"none\">.<\/span><\/b><\/li>\n<\/ul>\n<p><span data-contrast=\"auto\">(b) Valmistele hakemuksesi (mukaan lukien yrityksen rekister\u00f6intitodistus ja tilinp\u00e4\u00e4t\u00f6s)<\/span><span data-ccp-props=\"{}\">\u00a0<\/span><\/p>\n<p><span data-contrast=\"auto\">(c) L\u00e4het\u00e4 hakemuksesi s\u00e4hk\u00f6postitse maasi yhteyshenkil\u00f6lle<\/span><span data-ccp-props=\"{}\"> (yhteystiedot alla)<\/span><\/p>\n<p><span data-contrast=\"auto\">Hakuaika p\u00e4\u00e4ttyy: <strong>11. toukokuuta 2026 klo 23.59<\/strong><\/span><\/p>\n<p><span data-contrast=\"auto\">Hakemuspohjat toimitetaan Word- ja Excel-muodoissa. Lataa, t\u00e4yt\u00e4, allekirjoita ja muunna ne PDF-muotoon (liitett\u00e4 8 lukuun ottamatta, joka j\u00e4\u00e4 Exceliin) ennen l\u00e4hett\u00e4mist\u00e4.<\/span><span data-ccp-props=\"{}\">\u00a0<\/span><\/p>\n<p><span data-ccp-props=\"{}\"><\/span><\/p>\n<h2><strong>\u00a05. T\u00e4rkeimm\u00e4t p\u00e4iv\u00e4m\u00e4\u00e4r\u00e4t<\/strong><\/h2>\n<p><strong>INSPIRES-aikataulu<\/strong><span data-ccp-props=\"{}\"><\/span><\/p>\n<ul>\n<li><span><span data-contrast=\"auto\" xml:lang=\"FI-FI\" lang=\"FI-FI\" class=\"TextRun SCXW187903073 BCX8\"><span class=\"NormalTextRun SCXW187903073 BCX8\"> 2. maaliskuuta 2026 \u2013 Haku alkaa<\/span><\/span><\/span><span><span class=\"LineBreakBlob BlobObject DragDrop SCXW187903073 BCX8\"><br class=\"SCXW187903073 BCX8\" \/><\/span><span data-contrast=\"auto\" xml:lang=\"FI-FI\" lang=\"FI-FI\" class=\"TextRun SCXW187903073 BCX8\"><span class=\"NormalTextRun SCXW187903073 BCX8\"> <\/span><\/span><\/span><\/li>\n<li><span><span data-contrast=\"auto\" xml:lang=\"FI-FI\" lang=\"FI-FI\" class=\"TextRun SCXW187903073 BCX8\"><span class=\"NormalTextRun SCXW187903073 BCX8\">11. toukokuuta 2026 \u2013 Hakuaika p\u00e4\u00e4ttyy<\/span><\/span><span class=\"LineBreakBlob BlobObject DragDrop SCXW187903073 BCX8\"><span class=\"SCXW187903073 BCX8\">\u00a0<\/span><br class=\"SCXW187903073 BCX8\" \/><\/span><span data-contrast=\"auto\" xml:lang=\"FI-FI\" lang=\"FI-FI\" class=\"TextRun SCXW187903073 BCX8\"><span class=\"NormalTextRun SCXW187903073 BCX8\"> <\/span><\/span><\/span><\/li>\n<li><span><span data-contrast=\"auto\" xml:lang=\"FI-FI\" lang=\"FI-FI\" class=\"TextRun SCXW187903073 BCX8\"><span class=\"NormalTextRun SCXW187903073 BCX8\">12.-29.5.2026 \u2013 Arviointi ja valinta<\/span><\/span><span class=\"LineBreakBlob BlobObject DragDrop SCXW187903073 BCX8\"><span class=\"SCXW187903073 BCX8\">\u00a0<\/span><br class=\"SCXW187903073 BCX8\" \/><\/span><span data-contrast=\"auto\" xml:lang=\"FI-FI\" lang=\"FI-FI\" class=\"TextRun SCXW187903073 BCX8\"><span class=\"NormalTextRun SCXW187903073 BCX8\"> <\/span><\/span><\/span><\/li>\n<li><span><span data-contrast=\"auto\" xml:lang=\"FI-FI\" lang=\"FI-FI\" class=\"TextRun SCXW187903073 BCX8\"><span class=\"NormalTextRun SCXW187903073 BCX8\">1.-12.6.2026 \u2013 Haun tulokset ja sopimusten teko<\/span><\/span><span class=\"LineBreakBlob BlobObject DragDrop SCXW187903073 BCX8\"><span class=\"SCXW187903073 BCX8\">\u00a0<\/span><br class=\"SCXW187903073 BCX8\" \/><\/span><span data-contrast=\"auto\" xml:lang=\"FI-FI\" lang=\"FI-FI\" class=\"TextRun SCXW187903073 BCX8\"><span class=\"NormalTextRun SCXW187903073 BCX8\"> <\/span><\/span><\/span><\/li>\n<li><span><span data-contrast=\"auto\" xml:lang=\"FI-FI\" lang=\"FI-FI\" class=\"TextRun SCXW187903073 BCX8\"><span class=\"NormalTextRun SCXW187903073 BCX8\">15. kes\u00e4kuuta 2026 \u2013 Hankkeen toteutus alkaa<\/span><\/span><\/span><\/li>\n<\/ul>\n<p><span data-ccp-props=\"{}\">\u00a0<\/span><\/p>\n<h2><strong>6. Mit\u00e4 tapahtuu, jos sinut valitaan<\/strong><span data-ccp-props=\"{}\"><\/span><\/h2>\n<ul>\n<li><b><span data-contrast=\"auto\">Toteuta ideasi<\/span><\/b><\/li>\n<li><b><span data-contrast=\"auto\">Saat rahoituksen kahdessa er\u00e4ss\u00e4<\/span><\/b><span data-contrast=\"auto\">\u202f: 60 % alussa ja 40 % valmistumisen j\u00e4lkeen<\/span><span data-ccp-props=\"{}\"> <\/span><\/li>\n<li><b><span data-contrast=\"auto\">Allekirjoita alihankintasopimus<\/span><\/b><span data-contrast=\"auto\">\u202falueellisen kumppanisi kanssa<\/span><span data-ccp-props=\"{}\"> <\/span><\/li>\n<li>Kerro edistymisest\u00e4si\u202f<b><span data-contrast=\"auto\">v\u00e4livaiheen seurantak\u00e4ynneill\u00e4<\/span><\/b><span data-ccp-props=\"{}\"> <\/span><\/li>\n<li>L\u00e4het\u00e4\u202f<b><span data-contrast=\"auto\">loppuraportti,<\/span><\/b><span data-contrast=\"auto\">\u202fjossa kerrot saavutuksistasi ja oppimistasi asioista<\/span><span data-ccp-props=\"{}\">\u00a0<\/span><\/li>\n<\/ul>\n<h2><span><br \/><\/span><strong>\u00a07. Mink\u00e4laisia hakemuksia odotamme?<\/strong><\/h2>\n<ul>\n<li><span data-contrast=\"auto\">Vahva linjaus INSPIRES-tavoitteiden kanssa (kest\u00e4v\u00e4, digitaalinen, resilienssi)<\/span><span data-ccp-props=\"{}\"> <\/span><\/li>\n<li>Selke\u00e4, realistinen ja hyvin suunniteltu projekti<span data-ccp-props=\"{}\"> <\/span><\/li>\n<li>Kumppanuus t\u00e4ydent\u00e4v\u00e4n asiantuntemuksen ja vahvan yhteisty\u00f6n avulla<span data-ccp-props=\"{}\"> <\/span><\/li>\n<\/ul>\n<p><span data-ccp-props=\"{}\">\u00a0<\/span><\/p>\n<h2><strong>8. Usein\u202fkysytyt kysymykset<\/strong><\/h2>\n<p><span data-contrast=\"auto\"><a href=\"https:\/\/inspires-tourism.eu\/calls\/f-a-q-2nd-call\" target=\"_blank\" rel=\"noopener\">Katso erillinen verkkosivu<\/a>.<\/span><\/p>\n<p><span data-contrast=\"auto\"><\/span><\/p>\n<h2><span><\/span><strong>\u00a09. Mihin voit k\u00e4ytt\u00e4\u00e4 rahaa?<\/strong><\/h2>\n<p><span data-contrast=\"auto\">Esimerkkej\u00e4 tukikelpoisista toiminnoista:<\/span><span data-ccp-props=\"{}\">\u00a0<\/span><\/p>\n<ul>\n<li><span data-contrast=\"auto\">Strateginen liiketoimintasuunnittelu ja kest\u00e4v\u00e4 tuotekehitys<\/span><span data-ccp-props=\"{}\"> <\/span><\/li>\n<li>Energians\u00e4\u00e4st\u00f6- ja ekosertifiointitoimenpiteet<span data-ccp-props=\"{}\"> <\/span><\/li>\n<li>Uudet digitaaliset ty\u00f6kalut (varausj\u00e4rjestelm\u00e4t, CRM, alustat)<span data-ccp-props=\"{}\"> <\/span><\/li>\n<li>Osallistavat, monialaiset tai yhteis\u00f6pohjaiset matkailutarjoukset<span data-ccp-props=\"{}\">\u00a0<\/span><\/li>\n<\/ul>\n<p><span data-contrast=\"auto\">Ei tukikelpoisia: infrastruktuurity\u00f6t, peruskorjaukset tai voittoa tavoitteleva alihankinta<\/span><span data-ccp-props=\"{}\">\u00a0<\/span><\/p>\n<p><span data-contrast=\"auto\">Katso luettelo tukikelpoisista toiminnoista:<a href=\"https:\/\/inspires-tourism.eu\/onewebmedia\/Annex_5_List%20of%20eligible%20activities%20and%20costs.pdf\" target=\"_blank\" rel=\"noopener\">\u202f<\/a><\/span><a href=\"https:\/\/inspires-tourism.eu\/onewebmedia\/Annex_5_List%20of%20eligible%20activities%20and%20costs.pdf\" target=\"_blank\" rel=\"noopener\"><span data-contrast=\"none\">Liite 5<\/span><\/a><span data-contrast=\"auto\">\u202f.<\/span><span data-ccp-props=\"{}\">\u00a0<\/span><\/p>\n<h2><span><br \/><\/span><strong>\u00a010. Kuka voi tukea sinua?<\/strong><\/h2>\n<p><span data-contrast=\"auto\">Ota yhteytt\u00e4 alueelliseen yhteyshenkil\u00f6\u00f6si.<\/span><\/p>\n<ul>\n<li><span data-contrast=\"auto\">Belgia:\u202f<\/span><a href=\"mailto:inspires@provincieantwerpen.be?_x_tr_sl=en&amp;_x_tr_tl=fi&amp;_x_tr_hl=fi&amp;_x_tr_pto=wapp\"><span data-contrast=\"none\">inspires@provincieantwerpen.be<\/span><\/a><span data-contrast=\"auto\">\u202f<\/span><span data-ccp-props=\"{}\"> <\/span><\/li>\n<li><strong>Suomi:\u202f<a href=\"mailto:inspires@lapinamk.fi?_x_tr_sl=en&amp;_x_tr_tl=fi&amp;_x_tr_hl=fi&amp;_x_tr_pto=wapp\">inspires@lapinamk.fi<\/a>\u202f<\/strong><span data-ccp-props=\"{}\"> <\/span><\/li>\n<li>Saksa:\u202f<a href=\"mailto:inspires@erlebnis-bremerhaven.de?_x_tr_sl=en&amp;_x_tr_tl=fi&amp;_x_tr_hl=fi&amp;_x_tr_pto=wapp\"><span data-contrast=\"none\">inspires@erlebnis-bremerhaven.de<\/span><\/a><span data-contrast=\"auto\">\u202f<\/span><span data-ccp-props=\"{}\"> <\/span><\/li>\n<li>Puola:\u202f<a href=\"mailto:inspires@podkarpackie.pl?_x_tr_sl=en&amp;_x_tr_tl=fi&amp;_x_tr_hl=fi&amp;_x_tr_pto=wapp\"><span data-contrast=\"none\">inspires@podkarpackie.pl<\/span><\/a><span data-contrast=\"auto\">\u202f<\/span><span data-ccp-props=\"{}\"> <\/span><\/li>\n<\/ul>\n<p><span data-contrast=\"auto\">Katso viime syksyn haun infop\u00e4ivien materiaalit alta.\u00a0<\/span><\/p>\n<p><span><strong>19.9.2025<\/strong> toteutetun infop\u00e4iv\u00e4n tallenteen l\u00f6yd\u00e4t <a href=\"https:\/\/lucit-my.sharepoint.com\/:v:\/g\/personal\/mirva_tapaninen_lapinamk_fi\/EaD0wqboCMlOgVy6f7vHNPwB21rcnyWkhPnsx8zThNiyaw?nav=eyJyZWZlcnJhbEluZm8iOnsicmVmZXJyYWxBcHAiOiJPbmVEcml2ZUZvckJ1c2luZXNzIiwicmVmZXJyYWxBcHBQbGF0Zm9ybSI6IldlYiIsInJlZmVycmFsTW9kZSI6InZpZXciLCJyZWZlcnJhbFZpZXciOiJNeUZpbGVzTGlua0NvcHkifX0&amp;e=mfdfYf\" target=\"_blank\" rel=\"noopener\">t\u00e4\u00e4lt\u00e4<\/a> ja PowerPoint esityksen <a href=\"https:\/\/lucit-my.sharepoint.com\/:b:\/g\/personal\/mirva_tapaninen_lapinamk_fi\/EcOPvaVqIq5LhPtyWPJs94UBXyY4VfaYsqpw4X1dSQ0Jyw?e=edmFLy\" target=\"_blank\" rel=\"noopener\">t\u00e4\u00e4lt\u00e4<\/a>.<\/span><\/p>\n<p><span><strong>21.10.2025<\/strong> toteutetun infop\u00e4iv\u00e4n tallenteen l\u00f6yd\u00e4t <a href=\"https:\/\/lucit-my.sharepoint.com\/:v:\/g\/personal\/mirva_tapaninen_lapinamk_fi\/EXz5Vyjje_lMr-dJ5ZbMReUBfRON3mexFtJ2UuHB8V2gcQ?nav=eyJyZWZlcnJhbEluZm8iOnsicmVmZXJyYWxBcHAiOiJPbmVEcml2ZUZvckJ1c2luZXNzIiwicmVmZXJyYWxBcHBQbGF0Zm9ybSI6IldlYiIsInJlZmVycmFsTW9kZSI6InZpZXciLCJyZWZlcnJhbFZpZXciOiJNeUZpbGVzTGlua0NvcHkifX0&amp;e=ADhgMc\" target=\"_blank\" rel=\"noopener\">t\u00e4\u00e4lt\u00e4<\/a> ja PowerPoint esityksen <a href=\"https:\/\/lucit-my.sharepoint.com\/:b:\/g\/personal\/mirva_tapaninen_lapinamk_fi\/ESbHvPeAq5dOqLEltMfemsgBeOZyXPxPNfGo0c5xi0ufpA?e=KSIqj7\" target=\"_blank\" rel=\"noopener\">t\u00e4st\u00e4<\/a>.<\/span><\/p>\n<p><span><\/span><span><br \/><\/span><\/p>\n<p><span data-ccp-props=\"{}\">\u00a0<\/span><\/p>\n<p>[\/et_pb_text][\/et_pb_column][et_pb_column type=&#8221;1_2&#8243; _builder_version=&#8221;4.27.4&#8243; _module_preset=&#8221;default&#8221; global_colors_info=&#8221;{}&#8221;][et_pb_image src=&#8221;https:\/\/blogi.eoppimispalvelut.fi\/inspires\/files\/2025\/09\/inspires_eu_logot_forms.png&#8221; title_text=&#8221;inspires_eu_logot_forms&#8221; _builder_version=&#8221;4.27.4&#8243; _module_preset=&#8221;default&#8221; global_colors_info=&#8221;{}&#8221;][\/et_pb_image][\/et_pb_column][\/et_pb_row][\/et_pb_section]<\/p>\n","protected":false},"excerpt":{"rendered":"<p>INSPIRES 2. rahoitushaku k\u00e4ynnistynyt Hae 15 000 euron tukea, jotta matkailuyrityksest\u00e4si tulisi kest\u00e4v\u00e4mpi, digitaalisempi ja joustavampi. Tee yhteisty\u00f6t\u00e4 kumppaneiden kanssa. Kehit\u00e4 innovaatioita. Kasvata liiketoimintaasi. L\u00e4het\u00e4 hakemuksesi 11. toukokuuta 2026 menness\u00e4! 1. Kuka voi hakea? Jos olet pieni tai keskisuuri matkailuyritys, joka sijaitsee jossakin alla olevista maista, olet oikeutettu tukeen:\u00a0 Belgia Suomi Saksa Puola Sinun on [&hellip;]<\/p>\n","protected":false},"author":31,"featured_media":0,"parent":0,"menu_order":0,"comment_status":"closed","ping_status":"closed","template":"","meta":{"_et_pb_use_builder":"on","_et_pb_old_content":"<!-- wp:divi\/placeholder \/-->","_et_gb_content_width":"","footnotes":""},"class_list":["post-18","page","type-page","status-publish","hentry"],"_links":{"self":[{"href":"https:\/\/blogi.eoppimispalvelut.fi\/inspires\/wp-json\/wp\/v2\/pages\/18","targetHints":{"allow":["GET"]}}],"collection":[{"href":"https:\/\/blogi.eoppimispalvelut.fi\/inspires\/wp-json\/wp\/v2\/pages"}],"about":[{"href":"https:\/\/blogi.eoppimispalvelut.fi\/inspires\/wp-json\/wp\/v2\/types\/page"}],"author":[{"embeddable":true,"href":"https:\/\/blogi.eoppimispalvelut.fi\/inspires\/wp-json\/wp\/v2\/users\/31"}],"replies":[{"embeddable":true,"href":"https:\/\/blogi.eoppimispalvelut.fi\/inspires\/wp-json\/wp\/v2\/comments?post=18"}],"version-history":[{"count":19,"href":"https:\/\/blogi.eoppimispalvelut.fi\/inspires\/wp-json\/wp\/v2\/pages\/18\/revisions"}],"predecessor-version":[{"id":442,"href":"https:\/\/blogi.eoppimispalvelut.fi\/inspires\/wp-json\/wp\/v2\/pages\/18\/revisions\/442"}],"wp:attachment":[{"href":"https:\/\/blogi.eoppimispalvelut.fi\/inspires\/wp-json\/wp\/v2\/media?parent=18"}],"curies":[{"name":"wp","href":"https:\/\/api.w.org\/{rel}","templated":true}]}}