{"id":16,"date":"2021-12-08T12:25:01","date_gmt":"2021-12-08T10:25:01","guid":{"rendered":"https:\/\/blogi.eoppimispalvelut.fi\/inspiroivaluontokuvaus\/?page_id=16"},"modified":"2021-12-11T13:07:01","modified_gmt":"2021-12-11T11:07:01","slug":"tietoa-kurssista","status":"publish","type":"page","link":"https:\/\/blogi.eoppimispalvelut.fi\/inspiroivaluontokuvaus\/tietoa-kurssista\/","title":{"rendered":"Kurssin esittely"},"content":{"rendered":"<p><strong>Inspiroiva luontokuvaus &#8211; valokuvauskurssi mielenterveyskuntoutujille Syksy 2021 <\/strong><\/p>\n<p>Kurssilla on keskitytty valokuvauksen perusteisiin ja sovellettu niit\u00e4 luontokuvaukseen kuvausretkill\u00e4. Kuvausretket tehtiin erilaisiin luontotyyppeihin ja tavoitteena oli ammentaa valokuvien lis\u00e4ksi my\u00f6s inspiroivia luontokokemuksia ja l\u00f6yt\u00e4\u00e4 oma sielunmaisema. Kurssi oli suunnattu aloittelijoille, my\u00f6s k\u00e4nnykk\u00e4kuvaajille.\u00a0 Kurssi oli osa ESR-rahoitteista Henki ja el\u00e4m\u00e4 \u2013 luonto toipumisen l\u00e4hteen\u00e4 -hanketta, ja kurssi ajoittui syys-marraskuulle 2021. Hankkeen toiminta on suunnattu ensisijaisesti ty\u00f6el\u00e4m\u00e4n ulkopuolella oleville mielenterveyskuntoutujille ja sen yhten\u00e4 ajatuksena on kokeilla ja kehitt\u00e4\u00e4 uusia, toipumista tukevia luontoperustaisia ja taidel\u00e4ht\u00f6isi\u00e4 menetelmi\u00e4.<\/p>\n<p>Inspiroiva luontokuvaus -valokuvauskurssi koostui kuudesta tapaamisesta joissa oli sek\u00e4 valokuvauksen teoriaa ett\u00e4 kuvausretki\u00e4 l\u00e4hiluontoon.\u00a0 Sen tavoitteena oli antaa osallistujille ymm\u00e4rrys valokuvauksen peruspilareista kuten suljinaika, aukko ja ISO-arvo, sek\u00e4 opettaa tulkitsemaan erilasta ja erisuuntaista valoa, sommittelun perusteita sek\u00e4 ymm\u00e4rt\u00e4m\u00e4\u00e4n valon roolin tunnelman luojana. Kurssin aikana kokeilimme my\u00f6s kuvasarjojen koostamista ja mietimme valokuvaa tarinankerronnan v\u00e4lineen\u00e4. Jokaisen kuvausretken j\u00e4lkeen katselimme osallistujien kuvia niist\u00e4 keskustellen. Uskon, ett\u00e4 t\u00e4m\u00e4 kurssi on antanut osallistujille kuvaustaitojen lis\u00e4ksi my\u00f6s itsevarmuutta oman ilmaisun suhteen. Olen kiitollinen, ett\u00e4 yhten\u00e4 osoituksena siit\u00e4 osallistujilla on halu jakaa kuvansa t\u00e4m\u00e4n t\u00e4rke\u00e4n n\u00e4yttelyn muodossa.<\/p>\n<p><strong>Kaisa Sir\u00e9n<\/strong><\/p>\n<p>Olen rovaniemel\u00e4inen valokuvaaja ja p\u00e4\u00e4ty\u00f6ni on lehtikuvaus. Vapaa-ajalla kuvaan taiteellista valokuvaa ja pid\u00e4n n\u00e4yttelyit\u00e4 sek\u00e4 myyn valokuvavedoksia. Olen ollut p\u00e4\u00e4toiminen valokuvaaja vuodesta 2007 ja sit\u00e4 ennen matkailualalla. Valokuvaajaty\u00f6ni lis\u00e4ksi minua ty\u00f6llist\u00e4\u00e4 Studio&amp;Galleria Villa Vinkkeli, joka sijaitsee Rovaniemen keskustan l\u00e4hituntumassa. Villa Vinkkeli on taiteen monitoimitalo jossa j\u00e4rjestet\u00e4\u00e4n n\u00e4yttelyit\u00e4 workshopeja, konsertteja, hyvinvointiviikonloppuja ja paljon muuta. Se on mahdollistanut minulle my\u00f6s v\u00e4yl\u00e4n valokuvauksen kouluttajaksi ja olen pit\u00e4nyt viimeisen 4 vuoden aikana useita kursseja eri tasoilla.<\/p>\n<p>Ota Kaisaan yhteytt\u00e4:<br \/>\nPuh. 040 7769706<br \/>\nkuva@kaisasiren.fi<br \/>\nwww.kaisasiren.fi<br \/>\nwww.villavinkkeli.com<br \/>\nInstagram: @kaisasirenphotography, @villavinkkeli<br \/>\nwww.facebook.com\/valokuvaajakaisasiren<\/p>\n<div id=\"attachment_17\" style=\"width: 300px\" class=\"wp-caption alignnone\"><img loading=\"lazy\" decoding=\"async\" aria-describedby=\"caption-attachment-17\" class=\"size-medium wp-image-17\" src=\"https:\/\/blogi.eoppimispalvelut.fi\/inspiroivaluontokuvaus\/files\/2021\/12\/DSC0171pieni-300x202.jpg\" alt=\"Kaisa Sir\u00e9n\" width=\"300\" height=\"202\" srcset=\"https:\/\/blogi.eoppimispalvelut.fi\/inspiroivaluontokuvaus\/files\/2021\/12\/DSC0171pieni-300x202.jpg 300w, https:\/\/blogi.eoppimispalvelut.fi\/inspiroivaluontokuvaus\/files\/2021\/12\/DSC0171pieni-768x518.jpg 768w, https:\/\/blogi.eoppimispalvelut.fi\/inspiroivaluontokuvaus\/files\/2021\/12\/DSC0171pieni.jpg 1000w\" sizes=\"auto, (max-width: 300px) 100vw, 300px\" \/><p id=\"caption-attachment-17\" class=\"wp-caption-text\">Kaisa Sir\u00e9n<\/p><\/div>\n","protected":false},"excerpt":{"rendered":"<p>Inspiroiva luontokuvaus &#8211; valokuvauskurssi mielenterveyskuntoutujille Syksy 2021 Kurssilla on keskitytty valokuvauksen perusteisiin ja sovellettu niit\u00e4 luontokuvaukseen kuvausretkill\u00e4. Kuvausretket tehtiin erilaisiin luontotyyppeihin ja tavoitteena oli ammentaa valokuvien lis\u00e4ksi my\u00f6s inspiroivia luontokokemuksia ja l\u00f6yt\u00e4\u00e4 oma sielunmaisema. Kurssi oli suunnattu aloittelijoille, my\u00f6s k\u00e4nnykk\u00e4kuvaajille.\u00a0 Kurssi oli osa ESR-rahoitteista Henki ja el\u00e4m\u00e4 \u2013 luonto toipumisen l\u00e4hteen\u00e4 -hanketta, ja kurssi ajoittui &hellip; <\/p>\n<p><a class=\"more-link btn\" href=\"https:\/\/blogi.eoppimispalvelut.fi\/inspiroivaluontokuvaus\/tietoa-kurssista\/\">Jatka lukemista<\/a><\/p>\n","protected":false},"author":8991,"featured_media":0,"parent":0,"menu_order":0,"comment_status":"closed","ping_status":"closed","template":"","meta":{"footnotes":""},"class_list":["post-16","page","type-page","status-publish","hentry","nodate","item-wrap"],"_links":{"self":[{"href":"https:\/\/blogi.eoppimispalvelut.fi\/inspiroivaluontokuvaus\/wp-json\/wp\/v2\/pages\/16","targetHints":{"allow":["GET"]}}],"collection":[{"href":"https:\/\/blogi.eoppimispalvelut.fi\/inspiroivaluontokuvaus\/wp-json\/wp\/v2\/pages"}],"about":[{"href":"https:\/\/blogi.eoppimispalvelut.fi\/inspiroivaluontokuvaus\/wp-json\/wp\/v2\/types\/page"}],"author":[{"embeddable":true,"href":"https:\/\/blogi.eoppimispalvelut.fi\/inspiroivaluontokuvaus\/wp-json\/wp\/v2\/users\/8991"}],"replies":[{"embeddable":true,"href":"https:\/\/blogi.eoppimispalvelut.fi\/inspiroivaluontokuvaus\/wp-json\/wp\/v2\/comments?post=16"}],"version-history":[{"count":4,"href":"https:\/\/blogi.eoppimispalvelut.fi\/inspiroivaluontokuvaus\/wp-json\/wp\/v2\/pages\/16\/revisions"}],"predecessor-version":[{"id":74,"href":"https:\/\/blogi.eoppimispalvelut.fi\/inspiroivaluontokuvaus\/wp-json\/wp\/v2\/pages\/16\/revisions\/74"}],"wp:attachment":[{"href":"https:\/\/blogi.eoppimispalvelut.fi\/inspiroivaluontokuvaus\/wp-json\/wp\/v2\/media?parent=16"}],"curies":[{"name":"wp","href":"https:\/\/api.w.org\/{rel}","templated":true}]}}