{"id":93,"date":"2022-04-22T16:00:50","date_gmt":"2022-04-22T13:00:50","guid":{"rendered":"https:\/\/blogi.eoppimispalvelut.fi\/inspiroivaluontokuvaus\/?page_id=93"},"modified":"2022-04-22T16:00:51","modified_gmt":"2022-04-22T13:00:51","slug":"osallistujat-2022","status":"publish","type":"page","link":"https:\/\/blogi.eoppimispalvelut.fi\/inspiroivaluontokuvaus\/osallistujat-2022\/","title":{"rendered":"Osallistujat 2022"},"content":{"rendered":"\n<p><\/p>\n\n\n\n<p><strong>Kev\u00e4\u00e4n 2022 kurssin osallistujat;<\/strong><\/p>\n\n\n\n<p><strong>JL<\/strong><br>Valokuvaus on minulle tapa ikuistaa hetki\u00e4 ja muistoja, n\u00e4hd\u00e4 kauniita asioita uudestaan ja uudestaan, sek\u00e4 n\u00e4hd\u00e4 asioita eri perspektiivist\u00e4. Valokuvat, joista tulee hyv\u00e4 mieli, oli se sitten hauska hetki tai upea maisema, ovat suosikkejani. Olen alkanut kokeilemaan eri tekniikoita valokuvauksessa ja l\u00f6yt\u00e4nyt uudenlaista kipin\u00e4\u00e4 luonnosta, ulkoilusta ja itseni toteuttamisesta.<\/p>\n\n\n\n<p><strong>J.R.<\/strong><br>Tervehdys! Olen Rovaniemell\u00e4 asuva opiskelija ja satunnainen sunnuntaikuvaaja. Osallistuin jo syksyll\u00e4 j\u00e4rjestetylle kurssille, josta pidin kovasti, joten pyysin p\u00e4\u00e4st\u00e4 osallistumaan toisenkin kerran. Vuoden kirjo ei ehk\u00e4 tule esiin mutta toivottavasti talvenkin ja kurssin kohteiden monipuolisuus tulee esille kuvissa.<\/p>\n\n\n\n<p>Kiit\u00e4n j\u00e4lleen arvon opettajaa ja kaikkia jotka osallistuivat kurssille kannustavasta ilmapiirist\u00e4 ja yst\u00e4v\u00e4llisest\u00e4 palautteesta.<\/p>\n\n\n\n<p><strong>AY<\/strong><br>Olen rovaniemel\u00e4inen mies ja tykk\u00e4\u00e4n valokuvata. Eniten pid\u00e4n dokumentoivasta valokuvaamisesta. Haluan ikuistaa t\u00e4t\u00e4 el\u00e4m\u00e4\u00e4 ja maailmaa. Olisi mahtavaa jos monta vuosikymment\u00e4 my\u00f6hemmin tulevat sukupolvet saavat selville millaiselle maailma ennen n\u00e4ytti. Minulle kuvattavaksi sopii mik\u00e4 vaan, kaupunkimaisema, luonto, tapahtuma tai arkinenkin asia. T\u00e4m\u00e4 kurssi oli antoisa, sill\u00e4 min\u00e4 heitt\u00e4ydyin testaamaan muunlaistakin valokuvaamista.<\/p>\n\n\n\n<p><strong>Harri A<\/strong><br>Hei olen lapissa asuva mies. Harrastan valokuvausta satunaisesti . Tykk\u00e4\u00e4n kuvata luontoa. Opettelin k\u00e4ytt\u00e4m\u00e4\u00e4n J\u00e4rjestelm\u00e4 kameraa kurssilla.\u00a0opin erilaisia s\u00e4\u00e4t\u00f6j\u00e4 laiteista.\u00a0<\/p>\n\n\n\n<p>&nbsp;Aion jatkaa valokuvausta tulevaisuudessa.<\/p>\n","protected":false},"excerpt":{"rendered":"<p>Kev\u00e4\u00e4n 2022 kurssin osallistujat; JLValokuvaus on minulle tapa ikuistaa hetki\u00e4 ja muistoja, n\u00e4hd\u00e4 kauniita asioita uudestaan ja uudestaan, sek\u00e4 n\u00e4hd\u00e4 asioita eri perspektiivist\u00e4. Valokuvat, joista tulee hyv\u00e4 mieli, oli se sitten hauska hetki tai upea maisema, ovat suosikkejani. Olen alkanut kokeilemaan eri tekniikoita valokuvauksessa ja l\u00f6yt\u00e4nyt uudenlaista kipin\u00e4\u00e4 luonnosta, ulkoilusta ja itseni toteuttamisesta. J.R.Tervehdys! Olen &hellip; <\/p>\n<p><a class=\"more-link btn\" href=\"https:\/\/blogi.eoppimispalvelut.fi\/inspiroivaluontokuvaus\/osallistujat-2022\/\">Jatka lukemista<\/a><\/p>\n","protected":false},"author":8991,"featured_media":0,"parent":0,"menu_order":0,"comment_status":"closed","ping_status":"closed","template":"","meta":{"footnotes":""},"class_list":["post-93","page","type-page","status-publish","hentry","nodate","item-wrap"],"_links":{"self":[{"href":"https:\/\/blogi.eoppimispalvelut.fi\/inspiroivaluontokuvaus\/wp-json\/wp\/v2\/pages\/93","targetHints":{"allow":["GET"]}}],"collection":[{"href":"https:\/\/blogi.eoppimispalvelut.fi\/inspiroivaluontokuvaus\/wp-json\/wp\/v2\/pages"}],"about":[{"href":"https:\/\/blogi.eoppimispalvelut.fi\/inspiroivaluontokuvaus\/wp-json\/wp\/v2\/types\/page"}],"author":[{"embeddable":true,"href":"https:\/\/blogi.eoppimispalvelut.fi\/inspiroivaluontokuvaus\/wp-json\/wp\/v2\/users\/8991"}],"replies":[{"embeddable":true,"href":"https:\/\/blogi.eoppimispalvelut.fi\/inspiroivaluontokuvaus\/wp-json\/wp\/v2\/comments?post=93"}],"version-history":[{"count":1,"href":"https:\/\/blogi.eoppimispalvelut.fi\/inspiroivaluontokuvaus\/wp-json\/wp\/v2\/pages\/93\/revisions"}],"predecessor-version":[{"id":95,"href":"https:\/\/blogi.eoppimispalvelut.fi\/inspiroivaluontokuvaus\/wp-json\/wp\/v2\/pages\/93\/revisions\/95"}],"wp:attachment":[{"href":"https:\/\/blogi.eoppimispalvelut.fi\/inspiroivaluontokuvaus\/wp-json\/wp\/v2\/media?parent=93"}],"curies":[{"name":"wp","href":"https:\/\/api.w.org\/{rel}","templated":true}]}}