{"id":1237,"date":"2023-09-16T10:05:30","date_gmt":"2023-09-16T07:05:30","guid":{"rendered":"https:\/\/blogi.eoppimispalvelut.fi\/intraliving\/?page_id=1237"},"modified":"2023-09-28T13:49:10","modified_gmt":"2023-09-28T10:49:10","slug":"maan-aani-nayttely","status":"publish","type":"page","link":"https:\/\/blogi.eoppimispalvelut.fi\/intraliving\/maan-aani-nayttely\/","title":{"rendered":"Maan \u00e4\u00e4ni &#8211; n\u00e4yttely"},"content":{"rendered":"\n<h2 class=\"wp-block-heading has-text-align-left has-large-font-size\" style=\"text-transform:uppercase\"><strong>Maan \u00e4\u00e4ni -n\u00e4yttely <\/strong><\/h2>\n\n\n\n<h2 class=\"wp-block-heading has-text-align-left has-large-font-size\" style=\"text-transform:uppercase\"><strong>Pyh\u00e4-Luoston kansallispuiston tuvilla<\/strong> <strong>16.9.2023-14.9.2024<\/strong><\/h2>\n\n\n\n<div style=\"height:35px\" aria-hidden=\"true\" class=\"wp-block-spacer\"><\/div>\n\n\n\n<div class=\"wp-block-media-text has-media-on-the-right is-stacked-on-mobile\" style=\"grid-template-columns:auto 38%\"><div class=\"wp-block-media-text__content\">\n<p class=\"has-text-align-center\" style=\"font-size:16px\">Matkailualaa on perinteisesti kehitetty matkailijoiden ja elinkeinon tarpeisiin. Kokemamme ymp\u00e4rist\u00f6kriisi on kuitenkin muuttanut t\u00e4t\u00e4 asetelmaa ja kyseenalaistanut monella tavalla toiminnan vastuullisuuden. Lapin yliopiston matkailututkimuksen professori\u00a0Outi Rantala\u00a0toteaa, ett\u00e4 keskustelu tarpeista on hyv\u00e4ll\u00e4 tavalla laajentunut.\u00a0<\/p>\n\n\n\n<blockquote class=\"wp-block-quote has-text-align-center is-layout-flow wp-block-quote-is-layout-flow\" style=\"font-size:16px\">\n<p><\/p>\n<cite><em>Matkailun kehitt\u00e4mist\u00e4 tulisi pohtia yh\u00e4 enemm\u00e4n paikallisten ihmisten ja monilajisuuden \u2013 eli ihmisten ja muiden lajien \u2013 n\u00e4k\u00f6kulmasta.<\/em><\/cite><\/blockquote>\n\n\n\n<p class=\"has-text-align-center\" style=\"font-size:16px\">Rantalan vet\u00e4m\u00e4 Suomen Akatemian Matkailua l\u00e4helle -tutkimushanke on tuottanut aiheesta Maan \u00e4\u00e4ni -n\u00e4yttelyn. N\u00e4yttely pohjautuu vuosina 2019\u20132023 Pyh\u00e4-Luoston kansallispuistossa tehtyyn tutkimusty\u00f6h\u00f6n, jossa tarkasteltiin juuri monilajisuutta. Tutkijat ovat pohtineet esimerkiksi, millainen on koskematon tai koskettava maisema. Miten kulkija kokee kansallispuiston erilaiset ajat, kuten kivien ekologian tai matkailun historian? Milt\u00e4 matkailun kasvu n\u00e4ytt\u00e4\u00e4 sammaleen n\u00e4k\u00f6kulmasta? Tai millaisia tarinoita kuukkeli kertoo vierailijoille?<\/p>\n<\/div><figure class=\"wp-block-media-text__media\"><img loading=\"lazy\" decoding=\"async\" width=\"1280\" height=\"1706\" src=\"https:\/\/blogi.eoppimispalvelut.fi\/intraliving\/files\/2023\/09\/juliste_maan_aani_low-1280x1706.png\" alt=\"\" class=\"wp-image-1260 size-full\" srcset=\"https:\/\/blogi.eoppimispalvelut.fi\/intraliving\/files\/2023\/09\/juliste_maan_aani_low-1280x1706.png 1280w, https:\/\/blogi.eoppimispalvelut.fi\/intraliving\/files\/2023\/09\/juliste_maan_aani_low-900x1200.png 900w, https:\/\/blogi.eoppimispalvelut.fi\/intraliving\/files\/2023\/09\/juliste_maan_aani_low-768x1024.png 768w, https:\/\/blogi.eoppimispalvelut.fi\/intraliving\/files\/2023\/09\/juliste_maan_aani_low-1152x1536.png 1152w, https:\/\/blogi.eoppimispalvelut.fi\/intraliving\/files\/2023\/09\/juliste_maan_aani_low-1536x2048.png 1536w, https:\/\/blogi.eoppimispalvelut.fi\/intraliving\/files\/2023\/09\/juliste_maan_aani_low.png 1772w\" sizes=\"auto, (max-width: 1280px) 100vw, 1280px\" \/><\/figure><\/div>\n\n\n\n<div style=\"height:60px\" aria-hidden=\"true\" class=\"wp-block-spacer\"><\/div>\n\n\n<div class=\"wp-block-image is-style-rounded\">\n<figure class=\"aligncenter size-full is-resized\"><img loading=\"lazy\" decoding=\"async\" src=\"https:\/\/blogi.eoppimispalvelut.fi\/intraliving\/files\/2023\/09\/f5ab5504-6418-4e3b-b514-d5ae29bc7070-1.jpg\" alt=\"\" class=\"wp-image-1326\" style=\"width:840px;height:476px\" width=\"840\" height=\"476\" srcset=\"https:\/\/blogi.eoppimispalvelut.fi\/intraliving\/files\/2023\/09\/f5ab5504-6418-4e3b-b514-d5ae29bc7070-1.jpg 1023w, https:\/\/blogi.eoppimispalvelut.fi\/intraliving\/files\/2023\/09\/f5ab5504-6418-4e3b-b514-d5ae29bc7070-1-900x510.jpg 900w, https:\/\/blogi.eoppimispalvelut.fi\/intraliving\/files\/2023\/09\/f5ab5504-6418-4e3b-b514-d5ae29bc7070-1-768x435.jpg 768w\" sizes=\"auto, (max-width: 840px) 100vw, 840px\" \/><figcaption class=\"wp-element-caption\"><br>N\u00e4yttelyn ovat tuottaneet yhteisty\u00f6ss\u00e4 kuraattori\u00a0<a rel=\"noreferrer noopener\" href=\"https:\/\/eur02.safelinks.protection.outlook.com\/?url=https%3A%2F%2Fwww.pinjametsakoivu.com%2F&amp;data=05%7C01%7Cemily.hockert%40ulapland.fi%7C47274d81f4644a102c3c08dbba7b0f90%7C4c60a66f0a8d446e9ac0836a00d84542%7C0%7C0%7C638308809955196503%7CUnknown%7CTWFpbGZsb3d8eyJWIjoiMC4wLjAwMDAiLCJQIjoiV2luMzIiLCJBTiI6Ik1haWwiLCJXVCI6Mn0%3D%7C3000%7C%7C%7C&amp;sdata=i7EDrG9mYmkf%2FMTqADuBQEiVrYfoRKHhfEMpgS%2Fy2cE%3D&amp;reserved=0\" target=\"_blank\">Pinja Mets\u00e4koivu<\/a>, valokuvaajat\u00a0<a rel=\"noreferrer noopener\" href=\"https:\/\/eur02.safelinks.protection.outlook.com\/?url=https%3A%2F%2Fyoganature.fi%2Fwe%2F&amp;data=05%7C01%7Cemily.hockert%40ulapland.fi%7C47274d81f4644a102c3c08dbba7b0f90%7C4c60a66f0a8d446e9ac0836a00d84542%7C0%7C0%7C638308809955196503%7CUnknown%7CTWFpbGZsb3d8eyJWIjoiMC4wLjAwMDAiLCJQIjoiV2luMzIiLCJBTiI6Ik1haWwiLCJXVCI6Mn0%3D%7C3000%7C%7C%7C&amp;sdata=XvZLJd15ihgQDppDI73ojpWRBhnlL%2Baf7JJQtXF6uMg%3D&amp;reserved=0\" target=\"_blank\">Antti Kurola<\/a>\u00a0ja\u00a0<a rel=\"noreferrer noopener\" href=\"https:\/\/eur02.safelinks.protection.outlook.com\/?url=https%3A%2F%2Fvalokuvaamokipina.fi%2F&amp;data=05%7C01%7Cemily.hockert%40ulapland.fi%7C47274d81f4644a102c3c08dbba7b0f90%7C4c60a66f0a8d446e9ac0836a00d84542%7C0%7C0%7C638308809955196503%7CUnknown%7CTWFpbGZsb3d8eyJWIjoiMC4wLjAwMDAiLCJQIjoiV2luMzIiLCJBTiI6Ik1haWwiLCJXVCI6Mn0%3D%7C3000%7C%7C%7C&amp;sdata=0H%2FiQbtm9jUpzvV8lVrioXDpMDdNOJf0DLZ7LBm5lPA%3D&amp;reserved=0\" target=\"_blank\">Antti Pakkanen,<\/a>\u00a0ymp\u00e4rist\u00f6taitelija\u00a0<a rel=\"noreferrer noopener\" href=\"https:\/\/eur02.safelinks.protection.outlook.com\/?url=https%3A%2F%2Frakotuli.wordpress.com%2Fauthor%2Fanttistockell%2F&amp;data=05%7C01%7Cemily.hockert%40ulapland.fi%7C47274d81f4644a102c3c08dbba7b0f90%7C4c60a66f0a8d446e9ac0836a00d84542%7C0%7C0%7C638308809955196503%7CUnknown%7CTWFpbGZsb3d8eyJWIjoiMC4wLjAwMDAiLCJQIjoiV2luMzIiLCJBTiI6Ik1haWwiLCJXVCI6Mn0%3D%7C3000%7C%7C%7C&amp;sdata=Us%2F%2BchbfJK2t34pmzA4SO%2Bax1xC2T5wWtjv%2BcqZghHc%3D&amp;reserved=0\" target=\"_blank\">Antti St\u00f6ckell<\/a>\u00a0ja Lapin yliopiston\u00a0<a rel=\"noreferrer noopener\" href=\"https:\/\/eur02.safelinks.protection.outlook.com\/?url=http%3A%2F%2Fwww.ilarctic.com%2F&amp;data=05%7C01%7Cemily.hockert%40ulapland.fi%7C47274d81f4644a102c3c08dbba7b0f90%7C4c60a66f0a8d446e9ac0836a00d84542%7C0%7C0%7C638308809955196503%7CUnknown%7CTWFpbGZsb3d8eyJWIjoiMC4wLjAwMDAiLCJQIjoiV2luMzIiLCJBTiI6Ik1haWwiLCJXVCI6Mn0%3D%7C3000%7C%7C%7C&amp;sdata=rjQm3G0OnEMAjAhiopLehMmXyw2yuS3lM%2FTW8SZ5U9A%3D&amp;reserved=0\" target=\"_blank\">Intra-living in the Anthropocene<\/a>\u00a0-tutkimusryhm\u00e4.<\/figcaption><\/figure>\n<\/div>\n\n\n<p><\/p>\n\n\n\n<p style=\"font-size:16px\">Tiedett\u00e4 ja taidetta yhdist\u00e4v\u00e4 Maan \u00e4\u00e4ni -n\u00e4yttely her\u00e4ttelee kansallispuiston vierailijoita pohtimaan, millaisia vieraita me ihmiset olemme, kun k\u00e4ymme kyl\u00e4ilem\u00e4ss\u00e4 mets\u00e4ss\u00e4. N\u00e4yttelyn avajaisia vietettiin 16.9.2023, ja n\u00e4yttelygalleriana toimivat Pyh\u00e4-Luoston kansallispuiston tuvat. Karhunjuomalammen, Kapustan ja Yli-Luoston tuvilla esill\u00e4 olevat valokuvateokset sek\u00e4 tarinallistetut valokuvakirjat kutsuvat tupien vierailijoita&nbsp;pohdiskelemaan ihmisen ja luonnon v\u00e4list\u00e4 suhdetta.<\/p>\n\n\n\n<blockquote class=\"wp-block-quote is-layout-flow wp-block-quote-is-layout-flow\" style=\"font-size:16px\">\n<p><\/p>\n<cite><em>Halusimme tuoda esille erilaisia ajatuksia siit\u00e4, miten luonnon monimuotoisuuden voi kokea. Luonto on vahvasti mukana my\u00f6s n\u00e4yttelyn materiaaleissa: visuaaliset kirjat ovat puisia, puusep\u00e4n valmistamia uniikkikappaleita, ja seinille ripustettavat taulut sopeutuvat ymp\u00e4rist\u00f6\u00f6ns\u00e4 p\u00e4iv\u00e4tuvilla<\/em>, kertoo n\u00e4yttelyn kuratoinut&nbsp;Pinja Mets\u00e4koivu.<\/cite><\/blockquote>\n\n\n\n<p style=\"font-size:16px\">N\u00e4yttelyn toteutuksessa mukana oleva  kuvataiteilija\u00a0<strong>Antti St\u00f6ckell<\/strong>,\u00a0toivoo, ett\u00e4 voi taiteellaan ilahduttaa ja inspiroida kaikkia luonnossa liikkuvia.<\/p>\n\n\n\n<div class=\"wp-block-media-text is-stacked-on-mobile\" style=\"grid-template-columns:44% auto\"><figure class=\"wp-block-media-text__media\"><img loading=\"lazy\" decoding=\"async\" width=\"1280\" height=\"1707\" src=\"https:\/\/blogi.eoppimispalvelut.fi\/intraliving\/files\/2023\/09\/thumbnail_IMG_2701-1280x1707.jpg\" alt=\"\" class=\"wp-image-1249 size-full\" srcset=\"https:\/\/blogi.eoppimispalvelut.fi\/intraliving\/files\/2023\/09\/thumbnail_IMG_2701-1280x1707.jpg 1280w, https:\/\/blogi.eoppimispalvelut.fi\/intraliving\/files\/2023\/09\/thumbnail_IMG_2701-900x1200.jpg 900w, https:\/\/blogi.eoppimispalvelut.fi\/intraliving\/files\/2023\/09\/thumbnail_IMG_2701-768x1024.jpg 768w, https:\/\/blogi.eoppimispalvelut.fi\/intraliving\/files\/2023\/09\/thumbnail_IMG_2701-1152x1536.jpg 1152w, https:\/\/blogi.eoppimispalvelut.fi\/intraliving\/files\/2023\/09\/thumbnail_IMG_2701.jpg 1440w\" sizes=\"auto, (max-width: 1280px) 100vw, 1280px\" \/><\/figure><div class=\"wp-block-media-text__content\">\n<blockquote class=\"wp-block-quote has-text-align-center is-layout-flow wp-block-quote-is-layout-flow\">\n<blockquote class=\"wp-block-quote is-layout-flow wp-block-quote-is-layout-flow\" style=\"font-size:16px\">\n<p><\/p>\n\n\n\n<p style=\"font-size:16px\"><strong>Antti St\u00f6ckel<\/strong>l, <strong>Karhunjuomanlampi<\/strong><\/p>\n<cite><em>Taiteeni syntyy metsiss\u00e4 ja j\u00e4\u00e4 sinne peittym\u00e4\u00e4n seuraavaan lumituiskuun tai sulamaan kev\u00e4tauringossa, yleis\u00f6n\u00e4\u00e4n usein vain oravat, j\u00e4nikset, ketut ja linnut. Siksi juuri retkeilyreittien kulkijat ja autiotupien k\u00e4vij\u00e4t ovat minulle erityisen mieluista yleis\u00f6\u00e4.<\/em><\/cite><\/blockquote>\n\n\n\n<p style=\"font-size:16px\">St\u00f6ckell on taidekasvattaja, soveltavan kuvataiteen\u00a0yliopistonlehtori ja kuvataiteilija, joka taiteellisessa\u00a0toiminnassaan on viime vuosina keskittynyt erityisesti\u00a0muuttuvan talven teemaan lumen parissa.\u00a0Talvisessa luonnossa liikkuessaan St\u00f6ckell toteuttaa\u00a0lumesta usein piankin katoavia ymp\u00e4rist\u00f6taideteoksia\u00a0ja installaatioita. Ty\u00f6skentelyprosessin ja teosten\u00a0dokumentointi mahdollistaa monenlaisen jatkoty\u00f6st\u00e4misen\u00a0n\u00e4yttelyiden ja tutkimuksen parissa.\u00a0Samalla kun talvi ja lumi tarjoavat taiteilijalle ateljeen\u00a0ja materiaalit\u00a0luovat ne my\u00f6s rikkaan oppimisymp\u00e4rist\u00f6n\u00a0taideperustaiselle ymp\u00e4rist\u00f6kasvatukselle sek\u00e4 matkailuja\u00a0hyvinvointipalveluiden kehitt\u00e4miselle.<\/p>\n<\/blockquote>\n\n\n\n<div style=\"height:0px\" aria-hidden=\"true\" class=\"wp-block-spacer\"><\/div>\n<\/div><\/div>\n\n\n\n<div style=\"height:50px\" aria-hidden=\"true\" class=\"wp-block-spacer\"><\/div>\n\n\n\n<div class=\"wp-block-media-text has-media-on-the-right is-stacked-on-mobile\" style=\"grid-template-columns:auto 49%\"><div class=\"wp-block-media-text__content\">\n<p><\/p>\n\n\n\n<p><\/p>\n\n\n\n<p style=\"font-size:16px\"><strong>Antti Kurola<\/strong>, <strong>Yli-Luosto<\/strong><\/p>\n\n\n\n<p style=\"font-size:16px\">Antti Kurola on ammattivalokuvaaja ja koiravaljakko-opas, joka nauttii ulkona olemisesta vuoden jokaisena p\u00e4iv\u00e4n\u00e4.<\/p>\n\n\n\n<blockquote class=\"wp-block-quote is-layout-flow wp-block-quote-is-layout-flow\" style=\"font-size:16px\">\n<p><\/p>\n<cite><em>Matkani valokuvaajaksi on kulkennut sattumusten kautta. Aluksi kyse oli muistojen taltioinnista ulkoiluharrastusten ymp\u00e4rill\u00e4 omaksi ja yst\u00e4vien iloksi. V\u00e4hitellen valokuvaus alkoi saada yliotteen muista tekemisist\u00e4 ja harrastuksesta tuli ammatti. Reilun 20 vuoden ty\u00f6skentelyn j\u00e4lkeen valokuvaus on taas rakas harrastus.<\/em><\/cite><\/blockquote>\n<\/div><figure class=\"wp-block-media-text__media\"><img loading=\"lazy\" decoding=\"async\" width=\"1280\" height=\"960\" src=\"https:\/\/blogi.eoppimispalvelut.fi\/intraliving\/files\/2023\/09\/yli-luosto_Kurola-1280x960.jpg\" alt=\"\" class=\"wp-image-1247 size-full\" srcset=\"https:\/\/blogi.eoppimispalvelut.fi\/intraliving\/files\/2023\/09\/yli-luosto_Kurola-1280x960.jpg 1280w, https:\/\/blogi.eoppimispalvelut.fi\/intraliving\/files\/2023\/09\/yli-luosto_Kurola-900x675.jpg 900w, https:\/\/blogi.eoppimispalvelut.fi\/intraliving\/files\/2023\/09\/yli-luosto_Kurola-768x576.jpg 768w, https:\/\/blogi.eoppimispalvelut.fi\/intraliving\/files\/2023\/09\/yli-luosto_Kurola-1536x1152.jpg 1536w, https:\/\/blogi.eoppimispalvelut.fi\/intraliving\/files\/2023\/09\/yli-luosto_Kurola-2048x1536.jpg 2048w\" sizes=\"auto, (max-width: 1280px) 100vw, 1280px\" \/><\/figure><\/div>\n\n\n\n<div style=\"height:50px\" aria-hidden=\"true\" class=\"wp-block-spacer\"><\/div>\n\n\n\n<p><\/p>\n\n\n\n<div class=\"wp-block-media-text is-stacked-on-mobile\" style=\"grid-template-columns:52% auto\"><figure class=\"wp-block-media-text__media\"><img loading=\"lazy\" decoding=\"async\" width=\"1280\" height=\"960\" src=\"https:\/\/blogi.eoppimispalvelut.fi\/intraliving\/files\/2023\/09\/IMG_2730-1280x960.jpg\" alt=\"\" class=\"wp-image-1248 size-full\" srcset=\"https:\/\/blogi.eoppimispalvelut.fi\/intraliving\/files\/2023\/09\/IMG_2730-1280x960.jpg 1280w, https:\/\/blogi.eoppimispalvelut.fi\/intraliving\/files\/2023\/09\/IMG_2730-900x675.jpg 900w, https:\/\/blogi.eoppimispalvelut.fi\/intraliving\/files\/2023\/09\/IMG_2730-768x576.jpg 768w, https:\/\/blogi.eoppimispalvelut.fi\/intraliving\/files\/2023\/09\/IMG_2730-1536x1152.jpg 1536w, https:\/\/blogi.eoppimispalvelut.fi\/intraliving\/files\/2023\/09\/IMG_2730-2048x1536.jpg 2048w\" sizes=\"auto, (max-width: 1280px) 100vw, 1280px\" \/><\/figure><div class=\"wp-block-media-text__content\">\n<p><\/p>\n\n\n\n<p style=\"font-size:16px\"><strong>Antti Pakkanen<\/strong>, <strong>Kapusta<\/strong><\/p>\n\n\n\n<p style=\"font-size:16px\"><strong>~Ihmisen j\u00e4lki\u00e4 ja el\u00e4m\u00e4 niiss\u00e4&nbsp;<\/strong><\/p>\n\n\n\n<p style=\"font-size:16px\">Antti Pakkanen on sosiologitaustainen valokuvaaja, joka on ty\u00f6skennellyt niin yhteiskuntatieteen kuin valokuvauksen saralla.<\/p>\n\n\n\n<p style=\"font-size:16px\">Matkailua l\u00e4helle -tutkimushankkeessa Pakkanen on keskittynyt kuvissaan tarkastelemaan ihmisen&nbsp;j\u00e4lki\u00e4 Pyh\u00e4-Luoston kansallispuistossa, sek\u00e4 muiden lajien el\u00e4m\u00e4\u00e4 ihmisen j\u00e4ljiss\u00e4 ja aikaisemmin k\u00e4yt\u00f6ss\u00e4 olleissa rakennelmissa.<\/p>\n<\/div><\/div>\n\n\n\n<div style=\"height:50px\" aria-hidden=\"true\" class=\"wp-block-spacer\"><\/div>\n\n\n\n<p><\/p>\n\n\n\n<p style=\"font-size:16px\"><strong>Lis\u00e4tietoja n\u00e4yttelyst\u00e4:<\/strong><\/p>\n\n\n\n<p style=\"font-size:16px\">Outi Rantala, professori<br>Lapin yliopisto<br>040&nbsp;484 4202<br>outi.rantala(at)ulapland.fi<\/p>\n\n\n\n<p style=\"font-size:16px\">Pinja Mets\u00e4koivu, Maan \u00e4\u00e4ni -n\u00e4yttelyn kuraattori<br>040&nbsp;012 8957<br>pinja.metsakoivu(at)ulapland.fi<\/p>\n\n\n\n<div style=\"height:30px\" aria-hidden=\"true\" class=\"wp-block-spacer\"><\/div>\n\n\n\nngg_shortcode_0_placeholder\n","protected":false},"excerpt":{"rendered":"<p>Maan \u00e4\u00e4ni -n\u00e4yttely Pyh\u00e4-Luoston kansallispuiston tuvilla 16.9.2023-14.9.2024 Tiedett\u00e4 ja taidetta yhdist\u00e4v\u00e4 Maan \u00e4\u00e4ni -n\u00e4yttely her\u00e4ttelee kansallispuiston vierailijoita pohtimaan, millaisia vieraita me ihmiset olemme, kun k\u00e4ymme kyl\u00e4ilem\u00e4ss\u00e4 mets\u00e4ss\u00e4. N\u00e4yttelyn avajaisia vietettiin 16.9.2023, ja n\u00e4yttelygalleriana toimivat Pyh\u00e4-Luoston kansallispuiston tuvat. Karhunjuomalammen, Kapustan ja Yli-Luoston tuvilla esill\u00e4 olevat valokuvateokset sek\u00e4 tarinallistetut valokuvakirjat kutsuvat tupien vierailijoita&nbsp;pohdiskelemaan ihmisen ja luonnon v\u00e4list\u00e4&#8230;<\/p>\n","protected":false},"author":3637,"featured_media":1304,"parent":0,"menu_order":0,"comment_status":"closed","ping_status":"closed","template":"","meta":{"ngg_post_thumbnail":0,"footnotes":""},"class_list":["post-1237","page","type-page","status-publish","has-post-thumbnail","hentry"],"_links":{"self":[{"href":"https:\/\/blogi.eoppimispalvelut.fi\/intraliving\/wp-json\/wp\/v2\/pages\/1237","targetHints":{"allow":["GET"]}}],"collection":[{"href":"https:\/\/blogi.eoppimispalvelut.fi\/intraliving\/wp-json\/wp\/v2\/pages"}],"about":[{"href":"https:\/\/blogi.eoppimispalvelut.fi\/intraliving\/wp-json\/wp\/v2\/types\/page"}],"author":[{"embeddable":true,"href":"https:\/\/blogi.eoppimispalvelut.fi\/intraliving\/wp-json\/wp\/v2\/users\/3637"}],"replies":[{"embeddable":true,"href":"https:\/\/blogi.eoppimispalvelut.fi\/intraliving\/wp-json\/wp\/v2\/comments?post=1237"}],"version-history":[{"count":101,"href":"https:\/\/blogi.eoppimispalvelut.fi\/intraliving\/wp-json\/wp\/v2\/pages\/1237\/revisions"}],"predecessor-version":[{"id":1527,"href":"https:\/\/blogi.eoppimispalvelut.fi\/intraliving\/wp-json\/wp\/v2\/pages\/1237\/revisions\/1527"}],"wp:featuredmedia":[{"embeddable":true,"href":"https:\/\/blogi.eoppimispalvelut.fi\/intraliving\/wp-json\/wp\/v2\/media\/1304"}],"wp:attachment":[{"href":"https:\/\/blogi.eoppimispalvelut.fi\/intraliving\/wp-json\/wp\/v2\/media?parent=1237"}],"curies":[{"name":"wp","href":"https:\/\/api.w.org\/{rel}","templated":true}]}}