{"id":143,"date":"2019-06-05T09:45:20","date_gmt":"2019-06-05T06:45:20","guid":{"rendered":"https:\/\/blogi.eoppimispalvelut.fi\/intraliving\/?page_id=143"},"modified":"2024-01-24T16:24:32","modified_gmt":"2024-01-24T14:24:32","slug":"veera-kinnunen-post-doctoral-researcher","status":"publish","type":"page","link":"https:\/\/blogi.eoppimispalvelut.fi\/intraliving\/ila-team\/veera-kinnunen-post-doctoral-researcher\/","title":{"rendered":"Veera Kinnunen"},"content":{"rendered":"\n<h2 class=\"wp-block-heading has-text-align-center\">Veera Kinnunen, Post-doc researcher<\/h2>\n\n\n<div class=\"wp-block-image\">\n<figure class=\"aligncenter size-large is-resized\"><img loading=\"lazy\" decoding=\"async\" width=\"1280\" height=\"1920\" src=\"https:\/\/blogi.eoppimispalvelut.fi\/intraliving\/files\/2024\/01\/thumbnail_Veera-Kinnunen_c_Fanni-Perttola-1280x1920.jpg\" alt=\"\" class=\"wp-image-1584\" style=\"width:356px;height:auto\" srcset=\"https:\/\/blogi.eoppimispalvelut.fi\/intraliving\/files\/2024\/01\/thumbnail_Veera-Kinnunen_c_Fanni-Perttola-1280x1920.jpg 1280w, https:\/\/blogi.eoppimispalvelut.fi\/intraliving\/files\/2024\/01\/thumbnail_Veera-Kinnunen_c_Fanni-Perttola-900x1350.jpg 900w, https:\/\/blogi.eoppimispalvelut.fi\/intraliving\/files\/2024\/01\/thumbnail_Veera-Kinnunen_c_Fanni-Perttola-768x1152.jpg 768w, https:\/\/blogi.eoppimispalvelut.fi\/intraliving\/files\/2024\/01\/thumbnail_Veera-Kinnunen_c_Fanni-Perttola-1024x1536.jpg 1024w, https:\/\/blogi.eoppimispalvelut.fi\/intraliving\/files\/2024\/01\/thumbnail_Veera-Kinnunen_c_Fanni-Perttola-1365x2048.jpg 1365w, https:\/\/blogi.eoppimispalvelut.fi\/intraliving\/files\/2024\/01\/thumbnail_Veera-Kinnunen_c_Fanni-Perttola-scaled.jpg 1707w\" sizes=\"auto, (max-width: 1280px) 100vw, 1280px\" \/><\/figure>\n<\/div>\n\n\n<p><strong>Veera Kinnunen (Ph.D.) University of Lapland, Bachelor of Design, Kuopio Academy of Design)<\/strong> is a sociologist and a cultural historian working on a threshold of more-than-human sociology, environmental humanities, and feminist ethics. Her research interests cover material culture of everyday life, dwelling, and living well with unwanted stuff such as waste, weeds and microbes. Her ongoing post-doc project is an ethnographic inquiry into experimental waste practices. She asks, how to live well with waste. This project has grown into a multi-species ethnography of sharing our lives with microbes. Throughout her research projects, she has been developing and experimenting with embodied forms of ethnographic methodology.<\/p>\n\n\n\n<p>She currently works as a postdoctoral researcher in a transdisciplinary research program Biodiverse Anthropocenes (ANTS) at the University of Oulu. Her ongoing research project is an ethnographic study of urban composting, and an exploration of how bokashi making affects the way practitioners relate with their environment, including waste, soil, and microbes. She has published academic articles and book chapters about changing relations with waste and microbes and co-edited books on, e.g. more-than-human infrastructures. In addition, she has also published a Finnish non-fiction book about bokashi composting (Bokashi. Vallankumous \u00e4mp\u00e4riss\u00e4. Avain kustannus 2023).<\/p>\n\n\n\n<p>In her spare time, Kinnunen experiments with her microbial companions; Bokashi composts and Kombucha jars, and dreams of a garden of her own.<\/p>\n\n\n\n<p>Veera is a member of ILA-research group, and has worked as a postdoctoral researcher in Envisioning Proximity tourism with New Materialism project during academic year 2021-2022. She also holds a position of a university lecturer of sociology at the University of Lapland, Finland.<\/p>\n\n\n\n<p>Contact: veera.kinnunen(at)oulu.fi; veera.kinnunen(at)ulapland.fi<\/p>\n\n\n\n<p>Keywords: sociology of waste, microbes and infrastructures; environmental humanities; corporeal ethics; feminist environmental studies;<\/p>\n\n\n\n<div style=\"height:17px\" aria-hidden=\"true\" class=\"wp-block-spacer\"><\/div>\n\n\n\n<p><strong>Selected publications<\/strong><\/p>\n\n\n\n<p>Articles:<\/p>\n\n\n\n<p>Kinnunen, V., Martz, F. &amp; Rantala, O. 2024: Slowing down with stinging nettle. In Rantala, O., Kinnunen, V. &amp; H\u00f6ckert, E. (Eds.) Researching with Proximity. Relational methodologies for the Anthropocene. Palgrave Macmillan, 131-146.<\/p>\n\n\n\n<p>Rantala, O., Kinnunen, V., H\u00f6ckert, E., Grimwood, B., Hurst, C., J\u00f3hannesson, G. T. et al. 2024: Staying Proximate. In Rantala, O., Kinnunen, V. &amp; H\u00f6ckert, E. (Eds.) Researching with Proximity. Relational methodologies for the Anthropocene. Palgrave Macmillan, 1-19.<\/p>\n\n\n\n<p>H\u00f6ckert, E., Kinnunen, V. &amp; Rantala, O. 2024: Suggestions for Future Wanders. Researching with Proximity. Relational methodologies for the Anthropocene. Palgrave Macmillan, 205-210<\/p>\n\n\n\n<p>Kinnunen, V. &amp; Duque, M. 2022: From waste management to waste care. In Valkonen, J., Kinnunen, V., Huilaja, H. &amp; Loikkanen, T. (Eds.) Infrastructural being. Rethinking dwelling in a naturecultural world. Palgrave Macmillan.<\/p>\n\n\n\n<p>Kinnunen, V. &amp; Valkonen, J. 2022: Approaching infrastructural being. In Valkonen, J., Kinnunen, V., Huilaja, H. &amp; Loikkanen, T. (Eds.) Infrastructural being. Rethinking dwelling in a naturecultural world. Palgrave Macmillan.<\/p>\n\n\n\n<p>Kinnunen, V., Valkonen, J., Huilaja, H. &amp; Loikkanen, T. 2022: Introduction. In Valkonen, J., Kinnunen, V., Huilaja, H. &amp; Loikkanen, T. (Eds.) Infrastructural being. Rethinking dwelling in a naturecultural world. Palgrave Macmillan.<\/p>\n\n\n\n<p>Rantala, P. &amp; Kinnunen, V. 2022: Menneisyyden kudokset. In Ahonen, M, R\u00e4s\u00e4nen, M., M\u00e4hk\u00e4, R. &amp; Ollitervo, S (eds.) Kulttuurihistorian tutkimus. L\u00e4hteist\u00e4 menetelmiin ja tulkintaan. Kulttuurihistoria \u2013 Cultural History.<\/p>\n\n\n\n<p>Kinnunen, V. 2022: Corporeal Ethics in a more-than-human World (Rosalyn Diprose). In Hunter, C., &amp; Kivinen, N. (Eds.). Affect in Organization and Management. Routledge.<\/p>\n\n\n\n<p>Atkinson, S., Brives, C., Biederman, S., Ca\u00f1ada, J., Chartier, D., Davidson, AC, Evans, J., Kinnunen. V. et. al. 2021: Introducing with Microbes: From Witnessing to Withnessing. In Brives, S., Rest, M., Sariola, S. (Eds.) With Microbes. Mattering Press. https:\/\/doi.org\/10.28938\/9781912729180<\/p>\n\n\n\n<p>Kinnunen, V. 2021: Knowing, being, and living with bokashi. In Brives, S., Rest, M., Sariola, S. (Eds.) With Microbes. Mattering Press. https:\/\/doi.org\/10.28938\/9781912729180<\/p>\n\n\n\n<p>Kinnunen, V., Wallenius-Korkalo, S. &amp; Rantala, P. 2021: Transformative events: Feminist experiments in writing differently. Gender, Work and Organization. https:\/\/doi.org\/10.1111\/gwao.12606<\/p>\n\n\n\n<p>Kinnunen, V., Huilaja, H., Saariniemi, J. &amp; Valkonen, J. 2020: Environmental concern in waste economy \u2013 A case study of waste policy in Finnish Lapland. In Ek, R. &amp; Johansson, N. (Eds.) Opening the Bin: Perspectives on Waste from the Social Sciences and the Humanities. Cambridge Scholars Publishing.<\/p>\n\n\n\n<p>Valkonen, J, Kinnunen, V., Huilaja, H., Saariniemi, J. et. al. 2017: J\u00e4tehallinta ja ymp\u00e4rist\u00f6nsuojelu [Waste Governance and Environmentalism] Sosiologia 54:1, 23\u201342.<\/p>\n\n\n\n<p>Books:<\/p>\n\n\n\n<p>Kinnunen, V. 2023: Bokashi. Vallankumous \u00e4mp\u00e4riss\u00e4. Avain kustannus.<\/p>\n\n\n\n<p>Valkonen, J., Pyyhtinen, O., Lehtonen, T-K., Kinnunen, V., Huilaja, H. 2019: Tervetuloa J\u00e4teyhteiskuntaan! Aineellisen ylij\u00e4\u00e4m\u00e4n kanssa el\u00e4minen. [Welcome to Waste Society. Living with material surplus] Tampere: Vastapaino.<\/p>\n\n\n\n<p>Kinnunen, V. 2017: Tavarat tiell\u00e4: Sosiologinen tutkimus esinesuhteista [Things in and on the way. A sociological study on the relationship between people and things]. Doctoral Dissertation. University of Lapland Press, Rovaniemi.<\/p>\n\n\n\n<p>Edited publications:<\/p>\n\n\n\n<p>Rantala, O., Kinnunen, V. &amp; H\u00f6ckert, E. 2022: Researching with Proximity. Relational methodologies for the Anthropocene. Palgrave MacMillan.<\/p>\n\n\n\n<p>Valkonen, J., Kinnunen, V., Huilaja, H. &amp; Loikkanen, T. 2022 (eds): Infrastructural being. Rethinking dwelling in a naturecultural world. Palgrave Macmillan.<\/p>\n\n\n\n<p>Kinnunen, V. &amp; Valtonen, A. 2017(eds.): Living Ethics in a more than human world. Rovaniemi: Lapin yliopisto.<\/p>\n","protected":false},"excerpt":{"rendered":"<p>Veera Kinnunen, Post-doc researcher Veera Kinnunen (Ph.D.) University of Lapland, Bachelor of Design, Kuopio Academy of Design) is a sociologist and a cultural historian working on a threshold of more-than-human sociology, environmental humanities, and feminist ethics. Her research interests cover material culture of everyday life, dwelling, and living well with unwanted stuff such as waste,&#8230;<\/p>\n","protected":false},"author":3747,"featured_media":0,"parent":19,"menu_order":0,"comment_status":"closed","ping_status":"closed","template":"","meta":{"ngg_post_thumbnail":0,"footnotes":""},"class_list":["post-143","page","type-page","status-publish","hentry"],"_links":{"self":[{"href":"https:\/\/blogi.eoppimispalvelut.fi\/intraliving\/wp-json\/wp\/v2\/pages\/143","targetHints":{"allow":["GET"]}}],"collection":[{"href":"https:\/\/blogi.eoppimispalvelut.fi\/intraliving\/wp-json\/wp\/v2\/pages"}],"about":[{"href":"https:\/\/blogi.eoppimispalvelut.fi\/intraliving\/wp-json\/wp\/v2\/types\/page"}],"author":[{"embeddable":true,"href":"https:\/\/blogi.eoppimispalvelut.fi\/intraliving\/wp-json\/wp\/v2\/users\/3747"}],"replies":[{"embeddable":true,"href":"https:\/\/blogi.eoppimispalvelut.fi\/intraliving\/wp-json\/wp\/v2\/comments?post=143"}],"version-history":[{"count":10,"href":"https:\/\/blogi.eoppimispalvelut.fi\/intraliving\/wp-json\/wp\/v2\/pages\/143\/revisions"}],"predecessor-version":[{"id":1588,"href":"https:\/\/blogi.eoppimispalvelut.fi\/intraliving\/wp-json\/wp\/v2\/pages\/143\/revisions\/1588"}],"up":[{"embeddable":true,"href":"https:\/\/blogi.eoppimispalvelut.fi\/intraliving\/wp-json\/wp\/v2\/pages\/19"}],"wp:attachment":[{"href":"https:\/\/blogi.eoppimispalvelut.fi\/intraliving\/wp-json\/wp\/v2\/media?parent=143"}],"curies":[{"name":"wp","href":"https:\/\/api.w.org\/{rel}","templated":true}]}}