{"id":614,"date":"2020-06-15T09:47:57","date_gmt":"2020-06-15T06:47:57","guid":{"rendered":"https:\/\/blogi.eoppimispalvelut.fi\/intraliving\/?page_id=614"},"modified":"2025-10-08T13:58:23","modified_gmt":"2025-10-08T10:58:23","slug":"our-youtube-channel","status":"publish","type":"page","link":"https:\/\/blogi.eoppimispalvelut.fi\/intraliving\/our-youtube-channel\/","title":{"rendered":"Our YouTube Channel"},"content":{"rendered":"\n<div class=\"wp-block-buttons is-content-justification-center is-layout-flex wp-container-core-buttons-is-layout-16018d1d wp-block-buttons-is-layout-flex\">\n<div class=\"wp-block-button is-style-outline is-style-outline--1\"><a class=\"wp-block-button__link has-large-font-size has-custom-font-size wp-element-button\" href=\"https:\/\/www.youtube.com\/@ilarctic7428\" target=\"_blank\" rel=\"noreferrer noopener\"><strong>ILArctic YouTube channel<\/strong><\/a><\/div>\n<\/div>\n\n\n<p>&nbsp;<\/p>\n<p>&nbsp;<\/p>\n\n\n<figure class=\"wp-block-embed is-type-video is-provider-youtube wp-block-embed-youtube wp-embed-aspect-16-9 wp-has-aspect-ratio\"><div class=\"wp-block-embed__wrapper\">\n<iframe loading=\"lazy\" title=\"Slowing Down on a Fairytale Forest Path\" width=\"1099\" height=\"618\" src=\"https:\/\/www.youtube.com\/embed\/O8CbE_T-dEE?feature=oembed\" frameborder=\"0\" allow=\"accelerometer; autoplay; clipboard-write; encrypted-media; gyroscope; picture-in-picture; web-share\" referrerpolicy=\"strict-origin-when-cross-origin\" allowfullscreen><\/iframe>\n<\/div><\/figure>\n\n\n\n<p>Set in Ollerovaara, Finnish Lapland \u2014 near Rovaniemi, the official hometown of Santa Claus \u2014 this short film invites you to slow down and engage with stories from a forest. Originally created as a student experience design project for Lapland Winter Park, the \u201cfairytrail\u201d explores how multispecies storytelling and eco-phenomenological thinking can reshape our relationship with nature.<\/p>\n\n\n\n<div style=\"height:38px\" aria-hidden=\"true\" class=\"wp-block-spacer\"><\/div>\n\n\n\n<figure class=\"wp-block-embed is-type-video is-provider-youtube wp-block-embed-youtube wp-embed-aspect-16-9 wp-has-aspect-ratio\"><div class=\"wp-block-embed__wrapper\">\n<iframe loading=\"lazy\" title=\"One by Walking Walkshop in Pyh\u00e4, Spring 2025\" width=\"1099\" height=\"618\" src=\"https:\/\/www.youtube.com\/embed\/m7--4ohNKqQ?feature=oembed\" frameborder=\"0\" allow=\"accelerometer; autoplay; clipboard-write; encrypted-media; gyroscope; picture-in-picture; web-share\" referrerpolicy=\"strict-origin-when-cross-origin\" allowfullscreen><\/iframe>\n<\/div><\/figure>\n\n\n\n<p><a href=\"https:\/\/www.onebywalking.net\/\">One by Walking<\/a> Walkshop in Pyh\u00e4, Spring 2025. Video by <a href=\"http:\/\/www.huyue.uk.\">Yue Hu<\/a>, PhD Researcher, School of Art, Design, and Architecture, University of Plymouth.<\/p>\n\n\n\n<div style=\"height:35px\" aria-hidden=\"true\" class=\"wp-block-spacer\"><\/div>\n\n\n\n<figure class=\"wp-block-embed is-type-video is-provider-youtube wp-block-embed-youtube wp-embed-aspect-16-9 wp-has-aspect-ratio\"><div class=\"wp-block-embed__wrapper\">\n<iframe loading=\"lazy\" title=\"Researching with Proximity\" width=\"1099\" height=\"618\" src=\"https:\/\/www.youtube.com\/embed\/7czrKPemePc?feature=oembed\" frameborder=\"0\" allow=\"accelerometer; autoplay; clipboard-write; encrypted-media; gyroscope; picture-in-picture; web-share\" referrerpolicy=\"strict-origin-when-cross-origin\" allowfullscreen><\/iframe>\n<\/div><\/figure>\n\n\n\n<p>A selected preview to Researching with Proximity book, made to awaken a desire to listen and to learn, from different modes of storytelling that go beyond verbal communication.<\/p>\n\n\n\n<div style=\"height:36px\" aria-hidden=\"true\" class=\"wp-block-spacer\"><\/div>\n\n\n\n<figure class=\"wp-block-embed is-type-video is-provider-youtube wp-block-embed-youtube wp-embed-aspect-16-9 wp-has-aspect-ratio\"><div class=\"wp-block-embed__wrapper\">\n<iframe loading=\"lazy\" title=\"Re-thinking tourism with our proximate surroundings\" width=\"1099\" height=\"618\" src=\"https:\/\/www.youtube.com\/embed\/wuoSE7Eh0Us?feature=oembed\" frameborder=\"0\" allow=\"accelerometer; autoplay; clipboard-write; encrypted-media; gyroscope; picture-in-picture; web-share\" referrerpolicy=\"strict-origin-when-cross-origin\" allowfullscreen><\/iframe>\n<\/div><figcaption class=\"wp-element-caption\">IN THE DIALOGUE:<br>Aksana Kurola, Husky &amp; Yoga Nature (www.yoganature.fi) and Outi Rantala, ILA research group, University of Lapland (www.ilarctic.com)<br>Photography\/video: Antti Kurola, Kurola Photography<br>Editing: Marko Pynn\u00f6nen, Mideo<br>This video is part of the work of the ILA research group, funded by the Academy of Finland (Envisioning proximity tourism with new materialism, project no 3244)<\/figcaption><\/figure>\n\n\n\n<p><\/p>\n\n\n\n<figure class=\"wp-block-embed is-type-video is-provider-youtube wp-block-embed-youtube wp-embed-aspect-16-9 wp-has-aspect-ratio\"><div class=\"wp-block-embed__wrapper\">\n<iframe loading=\"lazy\" title=\"Kyl\u00e4ilem\u00e4ss\u00e4\" width=\"1099\" height=\"618\" src=\"https:\/\/www.youtube.com\/embed\/7TQ5nsCPvRU?feature=oembed\" frameborder=\"0\" allow=\"accelerometer; autoplay; clipboard-write; encrypted-media; gyroscope; picture-in-picture; web-share\" referrerpolicy=\"strict-origin-when-cross-origin\" allowfullscreen><\/iframe>\n<\/div><figcaption class=\"wp-element-caption\">A tale from nearby nature narrated in Finnish by Outi Rantala. The same tale in English available at https:\/\/www.youtube.com\/watch?v=5dFtkUoubIQ <\/figcaption><\/figure>\n\n\n\n<figure class=\"wp-block-embed is-type-video is-provider-youtube wp-block-embed-youtube wp-embed-aspect-16-9 wp-has-aspect-ratio\"><div class=\"wp-block-embed__wrapper\">\n<iframe loading=\"lazy\" title=\"A Speech to a Mosquito\" width=\"1099\" height=\"618\" src=\"https:\/\/www.youtube.com\/embed\/xCAoq3A0RBo?feature=oembed\" frameborder=\"0\" allow=\"accelerometer; autoplay; clipboard-write; encrypted-media; gyroscope; picture-in-picture; web-share\" referrerpolicy=\"strict-origin-when-cross-origin\" allowfullscreen><\/iframe>\n<\/div><figcaption class=\"wp-element-caption\">A Speech to A Mosquito, narrated in English by Joonas Vola. The same speech in Finnish narrated by Anu Valtonen available at https:\/\/www.youtube.com\/watch?v=VOf5gZTqhEU<\/figcaption><\/figure>\n\n\n\n<figure class=\"wp-block-embed is-type-video is-provider-youtube wp-block-embed-youtube wp-embed-aspect-16-9 wp-has-aspect-ratio\"><div class=\"wp-block-embed__wrapper\">\n<iframe loading=\"lazy\" title=\"Kivien Kosketus\" width=\"1099\" height=\"618\" src=\"https:\/\/www.youtube.com\/embed\/aajP3lKWHDM?feature=oembed\" frameborder=\"0\" allow=\"accelerometer; autoplay; clipboard-write; encrypted-media; gyroscope; picture-in-picture; web-share\" referrerpolicy=\"strict-origin-when-cross-origin\" allowfullscreen><\/iframe>\n<\/div><figcaption class=\"wp-element-caption\">A story on touching rocks narrated in Finnish by Anu Valtonen. To listen the English version narrated by Joonas Vola, please enter https:\/\/www.youtube.com\/watch?v=-xJauEtVegw<\/figcaption><\/figure>\n\n\n\n<figure class=\"wp-block-embed is-type-video is-provider-youtube wp-block-embed-youtube wp-embed-aspect-16-9 wp-has-aspect-ratio\"><div class=\"wp-block-embed__wrapper\">\n<iframe loading=\"lazy\" title=\"Narrating the change: Storytelling in more-than-human worlds\" width=\"1099\" height=\"618\" src=\"https:\/\/www.youtube.com\/embed\/uJB2wFw7F4k?feature=oembed\" frameborder=\"0\" allow=\"accelerometer; autoplay; clipboard-write; encrypted-media; gyroscope; picture-in-picture; web-share\" referrerpolicy=\"strict-origin-when-cross-origin\" allowfullscreen><\/iframe>\n<\/div><figcaption class=\"wp-element-caption\">In the video Emily H\u00f6ckert takes us to a walk, reflects on different ways of narrating the change through different writings of academics, by reviewing the stories of the childrens&#8217; bookshelf and by referring to the activities co-conducted by the members of the ILA group.<\/figcaption><\/figure>\n\n\n\n<figure class=\"wp-block-embed is-type-video is-provider-youtube wp-block-embed-youtube wp-embed-aspect-4-3 wp-has-aspect-ratio\"><div class=\"wp-block-embed__wrapper\">\n<iframe loading=\"lazy\" title=\"Operation Prao EG 2022\" width=\"1099\" height=\"824\" src=\"https:\/\/www.youtube.com\/embed\/cTj65rp2FVw?feature=oembed\" frameborder=\"0\" allow=\"accelerometer; autoplay; clipboard-write; encrypted-media; gyroscope; picture-in-picture; web-share\" referrerpolicy=\"strict-origin-when-cross-origin\" allowfullscreen><\/iframe>\n<\/div><figcaption class=\"wp-element-caption\">Hur blir man en forskare? Hur ser forskarens arbetsdag ut? Vem \u00e4r forskarens b\u00e4sta kompis?<br>F\u00f6lj med Gustav Ek och Emily H\u00f6ckert och l\u00e4r dig mer! (How to become a researcher? How does a researcher work? Who might be the researcher&#8217;s best friend? Follow Gustav Ek and Emily H\u00f6ckert to find answers to these questions!)<\/figcaption><\/figure>\n\n\n\n<figure class=\"wp-block-embed is-type-video is-provider-youtube wp-block-embed-youtube wp-embed-aspect-16-9 wp-has-aspect-ratio\"><div class=\"wp-block-embed__wrapper\">\n<iframe loading=\"lazy\" title=\"Multispecies studies as an approach to sustainability\" width=\"1099\" height=\"618\" src=\"https:\/\/www.youtube.com\/embed\/_4fqC_xZmVw?feature=oembed\" frameborder=\"0\" allow=\"accelerometer; autoplay; clipboard-write; encrypted-media; gyroscope; picture-in-picture; web-share\" referrerpolicy=\"strict-origin-when-cross-origin\" allowfullscreen><\/iframe>\n<\/div><figcaption class=\"wp-element-caption\">Outi Rantala and Veera Kinnunen inter into dialogue on Northern perspectives to sustainability: Multispecies Studies as an approach to sustainability. To watch the discussion in Finnish, please enter https:\/\/www.youtube.com\/watch?v=UZcMRmyM6KQ<\/figcaption><\/figure>\n\n\n\n<figure class=\"wp-block-embed is-type-video is-provider-youtube wp-block-embed-youtube wp-embed-aspect-16-9 wp-has-aspect-ratio\"><div class=\"wp-block-embed__wrapper\">\n<iframe loading=\"lazy\" title=\"Journeying with the spring in Pyh\u00e4, Lapland, Finland\" width=\"1099\" height=\"618\" src=\"https:\/\/www.youtube.com\/embed\/Ji9Zi3ffUVw?feature=oembed\" frameborder=\"0\" allow=\"accelerometer; autoplay; clipboard-write; encrypted-media; gyroscope; picture-in-picture; web-share\" referrerpolicy=\"strict-origin-when-cross-origin\" allowfullscreen><\/iframe>\n<\/div><figcaption class=\"wp-element-caption\">Take a seat, relax and put on your headphones and enjoy next 30 minutes as we take you to a journey through the transformation of the nature in Pyh\u00e4-Luosto National park, Lapland, Finland during Spring 2020. Film produced by Beyond Arctic. <\/figcaption><\/figure>\n","protected":false},"excerpt":{"rendered":"<p>&nbsp; &nbsp; Set in Ollerovaara, Finnish Lapland \u2014 near Rovaniemi, the official hometown of Santa Claus \u2014 this short film invites you to slow down and engage with stories from a forest. Originally created as a student experience design project for Lapland Winter Park, the \u201cfairytrail\u201d explores how multispecies storytelling and eco-phenomenological thinking can reshape&#8230;<\/p>\n","protected":false},"author":4436,"featured_media":0,"parent":0,"menu_order":0,"comment_status":"closed","ping_status":"closed","template":"","meta":{"ngg_post_thumbnail":0,"footnotes":""},"class_list":["post-614","page","type-page","status-publish","hentry"],"_links":{"self":[{"href":"https:\/\/blogi.eoppimispalvelut.fi\/intraliving\/wp-json\/wp\/v2\/pages\/614","targetHints":{"allow":["GET"]}}],"collection":[{"href":"https:\/\/blogi.eoppimispalvelut.fi\/intraliving\/wp-json\/wp\/v2\/pages"}],"about":[{"href":"https:\/\/blogi.eoppimispalvelut.fi\/intraliving\/wp-json\/wp\/v2\/types\/page"}],"author":[{"embeddable":true,"href":"https:\/\/blogi.eoppimispalvelut.fi\/intraliving\/wp-json\/wp\/v2\/users\/4436"}],"replies":[{"embeddable":true,"href":"https:\/\/blogi.eoppimispalvelut.fi\/intraliving\/wp-json\/wp\/v2\/comments?post=614"}],"version-history":[{"count":24,"href":"https:\/\/blogi.eoppimispalvelut.fi\/intraliving\/wp-json\/wp\/v2\/pages\/614\/revisions"}],"predecessor-version":[{"id":1829,"href":"https:\/\/blogi.eoppimispalvelut.fi\/intraliving\/wp-json\/wp\/v2\/pages\/614\/revisions\/1829"}],"wp:attachment":[{"href":"https:\/\/blogi.eoppimispalvelut.fi\/intraliving\/wp-json\/wp\/v2\/media?parent=614"}],"curies":[{"name":"wp","href":"https:\/\/api.w.org\/{rel}","templated":true}]}}