{"id":7,"date":"2020-10-06T12:35:20","date_gmt":"2020-10-06T09:35:20","guid":{"rendered":"https:\/\/blogi.eoppimispalvelut.fi\/jatkumo\/?page_id=7"},"modified":"2023-07-31T08:16:15","modified_gmt":"2023-07-31T05:16:15","slug":"hankkeesta","status":"publish","type":"page","link":"https:\/\/blogi.eoppimispalvelut.fi\/jatkumo\/hankkeesta\/","title":{"rendered":"Hankkeesta"},"content":{"rendered":"<p>[et_pb_section fb_built=&#8221;1&#8243; fullwidth=&#8221;on&#8221; admin_label=&#8221;Header&#8221; _builder_version=&#8221;4.20.4&#8243; background_image=&#8221;https:\/\/blogi.eoppimispalvelut.fi\/jatkumo\/files\/2023\/05\/pexels-vlada-karpovich-7433848-scaled.jpg&#8221; parallax=&#8221;on&#8221; parallax_method=&#8221;off&#8221; custom_margin=&#8221;|||&#8221; custom_padding=&#8221;|||&#8221; global_colors_info=&#8221;{}&#8221;][et_pb_fullwidth_header title=&#8221;JATKUMO 1.8.2020-31.7.2023&#8243; button_one_url=&#8221;https:\/\/blogi.eoppimispalvelut.fi\/jatkumo\/hanke\/&#8221; content_max_width=&#8221;650px&#8221; content_max_width_tablet=&#8221;480px&#8221; content_max_width_phone=&#8221;&#8221; content_max_width_last_edited=&#8221;on|phone&#8221; _builder_version=&#8221;4.18.0&#8243; title_font=&#8221;Abril Fatface||||||||&#8221; title_font_size=&#8221;70px&#8221; title_line_height=&#8221;1.2em&#8221; content_font=&#8221;||||||||&#8221; content_text_color=&#8221;#000000&#8243; content_font_size=&#8221;16px&#8221; content_line_height=&#8221;2em&#8221; background_color=&#8221;rgba(255,255,255,0)&#8221; use_background_color_gradient=&#8221;on&#8221; background_color_gradient_type=&#8221;circular&#8221; background_color_gradient_direction_radial=&#8221;right&#8221; background_color_gradient_stops=&#8221;rgba(255,255,255,0) 0%|#ffffff 62%&#8221; background_color_gradient_start=&#8221;rgba(255,255,255,0)&#8221; background_color_gradient_start_position=&#8221;40%&#8221; background_color_gradient_end=&#8221;#ffffff&#8221; background_color_gradient_end_position=&#8221;60%&#8221; background_position=&#8221;center_left&#8221; custom_button_one=&#8221;on&#8221; button_one_text_size=&#8221;16px&#8221; button_one_text_color=&#8221;#ffffff&#8221; button_one_bg_color=&#8221;#ff6d4a&#8221; button_one_border_width=&#8221;15px&#8221; button_one_border_color=&#8221;#ff6d4a&#8221; button_one_border_radius=&#8221;4px&#8221; button_one_letter_spacing=&#8221;3px&#8221; button_one_font=&#8221;Cabin|700||on|||||&#8221; background_layout=&#8221;light&#8221; max_width_tablet=&#8221;100%&#8221; max_width_last_edited=&#8221;off|desktop&#8221; custom_padding=&#8221;10vw||10vw||true&#8221; custom_padding_tablet=&#8221;|||&#8221; custom_padding_phone=&#8221;2vw|0%|2vw||true&#8221; custom_padding_last_edited=&#8221;on|desktop&#8221; animation_style=&#8221;slide&#8221; animation_direction=&#8221;right&#8221; animation_intensity_slide=&#8221;2%&#8221; title_font_size_tablet=&#8221;50px&#8221; title_font_size_phone=&#8221;32px&#8221; title_font_size_last_edited=&#8221;on|desktop&#8221; box_shadow_style_button_one=&#8221;preset3&#8243; box_shadow_vertical_button_one=&#8221;20px&#8221; box_shadow_blur_button_one=&#8221;40px&#8221; box_shadow_spread_button_one=&#8221;-7px&#8221; box_shadow_color_button_one=&#8221;rgba(255,109,74,0.5)&#8221; button_one_border_radius_hover=&#8221;4px&#8221; button_one_letter_spacing_hover=&#8221;3px&#8221; global_colors_info=&#8221;{}&#8221; button_one_text_size__hover_enabled=&#8221;off&#8221; button_two_text_size__hover_enabled=&#8221;off&#8221; button_one_text_color__hover_enabled=&#8221;off&#8221; button_two_text_color__hover_enabled=&#8221;off&#8221; button_one_border_width__hover_enabled=&#8221;off&#8221; button_two_border_width__hover_enabled=&#8221;off&#8221; button_one_border_color__hover_enabled=&#8221;off&#8221; button_two_border_color__hover_enabled=&#8221;off&#8221; button_one_border_radius__hover_enabled=&#8221;on&#8221; button_one_border_radius__hover=&#8221;4px&#8221; button_two_border_radius__hover_enabled=&#8221;off&#8221; button_one_letter_spacing__hover_enabled=&#8221;on&#8221; button_one_letter_spacing__hover=&#8221;3px&#8221; button_two_letter_spacing__hover_enabled=&#8221;off&#8221; button_one_bg_color__hover_enabled=&#8221;off&#8221; button_two_bg_color__hover_enabled=&#8221;off&#8221;]<\/p>\n<p>Jatkuva oppiminen on t\u00e4rke\u00e4ss\u00e4 asemassa yhteiskunnan kehitt\u00e4misess\u00e4 ja yksi ministeri\u00f6n k\u00e4rkitavoitteista. Ammattikorkeakouluilta edellytet\u00e4\u00e4n yritysl\u00e4ht\u00f6isi\u00e4 palvelumalleja ja \u00e4lyk\u00e4st\u00e4 erikoistumista strategisesti valittuihin osaamisalueisiin, mist\u00e4 syyst\u00e4 ne ovat kehitt\u00e4neet erilaisia palvelumalleja suhteessa omaan strategiaansa. T\u00e4m\u00e4n hankkeen uutuusarvo on se, ett\u00e4 palvelumalleja suunnitellaan ja piloitoidaan yhteisesti ammattikorkeakoulujen kesken.<\/p>\n<p>&nbsp;<\/p>\n<p>JATKUMO-hankkeen tarkoituksena on ammattikorkeakoulujen v\u00e4lisen yhteisty\u00f6n syvent\u00e4minen ja jatkuvaan oppimiseen liittyvien palvelu- ja toimintamallien luominen. Yhteisty\u00f6n my\u00f6t\u00e4 kullekin ammattikorkeakoululle avautuu mahdollisuus tuoda esille omia k\u00e4rkiosaamisiaan, jotka ovat kaikkien yritysten ja organisaatioiden saatavilla valtakunnallisesti.<\/p>\n<p>&nbsp;<\/p>\n<p>JATKUMO-hankkeella pyrit\u00e4\u00e4n hakemaan yhteisi\u00e4 ja yhten\u00e4isi\u00e4 k\u00e4yt\u00e4nteit\u00e4 eri ammattikorkeakoulujen v\u00e4lill\u00e4. Yhteisty\u00f6n johdosta eri ammattikorkeakoulujen koulutuspalvelut t\u00e4ydent\u00e4v\u00e4t toisiaan ja ovat kattavasti koko maan laajuisesti hy\u00f6dynnett\u00e4viss\u00e4. Hankkeen avulla levitet\u00e4\u00e4n tietoa ammattikorkeakoulujen tarjoamista palveluista ja niiden saatavuudesta.<\/p>\n<p>[\/et_pb_fullwidth_header][\/et_pb_section][et_pb_section fb_built=&#8221;1&#8243; admin_label=&#8221;About&#8221; _builder_version=&#8221;4.16&#8243; global_colors_info=&#8221;{}&#8221;][et_pb_row column_structure=&#8221;1_2,1_2&#8243; padding_top_bottom_link_2=&#8221;false&#8221; _builder_version=&#8221;4.16&#8243; global_colors_info=&#8221;{}&#8221;][et_pb_column type=&#8221;1_2&#8243; _builder_version=&#8221;4.16&#8243; background_size=&#8221;initial&#8221; custom_padding=&#8221;|||&#8221; global_colors_info=&#8221;{}&#8221; custom_padding__hover=&#8221;|||&#8221;][et_pb_image src=&#8221;https:\/\/blogi.eoppimispalvelut.fi\/jatkumo\/files\/2023\/04\/Jatkumo-asiantuntijat.jpg&#8221; alt=&#8221;Jatkumo-hankkeen asiantuntijat Vantaalla Tikkurilan kampuksella&#8221; title_text=&#8221;Jatkumo asiantuntijat&#8221; align_tablet=&#8221;center&#8221; align_phone=&#8221;&#8221; align_last_edited=&#8221;on|desktop&#8221; _builder_version=&#8221;4.20.4&#8243; custom_margin=&#8221;105px|||||&#8221; animation_style=&#8221;slide&#8221; animation_direction=&#8221;left&#8221; animation_intensity_slide=&#8221;2%&#8221; border_radii=&#8221;on|4px|4px|4px|4px&#8221; global_colors_info=&#8221;{}&#8221;][\/et_pb_image][\/et_pb_column][et_pb_column type=&#8221;1_2&#8243; _builder_version=&#8221;4.16&#8243; background_image=&#8221;https:\/\/blogi.eoppimispalvelut.fi\/jatkumo\/files\/2021\/10\/square-bg.png&#8221; background_size=&#8221;initial&#8221; background_position=&#8221;top_left&#8221; custom_padding=&#8221;10%|||40px&#8221; custom_padding_tablet=&#8221;|||&#8221; custom_padding_last_edited=&#8221;off|desktop&#8221; global_colors_info=&#8221;{}&#8221; padding_tablet=&#8221;|||&#8221; padding_last_edited=&#8221;off|desktop&#8221; custom_padding__hover=&#8221;|||&#8221;][et_pb_text _builder_version=&#8221;4.20.4&#8243; text_font=&#8221;||||||||&#8221; text_font_size=&#8221;16px&#8221; text_line_height=&#8221;2em&#8221; header_font=&#8221;||||||||&#8221; header_2_font=&#8221;Abril Fatface||||||||&#8221; header_2_font_size=&#8221;55px&#8221; header_2_line_height=&#8221;1.2em&#8221; max_width=&#8221;600px&#8221; header_2_font_size_tablet=&#8221;50px&#8221; header_2_font_size_phone=&#8221;32px&#8221; header_2_font_size_last_edited=&#8221;on|desktop&#8221; locked=&#8221;off&#8221; global_colors_info=&#8221;{}&#8221;]<\/p>\n<h2>Hankkeen tavoitteena on<\/h2>\n<ul>\n<li>yritysten osaamistarpeiden hahmottaminen<\/li>\n<li>korkeakoulujen v\u00e4lisen palveluliiketoimintaan liittyv\u00e4n yhteisty\u00f6n kehitt\u00e4minen<\/li>\n<li>jatkuvan oppimisen n\u00e4kyvyyden ja ammattikorkeakoulujen yhteiskunnallisen vaikuttavuuden parantaminen<\/li>\n<li>ty\u00f6llisyyden kuntakokeilun kohderyhmien ty\u00f6llisyystavoitteiden tukeminen<\/li>\n<\/ul>\n<p>[\/et_pb_text][\/et_pb_column][\/et_pb_row][\/et_pb_section][et_pb_section fb_built=&#8221;1&#8243; custom_padding_last_edited=&#8221;on|desktop&#8221; admin_label=&#8221;Services&#8221; _builder_version=&#8221;4.16&#8243; background_color=&#8221;#ffffff&#8221; use_background_color_gradient=&#8221;on&#8221; background_color_gradient_stops=&#8221;rgba(249,249,251,0) 10%|#f9f9fb 10%&#8221; background_color_gradient_start=&#8221;rgba(249,249,251,0)&#8221; background_color_gradient_start_position=&#8221;10%&#8221; background_color_gradient_end=&#8221;#f9f9fb&#8221; background_color_gradient_end_position=&#8221;10%&#8221; background_image=&#8221;https:\/\/blogi.eoppimispalvelut.fi\/jatkumo\/files\/2021\/10\/jatkumo-etusivu-mita-teemme.png&#8221; background_size=&#8221;initial&#8221; background_position=&#8221;top_center&#8221; custom_padding=&#8221;180px|||&#8221; custom_padding_tablet=&#8221;6%|||&#8221; custom_padding_phone=&#8221;&#8221; global_colors_info=&#8221;{}&#8221;][et_pb_row _builder_version=&#8221;4.16&#8243; global_colors_info=&#8221;{}&#8221;][et_pb_column type=&#8221;4_4&#8243; _builder_version=&#8221;4.16&#8243; custom_padding=&#8221;|||&#8221; custom_padding_tablet=&#8221;&#8221; custom_padding_phone=&#8221;&#8221; custom_padding_last_edited=&#8221;on|phone&#8221; global_colors_info=&#8221;{}&#8221; padding_last_edited=&#8221;on|phone&#8221; custom_padding__hover=&#8221;|||&#8221;][et_pb_text _builder_version=&#8221;4.20.4&#8243; text_font=&#8221;||||||||&#8221; text_font_size=&#8221;16px&#8221; text_line_height=&#8221;2em&#8221; header_font=&#8221;||||||||&#8221; header_2_font=&#8221;Abril Fatface||||||||&#8221; header_2_font_size=&#8221;55px&#8221; header_2_line_height=&#8221;1.2em&#8221; max_width=&#8221;600px&#8221; header_2_font_size_tablet=&#8221;50px&#8221; header_2_font_size_phone=&#8221;32px&#8221; header_2_font_size_last_edited=&#8221;on|desktop&#8221; global_colors_info=&#8221;{}&#8221;]<\/p>\n<h2>JATKUMO-<\/h2>\n<h2>Korkeakoulut yritysten jatkuvan oppimisen tukena<\/h2>\n<p>P\u00e4\u00e4toteuttaja: Lapin ammattikorkeakoulu Oy<br \/>Koulutus: Liiketalouden koulutus<br \/>Osaamisryhm\u00e4: Vastuulliset palvelut<\/p>\n<p>Yhteisty\u00f6kumppanit:<br \/>Jyv\u00e4skyl\u00e4n ammattikorkeakoulu Oy<br \/>Karelia Ammattikorkeakoulu Oy<br \/>Laurea ammattikorkeakoulu<br \/>Centria Ammattikorkeakoulu<br \/>Savonia ammattikorkeakoulu<br \/>Oulun ammattikorkeakoulu Oy<br \/>Kaakkois-Suomen ammattikorkeakoulu Oy<br \/>LAB-ammattikorkeakoulu Oy<br \/>Humanistinen ammattikorkeakoulu<\/p>\n<p>Aikataulu:<br \/>1.8.2020 &#8211; 31.7.2023<\/p>\n<p>Rahoitusl\u00e4hteet:<br \/>Opetus- ja kulttuuriministeri\u00f6<\/p>\n<p>Kokonaisbudjetti:<br \/>555 556 \u20ac<\/p>\n<p>[\/et_pb_text][\/et_pb_column][\/et_pb_row][\/et_pb_section][et_pb_section fb_built=&#8221;1&#8243; admin_label=&#8221;Stats&#8221; _builder_version=&#8221;4.16&#8243; background_color=&#8221;#ff6d4a&#8221; max_width_tablet=&#8221;&#8221; max_width_phone=&#8221;&#8221; max_width_last_edited=&#8221;on|phone&#8221; global_colors_info=&#8221;{}&#8221;][\/et_pb_section]<\/p>\n","protected":false},"excerpt":{"rendered":"<p>Jatkuva oppiminen on t\u00e4rke\u00e4ss\u00e4 asemassa yhteiskunnan kehitt\u00e4misess\u00e4 ja yksi ministeri\u00f6n k\u00e4rkitavoitteista. Ammattikorkeakouluilta edellytet\u00e4\u00e4n yritysl\u00e4ht\u00f6isi\u00e4 palvelumalleja ja \u00e4lyk\u00e4st\u00e4 erikoistumista strategisesti valittuihin osaamisalueisiin, mist\u00e4 syyst\u00e4 ne ovat kehitt\u00e4neet erilaisia palvelumalleja suhteessa omaan [&hellip;]<\/p>\n","protected":false},"author":2846,"featured_media":0,"parent":0,"menu_order":0,"comment_status":"closed","ping_status":"closed","template":"","meta":{"_et_pb_use_builder":"on","_et_pb_old_content":"<p><strong>JATKUMO 1.8.2020-31.7.2023<\/strong><\/p><p>Jatkuva oppiminen on t\u00e4rke\u00e4ss\u00e4 asemassa yhteiskunnan kehitt\u00e4misess\u00e4 ja yksi ministeri\u00f6n k\u00e4rkitavoitteista. Ammattikorkeakouluilta edellytet\u00e4\u00e4n yritysl\u00e4ht\u00f6isi\u00e4 palvelumalleja ja \u00e4lyk\u00e4st\u00e4 erikoistumista strategisesti valittuihin osaamisalueisiin, mist\u00e4 syyst\u00e4 ne ovat kehitt\u00e4neet erilaisia palvelumalleja suhteessa omaan strategiaansa. T\u00e4m\u00e4n hankkeen uutuusarvo on se, ett\u00e4 palvelumalleja suunnitellaan ja piloitoidaan yhteisesti.<\/p><p>JATKUMO- hankkeen tarkoituksena on ammattikorkeakoulujen v\u00e4lisen yhteisty\u00f6n syvent\u00e4minen ja jatkuvaan oppimiseen liittyv\u00e4n palvelumallin luominen. Yhteisty\u00f6n my\u00f6t\u00e4 kullekin ammattikorkeakoululle avautuu mahdollisuus erikoistua tiettyyn k\u00e4rkiosaamiseen, joka on mallin my\u00f6t\u00e4 kaikkien yritysten ja organisaatioiden saatavilla valtakunnallisesti.<\/p><p>JATKUMO-hankkeella pyrit\u00e4\u00e4n yhdist\u00e4m\u00e4\u00e4n korkeakoulujen kumppanuudet jatkuvan oppimisen malliin ja samalla hakemaan yhteisi\u00e4 ja yhten\u00e4isi\u00e4 k\u00e4yt\u00e4nteit\u00e4 eri ammattikorkeakoulujen v\u00e4lill\u00e4. Hankkeella vahvistetaan ammattikorkeakoulujen koulutustarjonnan sek\u00e4 kehitt\u00e4mis- ja innovaatioalustojen keskin\u00e4ist\u00e4 verkottumista ja yhteisk\u00e4ytt\u00f6\u00e4. Hankkeessa kehitetyn toimintamallin johdosta eri\u00a0\u00a0ammattikorkeakoulujen koulutuspalvelut t\u00e4ydent\u00e4v\u00e4t toisiaan ja ovat kattavasti koko maan laajuisesti hy\u00f6dynnett\u00e4viss\u00e4. Hankkeen avulla levitet\u00e4\u00e4n my\u00f6s tietoa ammattikorkeakoulujen tarjoamien palvelujen saatavuudesta.<\/p><p>Hankkeen tavoitteena on:<\/p><ol><li style=\"list-style-type: none;\"><ol><li style=\"list-style-type: none;\"><ol start=\"1\" type=\"1\"><li>Yritysten osaamistarpeisiin perustuvan koulutustarjonnan kehitt\u00e4minen<\/li><li>Korkeakoulujen v\u00e4lisen koulutusyhteisty\u00f6n kehitt\u00e4minen; yhteinen palvelutarjonta ja ty\u00f6njako valittujen profiilien mukaisesti<\/li><li>Korkeakoulujen koulutuskumppanuuden tarjooman sitominen pitk\u00e4j\u00e4nteisesti osaksi yritysten jatkuvaa kehitysty\u00f6t\u00e4<\/li><li>Jatkuvan oppimisen integroiminen korkeakoulujen kumppanuuden hallinnan prosesseihin<\/li><li>Jatkuvan oppimisen br\u00e4ndin, n\u00e4kyvyyden ja tuotteistamisen rakentaminen ja ammattikorkeakoulujen yhteiskunnallisen vaikuttavuuden parantaminen (opintopisteytettyjen, jatkuvan oppimisen kokonaisuuksien poluttaminen tutkintoihin).<\/li><\/ol><\/li><\/ol><\/li><\/ol><p><strong><span class=\"Title1\">JATKUMO- AMMATTIKORKEAKOULUT YRITYSTEN JATKUVAN OPPIMISEN TUKENA<\/span><\/strong><\/p><div><div>\u00a0<\/div><div class=\"ProjectCardHeading\">P\u00e4\u00e4toteuttaja: <span class=\"Description\">Lapin ammattikorkeakoulu Oy<\/span><\/div><\/div><div class=\"ProjectCardHeading\">Koulutus: Liiketalouden koulutus<\/div><p class=\"ProjectCardHeading\">Osaamisryhm\u00e4: Vastuulliset palvelut<span style=\"color: #666666; font-size: 1.25rem;\">\u00a0<\/span><\/p><div class=\"ProjectCardHeading\">Yhteisty\u00f6kumppanit:<\/div><p><span class=\"Description\"><a href=\"https:\/\/www.jamk.fi\/fi\/Etusivu\/\">Jyv\u00e4skyl\u00e4n ammattikorkeakoulu Oy<\/a><br \/><a href=\"https:\/\/www.karelia.fi\/\">Karelia Ammattikorkeakoulu Oy<\/a><br \/><\/span><span class=\"Description\"><a href=\"https:\/\/www.laurea.fi\/\">Laurea ammattikorkeakoulu<\/a><br \/><a href=\"https:\/\/web.centria.fi\/\">Centria Ammattikorkeakoulu<\/a><br \/><a href=\"https:\/\/www.savonia.fi\/\">Savonia ammattikorkeakoulu<\/a><br \/><a href=\"https:\/\/www.oamk.fi\/fi\/\">Oulun ammattikorkeakoulu Oy<\/a><br \/><a href=\"https:\/\/www.xamk.fi\/\">Kaakkois-Suomen ammattikorkeakoulu Oy<\/a><br \/><a href=\"https:\/\/lab.fi\/fi\">LAB-ammattikorkeakoulu Oy<\/a><br \/><a href=\"https:\/\/www.humak.fi\/\">Humanistinen ammattikorkeakoulu<\/a><\/span><\/p><div class=\"ProjectCardHeading\">Aikataulu:<\/div><p><span class=\"Description\">1.8.2020 - 31.7.2023<\/span><\/p><div class=\"ProjectCardHeading\">Lis\u00e4tietoja:<\/div><p><span class=\"Description\">Kaisa Lammi<\/span><\/p><div class=\"ProjectCardHeading\">Rahoitusl\u00e4hteet:<\/div><p><span class=\"Description\">OKM<\/span><\/p><div class=\"ProjectCardHeading\">Kokonaisbudjetti:<\/div><p><span class=\"Description\">555 556 \u20ac<\/span><\/p>","_et_gb_content_width":"","footnotes":""},"class_list":["post-7","page","type-page","status-publish","hentry"],"yoast_head":"<!-- This site is optimized with the Yoast SEO plugin v27.1.1 - https:\/\/yoast.com\/product\/yoast-seo-wordpress\/ -->\n<title>Hankkeesta - Jatkumo<\/title>\n<meta name=\"description\" content=\"Jatkumo-hankkeen tarkoituksena on AMKien v\u00e4lisen yhteisty\u00f6n syvent\u00e4minen ja jatkuvaan oppimiseen liittyv\u00e4n palvelumallin luominen.\" \/>\n<meta name=\"robots\" content=\"index, follow, max-snippet:-1, max-image-preview:large, max-video-preview:-1\" \/>\n<link rel=\"canonical\" href=\"https:\/\/blogi.eoppimispalvelut.fi\/jatkumo\/hankkeesta\/\" \/>\n<meta property=\"og:locale\" content=\"fi_FI\" \/>\n<meta property=\"og:type\" content=\"article\" \/>\n<meta property=\"og:title\" content=\"Hankkeesta - Jatkumo\" \/>\n<meta property=\"og:description\" content=\"Jatkumo-hankkeen tarkoituksena on AMKien v\u00e4lisen yhteisty\u00f6n syvent\u00e4minen ja jatkuvaan oppimiseen liittyv\u00e4n palvelumallin luominen.\" \/>\n<meta property=\"og:url\" content=\"https:\/\/blogi.eoppimispalvelut.fi\/jatkumo\/hankkeesta\/\" \/>\n<meta property=\"og:site_name\" content=\"Jatkumo\" \/>\n<meta property=\"article:modified_time\" content=\"2023-07-31T05:16:15+00:00\" \/>\n<meta name=\"twitter:card\" content=\"summary_large_image\" \/>\n<meta name=\"twitter:label1\" content=\"Est. reading time\" \/>\n\t<meta name=\"twitter:data1\" content=\"3 minutes\" \/>\n<script type=\"application\/ld+json\" class=\"yoast-schema-graph\">{\"@context\":\"https:\/\/schema.org\",\"@graph\":[{\"@type\":\"WebPage\",\"@id\":\"https:\/\/blogi.eoppimispalvelut.fi\/jatkumo\/hankkeesta\/\",\"url\":\"https:\/\/blogi.eoppimispalvelut.fi\/jatkumo\/hankkeesta\/\",\"name\":\"Hankkeesta - Jatkumo\",\"isPartOf\":{\"@id\":\"https:\/\/blogi.eoppimispalvelut.fi\/jatkumo\/#website\"},\"datePublished\":\"2020-10-06T09:35:20+00:00\",\"dateModified\":\"2023-07-31T05:16:15+00:00\",\"description\":\"Jatkumo-hankkeen tarkoituksena on AMKien v\u00e4lisen yhteisty\u00f6n syvent\u00e4minen ja jatkuvaan oppimiseen liittyv\u00e4n palvelumallin luominen.\",\"breadcrumb\":{\"@id\":\"https:\/\/blogi.eoppimispalvelut.fi\/jatkumo\/hankkeesta\/#breadcrumb\"},\"inLanguage\":\"fi\",\"potentialAction\":[{\"@type\":\"ReadAction\",\"target\":[\"https:\/\/blogi.eoppimispalvelut.fi\/jatkumo\/hankkeesta\/\"]}]},{\"@type\":\"BreadcrumbList\",\"@id\":\"https:\/\/blogi.eoppimispalvelut.fi\/jatkumo\/hankkeesta\/#breadcrumb\",\"itemListElement\":[{\"@type\":\"ListItem\",\"position\":1,\"name\":\"Home\",\"item\":\"https:\/\/blogi.eoppimispalvelut.fi\/jatkumo\/\"},{\"@type\":\"ListItem\",\"position\":2,\"name\":\"Hankkeesta\"}]},{\"@type\":\"WebSite\",\"@id\":\"https:\/\/blogi.eoppimispalvelut.fi\/jatkumo\/#website\",\"url\":\"https:\/\/blogi.eoppimispalvelut.fi\/jatkumo\/\",\"name\":\"Jatkumo\",\"description\":\"Ammattikorkeakoulut yritysten jatkuvan oppimisen tukena\",\"potentialAction\":[{\"@type\":\"SearchAction\",\"target\":{\"@type\":\"EntryPoint\",\"urlTemplate\":\"https:\/\/blogi.eoppimispalvelut.fi\/jatkumo\/?s={search_term_string}\"},\"query-input\":{\"@type\":\"PropertyValueSpecification\",\"valueRequired\":true,\"valueName\":\"search_term_string\"}}],\"inLanguage\":\"fi\"}]}<\/script>\n<!-- \/ Yoast SEO plugin. -->","yoast_head_json":{"title":"Hankkeesta - Jatkumo","description":"Jatkumo-hankkeen tarkoituksena on AMKien v\u00e4lisen yhteisty\u00f6n syvent\u00e4minen ja jatkuvaan oppimiseen liittyv\u00e4n palvelumallin luominen.","robots":{"index":"index","follow":"follow","max-snippet":"max-snippet:-1","max-image-preview":"max-image-preview:large","max-video-preview":"max-video-preview:-1"},"canonical":"https:\/\/blogi.eoppimispalvelut.fi\/jatkumo\/hankkeesta\/","og_locale":"fi_FI","og_type":"article","og_title":"Hankkeesta - Jatkumo","og_description":"Jatkumo-hankkeen tarkoituksena on AMKien v\u00e4lisen yhteisty\u00f6n syvent\u00e4minen ja jatkuvaan oppimiseen liittyv\u00e4n palvelumallin luominen.","og_url":"https:\/\/blogi.eoppimispalvelut.fi\/jatkumo\/hankkeesta\/","og_site_name":"Jatkumo","article_modified_time":"2023-07-31T05:16:15+00:00","twitter_card":"summary_large_image","twitter_misc":{"Est. reading time":"3 minutes"},"schema":{"@context":"https:\/\/schema.org","@graph":[{"@type":"WebPage","@id":"https:\/\/blogi.eoppimispalvelut.fi\/jatkumo\/hankkeesta\/","url":"https:\/\/blogi.eoppimispalvelut.fi\/jatkumo\/hankkeesta\/","name":"Hankkeesta - Jatkumo","isPartOf":{"@id":"https:\/\/blogi.eoppimispalvelut.fi\/jatkumo\/#website"},"datePublished":"2020-10-06T09:35:20+00:00","dateModified":"2023-07-31T05:16:15+00:00","description":"Jatkumo-hankkeen tarkoituksena on AMKien v\u00e4lisen yhteisty\u00f6n syvent\u00e4minen ja jatkuvaan oppimiseen liittyv\u00e4n palvelumallin luominen.","breadcrumb":{"@id":"https:\/\/blogi.eoppimispalvelut.fi\/jatkumo\/hankkeesta\/#breadcrumb"},"inLanguage":"fi","potentialAction":[{"@type":"ReadAction","target":["https:\/\/blogi.eoppimispalvelut.fi\/jatkumo\/hankkeesta\/"]}]},{"@type":"BreadcrumbList","@id":"https:\/\/blogi.eoppimispalvelut.fi\/jatkumo\/hankkeesta\/#breadcrumb","itemListElement":[{"@type":"ListItem","position":1,"name":"Home","item":"https:\/\/blogi.eoppimispalvelut.fi\/jatkumo\/"},{"@type":"ListItem","position":2,"name":"Hankkeesta"}]},{"@type":"WebSite","@id":"https:\/\/blogi.eoppimispalvelut.fi\/jatkumo\/#website","url":"https:\/\/blogi.eoppimispalvelut.fi\/jatkumo\/","name":"Jatkumo","description":"Ammattikorkeakoulut yritysten jatkuvan oppimisen tukena","potentialAction":[{"@type":"SearchAction","target":{"@type":"EntryPoint","urlTemplate":"https:\/\/blogi.eoppimispalvelut.fi\/jatkumo\/?s={search_term_string}"},"query-input":{"@type":"PropertyValueSpecification","valueRequired":true,"valueName":"search_term_string"}}],"inLanguage":"fi"}]}},"_links":{"self":[{"href":"https:\/\/blogi.eoppimispalvelut.fi\/jatkumo\/wp-json\/wp\/v2\/pages\/7","targetHints":{"allow":["GET"]}}],"collection":[{"href":"https:\/\/blogi.eoppimispalvelut.fi\/jatkumo\/wp-json\/wp\/v2\/pages"}],"about":[{"href":"https:\/\/blogi.eoppimispalvelut.fi\/jatkumo\/wp-json\/wp\/v2\/types\/page"}],"author":[{"embeddable":true,"href":"https:\/\/blogi.eoppimispalvelut.fi\/jatkumo\/wp-json\/wp\/v2\/users\/2846"}],"replies":[{"embeddable":true,"href":"https:\/\/blogi.eoppimispalvelut.fi\/jatkumo\/wp-json\/wp\/v2\/comments?post=7"}],"version-history":[{"count":31,"href":"https:\/\/blogi.eoppimispalvelut.fi\/jatkumo\/wp-json\/wp\/v2\/pages\/7\/revisions"}],"predecessor-version":[{"id":966,"href":"https:\/\/blogi.eoppimispalvelut.fi\/jatkumo\/wp-json\/wp\/v2\/pages\/7\/revisions\/966"}],"wp:attachment":[{"href":"https:\/\/blogi.eoppimispalvelut.fi\/jatkumo\/wp-json\/wp\/v2\/media?parent=7"}],"curies":[{"name":"wp","href":"https:\/\/api.w.org\/{rel}","templated":true}]}}