{"id":724,"date":"2023-06-08T10:02:32","date_gmt":"2023-06-08T07:02:32","guid":{"rendered":"https:\/\/blogi.eoppimispalvelut.fi\/jatkumo\/?page_id=724"},"modified":"2023-07-19T10:07:51","modified_gmt":"2023-07-19T07:07:51","slug":"kuntakokeilun-asiakkaille-suunnattu-koulutustarjotin","status":"publish","type":"page","link":"https:\/\/blogi.eoppimispalvelut.fi\/jatkumo\/kuntakokeilun-asiakkaille-suunnattu-koulutustarjotin\/","title":{"rendered":"Kuntakokeilun asiakkaille suunnattu koulutustarjotin"},"content":{"rendered":"<p>[et_pb_section fb_built=&#8221;1&#8243; fullwidth=&#8221;on&#8221; admin_label=&#8221;Header&#8221; _builder_version=&#8221;4.20.4&#8243; background_image=&#8221;https:\/\/blogi.eoppimispalvelut.fi\/jatkumo\/files\/2023\/06\/elisa-calvet-b-S3nUOqDmUvc-unsplash-scaled.jpg&#8221; parallax=&#8221;on&#8221; parallax_method=&#8221;off&#8221; custom_margin=&#8221;|||&#8221; custom_padding=&#8221;|||&#8221; global_colors_info=&#8221;{}&#8221;][et_pb_fullwidth_header title=&#8221;Kuntakokeilun asiakkaille suunnattu koulutustarjotin&#8221; button_one_url=&#8221;https:\/\/blogi.eoppimispalvelut.fi\/jatkumo\/hanke\/&#8221; content_max_width=&#8221;650px&#8221; content_max_width_tablet=&#8221;480px&#8221; content_max_width_phone=&#8221;&#8221; content_max_width_last_edited=&#8221;on|phone&#8221; _builder_version=&#8221;4.20.2&#8243; title_font=&#8221;Abril Fatface||||||||&#8221; title_font_size=&#8221;70px&#8221; title_line_height=&#8221;1.2em&#8221; content_font=&#8221;||||||||&#8221; content_text_color=&#8221;#000000&#8243; content_font_size=&#8221;16px&#8221; content_line_height=&#8221;2em&#8221; background_color=&#8221;rgba(255,255,255,0)&#8221; use_background_color_gradient=&#8221;on&#8221; background_color_gradient_type=&#8221;circular&#8221; background_color_gradient_direction_radial=&#8221;right&#8221; background_color_gradient_stops=&#8221;rgba(255,255,255,0) 0%|#ffffff 62%&#8221; background_color_gradient_start=&#8221;rgba(255,255,255,0)&#8221; background_color_gradient_start_position=&#8221;40%&#8221; background_color_gradient_end=&#8221;#ffffff&#8221; background_color_gradient_end_position=&#8221;60%&#8221; background_position=&#8221;center_left&#8221; custom_button_one=&#8221;on&#8221; button_one_text_size=&#8221;16px&#8221; button_one_text_color=&#8221;#ffffff&#8221; button_one_bg_color=&#8221;#ff6d4a&#8221; button_one_border_width=&#8221;15px&#8221; button_one_border_color=&#8221;#ff6d4a&#8221; button_one_border_radius=&#8221;4px&#8221; button_one_letter_spacing=&#8221;3px&#8221; button_one_font=&#8221;Cabin|700||on|||||&#8221; background_layout=&#8221;light&#8221; max_width_tablet=&#8221;100%&#8221; max_width_last_edited=&#8221;off|desktop&#8221; custom_padding=&#8221;10vw||10vw||true&#8221; custom_padding_tablet=&#8221;|||&#8221; custom_padding_phone=&#8221;2vw|0%|2vw||true&#8221; custom_padding_last_edited=&#8221;on|desktop&#8221; animation_style=&#8221;slide&#8221; animation_direction=&#8221;right&#8221; animation_intensity_slide=&#8221;2%&#8221; title_font_size_tablet=&#8221;50px&#8221; title_font_size_phone=&#8221;32px&#8221; title_font_size_last_edited=&#8221;on|desktop&#8221; box_shadow_style_button_one=&#8221;preset3&#8243; box_shadow_vertical_button_one=&#8221;20px&#8221; box_shadow_blur_button_one=&#8221;40px&#8221; box_shadow_spread_button_one=&#8221;-7px&#8221; box_shadow_color_button_one=&#8221;rgba(255,109,74,0.5)&#8221; button_one_border_radius_hover=&#8221;4px&#8221; button_one_letter_spacing_hover=&#8221;3px&#8221; global_colors_info=&#8221;{}&#8221; button_one_text_size__hover_enabled=&#8221;off&#8221; button_two_text_size__hover_enabled=&#8221;off&#8221; button_one_text_color__hover_enabled=&#8221;off&#8221; button_two_text_color__hover_enabled=&#8221;off&#8221; button_one_border_width__hover_enabled=&#8221;off&#8221; button_two_border_width__hover_enabled=&#8221;off&#8221; button_one_border_color__hover_enabled=&#8221;off&#8221; button_two_border_color__hover_enabled=&#8221;off&#8221; button_one_border_radius__hover_enabled=&#8221;on&#8221; button_one_border_radius__hover=&#8221;4px&#8221; button_two_border_radius__hover_enabled=&#8221;off&#8221; button_one_letter_spacing__hover_enabled=&#8221;on&#8221; button_one_letter_spacing__hover=&#8221;3px&#8221; button_two_letter_spacing__hover_enabled=&#8221;off&#8221; button_one_bg_color__hover_enabled=&#8221;off&#8221; button_two_bg_color__hover_enabled=&#8221;off&#8221;]<\/p>\n<p>Koulutustarjotin kokoaa Jatkumossa mukana olevien ammattikorkeakoulujen sellaiset koulutukset, jotka ovat sopivia ty\u00f6llisyyden kuntakokeilukunnille.<\/p>\n<p>[\/et_pb_fullwidth_header][\/et_pb_section][et_pb_section fb_built=&#8221;1&#8243; admin_label=&#8221;About&#8221; _builder_version=&#8221;4.16&#8243; global_colors_info=&#8221;{}&#8221;][et_pb_row column_structure=&#8221;1_2,1_2&#8243; padding_top_bottom_link_2=&#8221;false&#8221; _builder_version=&#8221;4.16&#8243; global_colors_info=&#8221;{}&#8221;][et_pb_column type=&#8221;1_2&#8243; _builder_version=&#8221;4.16&#8243; background_size=&#8221;initial&#8221; custom_padding=&#8221;|||&#8221; global_colors_info=&#8221;{}&#8221; custom_padding__hover=&#8221;|||&#8221;][et_pb_text _builder_version=&#8221;4.20.4&#8243; _module_preset=&#8221;default&#8221; text_font_size=&#8221;16px&#8221; header_2_font=&#8221;Abril Fatface||||||||&#8221; header_2_font_size=&#8221;55px&#8221; hover_enabled=&#8221;0&#8243; global_colors_info=&#8221;{}&#8221; header_2_line_height=&#8221;1.2em&#8221; sticky_enabled=&#8221;0&#8243;]<\/p>\n<h2>Centria-ammattikorkeakoulu<\/h2>\n<p>Centria-ammattikorkeakoulu on mukana Kokkolan ja Kaustisen seutukuntien alueiden ty\u00f6llisyyden kuntakokeiluhankkeessa. Hankkeessa tuetaan Ty\u00f6llisyyden kuntakokeilu -hankkeiden asiakkaita korkeakoulujen osalta, tavoitteena ty\u00f6voiman osaamistason nostaminen, ty\u00f6voiman liikkuvuus sek\u00e4 ty\u00f6tt\u00f6mien ja ty\u00f6voiman ulkopuolella olevien siirtyminen ty\u00f6el\u00e4m\u00e4\u00e4n toteuttamalla koulutukseen ja ty\u00f6llistymiseen liittyvi\u00e4 ohjaus-, neuvonta- ja tukipalveluita sek\u00e4 lyhytkestoisia koulutuksia korkeakouluissa.<\/p>\n<p><a href=\"https:\/\/net.centria.fi\/koulutuksia-tyollisyyden-kuntakokeilun-henkilostolle\/\" target=\"_blank\" rel=\"noopener\">https:\/\/net.centria.fi\/koulutuksia-tyollisyyden-kuntakokeilun-henkilostolle\/<\/a><\/p>\n<p>[\/et_pb_text][\/et_pb_column][et_pb_column type=&#8221;1_2&#8243; _builder_version=&#8221;4.16&#8243; background_image=&#8221;https:\/\/blogi.eoppimispalvelut.fi\/jatkumo\/files\/2021\/10\/square-bg.png&#8221; background_size=&#8221;initial&#8221; background_position=&#8221;top_left&#8221; custom_padding=&#8221;10%|||40px&#8221; custom_padding_tablet=&#8221;|||&#8221; custom_padding_last_edited=&#8221;off|desktop&#8221; global_colors_info=&#8221;{}&#8221; padding_tablet=&#8221;|||&#8221; padding_last_edited=&#8221;off|desktop&#8221; custom_padding__hover=&#8221;|||&#8221;][et_pb_text _builder_version=&#8221;4.20.4&#8243; text_font=&#8221;||||||||&#8221; text_font_size=&#8221;16px&#8221; text_line_height=&#8221;2em&#8221; header_font=&#8221;||||||||&#8221; header_2_font=&#8221;Abril Fatface||||||||&#8221; header_2_font_size=&#8221;60px&#8221; header_2_line_height=&#8221;1.2em&#8221; max_width=&#8221;600px&#8221; header_2_font_size_tablet=&#8221;50px&#8221; header_2_font_size_phone=&#8221;32px&#8221; header_2_font_size_last_edited=&#8221;on|desktop&#8221; locked=&#8221;off&#8221; global_colors_info=&#8221;{}&#8221;]<\/p>\n<p>Centria j\u00e4rjest\u00e4\u00e4 kev\u00e4\u00e4n 2023 aikana koulutuksia ty\u00f6llisyyden kuntakokeilun henkil\u00f6st\u00f6lle.<\/p>\n<p>Koulutuksen aikataulu<\/p>\n<ul>\n<li>Torstai 23.3. Haastavan asiakkaan kohtaaminen psykologian ty\u00f6kaluin<\/li>\n<li>Torstai 20.4. Haastavan asiakkaan kohtaaminen, fyysiset ty\u00f6kalut<\/li>\n<li>Torstai 4.5. Ty\u00f6tekij\u00e4n omat voimavarat<\/li>\n<li>Torstai 1.6. Oman ty\u00f6n muotoilu<\/li>\n<\/ul>\n<p>[\/et_pb_text][\/et_pb_column][\/et_pb_row][\/et_pb_section][et_pb_section fb_built=&#8221;1&#8243; _builder_version=&#8221;4.20.4&#8243; _module_preset=&#8221;default&#8221; background_enable_color=&#8221;off&#8221; use_background_color_gradient=&#8221;on&#8221; background_color_gradient_stops=&#8221;#f9f9fb 10%|#f9f9fb 10%&#8221; global_colors_info=&#8221;{}&#8221;][et_pb_row _builder_version=&#8221;4.20.4&#8243; _module_preset=&#8221;default&#8221; global_colors_info=&#8221;{}&#8221;][et_pb_column type=&#8221;4_4&#8243; _builder_version=&#8221;4.20.4&#8243; _module_preset=&#8221;default&#8221; global_colors_info=&#8221;{}&#8221;][et_pb_text _builder_version=&#8221;4.20.4&#8243; _module_preset=&#8221;default&#8221; text_font_size=&#8221;16px&#8221; header_2_font=&#8221;Abril Fatface||||||||&#8221; header_2_font_size=&#8221;55px&#8221; hover_enabled=&#8221;0&#8243; global_colors_info=&#8221;{}&#8221; header_2_line_height=&#8221;1.2em&#8221; sticky_enabled=&#8221;0&#8243;]<\/p>\n<h2>Karelia-ammattikorkeakoulu<\/h2>\n<h3>Tuetun ty\u00f6llistymisen koulutus<\/h3>\n<p>Tuetun ty\u00f6llistymisen ty\u00f6tapa edist\u00e4\u00e4 kokonaisvaltaisesti ty\u00f6t\u00e4 hakevien asiakkaiden mahdollisuuksia l\u00f6yt\u00e4\u00e4 ty\u00f6kyky\u00e4\u00e4n ja osaamistaan vastaavia ty\u00f6teht\u00e4vi\u00e4. Tuetun ty\u00f6llistymisen keski\u00f6ss\u00e4 on asiakas ja h\u00e4nen tavoitteensa, joita ammattilainen tukee ratkaisukeskeisen valmennuksen menetelmin. Koulutus on kohdennettu sosiaality\u00f6n- ja ty\u00f6llisyyspalvelujen henkil\u00f6st\u00f6lle.<\/p>\n<p>Koulutus on toteutettu ensimm\u00e4isen kerran vuonna 2022. Uusi toteutus alkaa kev\u00e4\u00e4ll\u00e4 2024. Alla olevat linkit johtavat vanhaan toteutukseen. Uutta toteutusta valmistellaan ja tiedot ja ilmoittautuminen julkaistaan alkusyksyst\u00e4 2023.<\/p>\n<p><a href=\"https:\/\/www.karelia.fi\/2021\/10\/tuetun-tyollistymisen-koulutus-kevaalla-2022\/\" target=\"_blank\" rel=\"noopener\">https:\/\/www.karelia.fi\/2021\/10\/tuetun-tyollistymisen-koulutus-kevaalla-2022\/<\/a><\/p>\n<p><a href=\"https:\/\/www.karelia.fi\/taydennyskoulutus\/tuetun-tyollistamisen-koulutus\/\" target=\"_blank\" rel=\"noopener\">https:\/\/www.karelia.fi\/taydennyskoulutus\/tuetun-tyollistamisen-koulutus\/<\/a><\/p>\n<p>&nbsp;<\/p>\n<h3>Digivalmennukset<\/h3>\n<p>Sosiaali- ja ty\u00f6llisyysalan digipalvelut ja et\u00e4ohjaus pitkien v\u00e4limatkojen maakunnassa (SoTyDigi) -hankkeen j\u00e4rjest\u00e4m\u00e4t digivalmennukset. Valmennuksilla parannetaan sosiaali- ja ty\u00f6llisyyspalveluiden asiakkaiden digitaitoja Pohjois-Karjalassa. Hankkeessa j\u00e4rjestet\u00e4\u00e4n my\u00f6s sote- ja ty\u00f6llisyysalojen ammattilaisille tapahtumia ja tilaisuuksia digiosallisuuden teemoissa.<\/p>\n<p><a href=\"https:\/\/sotydigi.fi\/ajankohtaista\/\" target=\"_blank\" rel=\"noopener\">https:\/\/sotydigi.fi\/ajankohtaista\/<\/a><\/p>\n<p>&nbsp;<\/p>\n<h3>Ty\u00f6kykykoordinaattorikoulutus<\/h3>\n<p>Ty\u00f6kykykoordinaattorikoulutusta (10 op) toteutetaan kahdeksassa ammattikorkeakoulussa <strong>avoimen amk:n<\/strong> tarjonnassa: Metropolia-, Savonia-, Karelia-, Jyv\u00e4skyl\u00e4n, Tampereen, Satakunnan, Oulun ja Lapin AMK<\/p>\n<p>Sis\u00e4ll\u00f6t: Ty\u00f6llistymisen ja ty\u00f6kyvyn uudistuvat palvelut 5 op. Laaja-alainen ty\u00f6ote ty\u00f6llistymiseen ja ty\u00f6kykyyn 5 op.<\/p>\n<p><a href=\"https:\/\/www.karelia.fi\/tyokykykoordinaattori\/\" target=\"_blank\" rel=\"noopener\">https:\/\/www.karelia.fi\/tyokykykoordinaattori\/<\/a><\/p>\n<p>[\/et_pb_text][\/et_pb_column][\/et_pb_row][\/et_pb_section][et_pb_section fb_built=&#8221;1&#8243; _builder_version=&#8221;4.20.4&#8243; _module_preset=&#8221;default&#8221; global_colors_info=&#8221;{}&#8221;][et_pb_row column_structure=&#8221;1_2,1_2&#8243; _builder_version=&#8221;4.20.4&#8243; _module_preset=&#8221;default&#8221; global_colors_info=&#8221;{}&#8221;][et_pb_column type=&#8221;1_2&#8243; _builder_version=&#8221;4.20.4&#8243; _module_preset=&#8221;default&#8221; global_colors_info=&#8221;{}&#8221;][et_pb_image src=&#8221;https:\/\/blogi.eoppimispalvelut.fi\/jatkumo\/files\/2023\/06\/pexels-cottonbro-studio-32022355-scaled.jpg&#8221; title_text=&#8221;pexels-cottonbro-studio-32022355&#8243; _builder_version=&#8221;4.20.4&#8243; _module_preset=&#8221;default&#8221; global_colors_info=&#8221;{}&#8221;][\/et_pb_image][\/et_pb_column][et_pb_column type=&#8221;1_2&#8243; _builder_version=&#8221;4.20.4&#8243; _module_preset=&#8221;default&#8221; global_colors_info=&#8221;{}&#8221;][et_pb_text _builder_version=&#8221;4.20.4&#8243; _module_preset=&#8221;default&#8221; text_font_size=&#8221;16px&#8221; header_2_font=&#8221;Abril Fatface||||||||&#8221; header_2_font_size=&#8221;55px&#8221; hover_enabled=&#8221;0&#8243; global_colors_info=&#8221;{}&#8221; header_2_line_height=&#8221;1.2em&#8221; sticky_enabled=&#8221;0&#8243;]<\/p>\n<h2>LAB-ammattikorkeakoulu<\/h2>\n<p>LAB-ammattikorkeakoulun Miest\u00e4m\u00f6 &#8211; hybridill\u00e4 ty\u00f6el\u00e4m\u00e4\u00e4n -hankkeessa luotiin miehille uusia ty\u00f6llistymisen mahdollisuuksia sek\u00e4 tuotettiin mieserityist\u00e4 tietoa ty\u00f6llisyyden parissa ty\u00f6skenteleville ammattilaisille. Hanke p\u00e4\u00e4ttynyt 11\/2022<\/p>\n<p><a href=\"https:\/\/lab.fi\/fi\/projekti\/miestamo-hybridilla-tyoelamaan\" target=\"_blank\" rel=\"noopener\">https:\/\/lab.fi\/fi\/projekti\/miestamo-hybridilla-tyoelamaan<\/a><\/p>\n<p>Hankkeeseen liittyen kuntakokeilun omavalmentajille markkinoitiin Ty\u00f6el\u00e4m\u00e4n digitaidot haltuun \u2013kurssia (ei saatavilla en\u00e4\u00e4).<\/p>\n<p><a href=\"https:\/\/blogit.lab.fi\/labfocus\/tyollisyytta-hoidetaan-lahdessa-tiiviissa-yhteistyossa\/\" target=\"_blank\" rel=\"noopener\">https:\/\/blogit.lab.fi\/labfocus\/tyollisyytta-hoidetaan-lahdessa-tiiviissa-yhteistyossa\/<\/a><\/p>\n<p>[\/et_pb_text][\/et_pb_column][\/et_pb_row][\/et_pb_section][et_pb_section fb_built=&#8221;1&#8243; admin_label=&#8221;Stats&#8221; _builder_version=&#8221;4.16&#8243; background_color=&#8221;#ff6d4a&#8221; max_width_tablet=&#8221;&#8221; max_width_phone=&#8221;&#8221; max_width_last_edited=&#8221;on|phone&#8221; custom_margin=&#8221;-3px|||||&#8221; global_colors_info=&#8221;{}&#8221;][\/et_pb_section]<\/p>\n","protected":false},"excerpt":{"rendered":"<p>Koulutustarjotin kokoaa Jatkumossa mukana olevien ammattikorkeakoulujen sellaiset koulutukset, jotka ovat sopivia ty\u00f6llisyyden kuntakokeilukunnille.Centria-ammattikorkeakoulu Centria-ammattikorkeakoulu on mukana Kokkolan ja Kaustisen seutukuntien alueiden ty\u00f6llisyyden kuntakokeiluhankkeessa. Hankkeessa tuetaan Ty\u00f6llisyyden kuntakokeilu -hankkeiden asiakkaita korkeakoulujen [&hellip;]<\/p>\n","protected":false},"author":9227,"featured_media":0,"parent":0,"menu_order":0,"comment_status":"closed","ping_status":"closed","template":"","meta":{"_et_pb_use_builder":"on","_et_pb_old_content":"","_et_gb_content_width":"","footnotes":""},"class_list":["post-724","page","type-page","status-publish","hentry"],"yoast_head":"<!-- This site is optimized with the Yoast SEO plugin v27.1.1 - https:\/\/yoast.com\/product\/yoast-seo-wordpress\/ -->\n<title>Kuntakokeilun asiakkaille suunnattu koulutustarjotin - Jatkumo<\/title>\n<meta name=\"description\" content=\"Koulutustarjotin kokoaa Jatkumossa mukana olevien ammattikorkeakoulujen sellaiset koulutukset, jotka ovat sopivia kuntakokeilukunnille.\" \/>\n<meta name=\"robots\" content=\"index, follow, max-snippet:-1, max-image-preview:large, max-video-preview:-1\" \/>\n<link rel=\"canonical\" href=\"https:\/\/blogi.eoppimispalvelut.fi\/jatkumo\/kuntakokeilun-asiakkaille-suunnattu-koulutustarjotin\/\" \/>\n<meta property=\"og:locale\" content=\"fi_FI\" \/>\n<meta property=\"og:type\" content=\"article\" \/>\n<meta property=\"og:title\" content=\"Kuntakokeilun asiakkaille suunnattu koulutustarjotin - Jatkumo\" \/>\n<meta property=\"og:description\" content=\"Koulutustarjotin kokoaa Jatkumossa mukana olevien ammattikorkeakoulujen sellaiset koulutukset, jotka ovat sopivia kuntakokeilukunnille.\" \/>\n<meta property=\"og:url\" content=\"https:\/\/blogi.eoppimispalvelut.fi\/jatkumo\/kuntakokeilun-asiakkaille-suunnattu-koulutustarjotin\/\" \/>\n<meta property=\"og:site_name\" content=\"Jatkumo\" \/>\n<meta property=\"article:modified_time\" content=\"2023-07-19T07:07:51+00:00\" \/>\n<meta name=\"twitter:card\" content=\"summary_large_image\" \/>\n<meta name=\"twitter:label1\" content=\"Est. reading time\" \/>\n\t<meta name=\"twitter:data1\" content=\"3 minutes\" \/>\n<script type=\"application\/ld+json\" class=\"yoast-schema-graph\">{\"@context\":\"https:\/\/schema.org\",\"@graph\":[{\"@type\":\"WebPage\",\"@id\":\"https:\/\/blogi.eoppimispalvelut.fi\/jatkumo\/kuntakokeilun-asiakkaille-suunnattu-koulutustarjotin\/\",\"url\":\"https:\/\/blogi.eoppimispalvelut.fi\/jatkumo\/kuntakokeilun-asiakkaille-suunnattu-koulutustarjotin\/\",\"name\":\"Kuntakokeilun asiakkaille suunnattu koulutustarjotin - Jatkumo\",\"isPartOf\":{\"@id\":\"https:\/\/blogi.eoppimispalvelut.fi\/jatkumo\/#website\"},\"datePublished\":\"2023-06-08T07:02:32+00:00\",\"dateModified\":\"2023-07-19T07:07:51+00:00\",\"description\":\"Koulutustarjotin kokoaa Jatkumossa mukana olevien ammattikorkeakoulujen sellaiset koulutukset, jotka ovat sopivia kuntakokeilukunnille.\",\"breadcrumb\":{\"@id\":\"https:\/\/blogi.eoppimispalvelut.fi\/jatkumo\/kuntakokeilun-asiakkaille-suunnattu-koulutustarjotin\/#breadcrumb\"},\"inLanguage\":\"fi\",\"potentialAction\":[{\"@type\":\"ReadAction\",\"target\":[\"https:\/\/blogi.eoppimispalvelut.fi\/jatkumo\/kuntakokeilun-asiakkaille-suunnattu-koulutustarjotin\/\"]}]},{\"@type\":\"BreadcrumbList\",\"@id\":\"https:\/\/blogi.eoppimispalvelut.fi\/jatkumo\/kuntakokeilun-asiakkaille-suunnattu-koulutustarjotin\/#breadcrumb\",\"itemListElement\":[{\"@type\":\"ListItem\",\"position\":1,\"name\":\"Home\",\"item\":\"https:\/\/blogi.eoppimispalvelut.fi\/jatkumo\/\"},{\"@type\":\"ListItem\",\"position\":2,\"name\":\"Kuntakokeilun asiakkaille suunnattu koulutustarjotin\"}]},{\"@type\":\"WebSite\",\"@id\":\"https:\/\/blogi.eoppimispalvelut.fi\/jatkumo\/#website\",\"url\":\"https:\/\/blogi.eoppimispalvelut.fi\/jatkumo\/\",\"name\":\"Jatkumo\",\"description\":\"Ammattikorkeakoulut yritysten jatkuvan oppimisen tukena\",\"potentialAction\":[{\"@type\":\"SearchAction\",\"target\":{\"@type\":\"EntryPoint\",\"urlTemplate\":\"https:\/\/blogi.eoppimispalvelut.fi\/jatkumo\/?s={search_term_string}\"},\"query-input\":{\"@type\":\"PropertyValueSpecification\",\"valueRequired\":true,\"valueName\":\"search_term_string\"}}],\"inLanguage\":\"fi\"}]}<\/script>\n<!-- \/ Yoast SEO plugin. -->","yoast_head_json":{"title":"Kuntakokeilun asiakkaille suunnattu koulutustarjotin - Jatkumo","description":"Koulutustarjotin kokoaa Jatkumossa mukana olevien ammattikorkeakoulujen sellaiset koulutukset, jotka ovat sopivia kuntakokeilukunnille.","robots":{"index":"index","follow":"follow","max-snippet":"max-snippet:-1","max-image-preview":"max-image-preview:large","max-video-preview":"max-video-preview:-1"},"canonical":"https:\/\/blogi.eoppimispalvelut.fi\/jatkumo\/kuntakokeilun-asiakkaille-suunnattu-koulutustarjotin\/","og_locale":"fi_FI","og_type":"article","og_title":"Kuntakokeilun asiakkaille suunnattu koulutustarjotin - Jatkumo","og_description":"Koulutustarjotin kokoaa Jatkumossa mukana olevien ammattikorkeakoulujen sellaiset koulutukset, jotka ovat sopivia kuntakokeilukunnille.","og_url":"https:\/\/blogi.eoppimispalvelut.fi\/jatkumo\/kuntakokeilun-asiakkaille-suunnattu-koulutustarjotin\/","og_site_name":"Jatkumo","article_modified_time":"2023-07-19T07:07:51+00:00","twitter_card":"summary_large_image","twitter_misc":{"Est. reading time":"3 minutes"},"schema":{"@context":"https:\/\/schema.org","@graph":[{"@type":"WebPage","@id":"https:\/\/blogi.eoppimispalvelut.fi\/jatkumo\/kuntakokeilun-asiakkaille-suunnattu-koulutustarjotin\/","url":"https:\/\/blogi.eoppimispalvelut.fi\/jatkumo\/kuntakokeilun-asiakkaille-suunnattu-koulutustarjotin\/","name":"Kuntakokeilun asiakkaille suunnattu koulutustarjotin - Jatkumo","isPartOf":{"@id":"https:\/\/blogi.eoppimispalvelut.fi\/jatkumo\/#website"},"datePublished":"2023-06-08T07:02:32+00:00","dateModified":"2023-07-19T07:07:51+00:00","description":"Koulutustarjotin kokoaa Jatkumossa mukana olevien ammattikorkeakoulujen sellaiset koulutukset, jotka ovat sopivia kuntakokeilukunnille.","breadcrumb":{"@id":"https:\/\/blogi.eoppimispalvelut.fi\/jatkumo\/kuntakokeilun-asiakkaille-suunnattu-koulutustarjotin\/#breadcrumb"},"inLanguage":"fi","potentialAction":[{"@type":"ReadAction","target":["https:\/\/blogi.eoppimispalvelut.fi\/jatkumo\/kuntakokeilun-asiakkaille-suunnattu-koulutustarjotin\/"]}]},{"@type":"BreadcrumbList","@id":"https:\/\/blogi.eoppimispalvelut.fi\/jatkumo\/kuntakokeilun-asiakkaille-suunnattu-koulutustarjotin\/#breadcrumb","itemListElement":[{"@type":"ListItem","position":1,"name":"Home","item":"https:\/\/blogi.eoppimispalvelut.fi\/jatkumo\/"},{"@type":"ListItem","position":2,"name":"Kuntakokeilun asiakkaille suunnattu koulutustarjotin"}]},{"@type":"WebSite","@id":"https:\/\/blogi.eoppimispalvelut.fi\/jatkumo\/#website","url":"https:\/\/blogi.eoppimispalvelut.fi\/jatkumo\/","name":"Jatkumo","description":"Ammattikorkeakoulut yritysten jatkuvan oppimisen tukena","potentialAction":[{"@type":"SearchAction","target":{"@type":"EntryPoint","urlTemplate":"https:\/\/blogi.eoppimispalvelut.fi\/jatkumo\/?s={search_term_string}"},"query-input":{"@type":"PropertyValueSpecification","valueRequired":true,"valueName":"search_term_string"}}],"inLanguage":"fi"}]}},"_links":{"self":[{"href":"https:\/\/blogi.eoppimispalvelut.fi\/jatkumo\/wp-json\/wp\/v2\/pages\/724","targetHints":{"allow":["GET"]}}],"collection":[{"href":"https:\/\/blogi.eoppimispalvelut.fi\/jatkumo\/wp-json\/wp\/v2\/pages"}],"about":[{"href":"https:\/\/blogi.eoppimispalvelut.fi\/jatkumo\/wp-json\/wp\/v2\/types\/page"}],"author":[{"embeddable":true,"href":"https:\/\/blogi.eoppimispalvelut.fi\/jatkumo\/wp-json\/wp\/v2\/users\/9227"}],"replies":[{"embeddable":true,"href":"https:\/\/blogi.eoppimispalvelut.fi\/jatkumo\/wp-json\/wp\/v2\/comments?post=724"}],"version-history":[{"count":15,"href":"https:\/\/blogi.eoppimispalvelut.fi\/jatkumo\/wp-json\/wp\/v2\/pages\/724\/revisions"}],"predecessor-version":[{"id":911,"href":"https:\/\/blogi.eoppimispalvelut.fi\/jatkumo\/wp-json\/wp\/v2\/pages\/724\/revisions\/911"}],"wp:attachment":[{"href":"https:\/\/blogi.eoppimispalvelut.fi\/jatkumo\/wp-json\/wp\/v2\/media?parent=724"}],"curies":[{"name":"wp","href":"https:\/\/api.w.org\/{rel}","templated":true}]}}