{"id":312,"date":"2023-04-04T13:09:05","date_gmt":"2023-04-04T10:09:05","guid":{"rendered":"https:\/\/blogi.eoppimispalvelut.fi\/jatkuvaoppiminen\/?page_id=312"},"modified":"2023-04-15T12:19:35","modified_gmt":"2023-04-15T09:19:35","slug":"ota-yhteytta","status":"publish","type":"page","link":"https:\/\/blogi.eoppimispalvelut.fi\/jatkuvaoppiminen\/ota-yhteytta\/","title":{"rendered":"Ota yhteytt\u00e4"},"content":{"rendered":"\n<p>Onko sinulla kysytt\u00e4v\u00e4\u00e4 mikro-opinnoista Lapin AMK:ssa tai MUUVI \u2013 Yritysten muutoskyvykkyys, vihre\u00e4 siirtym\u00e4 ja digitalisaatio -hankkeesta? L\u00e4het\u00e4 s\u00e4hk\u00f6postia osoitteeseen:<\/p>\n\n\n\n<p>natalia.pulakka[at]lapinamk.fi, asiantuntija, MUUVI \u2013 Yritysten muutoskyvykkyys, vihre\u00e4 siirtym\u00e4 ja digitalisaatio -hanke, Lapin AMK, Kauppakatu 58, Tornio.<\/p>\n","protected":false},"excerpt":{"rendered":"<p>Onko sinulla kysytt\u00e4v\u00e4\u00e4 mikro-opinnoista Lapin AMK:ssa tai MUUVI \u2013 Yritysten muutoskyvykkyys, vihre\u00e4 siirtym\u00e4 ja digitalisaatio -hankkeesta? L\u00e4het\u00e4 s\u00e4hk\u00f6postia osoitteeseen: natalia.pulakka[at]lapinamk.fi, asiantuntija, MUUVI \u2013 Yritysten muutoskyvykkyys, vihre\u00e4 siirtym\u00e4 ja digitalisaatio -hanke, Lapin AMK, Kauppakatu 58, Tornio.<\/p>\n","protected":false},"author":4381,"featured_media":0,"parent":0,"menu_order":0,"comment_status":"closed","ping_status":"closed","template":"","meta":{"_et_pb_use_builder":"","_et_pb_old_content":"","_et_gb_content_width":"","footnotes":""},"class_list":["post-312","page","type-page","status-publish","hentry"],"_links":{"self":[{"href":"https:\/\/blogi.eoppimispalvelut.fi\/jatkuvaoppiminen\/wp-json\/wp\/v2\/pages\/312","targetHints":{"allow":["GET"]}}],"collection":[{"href":"https:\/\/blogi.eoppimispalvelut.fi\/jatkuvaoppiminen\/wp-json\/wp\/v2\/pages"}],"about":[{"href":"https:\/\/blogi.eoppimispalvelut.fi\/jatkuvaoppiminen\/wp-json\/wp\/v2\/types\/page"}],"author":[{"embeddable":true,"href":"https:\/\/blogi.eoppimispalvelut.fi\/jatkuvaoppiminen\/wp-json\/wp\/v2\/users\/4381"}],"replies":[{"embeddable":true,"href":"https:\/\/blogi.eoppimispalvelut.fi\/jatkuvaoppiminen\/wp-json\/wp\/v2\/comments?post=312"}],"version-history":[{"count":4,"href":"https:\/\/blogi.eoppimispalvelut.fi\/jatkuvaoppiminen\/wp-json\/wp\/v2\/pages\/312\/revisions"}],"predecessor-version":[{"id":1710,"href":"https:\/\/blogi.eoppimispalvelut.fi\/jatkuvaoppiminen\/wp-json\/wp\/v2\/pages\/312\/revisions\/1710"}],"wp:attachment":[{"href":"https:\/\/blogi.eoppimispalvelut.fi\/jatkuvaoppiminen\/wp-json\/wp\/v2\/media?parent=312"}],"curies":[{"name":"wp","href":"https:\/\/api.w.org\/{rel}","templated":true}]}}