{"id":318,"date":"2023-04-04T13:34:12","date_gmt":"2023-04-04T10:34:12","guid":{"rendered":"https:\/\/blogi.eoppimispalvelut.fi\/jatkuvaoppiminen\/?page_id=318"},"modified":"2023-12-11T12:09:26","modified_gmt":"2023-12-11T10:09:26","slug":"mikro-opinnot","status":"publish","type":"page","link":"https:\/\/blogi.eoppimispalvelut.fi\/jatkuvaoppiminen\/mikro-opinnot\/","title":{"rendered":"Mit\u00e4 haluat oppia?"},"content":{"rendered":"\n<p class=\"has-medium-font-size\" style=\"font-style:normal;font-weight:400;letter-spacing:1px\">Tervetuloa MUUVI &#8211; Yritysten muutoskyvykkyys, vihre\u00e4 siirtym\u00e4 ja digitalisaatio -hankkeen mikro-opintoihin! Mikro-opinnoilla tarkoitetaan lyhytkestoisia osaamiskokonaisuuksia, jotka edustavat uutta jatkuvan oppimisen muotoa. Mikro-opinnot ovat tutkinto-opintoja ketter\u00e4mpi\u00e4 ja ty\u00f6el\u00e4m\u00e4l\u00e4ht\u00f6isempi\u00e4.<\/p>\n\n\n\n<div style=\"height:5em\" aria-hidden=\"true\" class=\"wp-block-spacer\"><\/div>\n\n\n\n<div class=\"wp-block-query alignfull wp-block-sensei-lms-course-list wp-block-sensei-lms-course-list--is-grid-view is-layout-constrained wp-block-query-is-layout-constrained\">\n<hr class=\"wp-block-separator alignfull has-text-color has-alpha-channel-opacity has-background is-style-wide\" style=\"background-color:#e2e2e2;color:#e2e2e2\" \/>\n\n\n\n<div style=\"height:2em\" aria-hidden=\"true\" class=\"wp-block-spacer\"><\/div>\n\n\n<form role=\"search\" method=\"get\" action=\"https:\/\/blogi.eoppimispalvelut.fi\/jatkuvaoppiminen\/\" class=\"wp-block-search__button-outside wp-block-search__icon-button aligncenter wp-block-search\"    ><label class=\"wp-block-search__label\" for=\"wp-block-search__input-1\" >Hae mikro-opinnoista sinulle sopivat sis\u00e4ll\u00f6t<\/label><div class=\"wp-block-search__inside-wrapper\"  style=\"width: 100%\"><input class=\"wp-block-search__input\" id=\"wp-block-search__input-1\" placeholder=\"Kirjoita avainsanoja.\" value=\"\" type=\"search\" name=\"s\" required \/><button aria-label=\"Haet\" class=\"wp-block-search__button has-background has-black-background-color has-icon wp-element-button\" type=\"submit\" ><svg class=\"search-icon\" viewBox=\"0 0 24 24\" width=\"24\" height=\"24\">\n\t\t\t\t\t<path d=\"M13 5c-3.3 0-6 2.7-6 6 0 1.4.5 2.7 1.3 3.7l-3.8 3.8 1.1 1.1 3.8-3.8c1 .8 2.3 1.3 3.7 1.3 3.3 0 6-2.7 6-6S16.3 5 13 5zm0 10.5c-2.5 0-4.5-2-4.5-4.5s2-4.5 4.5-4.5 4.5 2 4.5 4.5-2 4.5-4.5 4.5z\"><\/path>\n\t\t\t\t<\/svg><\/button><\/div><\/form>\n\n\n<div style=\"height:2em\" aria-hidden=\"true\" class=\"wp-block-spacer\"><\/div>\n\n\n\n<hr class=\"wp-block-separator alignfull has-text-color has-alpha-channel-opacity has-background is-style-wide\" style=\"background-color:#e2e2e2;color:#e2e2e2\" \/>\n\n\n\n<div style=\"height:5em\" aria-hidden=\"true\" class=\"wp-block-spacer\"><\/div>\n\n\n\n<h2 class=\"wp-block-heading alignfull\">Mikro-opinnot<\/h2>\n\n\n\n<div style=\"height:2em\" aria-hidden=\"true\" class=\"wp-block-spacer\"><\/div>\n\n\n<div class=\"alignleft wp-block-sensei-lms-course-list-filter\"><select data-param-key=\"course-list-category-filter-39\">\n\t\t\t<option value=\"-1\">All Categories<\/option><option  value=\"201\">digitalisaatio<\/option><option  value=\"29\">Muutosjohtaminen<\/option><option  value=\"52\">Vihre\u00e4 siirtym\u00e4<\/option><\/select><\/div>\n\n<ul class=\"columns-2 alignwide wp-block-post-template is-layout-grid wp-container-core-post-template-is-layout-17361a50 wp-block-post-template-is-layout-grid\"><li class=\"wp-block-post post-7061 course type-course status-publish has-post-thumbnail hentry course-category-digitalisaatio module-mikro-opinnon-sisalto module-taustakysely post\">\n\n<div class=\"wp-block-group alignfull has-border-color is-layout-flow wp-block-group-is-layout-flow\" style=\"border-color:#c7c3c34f;border-width:1px;padding-top:10px;padding-right:10px;padding-bottom:10px;padding-left:10px\"><figure style=\"height:180px;\" class=\"wp-block-post-featured-image wp-duotone-rgba255825107-fff7f7-2\"><a href=\"https:\/\/blogi.eoppimispalvelut.fi\/jatkuvaoppiminen\/course\/aivot-etatyossa\/\" target=\"_self\"  style=\"height:180px\"><img loading=\"lazy\" decoding=\"async\" width=\"299\" height=\"145\" src=\"https:\/\/blogi.eoppimispalvelut.fi\/jatkuvaoppiminen\/files\/2023\/11\/Untitled-design-3-e1699554726562.png\" class=\"attachment-post-thumbnail size-post-thumbnail wp-post-image\" alt=\"Aivot et\u00e4ty\u00f6ss\u00e4\" style=\"height:180px;object-fit:cover;\" \/><\/a><\/figure>\n\n<div style=\"font-style:normal;font-weight:600;letter-spacing:2px;text-transform:uppercase;--sensei-lms-course-categories-background-color:#d0e6e5;--sensei-lms-course-categories-text-color:#000000\" class=\"wp-block-sensei-lms-course-categories\"><a href=\"https:\/\/blogi.eoppimispalvelut.fi\/jatkuvaoppiminen\/course-category\/digitalisaatio\/\" rel=\"tag\">digitalisaatio<\/a><\/div>\n\n<h3 style=\"font-size:22px;text-transform:uppercase;\" class=\"has-text-align-left wp-block-post-title\"><a href=\"https:\/\/blogi.eoppimispalvelut.fi\/jatkuvaoppiminen\/course\/aivot-etatyossa\/\" target=\"_self\" >Aivot et\u00e4ty\u00f6ss\u00e4<\/a><\/h3>\n\n<div style=\"font-size:18px;\" class=\"has-text-align-left wp-block-post-excerpt\"><p class=\"wp-block-post-excerpt__excerpt\">Opinnon suoritettuasi tied\u00e4t aivoterveyden ja kognitiivisen ergonomian perusteet. Tunnistat oman ty\u00f6si kuormittavia tekij\u00f6it\u00e4 ja osaat muotoilla omia ty\u00f6skentelytapojasi ja -rutiinejasi tukemaan aivojen hyvinvointia ty\u00f6p\u00e4ivien aikana. <\/p><\/div>\n\n<div class=\"wp-block-sensei-lms-course-overview\"><a href=\"https:\/\/blogi.eoppimispalvelut.fi\/jatkuvaoppiminen\/course\/aivot-etatyossa\/\">Course Overview<\/a><\/div>\n\n\n\n\n<div class=\"sensei-block-wrapper sensei-cta wp-block-sensei-lms-button-take-course\">\n\t\t\t<form method=\"GET\" action=\"https:\/\/blogi.eoppimispalvelut.fi\/jatkuvaoppiminen\/my-courses\/\">\n\t\t\t<input type=\"hidden\" name=\"redirect_to\" value=\"https:\/\/blogi.eoppimispalvelut.fi\/jatkuvaoppiminen\/course\/aivot-etatyossa\/?take_course_sign_in=1\" \/>\n\t\t\t\n<div class=\"wp-block-sensei-lms-button-take-course is-style-default wp-block-sensei-button wp-block-button has-text-align-full\"><button class=\"wp-block-button__link\">Aloita opinnot<\/button><\/div>\n\n\t\t\t<\/form>\n\t\t\t<\/div>\n\n\n\n\n<\/div>\n\n<\/li><li class=\"wp-block-post post-6890 course type-course status-publish has-post-thumbnail hentry course-category-muutosjohtaminen module-mikro-opinnon-sisalto module-taustakysely post\">\n\n<div class=\"wp-block-group alignfull has-border-color is-layout-flow wp-block-group-is-layout-flow\" style=\"border-color:#c7c3c34f;border-width:1px;padding-top:10px;padding-right:10px;padding-bottom:10px;padding-left:10px\"><figure style=\"height:180px;\" class=\"wp-block-post-featured-image wp-duotone-rgba255825107-fff7f7-3\"><a href=\"https:\/\/blogi.eoppimispalvelut.fi\/jatkuvaoppiminen\/course\/asiakkaiden-kohtaaminen-verkossa\/\" target=\"_self\"  style=\"height:180px\"><img loading=\"lazy\" decoding=\"async\" width=\"300\" height=\"145\" src=\"https:\/\/blogi.eoppimispalvelut.fi\/jatkuvaoppiminen\/files\/2023\/10\/Untitled-design-2-scaled-e1699554685793.jpg\" class=\"attachment-post-thumbnail size-post-thumbnail wp-post-image\" alt=\"Asiakkaiden kohtaaminen verkossa\" style=\"height:180px;object-fit:cover;\" \/><\/a><\/figure>\n\n<div style=\"font-style:normal;font-weight:600;letter-spacing:2px;text-transform:uppercase;--sensei-lms-course-categories-background-color:#d0e6e5;--sensei-lms-course-categories-text-color:#000000\" class=\"wp-block-sensei-lms-course-categories\"><a href=\"https:\/\/blogi.eoppimispalvelut.fi\/jatkuvaoppiminen\/course-category\/muutosjohtaminen\/\" rel=\"tag\">Muutosjohtaminen<\/a><\/div>\n\n<h3 style=\"font-size:22px;text-transform:uppercase;\" class=\"has-text-align-left wp-block-post-title\"><a href=\"https:\/\/blogi.eoppimispalvelut.fi\/jatkuvaoppiminen\/course\/asiakkaiden-kohtaaminen-verkossa\/\" target=\"_self\" >Asiakkaiden kohtaaminen verkossa<\/a><\/h3>\n\n<div style=\"font-size:18px;\" class=\"has-text-align-left wp-block-post-excerpt\"><p class=\"wp-block-post-excerpt__excerpt\">Mikro-opinto on tarkoitettu yritt\u00e4jille ja ty\u00f6ntekij\u00f6ille, jotka hy\u00f6dynt\u00e4v\u00e4t digitaalisia ty\u00f6kaluja asiakasty\u00f6ss\u00e4. Opinto tarjoaa osaamista asiakkaiden kohtaamiseen verkossa \u2013 miten ty\u00f6ss\u00e4si kohtaat asiakkaita verkossa ja miten sit\u00e4 voisi suunnitelmallisesti kehitt\u00e4\u00e4. Opinnoissa ei keskityt\u00e4 teknologisiin tai digitaalisiin ratkaisuihin, joilla asiakkaat tavoitetaan, vaan keski\u00f6ss\u00e4 on vuorovaikutus digitaalisissa ymp\u00e4rist\u00f6iss\u00e4. <\/p><\/div>\n\n<div class=\"wp-block-sensei-lms-course-overview\"><a href=\"https:\/\/blogi.eoppimispalvelut.fi\/jatkuvaoppiminen\/course\/asiakkaiden-kohtaaminen-verkossa\/\">Course Overview<\/a><\/div>\n\n\n\n\n<div class=\"sensei-block-wrapper sensei-cta wp-block-sensei-lms-button-take-course\">\n\t\t\t<form method=\"GET\" action=\"https:\/\/blogi.eoppimispalvelut.fi\/jatkuvaoppiminen\/my-courses\/\">\n\t\t\t<input type=\"hidden\" name=\"redirect_to\" value=\"https:\/\/blogi.eoppimispalvelut.fi\/jatkuvaoppiminen\/course\/asiakkaiden-kohtaaminen-verkossa\/?take_course_sign_in=1\" \/>\n\t\t\t\n<div class=\"wp-block-sensei-lms-button-take-course is-style-default wp-block-sensei-button wp-block-button has-text-align-full\"><button class=\"wp-block-button__link\">Aloita opinnot<\/button><\/div>\n\n\t\t\t<\/form>\n\t\t\t<\/div>\n\n\n\n\n<\/div>\n\n<\/li><li class=\"wp-block-post post-6760 course type-course status-publish has-post-thumbnail hentry course-category-digitalisaatio module-chatgptn-mahdollisuudet module-taustakysely post\">\n\n<div class=\"wp-block-group alignfull has-border-color is-layout-flow wp-block-group-is-layout-flow\" style=\"border-color:#c7c3c34f;border-width:1px;padding-top:10px;padding-right:10px;padding-bottom:10px;padding-left:10px\"><figure style=\"height:180px;\" class=\"wp-block-post-featured-image wp-duotone-rgba255825107-fff7f7-4\"><a href=\"https:\/\/blogi.eoppimispalvelut.fi\/jatkuvaoppiminen\/course\/tekoalyn-mahdollisuudet\/\" target=\"_self\"  style=\"height:180px\"><img loading=\"lazy\" decoding=\"async\" width=\"300\" height=\"145\" src=\"https:\/\/blogi.eoppimispalvelut.fi\/jatkuvaoppiminen\/files\/2023\/10\/Untitled-design-2-e1699554824191.png\" class=\"attachment-post-thumbnail size-post-thumbnail wp-post-image\" alt=\"ChatGPT:n mahdollisuudet\" style=\"height:180px;object-fit:cover;\" \/><\/a><\/figure>\n\n<div style=\"font-style:normal;font-weight:600;letter-spacing:2px;text-transform:uppercase;--sensei-lms-course-categories-background-color:#d0e6e5;--sensei-lms-course-categories-text-color:#000000\" class=\"wp-block-sensei-lms-course-categories\"><a href=\"https:\/\/blogi.eoppimispalvelut.fi\/jatkuvaoppiminen\/course-category\/digitalisaatio\/\" rel=\"tag\">digitalisaatio<\/a><\/div>\n\n<h3 style=\"font-size:22px;text-transform:uppercase;\" class=\"has-text-align-left wp-block-post-title\"><a href=\"https:\/\/blogi.eoppimispalvelut.fi\/jatkuvaoppiminen\/course\/tekoalyn-mahdollisuudet\/\" target=\"_self\" >ChatGPT:n mahdollisuudet<\/a><\/h3>\n\n<div style=\"font-size:18px;\" class=\"has-text-align-left wp-block-post-excerpt\"><p class=\"wp-block-post-excerpt__excerpt\">Mikro-opinnossa tutustut teko\u00e4lyn historiaan ja ymm\u00e4rr\u00e4t, miten teko\u00e4ly muuttaa ty\u00f6n tekemist\u00e4. Lis\u00e4ksi opit, miss\u00e4 teht\u00e4viss\u00e4 voit hy\u00f6dynt\u00e4\u00e4 teko\u00e4ly\u00e4 sek\u00e4 p\u00e4\u00e4set kokeilemaan ChatGPT -teko\u00e4lysovellusta k\u00e4yt\u00e4nn\u00f6ss\u00e4. <\/p><\/div>\n\n<div class=\"wp-block-sensei-lms-course-overview\"><a href=\"https:\/\/blogi.eoppimispalvelut.fi\/jatkuvaoppiminen\/course\/tekoalyn-mahdollisuudet\/\">Course Overview<\/a><\/div>\n\n\n\n\n<div class=\"sensei-block-wrapper sensei-cta wp-block-sensei-lms-button-take-course\">\n\t\t\t<form method=\"GET\" action=\"https:\/\/blogi.eoppimispalvelut.fi\/jatkuvaoppiminen\/my-courses\/\">\n\t\t\t<input type=\"hidden\" name=\"redirect_to\" value=\"https:\/\/blogi.eoppimispalvelut.fi\/jatkuvaoppiminen\/course\/tekoalyn-mahdollisuudet\/?take_course_sign_in=1\" \/>\n\t\t\t\n<div class=\"wp-block-sensei-lms-button-take-course is-style-default wp-block-sensei-button wp-block-button has-text-align-full\"><button class=\"wp-block-button__link\">Aloita opinnot<\/button><\/div>\n\n\t\t\t<\/form>\n\t\t\t<\/div>\n\n\n\n\n<\/div>\n\n<\/li><li class=\"wp-block-post post-3897 course type-course status-publish has-post-thumbnail hentry course-category-muutosjohtaminen module-intro-opintoon module-mita-on-tulevaisuusajattelu module-miten-ennakointi-auttaa-yritysta-tulevaisuuteen-varautumisessa module-ennakoinnin-menetelmia-trendit-ja-megatrendit module-ennakoinnin-menetelmia-heikot-signaalit module-ennakoinnin-menetelmia-skenaariot module-tulevaisuuskolmio module-mita-opin-ja-mita-otan-kayttoon module-johdanto post\">\n\n<div class=\"wp-block-group alignfull has-border-color is-layout-flow wp-block-group-is-layout-flow\" style=\"border-color:#c7c3c34f;border-width:1px;padding-top:10px;padding-right:10px;padding-bottom:10px;padding-left:10px\"><figure style=\"height:180px;\" class=\"wp-block-post-featured-image wp-duotone-rgba255825107-fff7f7-5\"><a href=\"https:\/\/blogi.eoppimispalvelut.fi\/jatkuvaoppiminen\/course\/ennakointi-matkailun-muutoksiin-varautumisessa\/\" target=\"_self\"  style=\"height:180px\"><img loading=\"lazy\" decoding=\"async\" width=\"300\" height=\"145\" src=\"https:\/\/blogi.eoppimispalvelut.fi\/jatkuvaoppiminen\/files\/2023\/07\/Untitled-design-3-e1699555049401.png\" class=\"attachment-post-thumbnail size-post-thumbnail wp-post-image\" alt=\"Ennakointi matkailun muutoksiin varautumisessa\" style=\"height:180px;object-fit:cover;\" \/><\/a><\/figure>\n\n<div style=\"font-style:normal;font-weight:600;letter-spacing:2px;text-transform:uppercase;--sensei-lms-course-categories-background-color:#d0e6e5;--sensei-lms-course-categories-text-color:#000000\" class=\"wp-block-sensei-lms-course-categories\"><a href=\"https:\/\/blogi.eoppimispalvelut.fi\/jatkuvaoppiminen\/course-category\/muutosjohtaminen\/\" rel=\"tag\">Muutosjohtaminen<\/a><\/div>\n\n<h3 style=\"font-size:22px;text-transform:uppercase;\" class=\"has-text-align-left wp-block-post-title\"><a href=\"https:\/\/blogi.eoppimispalvelut.fi\/jatkuvaoppiminen\/course\/ennakointi-matkailun-muutoksiin-varautumisessa\/\" target=\"_self\" >Ennakointi matkailun muutoksiin varautumisessa<\/a><\/h3>\n\n<div style=\"font-size:18px;\" class=\"has-text-align-left wp-block-post-excerpt\"><p class=\"wp-block-post-excerpt__excerpt\">Opinto sopii matkailualan yritt\u00e4jille, esihenkil\u00f6ille ja kehitt\u00e4misteht\u00e4viss\u00e4 oleville, jotka tarvitsevat tulevaisuuteen liittyv\u00e4\u00e4 tietoa toimintaymp\u00e4rist\u00f6st\u00e4 liiketoiminnan suunnittelussa ja haluavat tutustua toiminnan ennakointia mahdollistaviin menetelmiin ja ty\u00f6kaluihin. Opinto sopii my\u00f6s kaikille ennakoinnista ja matkailualan kehitt\u00e4misest\u00e4 kiinnostuneille. Ennen opinnon suorittamista suositellaan Muuttuva matkailun toimintaymp\u00e4rist\u00f6 -opinnon tekemist\u00e4 tai sen sis\u00e4lt\u00f6j\u00e4 vastaavan osaamisen hankkimista. Opinnon suorittamista tukee osaaminen matkailun ja&hellip; <\/p><\/div>\n\n<div class=\"wp-block-sensei-lms-course-overview\"><a href=\"https:\/\/blogi.eoppimispalvelut.fi\/jatkuvaoppiminen\/course\/ennakointi-matkailun-muutoksiin-varautumisessa\/\">Course Overview<\/a><\/div>\n\n\n\n\n<div class=\"sensei-block-wrapper sensei-cta wp-block-sensei-lms-button-take-course\">\n\t\t\t<form method=\"GET\" action=\"https:\/\/blogi.eoppimispalvelut.fi\/jatkuvaoppiminen\/my-courses\/\">\n\t\t\t<input type=\"hidden\" name=\"redirect_to\" value=\"https:\/\/blogi.eoppimispalvelut.fi\/jatkuvaoppiminen\/course\/ennakointi-matkailun-muutoksiin-varautumisessa\/?take_course_sign_in=1\" \/>\n\t\t\t\n<div class=\"wp-block-sensei-lms-button-take-course is-style-default wp-block-sensei-button wp-block-button has-text-align-full\"><button class=\"wp-block-button__link\">Aloita opinnot<\/button><\/div>\n\n\t\t\t<\/form>\n\t\t\t<\/div>\n\n\n\n\n<\/div>\n\n<\/li><\/ul>\n\n<nav class=\"alignwide wp-block-query-pagination is-horizontal is-content-justification-space-between is-layout-flex wp-container-core-query-pagination-is-layout-a442f9fe wp-block-query-pagination-is-layout-flex\" aria-label=\"Sivutus\">\n\n\n<div class=\"wp-block-query-pagination-numbers has-medium-font-size\"><span aria-current=\"page\" class=\"page-numbers current\">1<\/span>\n<a class=\"page-numbers\" href=\"?query-39-page=2\">2<\/a>\n<a class=\"page-numbers\" href=\"?query-39-page=3\">3<\/a>\n<span class=\"page-numbers dots\">&hellip;<\/span>\n<a class=\"page-numbers\" href=\"?query-39-page=5\">5<\/a><\/div>\n\n<a href=\"\/jatkuvaoppiminen\/wp-json\/wp\/v2\/pages\/318?query-39-page=2\" class=\"wp-block-query-pagination-next has-medium-font-size\">Seuraava sivu<span class='wp-block-query-pagination-next-arrow is-arrow-arrow' aria-hidden='true'>\u2192<\/span><\/a>\n<\/nav><\/div>\n\n\n\n<div style=\"height:5em\" aria-hidden=\"true\" class=\"wp-block-spacer\"><\/div>\n","protected":false},"excerpt":{"rendered":"<p>Tervetuloa MUUVI &#8211; Yritysten muutoskyvykkyys, vihre\u00e4 siirtym\u00e4 ja digitalisaatio -hankkeen mikro-opintoihin! Mikro-opinnoilla tarkoitetaan lyhytkestoisia osaamiskokonaisuuksia, jotka edustavat uutta jatkuvan oppimisen muotoa. Mikro-opinnot ovat tutkinto-opintoja ketter\u00e4mpi\u00e4 ja ty\u00f6el\u00e4m\u00e4l\u00e4ht\u00f6isempi\u00e4.<\/p>\n","protected":false},"author":4381,"featured_media":0,"parent":0,"menu_order":0,"comment_status":"closed","ping_status":"closed","template":"","meta":{"_et_pb_use_builder":"","_et_pb_old_content":"","_et_gb_content_width":"1080","footnotes":""},"class_list":["post-318","page","type-page","status-publish","hentry"],"_links":{"self":[{"href":"https:\/\/blogi.eoppimispalvelut.fi\/jatkuvaoppiminen\/wp-json\/wp\/v2\/pages\/318","targetHints":{"allow":["GET"]}}],"collection":[{"href":"https:\/\/blogi.eoppimispalvelut.fi\/jatkuvaoppiminen\/wp-json\/wp\/v2\/pages"}],"about":[{"href":"https:\/\/blogi.eoppimispalvelut.fi\/jatkuvaoppiminen\/wp-json\/wp\/v2\/types\/page"}],"author":[{"embeddable":true,"href":"https:\/\/blogi.eoppimispalvelut.fi\/jatkuvaoppiminen\/wp-json\/wp\/v2\/users\/4381"}],"replies":[{"embeddable":true,"href":"https:\/\/blogi.eoppimispalvelut.fi\/jatkuvaoppiminen\/wp-json\/wp\/v2\/comments?post=318"}],"version-history":[{"count":47,"href":"https:\/\/blogi.eoppimispalvelut.fi\/jatkuvaoppiminen\/wp-json\/wp\/v2\/pages\/318\/revisions"}],"predecessor-version":[{"id":8249,"href":"https:\/\/blogi.eoppimispalvelut.fi\/jatkuvaoppiminen\/wp-json\/wp\/v2\/pages\/318\/revisions\/8249"}],"wp:attachment":[{"href":"https:\/\/blogi.eoppimispalvelut.fi\/jatkuvaoppiminen\/wp-json\/wp\/v2\/media?parent=318"}],"curies":[{"name":"wp","href":"https:\/\/api.w.org\/{rel}","templated":true}]}}