{"id":348,"date":"2023-04-04T16:27:22","date_gmt":"2023-04-04T13:27:22","guid":{"rendered":"https:\/\/blogi.eoppimispalvelut.fi\/jatkuvaoppiminen\/?page_id=348"},"modified":"2023-04-15T12:50:00","modified_gmt":"2023-04-15T09:50:00","slug":"tietosuoja","status":"publish","type":"page","link":"https:\/\/blogi.eoppimispalvelut.fi\/jatkuvaoppiminen\/tietosuoja\/","title":{"rendered":"Tietosuoja"},"content":{"rendered":"\n<h2 class=\"wp-block-heading\">Rekisterinpit\u00e4j\u00e4<\/h2>\n\n\n\n<p><br>Lapin AMK<br>Jokiv\u00e4yl\u00e4 11 C<br>96300 Rovaniemi, Finland<br>+358 20 798 6000<\/p>\n\n\n\n<p>MUUVI \u2013 Yritysten muutoskyvykkyys, vihre\u00e4 siirtym\u00e4 ja digitalisaatio -hanke<\/p>\n\n\n\n<p>Henkl\u00f6tietojasi kysyt\u00e4\u00e4n:<\/p>\n\n\n\n<ul class=\"wp-block-list\">\n<li>rekister\u00f6ityess\u00e4si oppimisalustalle osoitteessa: https:\/\/blogi.eoppimispalvelut.fi\/jatkuvaoppiminen<\/li>\n\n\n\n<li>osallistuessasi MUUVI \u2013 Yritysten muutoskyvykkyys, vihre\u00e4 siirtym\u00e4 ja digitalisaatio -hankkeen kyselyyn mikro-opintoja suorittaville<\/li>\n<\/ul>\n\n\n\n<p>Avaa ja lue MUUVI \u2013 Yritysten muutoskyvykkyys, vihre\u00e4 siirtym\u00e4 ja digitalisaatio -hankkeen kysely\u00e4 koskevat seloste <a href=\"https:\/\/blogi.eoppimispalvelut.fi\/jatkuvaoppiminen\/files\/2023\/04\/Seloste-henkilotietojen-kasittelytoimista-Muuvi-hanke-tarkistettu.docx\" target=\"_blank\" rel=\"noreferrer noopener\">t\u00e4st\u00e4.&gt;<\/a><\/p>\n\n\n\n<p><\/p>\n","protected":false},"excerpt":{"rendered":"<p>Rekisterinpit\u00e4j\u00e4 Lapin AMKJokiv\u00e4yl\u00e4 11 C96300 Rovaniemi, Finland+358 20 798 6000 MUUVI \u2013 Yritysten muutoskyvykkyys, vihre\u00e4 siirtym\u00e4 ja digitalisaatio -hanke Henkl\u00f6tietojasi kysyt\u00e4\u00e4n: Avaa ja lue MUUVI \u2013 Yritysten muutoskyvykkyys, vihre\u00e4 siirtym\u00e4 ja digitalisaatio -hankkeen kysely\u00e4 koskevat seloste t\u00e4st\u00e4.&gt;<\/p>\n","protected":false},"author":4381,"featured_media":0,"parent":0,"menu_order":0,"comment_status":"closed","ping_status":"closed","template":"","meta":{"_et_pb_use_builder":"off","_et_pb_old_content":"","_et_gb_content_width":"","footnotes":""},"class_list":["post-348","page","type-page","status-publish","hentry"],"_links":{"self":[{"href":"https:\/\/blogi.eoppimispalvelut.fi\/jatkuvaoppiminen\/wp-json\/wp\/v2\/pages\/348","targetHints":{"allow":["GET"]}}],"collection":[{"href":"https:\/\/blogi.eoppimispalvelut.fi\/jatkuvaoppiminen\/wp-json\/wp\/v2\/pages"}],"about":[{"href":"https:\/\/blogi.eoppimispalvelut.fi\/jatkuvaoppiminen\/wp-json\/wp\/v2\/types\/page"}],"author":[{"embeddable":true,"href":"https:\/\/blogi.eoppimispalvelut.fi\/jatkuvaoppiminen\/wp-json\/wp\/v2\/users\/4381"}],"replies":[{"embeddable":true,"href":"https:\/\/blogi.eoppimispalvelut.fi\/jatkuvaoppiminen\/wp-json\/wp\/v2\/comments?post=348"}],"version-history":[{"count":3,"href":"https:\/\/blogi.eoppimispalvelut.fi\/jatkuvaoppiminen\/wp-json\/wp\/v2\/pages\/348\/revisions"}],"predecessor-version":[{"id":1714,"href":"https:\/\/blogi.eoppimispalvelut.fi\/jatkuvaoppiminen\/wp-json\/wp\/v2\/pages\/348\/revisions\/1714"}],"wp:attachment":[{"href":"https:\/\/blogi.eoppimispalvelut.fi\/jatkuvaoppiminen\/wp-json\/wp\/v2\/media?parent=348"}],"curies":[{"name":"wp","href":"https:\/\/api.w.org\/{rel}","templated":true}]}}