{"id":1078,"date":"2020-01-16T15:11:10","date_gmt":"2020-01-16T13:11:10","guid":{"rendered":"https:\/\/blogi.eoppimispalvelut.fi\/pamatestinki\/?page_id=2"},"modified":"2023-08-26T21:00:02","modified_gmt":"2023-08-26T18:00:02","slug":"etusivurekisterointi","status":"publish","type":"page","link":"https:\/\/blogi.eoppimispalvelut.fi\/johdatuspalvelumuotoiluun\/","title":{"rendered":"Etusivu"},"content":{"rendered":"<p>[et_pb_section fb_built=&#8221;1&#8243; make_equal=&#8221;on&#8221; specialty=&#8221;on&#8221; custom_padding_last_edited=&#8221;on|tablet&#8221; use_background_color_gradient_1=&#8221;on&#8221; background_color_gradient_direction_1=&#8221;90deg&#8221; background_color_gradient_stops_1=&#8221;#f6f6f3 60%|#f6f6f3 60%&#8221; background_color_gradient_start_1=&#8221;#f6f6f3&#8243; background_color_gradient_end_1=&#8221;#f6f6f3&#8243; background_color_gradient_start_position_1=&#8221;60%&#8221; background_color_gradient_end_position_1=&#8221;60%&#8221; padding_top_1=&#8221;4vw&#8221; padding_top_2=&#8221;7vw&#8221; padding_right_2=&#8221;10vw&#8221; padding_bottom_2=&#8221;7vw&#8221; padding_left_1=&#8221;10vw&#8221; padding_top_bottom_link_1=&#8221;false&#8221; padding_top_bottom_link_2=&#8221;true&#8221; padding_left_right_link_1=&#8221;false&#8221; padding_left_right_link_2=&#8221;false&#8221; padding_2_tablet=&#8221;0vw|10vw|0vw|10vw|true|true&#8221; padding_2_phone=&#8221;&#8221; padding_2_last_edited=&#8221;on|desktop&#8221; admin_label=&#8221;Hero&#8221; _builder_version=&#8221;4.16&#8243; background_color=&#8221;#f6f6f3&#8243; background_enable_image=&#8221;off&#8221; inner_width=&#8221;100%&#8221; inner_max_width=&#8221;100%&#8221; custom_margin=&#8221;||&#8221; custom_margin_tablet=&#8221;||100px|&#8221; custom_margin_phone=&#8221;&#8221; custom_margin_last_edited=&#8221;on|tablet&#8221; custom_padding=&#8221;0px||0vw||false|&#8221; custom_padding_tablet=&#8221;||&#8221; custom_padding_phone=&#8221;&#8221; use_custom_width=&#8221;on&#8221; width_unit=&#8221;off&#8221; custom_width_percent=&#8221;100%&#8221; global_colors_info=&#8221;{}&#8221;][et_pb_column type=&#8221;1_2&#8243; _builder_version=&#8221;4.16&#8243; custom_padding=&#8221;|||&#8221; global_colors_info=&#8221;{}&#8221; padding_bottom__hover=&#8221;6vw&#8221; padding_left__hover=&#8221;10vw&#8221; padding_top__hover=&#8221;8vw&#8221; parallax__hover=&#8221;off&#8221; parallax_method__hover=&#8221;on&#8221; use_background_color_gradient__hover=&#8221;on&#8221; background_color_gradient_start__hover=&#8221;#1c1c1c&#8221; background_color_gradient_end__hover=&#8221;rgba(255,255,255,0)&#8221; background_color_gradient_direction__hover=&#8221;90deg&#8221; background_color_gradient_start_position__hover=&#8221;50%&#8221; background_color_gradient_end_position__hover=&#8221;0%&#8221; custom_padding__hover=&#8221;|||&#8221; background_color_gradient_stops__hover=&#8221;#1c1c1c 50%|rgba(255,255,255,0) 50%&#8221;][et_pb_image src=&#8221;https:\/\/blogi.eoppimispalvelut.fi\/johdatuspalvelumuotoiluun\/files\/2020\/08\/Pa\u0308a\u0308logo_B.jpg&#8221; align=&#8221;center&#8221; align_tablet=&#8221;center&#8221; align_phone=&#8221;&#8221; align_last_edited=&#8221;on|desktop&#8221; _builder_version=&#8221;4.16&#8243; max_width_tablet=&#8221;200px&#8221; max_width_phone=&#8221;&#8221; max_width_last_edited=&#8221;on|tablet&#8221; min_height=&#8221;200px&#8221; custom_padding=&#8221;||28px|||&#8221; animation_direction=&#8221;left&#8221; box_shadow_style=&#8221;preset3&#8243; box_shadow_horizontal=&#8221;40px&#8221; box_shadow_vertical=&#8221;40px&#8221; box_shadow_blur=&#8221;80px&#8221; box_shadow_spread=&#8221;-20px&#8221; box_shadow_color=&#8221;rgba(0,0,0,0.12)&#8221; global_colors_info=&#8221;{}&#8221;][\/et_pb_image][\/et_pb_column][et_pb_column type=&#8221;1_2&#8243; specialty_columns=&#8221;2&#8243; _builder_version=&#8221;4.16&#8243; custom_padding=&#8221;|||&#8221; global_colors_info=&#8221;{}&#8221; padding_tablet__hover=&#8221;5vw|10vw|5vw|10vw||true&#8221; padding_last_edited__hover=&#8221;on|phone&#8221; padding_bottom__hover=&#8221;6vw&#8221; padding_left__hover=&#8221;3vw&#8221; padding_right__hover=&#8221;10vw&#8221; padding_top__hover=&#8221;8vw&#8221; parallax__hover=&#8221;off&#8221; parallax_method__hover=&#8221;on&#8221; custom_padding__hover=&#8221;|||&#8221;][et_pb_row_inner _builder_version=&#8221;4.16&#8243; min_height=&#8221;524px&#8221; custom_margin=&#8221;-85px||||false|false&#8221; custom_padding=&#8221;||0px|||&#8221; global_colors_info=&#8221;{}&#8221;][et_pb_column_inner saved_specialty_column_type=&#8221;1_2&#8243; _builder_version=&#8221;3.25&#8243; custom_padding=&#8221;|||&#8221; global_colors_info=&#8221;{}&#8221; parallax__hover=&#8221;off&#8221; parallax_method__hover=&#8221;on&#8221; custom_padding__hover=&#8221;|||&#8221;][et_pb_text _builder_version=&#8221;4.20.4&#8243; text_font=&#8221;Muli||||||||&#8221; header_font=&#8221;Muli|700|||||||&#8221; header_font_size=&#8221;90px&#8221; header_line_height=&#8221;1.2em&#8221; header_6_font=&#8221;Muli|700||on|||||&#8221; header_6_text_color=&#8221;#0ccead&#8221; header_6_letter_spacing=&#8221;1px&#8221; header_6_line_height=&#8221;1.8em&#8221; max_width=&#8221;600px&#8221; min_height=&#8221;352px&#8221; custom_padding=&#8221;0px||0px|||&#8221; animation_direction=&#8221;right&#8221; header_font_size_tablet=&#8221;56px&#8221; header_font_size_phone=&#8221;32px&#8221; header_font_size_last_edited=&#8221;on|phone&#8221; locked=&#8221;off&#8221; global_colors_info=&#8221;{}&#8221;]<\/p>\n<p>Tervetuloa <span style=\"color: #b78302\"><strong>JOHDATUS PALVELUMUOTOILUUN<\/strong><\/span> -verkkokurssille!<\/p>\n<p>Kurssin aikana hahmotetaan yleiskuvaa palvelumuotoilusta, mist\u00e4 se koostuu, millainen sen prosessi ja k\u00e4yt\u00e4nn\u00f6n ty\u00f6 on sek\u00e4 sen sovellusmahdollisuuksista erilaisissa organisaatioymp\u00e4rist\u00f6iss\u00e4. P\u00e4\u00e4set my\u00f6s pohtimaan palvelumuotoilijan toimijuutta ja niit\u00e4 t\u00e4rkeit\u00e4 ominaisuuksia, joita tarvitaan onnistuneen palvelumuotoilun toteuttamiseksi.<\/p>\n<p><em><strong>Kurssin laajuus:<\/strong> Kurssi ei oikeuta opintopisteisiin*<\/em><\/p>\n<p><em><strong>Kurssin<\/strong> <strong>ty\u00f6muoto<\/strong>: Kurssi suoritetaan t\u00e4ysin itsen\u00e4isesti ja omassa tahdissa edeten.<\/em><\/p>\n<p><em><strong>Kurssi koostuu:<\/strong><\/em> Palvelumuotoilun teoriaa, asiantuntijavideoita ja k\u00e4yt\u00e4nn\u00f6n teht\u00e4vi\u00e4.<\/p>\n<p>&nbsp;<\/p>\n<p><span style=\"font-size: small\"><em>*Lapin yliopiston Palvelumuotoilun perusopintoihin ilmoittautuneille opiskelijoille verkkokurssi korvaa Johdanto palvelumuotoiluun -kurssin.<\/em><\/span>\u00a0<\/p>\n<p>[\/et_pb_text][et_pb_button button_url=&#8221;https:\/\/blogi.eoppimispalvelut.fi\/johdatuspalvelumuotoiluun\/register&#8221; button_text=&#8221;Rekister\u00f6ityminen&#8221; _builder_version=&#8221;4.20.4&#8243; custom_button=&#8221;on&#8221; button_text_size=&#8221;14px&#8221; button_text_color=&#8221;#ffffff&#8221; button_bg_color=&#8221;#606060&#8243; button_border_width=&#8221;0px&#8221; button_border_color=&#8221;rgba(0,0,0,0)&#8221; button_border_radius=&#8221;6px&#8221; button_font=&#8221;|700|||||||&#8221; button_icon=&#8221;&#x3d;||divi||400&#8243; button_on_hover=&#8221;off&#8221; custom_padding=&#8221;15px|40px|15px|40px|true|true&#8221; animation_direction=&#8221;right&#8221; locked=&#8221;off&#8221; global_colors_info=&#8221;{}&#8221;][\/et_pb_button][et_pb_button button_url=&#8221;https:\/\/blogi.eoppimispalvelut.fi\/johdatuspalvelumuotoiluun\/login\/&#8221; button_text=&#8221;Olet jo kurssilla? T\u00e4\u00e4lt\u00e4 sis\u00e4\u00e4n!&#8221; _builder_version=&#8221;4.16&#8243; custom_button=&#8221;on&#8221; button_text_size=&#8221;14px&#8221; button_text_color=&#8221;#ffffff&#8221; button_bg_color=&#8221;#b78302&#8243; button_border_width=&#8221;0px&#8221; button_border_color=&#8221;rgba(0,0,0,0)&#8221; button_border_radius=&#8221;6px&#8221; button_font=&#8221;|700|||||||&#8221; button_icon=&#8221;&#x3d;||divi||400&#8243; button_on_hover=&#8221;off&#8221; custom_padding=&#8221;15px|40px|15px|40px|true|true&#8221; animation_direction=&#8221;right&#8221; locked=&#8221;off&#8221; global_colors_info=&#8221;{}&#8221;][\/et_pb_button][\/et_pb_column_inner][\/et_pb_row_inner][\/et_pb_column][\/et_pb_section][et_pb_section fb_built=&#8221;1&#8243; _builder_version=&#8221;4.16&#8243; min_height=&#8221;242px&#8221; global_colors_info=&#8221;{}&#8221;][et_pb_row _builder_version=&#8221;4.16&#8243; global_colors_info=&#8221;{}&#8221;][et_pb_column type=&#8221;4_4&#8243; _builder_version=&#8221;4.16&#8243; global_colors_info=&#8221;{}&#8221;][et_pb_image src=&#8221;https:\/\/blogi.eoppimispalvelut.fi\/johdatuspalvelumuotoiluun\/files\/2020\/08\/Organisaatio-logot-rgb-scaled-1.jpg&#8221; _builder_version=&#8221;4.16&#8243; global_colors_info=&#8221;{}&#8221;][\/et_pb_image][\/et_pb_column][\/et_pb_row][\/et_pb_section]<\/p>\n","protected":false},"excerpt":{"rendered":"<p>Tervetuloa JOHDATUS PALVELUMUOTOILUUN -verkkokurssille! Kurssin aikana hahmotetaan yleiskuvaa palvelumuotoilusta, mist\u00e4 se koostuu, millainen sen prosessi ja k\u00e4yt\u00e4nn\u00f6n ty\u00f6 on sek\u00e4 sen sovellusmahdollisuuksista erilaisissa organisaatioymp\u00e4rist\u00f6iss\u00e4. P\u00e4\u00e4set my\u00f6s pohtimaan palvelumuotoilijan toimijuutta ja niit\u00e4 t\u00e4rkeit\u00e4 ominaisuuksia, joita tarvitaan onnistuneen palvelumuotoilun toteuttamiseksi. Kurssin laajuus: Kurssi ei oikeuta opintopisteisiin* Kurssin ty\u00f6muoto: Kurssi suoritetaan t\u00e4ysin itsen\u00e4isesti ja omassa tahdissa edeten. Kurssi [&hellip;]<\/p>\n","protected":false},"author":31,"featured_media":0,"parent":0,"menu_order":0,"comment_status":"closed","ping_status":"closed","template":"","meta":{"_et_pb_use_builder":"on","_et_pb_old_content":"<!-- wp:paragraph -->This is an example page. It's different from a blog post because it will stay in one place and will show up in your site navigation (in most themes). Most people start with an About page that introduces them to potential site visitors. It might say something like this:\r\n\r\n<!-- \/wp:paragraph -->\u00a0\r\n\r\n<!-- wp:quote -->\r\n<blockquote class=\"wp-block-quote\">Hi there! I'm a bike messenger by day, aspiring actor by night, and this is my website. I live in Los Angeles, have a great dog named Jack, and I like pi\u00f1a coladas. (And gettin' caught in the rain.)<\/blockquote>\r\n<!-- \/wp:quote -->\u00a0\r\n\r\n<!-- wp:paragraph -->...or something like this:\r\n\r\n<!-- \/wp:paragraph -->\u00a0\r\n\r\n<!-- wp:quote -->\r\n<blockquote class=\"wp-block-quote\">The XYZ Doohickey Company was founded in 1971, and has been providing quality doohickeys to the public ever since. Located in Gotham City, XYZ employs over 2,000 people and does all kinds of awesome things for the Gotham community.<\/blockquote>\r\n<!-- \/wp:quote -->\u00a0\r\n\r\n<!-- wp:paragraph -->As a new WordPress user, you should go to <a href=\"https:\/\/blogi.eoppimispalvelut.fi\/pamatestinki\/wp-admin\/\">your dashboard<\/a> to delete this page and create new pages for your content. Have fun!\r\n\r\n<!-- \/wp:paragraph -->","_et_gb_content_width":"","footnotes":""},"class_list":["post-1078","page","type-page","status-publish","hentry"],"_links":{"self":[{"href":"https:\/\/blogi.eoppimispalvelut.fi\/johdatuspalvelumuotoiluun\/wp-json\/wp\/v2\/pages\/1078","targetHints":{"allow":["GET"]}}],"collection":[{"href":"https:\/\/blogi.eoppimispalvelut.fi\/johdatuspalvelumuotoiluun\/wp-json\/wp\/v2\/pages"}],"about":[{"href":"https:\/\/blogi.eoppimispalvelut.fi\/johdatuspalvelumuotoiluun\/wp-json\/wp\/v2\/types\/page"}],"author":[{"embeddable":true,"href":"https:\/\/blogi.eoppimispalvelut.fi\/johdatuspalvelumuotoiluun\/wp-json\/wp\/v2\/users\/31"}],"replies":[{"embeddable":true,"href":"https:\/\/blogi.eoppimispalvelut.fi\/johdatuspalvelumuotoiluun\/wp-json\/wp\/v2\/comments?post=1078"}],"version-history":[{"count":27,"href":"https:\/\/blogi.eoppimispalvelut.fi\/johdatuspalvelumuotoiluun\/wp-json\/wp\/v2\/pages\/1078\/revisions"}],"predecessor-version":[{"id":6450,"href":"https:\/\/blogi.eoppimispalvelut.fi\/johdatuspalvelumuotoiluun\/wp-json\/wp\/v2\/pages\/1078\/revisions\/6450"}],"wp:attachment":[{"href":"https:\/\/blogi.eoppimispalvelut.fi\/johdatuspalvelumuotoiluun\/wp-json\/wp\/v2\/media?parent=1078"}],"curies":[{"name":"wp","href":"https:\/\/api.w.org\/{rel}","templated":true}]}}