{"id":2092,"date":"2020-09-26T11:26:22","date_gmt":"2020-09-26T08:26:22","guid":{"rendered":"https:\/\/blogi.eoppimispalvelut.fi\/johdatuspalvelumuotoiluun\/?page_id=2092"},"modified":"2023-05-15T11:09:52","modified_gmt":"2023-05-15T08:09:52","slug":"login","status":"publish","type":"page","link":"https:\/\/blogi.eoppimispalvelut.fi\/johdatuspalvelumuotoiluun\/login\/","title":{"rendered":"Tunnus &#8211; Kirjaudu sis\u00e4\u00e4n"},"content":{"rendered":"<h3>Kirjaudu sis\u00e4\u00e4n ja jatka opintoja<\/h3>\n<p><a href=\"https:\/\/blogi.eoppimispalvelut.fi\/johdatuspalvelumuotoiluun\/register\">Minulla ei ole viel\u00e4 tunnusta, klikkaa t\u00e4st\u00e4.<\/a><\/p>\n\n<div class=\"cleanlogin-container\">\t\t\n\n\t<form class=\"cleanlogin-form\" method=\"post\" action=\"https:\/\/blogi.eoppimispalvelut.fi\/johdatuspalvelumuotoiluun\/login\/\" onsubmit=\"submit.disabled = true; return true;\">\n\t\t\t\n\t\t<fieldset>\n\n\t\t\t\t\t\t<div class=\"cleanlogin-field\">\n                <label for=\"log\">Username<\/label>\n\t\t\t\t<input class=\"cleanlogin-field-username\" type=\"text\" name=\"log\" placeholder=\"Username\" aria-label=\"Username\">\n\t\t\t<\/div>\n\t\t\t\n\t\t\t<div class=\"cleanlogin-field\">\n                <label for=\"pwd\">Password<\/label>\n\t\t\t\t<input class=\"cleanlogin-field-password\" type=\"password\" id=\"pwd\" name=\"pwd\" placeholder=\"Password\" aria-label=\"Password\">\n                <i class=\"bi bi-eye-slash\" id=\"togglePassword\"><\/i>\n\t\t\t<\/div>\n\n\t\t\t\t\t\n\t\t\t<input type=\"hidden\" name=\"clean_login_wpnonce\" value=\"18656b7a5a\">\n            \n\t\t\t\t\t<\/fieldset>\n\t\t\n\t\t<fieldset>\n\t\t\t<input class=\"cleanlogin-field\" type=\"submit\" value=\"Log in\" name=\"submit\">\n\t\t\t<input type=\"hidden\" name=\"action\" value=\"login\">\n\t\t\t\n\t\t\t<div class=\"cleanlogin-field cleanlogin-field-remember\">\n\t\t\t\t<input type=\"checkbox\" id=\"rememberme\" name=\"rememberme\" value=\"forever\">\n\t\t\t\t<label for=\"rememberme\">Remember?<\/label>\n\t\t\t<\/div>\n\t\t<\/fieldset>\n\n\t\t\n\t\t<div class=\"cleanlogin-form-bottom\">\n\t\t\t\n            <a href='https:\/\/blogi.eoppimispalvelut.fi\/johdatuspalvelumuotoiluun\/login_forgot\/' class='cleanlogin-form-pwd-link'>Lost password?<\/a>\n\t\t\t<a href='https:\/\/blogi.eoppimispalvelut.fi\/johdatuspalvelumuotoiluun\/register\/' class='cleanlogin-form-register-link'>Register<\/a>\t\t\t\t\t\t\n\t\t<\/div>\n\t\t\n\t<\/form>\n\n<\/div>\n\n<script>\nconst togglePassword = document.querySelector('#togglePassword');\nconst password = document.querySelector('#pwd');\n\ntogglePassword.addEventListener('click', function (e) {\n    const type = password.getAttribute('type') === 'password' ? 'text' : 'password';\n    password.setAttribute('type', type);\n    this.classList.toggle('bi-eye');\n});\n<\/script>\n<p>Mik\u00e4li sinulla on ongelmia tunnuksen kanssa, ole yhteydess\u00e4 eoppimispalvelut@luc.fi<\/p>\n","protected":false},"excerpt":{"rendered":"<p>Kirjaudu sis\u00e4\u00e4n ja jatka opintoja Minulla ei ole viel\u00e4 tunnusta, klikkaa t\u00e4st\u00e4. Mik\u00e4li sinulla on ongelmia tunnuksen kanssa, ole yhteydess\u00e4 eoppimispalvelut@luc.fi<\/p>\n","protected":false},"author":36,"featured_media":0,"parent":0,"menu_order":0,"comment_status":"closed","ping_status":"closed","template":"","meta":{"_et_pb_use_builder":"","_et_pb_old_content":"","_et_gb_content_width":"","footnotes":""},"class_list":["post-2092","page","type-page","status-publish","hentry"],"_links":{"self":[{"href":"https:\/\/blogi.eoppimispalvelut.fi\/johdatuspalvelumuotoiluun\/wp-json\/wp\/v2\/pages\/2092","targetHints":{"allow":["GET"]}}],"collection":[{"href":"https:\/\/blogi.eoppimispalvelut.fi\/johdatuspalvelumuotoiluun\/wp-json\/wp\/v2\/pages"}],"about":[{"href":"https:\/\/blogi.eoppimispalvelut.fi\/johdatuspalvelumuotoiluun\/wp-json\/wp\/v2\/types\/page"}],"author":[{"embeddable":true,"href":"https:\/\/blogi.eoppimispalvelut.fi\/johdatuspalvelumuotoiluun\/wp-json\/wp\/v2\/users\/36"}],"replies":[{"embeddable":true,"href":"https:\/\/blogi.eoppimispalvelut.fi\/johdatuspalvelumuotoiluun\/wp-json\/wp\/v2\/comments?post=2092"}],"version-history":[{"count":7,"href":"https:\/\/blogi.eoppimispalvelut.fi\/johdatuspalvelumuotoiluun\/wp-json\/wp\/v2\/pages\/2092\/revisions"}],"predecessor-version":[{"id":6923,"href":"https:\/\/blogi.eoppimispalvelut.fi\/johdatuspalvelumuotoiluun\/wp-json\/wp\/v2\/pages\/2092\/revisions\/6923"}],"wp:attachment":[{"href":"https:\/\/blogi.eoppimispalvelut.fi\/johdatuspalvelumuotoiluun\/wp-json\/wp\/v2\/media?parent=2092"}],"curies":[{"name":"wp","href":"https:\/\/api.w.org\/{rel}","templated":true}]}}