{"id":4,"date":"2020-02-11T10:40:29","date_gmt":"2020-02-11T08:40:29","guid":{"rendered":"https:\/\/blogi.eoppimispalvelut.fi\/k4tr1\/?page_id=4"},"modified":"2020-04-02T20:38:16","modified_gmt":"2020-04-02T17:38:16","slug":"kuka-katri","status":"publish","type":"page","link":"https:\/\/blogi.eoppimispalvelut.fi\/k4tr1\/","title":{"rendered":"Tervetuloa!"},"content":{"rendered":"<p>Hienoa, ett\u00e4 l\u00f6ysit tiesi sivuilleni &#8211; tutustutaan!<\/p>\n<p>Olen Katri Rantala, 25-vuotias taiteen maisteri, audiovisuaalisen median monity\u00f6l\u00e4inen ja AMK-opiskelija Rovaniemell\u00e4. Valokuvaan, kirjoitan, \u00e4\u00e4nit\u00e4n, suunnittelen ja pohdin &#8211; teen mielell\u00e4ni kaikkea, mit\u00e4 luova ty\u00f6l\u00e4inen suinkin voi. T\u00e4ll\u00e4 hetkell\u00e4 olen my\u00f6s aktiivinen ty\u00f6nhakija.<\/p>\n<p>Esittelen t\u00e4ll\u00e4 sivulla niin persoonaani kuin osaamistanikin, joten t\u00e4\u00e4lt\u00e4 l\u00f6yd\u00e4t omia blogikirjoituksiani, portfolioni, ansioluetteloni ja yhteystietoni. Jos sivujani penkoessa alkaa tuntua silt\u00e4, ett\u00e4 sin\u00e4 tai yrityksesi kaipaisitte juuri minun osaamistani, niin ole ihmeess\u00e4 yhteydess\u00e4 &#8211; katsotaan, miten voin olla avuksi! Yhteydenottolomake l\u00f6ytyy k\u00e4tev\u00e4sti tuolta ylemp\u00e4n\u00e4 olevasta valikosta.<\/p>\n<p>Opiskelen parhaillaan Lapin AMK:ssa <a href=\"https:\/\/www.lapinamk.fi\/fi\/Yrityksille-ja-yhteisoille\/Tutkimus,-kehitys-ja-innovaatiot\/Kaupan-ja-kulttuurin-osaamisala\/Digiassari#\">Digiassarivalmennuksessa<\/a>, ja blogi toimii etenkin opiskelun reflektoinnin v\u00e4lineen\u00e4 ja oman asiantuntijuuteni vahvistamisen apuna.<\/p>\n<p><strong>Verkostoidutaan Linkkarissa!<\/strong> <a href=\"https:\/\/www.linkedin.com\/in\/katrirantala\/\">Klikkaa t\u00e4st\u00e4 profiiliini.<\/a><\/p>\n","protected":false},"excerpt":{"rendered":"<p>Hienoa, ett\u00e4 l\u00f6ysit tiesi sivuilleni &#8211; tutustutaan! Olen Katri Rantala, 25-vuotias taiteen maisteri, audiovisuaalisen median monity\u00f6l\u00e4inen ja AMK-opiskelija Rovaniemell\u00e4. Valokuvaan, kirjoitan, \u00e4\u00e4nit\u00e4n, suunnittelen ja pohdin &#8211; teen mielell\u00e4ni kaikkea, mit\u00e4 luova ty\u00f6l\u00e4inen suinkin voi. T\u00e4ll\u00e4 hetkell\u00e4 olen my\u00f6s aktiivinen ty\u00f6nhakija. Esittelen t\u00e4ll\u00e4 sivulla niin persoonaani kuin osaamistanikin, joten t\u00e4\u00e4lt\u00e4 l\u00f6yd\u00e4t omia blogikirjoituksiani, portfolioni, ansioluetteloni ja &hellip; <\/p>\n<p class=\"link-more\"><a href=\"https:\/\/blogi.eoppimispalvelut.fi\/k4tr1\/\" class=\"more-link\">Jatka lukemista<span class=\"screen-reader-text\"> &#8220;Tervetuloa!&#8221;<\/span><\/a><\/p>\n","protected":false},"author":4224,"featured_media":0,"parent":0,"menu_order":0,"comment_status":"closed","ping_status":"closed","template":"","meta":{"footnotes":""},"class_list":["post-4","page","type-page","status-publish","hentry"],"_links":{"self":[{"href":"https:\/\/blogi.eoppimispalvelut.fi\/k4tr1\/wp-json\/wp\/v2\/pages\/4","targetHints":{"allow":["GET"]}}],"collection":[{"href":"https:\/\/blogi.eoppimispalvelut.fi\/k4tr1\/wp-json\/wp\/v2\/pages"}],"about":[{"href":"https:\/\/blogi.eoppimispalvelut.fi\/k4tr1\/wp-json\/wp\/v2\/types\/page"}],"author":[{"embeddable":true,"href":"https:\/\/blogi.eoppimispalvelut.fi\/k4tr1\/wp-json\/wp\/v2\/users\/4224"}],"replies":[{"embeddable":true,"href":"https:\/\/blogi.eoppimispalvelut.fi\/k4tr1\/wp-json\/wp\/v2\/comments?post=4"}],"version-history":[{"count":12,"href":"https:\/\/blogi.eoppimispalvelut.fi\/k4tr1\/wp-json\/wp\/v2\/pages\/4\/revisions"}],"predecessor-version":[{"id":175,"href":"https:\/\/blogi.eoppimispalvelut.fi\/k4tr1\/wp-json\/wp\/v2\/pages\/4\/revisions\/175"}],"wp:attachment":[{"href":"https:\/\/blogi.eoppimispalvelut.fi\/k4tr1\/wp-json\/wp\/v2\/media?parent=4"}],"curies":[{"name":"wp","href":"https:\/\/api.w.org\/{rel}","templated":true}]}}