{"id":11,"date":"2020-02-22T11:22:35","date_gmt":"2020-02-22T09:22:35","guid":{"rendered":"https:\/\/blogi.eoppimispalvelut.fi\/kangasoili\/?page_id=11"},"modified":"2020-03-04T20:38:33","modified_gmt":"2020-03-04T18:38:33","slug":"tietoja-minusta","status":"publish","type":"page","link":"https:\/\/blogi.eoppimispalvelut.fi\/kangasoili\/tietoja-minusta\/","title":{"rendered":"Tietoja minusta"},"content":{"rendered":"<p><img loading=\"lazy\" decoding=\"async\" class=\"alignnone size-medium wp-image-24\" src=\"https:\/\/blogi.eoppimispalvelut.fi\/kangasoili\/files\/2020\/03\/kuvaOili-226x300.jpeg\" alt=\"\" width=\"226\" height=\"300\" srcset=\"https:\/\/blogi.eoppimispalvelut.fi\/kangasoili\/files\/2020\/03\/kuvaOili-226x300.jpeg 226w, https:\/\/blogi.eoppimispalvelut.fi\/kangasoili\/files\/2020\/03\/kuvaOili-770x1024.jpeg 770w, https:\/\/blogi.eoppimispalvelut.fi\/kangasoili\/files\/2020\/03\/kuvaOili-768x1021.jpeg 768w, https:\/\/blogi.eoppimispalvelut.fi\/kangasoili\/files\/2020\/03\/kuvaOili.jpeg 1055w\" sizes=\"auto, (max-width: 226px) 100vw, 226px\" \/><\/p>\n<p>Hei,<\/p>\n<p>t\u00e4t\u00e4 blogia kirjoittelee 45-vuotias aikuisopiskelija, kahden aikuisen tyt\u00f6n \u00e4iti ja toimistosihteeri pienest\u00e4 lappilaisesta kyl\u00e4st\u00e4. Kirjoitan el\u00e4m\u00e4st\u00e4ni aikuisopiskelun, ty\u00f6el\u00e4m\u00e4n, perheen ja kodin yhteensovittamisesta, opiskelun innosta ja joskus my\u00f6s taitelusta tasapainon hakemisesta opintojen ja rajallisen vapaa-ajan v\u00e4lill\u00e4. Toivon, ett\u00e4 blogiani lukee toiset aikuisopiskelijat ja liiketoiminnasta kiinnostuneet.<\/p>\n<p>Aloitin opintoni syksyll\u00e4 2019 Lapin ammattikorkeakoulussa Liiketalouden koulutusohjelmassa. Edellisist\u00e4 opinnoista oli vier\u00e4ht\u00e4nyt jo tovi, joten opiskelurytmin ja uusien opiskelutapojen omaksuminen vei aikansa. Opiskelen vapaa-ajallani, ty\u00f6skentelen toimistosihteerin\u00e4 Sodankyl\u00e4n kunnan perusturvapalveluissa. Ty\u00f6teht\u00e4viini kuuluvat erlaiset hankintoihin, sopimuksiin ja taloushallinnon teht\u00e4v\u00e4t. Pid\u00e4n nykyisest\u00e4 ty\u00f6st\u00e4ni.<\/p>\n<p>Mukava, kun poikkesit blogissa!<\/p>\n<p>Otahan yhteytt\u00e4: oili.kangas@edu.lapinamk.fi<\/p>\n","protected":false},"excerpt":{"rendered":"<p>Hei, t\u00e4t\u00e4 blogia kirjoittelee 45-vuotias aikuisopiskelija, kahden aikuisen tyt\u00f6n \u00e4iti ja toimistosihteeri pienest\u00e4 lappilaisesta kyl\u00e4st\u00e4. Kirjoitan el\u00e4m\u00e4st\u00e4ni aikuisopiskelun, ty\u00f6el\u00e4m\u00e4n, perheen ja kodin yhteensovittamisesta, opiskelun innosta ja joskus my\u00f6s taitelusta tasapainon hakemisesta opintojen ja rajallisen vapaa-ajan v\u00e4lill\u00e4. Toivon, ett\u00e4 blogiani lukee &hellip; <a href=\"https:\/\/blogi.eoppimispalvelut.fi\/kangasoili\/tietoja-minusta\/\">Continue reading <span class=\"meta-nav\">&rarr;<\/span><\/a><\/p>\n","protected":false},"author":4242,"featured_media":0,"parent":0,"menu_order":0,"comment_status":"closed","ping_status":"closed","template":"","meta":{"footnotes":""},"class_list":["post-11","page","type-page","status-publish","hentry"],"_links":{"self":[{"href":"https:\/\/blogi.eoppimispalvelut.fi\/kangasoili\/wp-json\/wp\/v2\/pages\/11","targetHints":{"allow":["GET"]}}],"collection":[{"href":"https:\/\/blogi.eoppimispalvelut.fi\/kangasoili\/wp-json\/wp\/v2\/pages"}],"about":[{"href":"https:\/\/blogi.eoppimispalvelut.fi\/kangasoili\/wp-json\/wp\/v2\/types\/page"}],"author":[{"embeddable":true,"href":"https:\/\/blogi.eoppimispalvelut.fi\/kangasoili\/wp-json\/wp\/v2\/users\/4242"}],"replies":[{"embeddable":true,"href":"https:\/\/blogi.eoppimispalvelut.fi\/kangasoili\/wp-json\/wp\/v2\/comments?post=11"}],"version-history":[{"count":6,"href":"https:\/\/blogi.eoppimispalvelut.fi\/kangasoili\/wp-json\/wp\/v2\/pages\/11\/revisions"}],"predecessor-version":[{"id":53,"href":"https:\/\/blogi.eoppimispalvelut.fi\/kangasoili\/wp-json\/wp\/v2\/pages\/11\/revisions\/53"}],"wp:attachment":[{"href":"https:\/\/blogi.eoppimispalvelut.fi\/kangasoili\/wp-json\/wp\/v2\/media?parent=11"}],"curies":[{"name":"wp","href":"https:\/\/api.w.org\/{rel}","templated":true}]}}