{"id":89,"date":"2019-04-05T14:42:58","date_gmt":"2019-04-05T11:42:58","guid":{"rendered":"https:\/\/blogi.eoppimispalvelut.fi\/katriastrom\/?page_id=89"},"modified":"2019-04-05T14:42:58","modified_gmt":"2019-04-05T11:42:58","slug":"kehittamistehtava","status":"publish","type":"page","link":"https:\/\/blogi.eoppimispalvelut.fi\/katriastrom\/kehittamistehtava\/","title":{"rendered":"Kehitt\u00e4misteht\u00e4v\u00e4"},"content":{"rendered":"","protected":false},"excerpt":{"rendered":"","protected":false},"author":3627,"featured_media":0,"parent":0,"menu_order":0,"comment_status":"closed","ping_status":"closed","template":"","meta":{"footnotes":""},"class_list":["post-89","page","type-page","status-publish","hentry"],"_links":{"self":[{"href":"https:\/\/blogi.eoppimispalvelut.fi\/katriastrom\/wp-json\/wp\/v2\/pages\/89","targetHints":{"allow":["GET"]}}],"collection":[{"href":"https:\/\/blogi.eoppimispalvelut.fi\/katriastrom\/wp-json\/wp\/v2\/pages"}],"about":[{"href":"https:\/\/blogi.eoppimispalvelut.fi\/katriastrom\/wp-json\/wp\/v2\/types\/page"}],"author":[{"embeddable":true,"href":"https:\/\/blogi.eoppimispalvelut.fi\/katriastrom\/wp-json\/wp\/v2\/users\/3627"}],"replies":[{"embeddable":true,"href":"https:\/\/blogi.eoppimispalvelut.fi\/katriastrom\/wp-json\/wp\/v2\/comments?post=89"}],"version-history":[{"count":1,"href":"https:\/\/blogi.eoppimispalvelut.fi\/katriastrom\/wp-json\/wp\/v2\/pages\/89\/revisions"}],"predecessor-version":[{"id":91,"href":"https:\/\/blogi.eoppimispalvelut.fi\/katriastrom\/wp-json\/wp\/v2\/pages\/89\/revisions\/91"}],"wp:attachment":[{"href":"https:\/\/blogi.eoppimispalvelut.fi\/katriastrom\/wp-json\/wp\/v2\/media?parent=89"}],"curies":[{"name":"wp","href":"https:\/\/api.w.org\/{rel}","templated":true}]}}