{"id":20,"date":"2018-11-02T11:44:34","date_gmt":"2018-11-02T09:44:34","guid":{"rendered":"https:\/\/blogi.eoppimispalvelut.fi\/kenkamaailma\/?page_id=20"},"modified":"2018-11-02T11:44:34","modified_gmt":"2018-11-02T09:44:34","slug":"yhteystiedot","status":"publish","type":"page","link":"https:\/\/blogi.eoppimispalvelut.fi\/kenkamaailma\/yhteystiedot\/","title":{"rendered":"Yhteystiedot"},"content":{"rendered":"<p>Kenk\u00e4 Maailma Oy<\/p>\n<p>Y-tunnus 1223356-9<\/p>\n<p>P\u00e4\u00e4katu 5<\/p>\n<p>120 40 Helsinki<\/p>\n<p>Puh 0400-8889090<\/p>\n<p>S-posti asiakaspalvelu@kenkamaailma.fi<\/p>\n<p>Liikeen aukioloajat<\/p>\n<p>Ma-Pe 10-19<\/p>\n<p>La 10-17<\/p>\n","protected":false},"excerpt":{"rendered":"<p>Kenk\u00e4 Maailma Oy Y-tunnus 1223356-9 P\u00e4\u00e4katu 5 120 40 Helsinki Puh 0400-8889090 S-posti asiakaspalvelu@kenkamaailma.fi Liikeen aukioloajat Ma-Pe 10-19 La 10-17<\/p>\n","protected":false},"author":3388,"featured_media":0,"parent":0,"menu_order":0,"comment_status":"closed","ping_status":"closed","template":"","meta":{"footnotes":""},"class_list":["post-20","page","type-page","status-publish","hentry"],"_links":{"self":[{"href":"https:\/\/blogi.eoppimispalvelut.fi\/kenkamaailma\/wp-json\/wp\/v2\/pages\/20","targetHints":{"allow":["GET"]}}],"collection":[{"href":"https:\/\/blogi.eoppimispalvelut.fi\/kenkamaailma\/wp-json\/wp\/v2\/pages"}],"about":[{"href":"https:\/\/blogi.eoppimispalvelut.fi\/kenkamaailma\/wp-json\/wp\/v2\/types\/page"}],"author":[{"embeddable":true,"href":"https:\/\/blogi.eoppimispalvelut.fi\/kenkamaailma\/wp-json\/wp\/v2\/users\/3388"}],"replies":[{"embeddable":true,"href":"https:\/\/blogi.eoppimispalvelut.fi\/kenkamaailma\/wp-json\/wp\/v2\/comments?post=20"}],"version-history":[{"count":1,"href":"https:\/\/blogi.eoppimispalvelut.fi\/kenkamaailma\/wp-json\/wp\/v2\/pages\/20\/revisions"}],"predecessor-version":[{"id":21,"href":"https:\/\/blogi.eoppimispalvelut.fi\/kenkamaailma\/wp-json\/wp\/v2\/pages\/20\/revisions\/21"}],"wp:attachment":[{"href":"https:\/\/blogi.eoppimispalvelut.fi\/kenkamaailma\/wp-json\/wp\/v2\/media?parent=20"}],"curies":[{"name":"wp","href":"https:\/\/api.w.org\/{rel}","templated":true}]}}