{"id":4,"date":"2018-11-02T11:43:23","date_gmt":"2018-11-02T09:43:23","guid":{"rendered":"https:\/\/blogi.eoppimispalvelut.fi\/kenkamaailma\/?page_id=4"},"modified":"2018-11-02T12:36:28","modified_gmt":"2018-11-02T10:36:28","slug":"kenka-maailma","status":"publish","type":"page","link":"https:\/\/blogi.eoppimispalvelut.fi\/kenkamaailma\/","title":{"rendered":"Kenk\u00e4 Maailma"},"content":{"rendered":"<p style=\"text-align: center\"><a href=\"https:\/\/blogi.eoppimispalvelut.fi\/kenkamaailma\/naistenkengat\/\"><img loading=\"lazy\" decoding=\"async\" class=\"alignnone size-medium wp-image-9\" src=\"https:\/\/blogi.eoppimispalvelut.fi\/kenkamaailma\/files\/2018\/11\/freestocks-org-164575-unsplash-300x200.jpg\" alt=\"\" width=\"300\" height=\"200\" srcset=\"https:\/\/blogi.eoppimispalvelut.fi\/kenkamaailma\/files\/2018\/11\/freestocks-org-164575-unsplash-300x200.jpg 300w, https:\/\/blogi.eoppimispalvelut.fi\/kenkamaailma\/files\/2018\/11\/freestocks-org-164575-unsplash-768x512.jpg 768w, https:\/\/blogi.eoppimispalvelut.fi\/kenkamaailma\/files\/2018\/11\/freestocks-org-164575-unsplash-1024x683.jpg 1024w\" sizes=\"auto, (max-width: 300px) 100vw, 300px\" \/><\/a><\/p>\n<p style=\"text-align: center\"><a href=\"https:\/\/blogi.eoppimispalvelut.fi\/kenkamaailma\/naistenkengat\/\">Naistenkeng\u00e4t<\/a><\/p>\n<p><a href=\"https:\/\/blogi.eoppimispalvelut.fi\/kenkamaailma\/miestenkengat\/\"><img loading=\"lazy\" decoding=\"async\" class=\"alignnone wp-image-8 aligncenter\" src=\"https:\/\/blogi.eoppimispalvelut.fi\/kenkamaailma\/files\/2018\/11\/d-ng-tr-n-qu-c-104956-unsplash-300x169.jpg\" alt=\"\" width=\"351\" height=\"198\" srcset=\"https:\/\/blogi.eoppimispalvelut.fi\/kenkamaailma\/files\/2018\/11\/d-ng-tr-n-qu-c-104956-unsplash-300x169.jpg 300w, https:\/\/blogi.eoppimispalvelut.fi\/kenkamaailma\/files\/2018\/11\/d-ng-tr-n-qu-c-104956-unsplash-768x432.jpg 768w, https:\/\/blogi.eoppimispalvelut.fi\/kenkamaailma\/files\/2018\/11\/d-ng-tr-n-qu-c-104956-unsplash-1024x576.jpg 1024w\" sizes=\"auto, (max-width: 351px) 100vw, 351px\" \/><\/a><\/p>\n<p style=\"text-align: center\"><a href=\"https:\/\/blogi.eoppimispalvelut.fi\/kenkamaailma\/miestenkengat\/\">Miestenkeng\u00e4t<\/a><\/p>\n<p><a href=\"https:\/\/blogi.eoppimispalvelut.fi\/kenkamaailma\/treenikengat\/\"> <img loading=\"lazy\" decoding=\"async\" class=\"alignnone wp-image-7 aligncenter\" src=\"https:\/\/blogi.eoppimispalvelut.fi\/kenkamaailma\/files\/2018\/11\/linda-xu-100716-unsplash-300x199.jpg\" alt=\"\" width=\"320\" height=\"212\" srcset=\"https:\/\/blogi.eoppimispalvelut.fi\/kenkamaailma\/files\/2018\/11\/linda-xu-100716-unsplash-300x199.jpg 300w, https:\/\/blogi.eoppimispalvelut.fi\/kenkamaailma\/files\/2018\/11\/linda-xu-100716-unsplash-768x509.jpg 768w, https:\/\/blogi.eoppimispalvelut.fi\/kenkamaailma\/files\/2018\/11\/linda-xu-100716-unsplash-1024x678.jpg 1024w\" sizes=\"auto, (max-width: 320px) 100vw, 320px\" \/><\/a><\/p>\n<p style=\"text-align: center\"><a href=\"https:\/\/blogi.eoppimispalvelut.fi\/kenkamaailma\/treenikengat\/\">Treenikeng\u00e4t<\/a><\/p>\n<p style=\"text-align: center\"><a href=\"https:\/\/blogi.eoppimispalvelut.fi\/kenkamaailma\/vapaa-ajan-kengat\/\"><img loading=\"lazy\" decoding=\"async\" class=\"alignnone size-medium wp-image-6 aligncenter\" src=\"https:\/\/blogi.eoppimispalvelut.fi\/kenkamaailma\/files\/2018\/11\/ben-weber-541097-unsplash-300x200.jpg\" alt=\"\" width=\"300\" height=\"200\" srcset=\"https:\/\/blogi.eoppimispalvelut.fi\/kenkamaailma\/files\/2018\/11\/ben-weber-541097-unsplash-300x200.jpg 300w, https:\/\/blogi.eoppimispalvelut.fi\/kenkamaailma\/files\/2018\/11\/ben-weber-541097-unsplash-768x512.jpg 768w, https:\/\/blogi.eoppimispalvelut.fi\/kenkamaailma\/files\/2018\/11\/ben-weber-541097-unsplash-1024x683.jpg 1024w\" sizes=\"auto, (max-width: 300px) 100vw, 300px\" \/><\/a><\/p>\n<p style=\"text-align: center\"><a href=\"https:\/\/blogi.eoppimispalvelut.fi\/kenkamaailma\/vapaa-ajan-kengat\/\">Vapaa-ajankeng\u00e4t<\/a><\/p>\n<p style=\"text-align: center\">\n","protected":false},"excerpt":{"rendered":"<p>Naistenkeng\u00e4t Miestenkeng\u00e4t Treenikeng\u00e4t Vapaa-ajankeng\u00e4t<\/p>\n","protected":false},"author":3388,"featured_media":0,"parent":0,"menu_order":0,"comment_status":"closed","ping_status":"closed","template":"","meta":{"footnotes":""},"class_list":["post-4","page","type-page","status-publish","hentry"],"_links":{"self":[{"href":"https:\/\/blogi.eoppimispalvelut.fi\/kenkamaailma\/wp-json\/wp\/v2\/pages\/4","targetHints":{"allow":["GET"]}}],"collection":[{"href":"https:\/\/blogi.eoppimispalvelut.fi\/kenkamaailma\/wp-json\/wp\/v2\/pages"}],"about":[{"href":"https:\/\/blogi.eoppimispalvelut.fi\/kenkamaailma\/wp-json\/wp\/v2\/types\/page"}],"author":[{"embeddable":true,"href":"https:\/\/blogi.eoppimispalvelut.fi\/kenkamaailma\/wp-json\/wp\/v2\/users\/3388"}],"replies":[{"embeddable":true,"href":"https:\/\/blogi.eoppimispalvelut.fi\/kenkamaailma\/wp-json\/wp\/v2\/comments?post=4"}],"version-history":[{"count":5,"href":"https:\/\/blogi.eoppimispalvelut.fi\/kenkamaailma\/wp-json\/wp\/v2\/pages\/4\/revisions"}],"predecessor-version":[{"id":57,"href":"https:\/\/blogi.eoppimispalvelut.fi\/kenkamaailma\/wp-json\/wp\/v2\/pages\/4\/revisions\/57"}],"wp:attachment":[{"href":"https:\/\/blogi.eoppimispalvelut.fi\/kenkamaailma\/wp-json\/wp\/v2\/media?parent=4"}],"curies":[{"name":"wp","href":"https:\/\/api.w.org\/{rel}","templated":true}]}}