{"id":443,"date":"2024-08-20T08:44:05","date_gmt":"2024-08-20T05:44:05","guid":{"rendered":"https:\/\/blogi.eoppimispalvelut.fi\/kestavaliiketoiminta\/?page_id=443"},"modified":"2024-08-22T16:05:22","modified_gmt":"2024-08-22T13:05:22","slug":"443-2","status":"publish","type":"page","link":"https:\/\/blogi.eoppimispalvelut.fi\/kestavaliiketoiminta\/443-2\/","title":{"rendered":"Hiilijalanj\u00e4lkiklinikat 2024"},"content":{"rendered":"<p>[et_pb_section fb_built=&#8221;1&#8243; _builder_version=&#8221;4.24.3&#8243; _module_preset=&#8221;default&#8221; global_colors_info=&#8221;{}&#8221;][et_pb_row column_structure=&#8221;1_2,1_2&#8243; _builder_version=&#8221;4.24.3&#8243; _module_preset=&#8221;default&#8221; global_colors_info=&#8221;{}&#8221;][et_pb_column type=&#8221;1_2&#8243; _builder_version=&#8221;4.24.3&#8243; _module_preset=&#8221;default&#8221; global_colors_info=&#8221;{}&#8221;][et_pb_heading title=&#8221;Hiilijalanj\u00e4lkiklinikat 2024&#8243; _builder_version=&#8221;4.24.3&#8243; _module_preset=&#8221;default&#8221; global_colors_info=&#8221;{}&#8221;][\/et_pb_heading][\/et_pb_column][et_pb_column type=&#8221;1_2&#8243; _builder_version=&#8221;4.24.3&#8243; _module_preset=&#8221;default&#8221; global_colors_info=&#8221;{}&#8221;][\/et_pb_column][\/et_pb_row][et_pb_row column_structure=&#8221;1_2,1_2&#8243; _builder_version=&#8221;4.24.3&#8243; _module_preset=&#8221;default&#8221; global_colors_info=&#8221;{}&#8221;][et_pb_column type=&#8221;1_2&#8243; _builder_version=&#8221;4.24.3&#8243; _module_preset=&#8221;default&#8221; global_colors_info=&#8221;{}&#8221;][et_pb_text _builder_version=&#8221;4.24.3&#8243; _module_preset=&#8221;default&#8221; global_colors_info=&#8221;{}&#8221;]<\/p>\n<p>Tarjoamme syksyll\u00e4 2024 ilmaista sparrausta yrityksille hiilijalanj\u00e4ljen laskentaan kolmen hiilijalanj\u00e4lkiklinikan muodossa.\u00a0 Klinikat on tarkoitettu lappilaisille mikro- ja pk-yrityksille, jotka eiv\u00e4t ole viel\u00e4 laskeneet hiilijalanj\u00e4lke\u00e4\u00e4n tai ovat vain alustavasti tutustuneet laskennan periaatteisiin.\u00a0<\/p>\n<p>Hiilijalanj\u00e4lkiklinikat koostuvat kahdesta osasta. Ensimm\u00e4isen kahden tunnin aikana perehdyt\u00e4\u00e4n hiilijalanj\u00e4lkilaskennan teoriaan k\u00e4yt\u00e4nn\u00f6n l\u00e4heisesti. Ensimm\u00e4isen osion j\u00e4lkeen ymm\u00e4rr\u00e4t mit\u00e4 hiilijalanj\u00e4ljen scopet tarkoittavat ja mit\u00e4 scope 1 ja 2 laskennassa lasketaan k\u00e4yt\u00e4nn\u00f6ss\u00e4.<\/p>\n<p>[\/et_pb_text][\/et_pb_column][et_pb_column type=&#8221;1_2&#8243; _builder_version=&#8221;4.24.3&#8243; _module_preset=&#8221;default&#8221; global_colors_info=&#8221;{}&#8221;][et_pb_text _builder_version=&#8221;4.24.3&#8243; _module_preset=&#8221;default&#8221; global_colors_info=&#8221;{}&#8221;]<\/p>\n<p>Toisessa osiossa p\u00e4\u00e4st\u00e4\u00e4n kokeilemaan hiilijalanj\u00e4lkilaskentaa k\u00e4yt\u00e4nn\u00f6ss\u00e4. Voitte tuoda klinikalle joko omia toteutuneita kulutuksia esimerkiksi polttoaineiden ja s\u00e4hk\u00f6n kulutuksesta, tai sitten laskennat voi tehd\u00e4 esimerkkilukuja k\u00e4ytt\u00e4en.<\/p>\n<p>Greenstepin kokenut hiiljalanj\u00e4lkilaskennan asiantuntija opastaa sinua k\u00e4yt\u00e4nn\u00f6n laskennan tekemisess\u00e4 ty\u00f6pajan aikana ja laskennassa hy\u00f6dynnet\u00e4\u00e4n excelpohjaista ty\u00f6kalua. Klinikat ovat samansis\u00e4lt\u00f6isi\u00e4.<\/p>\n<p>[\/et_pb_text][\/et_pb_column][\/et_pb_row][et_pb_row _builder_version=&#8221;4.24.3&#8243; _module_preset=&#8221;default&#8221; global_colors_info=&#8221;{}&#8221;][et_pb_column type=&#8221;4_4&#8243; _builder_version=&#8221;4.24.3&#8243; _module_preset=&#8221;default&#8221; global_colors_info=&#8221;{}&#8221;][et_pb_divider _builder_version=&#8221;4.24.3&#8243; _module_preset=&#8221;default&#8221; global_colors_info=&#8221;{}&#8221;][\/et_pb_divider][\/et_pb_column][\/et_pb_row][et_pb_row column_structure=&#8221;1_2,1_2&#8243; _builder_version=&#8221;4.24.3&#8243; _module_preset=&#8221;default&#8221; global_colors_info=&#8221;{}&#8221;][et_pb_column type=&#8221;1_2&#8243; _builder_version=&#8221;4.24.3&#8243; _module_preset=&#8221;default&#8221; global_colors_info=&#8221;{}&#8221;][et_pb_heading title=&#8221;Aikataulu&#8221; _builder_version=&#8221;4.24.3&#8243; _module_preset=&#8221;default&#8221; global_colors_info=&#8221;{}&#8221;][\/et_pb_heading][\/et_pb_column][et_pb_column type=&#8221;1_2&#8243; _builder_version=&#8221;4.24.3&#8243; _module_preset=&#8221;default&#8221; global_colors_info=&#8221;{}&#8221;][\/et_pb_column][\/et_pb_row][et_pb_row column_structure=&#8221;1_3,1_3,1_3&#8243; _builder_version=&#8221;4.24.3&#8243; _module_preset=&#8221;default&#8221; global_colors_info=&#8221;{}&#8221;][et_pb_column type=&#8221;1_3&#8243; _builder_version=&#8221;4.24.3&#8243; _module_preset=&#8221;default&#8221; global_colors_info=&#8221;{}&#8221;][et_pb_text _builder_version=&#8221;4.24.3&#8243; _module_preset=&#8221;default&#8221; border_width_right=&#8221;1px&#8221; global_colors_info=&#8221;{}&#8221;]<\/p>\n<h4>Rovaniemi<\/h4>\n<h4>19.9.2024 klo 12-16<\/h4>\n<p>Lapin amk, Jokiv\u00e4yl\u00e4 11 c<\/p>\n<p>&nbsp;<\/p>\n<p>[\/et_pb_text][et_pb_button button_url=&#8221;https:\/\/link.webropolsurveys.com\/EP\/B31BA1EB82C50A89&#8243; button_text=&#8221;Ilmoittaudu t\u00e4st\u00e4&#8221; _builder_version=&#8221;4.27.0&#8243; _module_preset=&#8221;default&#8221; hover_enabled=&#8221;0&#8243; global_colors_info=&#8221;{}&#8221; sticky_enabled=&#8221;0&#8243;][\/et_pb_button][\/et_pb_column][et_pb_column type=&#8221;1_3&#8243; _builder_version=&#8221;4.24.3&#8243; _module_preset=&#8221;default&#8221; global_colors_info=&#8221;{}&#8221;][et_pb_text _builder_version=&#8221;4.24.3&#8243; _module_preset=&#8221;default&#8221; border_width_right=&#8221;1px&#8221; global_colors_info=&#8221;{}&#8221;]<\/p>\n<h4>Kemi<\/h4>\n<h4>10.10.2024 klo 12-16<\/h4>\n<p>Lapin amk, Tietokatu 1<\/p>\n<p>&nbsp;<\/p>\n<p>[\/et_pb_text][et_pb_button button_url=&#8221;https:\/\/link.webropolsurveys.com\/EP\/7513826C4C37A95E&#8221; button_text=&#8221;Ilmoittaudu t\u00e4st\u00e4&#8221; _builder_version=&#8221;4.27.0&#8243; _module_preset=&#8221;default&#8221; hover_enabled=&#8221;0&#8243; global_colors_info=&#8221;{}&#8221; sticky_enabled=&#8221;0&#8243;][\/et_pb_button][\/et_pb_column][et_pb_column type=&#8221;1_3&#8243; _builder_version=&#8221;4.24.3&#8243; _module_preset=&#8221;default&#8221; global_colors_info=&#8221;{}&#8221;][et_pb_text _builder_version=&#8221;4.24.3&#8243; _module_preset=&#8221;default&#8221; global_colors_info=&#8221;{}&#8221;]<\/p>\n<h4>Verkossa<\/h4>\n<h4>14.11.2024 klo 12-16<\/h4>\n<p>&nbsp;<\/p>\n<p>&nbsp;<\/p>\n<p>[\/et_pb_text][et_pb_button button_url=&#8221;https:\/\/link.webropolsurveys.com\/EP\/224D0A2F4C7A52D5&#8243; button_text=&#8221;Ilmoittaudu t\u00e4st\u00e4&#8221; _builder_version=&#8221;4.27.0&#8243; _module_preset=&#8221;default&#8221; hover_enabled=&#8221;0&#8243; global_colors_info=&#8221;{}&#8221; sticky_enabled=&#8221;0&#8243;][\/et_pb_button][\/et_pb_column][\/et_pb_row][et_pb_row _builder_version=&#8221;4.24.3&#8243; _module_preset=&#8221;default&#8221; global_colors_info=&#8221;{}&#8221;][et_pb_column type=&#8221;4_4&#8243; _builder_version=&#8221;4.24.3&#8243; _module_preset=&#8221;default&#8221; global_colors_info=&#8221;{}&#8221;][et_pb_divider _builder_version=&#8221;4.24.3&#8243; _module_preset=&#8221;default&#8221; global_colors_info=&#8221;{}&#8221;][\/et_pb_divider][\/et_pb_column][\/et_pb_row][et_pb_row column_structure=&#8221;1_2,1_2&#8243; _builder_version=&#8221;4.24.3&#8243; _module_preset=&#8221;default&#8221; custom_padding=&#8221;20px|||||&#8221; global_colors_info=&#8221;{}&#8221;][et_pb_column type=&#8221;1_2&#8243; _builder_version=&#8221;4.24.3&#8243; _module_preset=&#8221;default&#8221; global_colors_info=&#8221;{}&#8221;][et_pb_text _builder_version=&#8221;4.24.3&#8243; _module_preset=&#8221;default&#8221; global_colors_info=&#8221;{}&#8221;]<\/p>\n<h3>Kouluttajasta<\/h3>\n<p>Hiilijalanj\u00e4lkiklinikoiden toteutuksesta vastaa Greenstepin vastuullisuuspalveluiden Senior Manager, Susanna Kiviniemi.<\/p>\n<p>Susanna Kiviniemi on ty\u00f6skennellyt ymp\u00e4rist\u00f6alan asiantuntijana vuodesta 2010\u00a0ja toimii parhaillaan vanhempana asiantuntijana ja tiiminvet\u00e4j\u00e4n\u00e4. H\u00e4nen ydinosaamistaan on ymp\u00e4rist\u00f6vastuullisuus. H\u00e4nell\u00e4 on vahva osaaminen hiilijalanj\u00e4lkilaskennassa ja elinkaariarvioinneissa. H\u00e4n on toiminut projektip\u00e4\u00e4llikk\u00f6n\u00e4 kymmeniss\u00e4 erityyppisiss\u00e4 hankkeissa. T\u00e4m\u00e4n lis\u00e4ksi h\u00e4nell\u00e4 on kokemusta erilaisista kiertotaloushankkeista sek\u00e4 vastuullisuusty\u00f6n kehitt\u00e4misest\u00e4 yrityksiss\u00e4.<\/p>\n<p>[\/et_pb_text][\/et_pb_column][et_pb_column type=&#8221;1_2&#8243; _builder_version=&#8221;4.24.3&#8243; _module_preset=&#8221;default&#8221; global_colors_info=&#8221;{}&#8221;][et_pb_image src=&#8221;https:\/\/blogi.eoppimispalvelut.fi\/kestavaliiketoiminta\/files\/2024\/06\/Sanapilvi2-1.png&#8221; title_text=&#8221;Sanapilvi2&#8243; _builder_version=&#8221;4.24.3&#8243; _module_preset=&#8221;default&#8221; global_colors_info=&#8221;{}&#8221;][\/et_pb_image][\/et_pb_column][\/et_pb_row][\/et_pb_section]<\/p>\n","protected":false},"excerpt":{"rendered":"<p>Tarjoamme syksyll\u00e4 2024 ilmaista sparrausta yrityksille hiilijalanj\u00e4ljen laskentaan kolmen hiilijalanj\u00e4lkiklinikan muodossa.\u00a0 Klinikat on tarkoitettu lappilaisille mikro- ja pk-yrityksille, jotka eiv\u00e4t ole viel\u00e4 laskeneet hiilijalanj\u00e4lke\u00e4\u00e4n tai ovat vain alustavasti tutustuneet laskennan periaatteisiin.\u00a0 Hiilijalanj\u00e4lkiklinikat koostuvat kahdesta osasta. Ensimm\u00e4isen kahden tunnin aikana perehdyt\u00e4\u00e4n hiilijalanj\u00e4lkilaskennan teoriaan k\u00e4yt\u00e4nn\u00f6n l\u00e4heisesti. Ensimm\u00e4isen osion j\u00e4lkeen ymm\u00e4rr\u00e4t mit\u00e4 hiilijalanj\u00e4ljen scopet tarkoittavat ja mit\u00e4 scope [&hellip;]<\/p>\n","protected":false},"author":46936,"featured_media":468,"parent":0,"menu_order":0,"comment_status":"closed","ping_status":"closed","template":"","meta":{"_et_pb_use_builder":"on","_et_pb_old_content":"","_et_gb_content_width":"","footnotes":""},"class_list":["post-443","page","type-page","status-publish","has-post-thumbnail","hentry"],"_links":{"self":[{"href":"https:\/\/blogi.eoppimispalvelut.fi\/kestavaliiketoiminta\/wp-json\/wp\/v2\/pages\/443","targetHints":{"allow":["GET"]}}],"collection":[{"href":"https:\/\/blogi.eoppimispalvelut.fi\/kestavaliiketoiminta\/wp-json\/wp\/v2\/pages"}],"about":[{"href":"https:\/\/blogi.eoppimispalvelut.fi\/kestavaliiketoiminta\/wp-json\/wp\/v2\/types\/page"}],"author":[{"embeddable":true,"href":"https:\/\/blogi.eoppimispalvelut.fi\/kestavaliiketoiminta\/wp-json\/wp\/v2\/users\/46936"}],"replies":[{"embeddable":true,"href":"https:\/\/blogi.eoppimispalvelut.fi\/kestavaliiketoiminta\/wp-json\/wp\/v2\/comments?post=443"}],"version-history":[{"count":12,"href":"https:\/\/blogi.eoppimispalvelut.fi\/kestavaliiketoiminta\/wp-json\/wp\/v2\/pages\/443\/revisions"}],"predecessor-version":[{"id":470,"href":"https:\/\/blogi.eoppimispalvelut.fi\/kestavaliiketoiminta\/wp-json\/wp\/v2\/pages\/443\/revisions\/470"}],"wp:featuredmedia":[{"embeddable":true,"href":"https:\/\/blogi.eoppimispalvelut.fi\/kestavaliiketoiminta\/wp-json\/wp\/v2\/media\/468"}],"wp:attachment":[{"href":"https:\/\/blogi.eoppimispalvelut.fi\/kestavaliiketoiminta\/wp-json\/wp\/v2\/media?parent=443"}],"curies":[{"name":"wp","href":"https:\/\/api.w.org\/{rel}","templated":true}]}}