{"id":47,"date":"2024-06-04T10:07:39","date_gmt":"2024-06-04T07:07:39","guid":{"rendered":"https:\/\/blogi.eoppimispalvelut.fi\/kestavaliiketoiminta\/?page_id=47"},"modified":"2024-11-27T13:35:49","modified_gmt":"2024-11-27T11:35:49","slug":"tapahtumat","status":"publish","type":"page","link":"https:\/\/blogi.eoppimispalvelut.fi\/kestavaliiketoiminta\/tapahtumat\/","title":{"rendered":"Tapahtumat"},"content":{"rendered":"<p>[et_pb_section fb_built=&#8221;1&#8243; _builder_version=&#8221;4.24.3&#8243; _module_preset=&#8221;default&#8221; global_colors_info=&#8221;{}&#8221;][et_pb_row column_structure=&#8221;1_2,1_2&#8243; _builder_version=&#8221;4.24.3&#8243; _module_preset=&#8221;default&#8221; background_color=&#8221;#7ebec5&#8243; min_height=&#8221;423.8px&#8221; custom_padding=&#8221;21px|||||&#8221; global_colors_info=&#8221;{}&#8221;][et_pb_column type=&#8221;1_2&#8243; _builder_version=&#8221;4.24.3&#8243; _module_preset=&#8221;default&#8221; global_colors_info=&#8221;{}&#8221;][et_pb_cta title=&#8221;TULOSSA! Kest\u00e4vyysraportoinnin startti 2025&#8243; button_text=&#8221;Lis\u00e4tietoa&#8221; _builder_version=&#8221;4.27.2&#8243; _module_preset=&#8221;default&#8221; header_level=&#8221;h1&#8243; header_font=&#8221;ABeeZee||||||||&#8221; header_text_color=&#8221;#686868&#8243; header_font_size=&#8221;34px&#8221; body_text_color=&#8221;#686868&#8243; body_font_size=&#8221;15px&#8221; custom_button=&#8221;on&#8221; button_text_size=&#8221;20px&#8221; button_text_color=&#8221;#FFFFFF&#8221; button_border_radius=&#8221;4px&#8221; width=&#8221;114.8%&#8221; min_height=&#8221;479.4px&#8221; custom_margin=&#8221;-21px|-63px|-119px|||&#8221; custom_padding=&#8221;28px||68px|||&#8221; global_colors_info=&#8221;{}&#8221; button_text__hover_enabled=&#8221;off|desktop&#8221;]<\/p>\n<p><strong>Mit\u00e4?<\/strong><\/p>\n<p>Kest\u00e4vyysraportoinnin startti on valmennus yritysvastuun raportoimiseen. Valmennus antaa tarvittavat tiedot ja ty\u00f6kalut yrityksen vastuullisuusraportin laatimiseen.<\/p>\n<p><strong>Kenelle?<\/strong><\/p>\n<p>Valmennus on suunnattu lappilaisille mikro- ja pk-yrityksille.<\/p>\n<p><strong>Milloin?<\/strong><\/p>\n<p>Kev\u00e4\u00e4ll\u00e4 2025<\/p>\n<p>[\/et_pb_cta][\/et_pb_column][et_pb_column type=&#8221;1_2&#8243; _builder_version=&#8221;4.24.3&#8243; _module_preset=&#8221;default&#8221; global_colors_info=&#8221;{}&#8221;][et_pb_image src=&#8221;https:\/\/blogi.eoppimispalvelut.fi\/kestavaliiketoiminta\/files\/2024\/06\/cropped-cropped-Hankkeen-logo-ilman-taustaa.png&#8221; title_text=&#8221;cropped-cropped-Hankkeen-logo-ilman-taustaa.png&#8221; _builder_version=&#8221;4.24.3&#8243; _module_preset=&#8221;default&#8221; width=&#8221;91%&#8221; custom_padding=&#8221;||56px|||&#8221; global_colors_info=&#8221;{}&#8221;][\/et_pb_image][\/et_pb_column][\/et_pb_row][et_pb_row _builder_version=&#8221;4.24.3&#8243; _module_preset=&#8221;default&#8221; min_height=&#8221;43.8px&#8221; global_colors_info=&#8221;{}&#8221;][et_pb_column type=&#8221;4_4&#8243; _builder_version=&#8221;4.24.3&#8243; _module_preset=&#8221;default&#8221; global_colors_info=&#8221;{}&#8221;][et_pb_divider show_divider=&#8221;off&#8221; _builder_version=&#8221;4.24.3&#8243; _module_preset=&#8221;default&#8221; global_colors_info=&#8221;{}&#8221;][\/et_pb_divider][\/et_pb_column][\/et_pb_row][et_pb_row column_structure=&#8221;1_2,1_2&#8243; _builder_version=&#8221;4.24.3&#8243; _module_preset=&#8221;default&#8221; background_color=&#8221;#d3e871&#8243; min_height=&#8221;385.2px&#8221; global_colors_info=&#8221;{}&#8221;][et_pb_column type=&#8221;1_2&#8243; _builder_version=&#8221;4.24.3&#8243; _module_preset=&#8221;default&#8221; global_colors_info=&#8221;{}&#8221;][et_pb_image src=&#8221;https:\/\/blogi.eoppimispalvelut.fi\/kestavaliiketoiminta\/files\/2024\/06\/cropped-cropped-Hankkeen-logo-ilman-taustaa.png&#8221; title_text=&#8221;cropped-cropped-Hankkeen-logo-ilman-taustaa.png&#8221; align=&#8221;right&#8221; _builder_version=&#8221;4.24.3&#8243; _module_preset=&#8221;default&#8221; width=&#8221;90%&#8221; custom_margin=&#8221;|||0px|false|false&#8221; custom_padding=&#8221;17px|0px||10px|false|false&#8221; global_colors_info=&#8221;{}&#8221;][\/et_pb_image][\/et_pb_column][et_pb_column type=&#8221;1_2&#8243; _builder_version=&#8221;4.24.3&#8243; _module_preset=&#8221;default&#8221; global_colors_info=&#8221;{}&#8221;][et_pb_heading title=&#8221;Kest\u00e4vyysraportointi-webinaarit SYKSY 2024&#8243; _builder_version=&#8221;4.24.3&#8243; _module_preset=&#8221;default&#8221; title_font=&#8221;ABeeZee||||||||&#8221; title_text_color=&#8221;#686868&#8243; title_font_size=&#8221;35px&#8221; global_colors_info=&#8221;{}&#8221;][\/et_pb_heading][et_pb_text _builder_version=&#8221;4.27.2&#8243; _module_preset=&#8221;default&#8221; text_text_color=&#8221;#686868&#8243; header_text_color=&#8221;#686868&#8243; width=&#8221;90.8%&#8221; custom_margin=&#8221;||67px||false|false&#8221; custom_padding=&#8221;15px|34px|||false|false&#8221; hover_enabled=&#8221;0&#8243; global_colors_info=&#8221;{}&#8221; sticky_enabled=&#8221;0&#8243;]<\/p>\n<p class=\"et_pb_module_heading\"><strong>27.9.2024<\/strong> Kest\u00e4vyysraportointi ja sen vaikutukset liiketoimintaan<\/p>\n<p class=\"et_pb_module_heading\"><strong>28.11.2024<\/strong> Kest\u00e4vyysraportoinnin vaikutukset rahoitukseen<\/p>\n<p class=\"et_pb_module_heading\"><strong>11.12.2024<\/strong> Pienten yritysten kest\u00e4vyysraportointi<\/p>\n<p>&nbsp;<\/p>\n<p>[\/et_pb_text][\/et_pb_column][\/et_pb_row][et_pb_row column_structure=&#8221;1_2,1_2&#8243; _builder_version=&#8221;4.27.2&#8243; _module_preset=&#8221;default&#8221; background_color=&#8221;#7ebec5&#8243; min_height=&#8221;423.8px&#8221; custom_margin=&#8221;101px|auto||auto|false|false&#8221; global_colors_info=&#8221;{}&#8221;][et_pb_column type=&#8221;1_2&#8243; _builder_version=&#8221;4.24.3&#8243; _module_preset=&#8221;default&#8221; global_colors_info=&#8221;{}&#8221;][et_pb_cta title=&#8221; Hiilijalanj\u00e4lkiklinikat mikro- ja pk-yrityksille&#8221; button_text=&#8221;Lis\u00e4tietoa&#8221; _builder_version=&#8221;4.24.3&#8243; _module_preset=&#8221;default&#8221; header_level=&#8221;h1&#8243; header_font=&#8221;ABeeZee||||||||&#8221; header_text_color=&#8221;#686868&#8243; header_font_size=&#8221;34px&#8221; body_text_color=&#8221;#686868&#8243; body_font_size=&#8221;15px&#8221; custom_button=&#8221;on&#8221; button_text_size=&#8221;20px&#8221; button_text_color=&#8221;#FFFFFF&#8221; button_border_radius=&#8221;4px&#8221; width=&#8221;114.8%&#8221; min_height=&#8221;266.8px&#8221; custom_margin=&#8221;|-63px|53px|||&#8221; global_colors_info=&#8221;{}&#8221; button_text__hover_enabled=&#8221;off|desktop&#8221;]<\/p>\n<h3><\/h3>\n<h3><\/h3>\n<h3><span style=\"color: #686868\">19.9. Rovaniemi\u00a0<\/span><\/h3>\n<h3><span style=\"color: #686868\">10.10. Kemi<\/span><\/h3>\n<h3><span style=\"color: #686868\">14.11. verkossa<\/span><span style=\"color: #686868\"><\/span><\/h3>\n<p>[\/et_pb_cta][et_pb_button button_url=&#8221;https:\/\/blogi.eoppimispalvelut.fi\/kestavaliiketoiminta\/443-2\/&#8221; url_new_window=&#8221;on&#8221; button_text=&#8221;Lis\u00e4tietoa&#8221; button_alignment=&#8221;center&#8221; _builder_version=&#8221;4.24.3&#8243; _module_preset=&#8221;default&#8221; custom_padding=&#8221;|14px||26px|false|false&#8221; global_colors_info=&#8221;{}&#8221;][\/et_pb_button][\/et_pb_column][et_pb_column type=&#8221;1_2&#8243; _builder_version=&#8221;4.24.3&#8243; _module_preset=&#8221;default&#8221; global_colors_info=&#8221;{}&#8221;][et_pb_image src=&#8221;https:\/\/blogi.eoppimispalvelut.fi\/kestavaliiketoiminta\/files\/2024\/06\/cropped-cropped-Hankkeen-logo-ilman-taustaa.png&#8221; title_text=&#8221;cropped-cropped-Hankkeen-logo-ilman-taustaa.png&#8221; _builder_version=&#8221;4.24.3&#8243; _module_preset=&#8221;default&#8221; width=&#8221;91%&#8221; global_colors_info=&#8221;{}&#8221;][\/et_pb_image][\/et_pb_column][\/et_pb_row][et_pb_row _builder_version=&#8221;4.24.3&#8243; _module_preset=&#8221;default&#8221; min_height=&#8221;43.8px&#8221; global_colors_info=&#8221;{}&#8221;][et_pb_column type=&#8221;4_4&#8243; _builder_version=&#8221;4.24.3&#8243; _module_preset=&#8221;default&#8221; global_colors_info=&#8221;{}&#8221;][et_pb_divider show_divider=&#8221;off&#8221; _builder_version=&#8221;4.24.3&#8243; _module_preset=&#8221;default&#8221; global_colors_info=&#8221;{}&#8221;][\/et_pb_divider][\/et_pb_column][\/et_pb_row][et_pb_row column_structure=&#8221;1_2,1_2&#8243; _builder_version=&#8221;4.24.3&#8243; _module_preset=&#8221;default&#8221; background_color=&#8221;#d3e871&#8243; min_height=&#8221;385.2px&#8221; global_colors_info=&#8221;{}&#8221;][et_pb_column type=&#8221;1_2&#8243; _builder_version=&#8221;4.24.3&#8243; _module_preset=&#8221;default&#8221; global_colors_info=&#8221;{}&#8221;][et_pb_image src=&#8221;https:\/\/blogi.eoppimispalvelut.fi\/kestavaliiketoiminta\/files\/2024\/06\/cropped-cropped-Hankkeen-logo-ilman-taustaa.png&#8221; title_text=&#8221;cropped-cropped-Hankkeen-logo-ilman-taustaa.png&#8221; align=&#8221;right&#8221; _builder_version=&#8221;4.24.3&#8243; _module_preset=&#8221;default&#8221; width=&#8221;90%&#8221; custom_margin=&#8221;|||0px|false|false&#8221; custom_padding=&#8221;17px|0px||10px|false|false&#8221; global_colors_info=&#8221;{}&#8221;][\/et_pb_image][\/et_pb_column][et_pb_column type=&#8221;1_2&#8243; _builder_version=&#8221;4.24.3&#8243; _module_preset=&#8221;default&#8221; global_colors_info=&#8221;{}&#8221;][et_pb_heading title=&#8221;Mit\u00e4 yritysten tulee tiet\u00e4\u00e4 kest\u00e4vyysraportoinnista?&#8221; _builder_version=&#8221;4.24.3&#8243; _module_preset=&#8221;default&#8221; title_font=&#8221;ABeeZee||||||||&#8221; title_text_color=&#8221;#686868&#8243; title_font_size=&#8221;35px&#8221; global_colors_info=&#8221;{}&#8221;][\/et_pb_heading][et_pb_text _builder_version=&#8221;4.24.3&#8243; _module_preset=&#8221;default&#8221; text_text_color=&#8221;#686868&#8243; header_text_color=&#8221;#686868&#8243; width=&#8221;90.8%&#8221; custom_margin=&#8221;||67px||false|false&#8221; custom_padding=&#8221;15px|34px|||false|false&#8221; global_colors_info=&#8221;{}&#8221;]<\/p>\n<h2 class=\"et_pb_module_header\"><span style=\"color: #686868;font-size: 16px\">Webinaari 30.5.2024<\/span><\/h2>\n<p><span>Lapin ammattikorkeakoulu k\u00e4ynnisti huhtikuussa 2024 hankkeen\u00a0<\/span><em>Kest\u00e4vyysraportointi ja kest\u00e4v\u00e4 kehitys liiketoiminnassa (EAKR)<\/em><span>, joka tarjoaa tukea ja ty\u00f6kaluja yrityksille kest\u00e4vyysraportointiin sek\u00e4 kest\u00e4v\u00e4n kehityksen mukaisen liiketoiminnan kehitt\u00e4miseen.Webinaarissa kerromme, miten Lapin ammattikorkeakoulu tukee yrityksi\u00e4 kest\u00e4vyysraportoinnissa ja lis\u00e4ksi kuulemme, kuinka kest\u00e4vyysraportoinnin suhteen on edetty Levi Ski Resortilla.<\/span><\/p>\n<p>[\/et_pb_text][et_pb_button button_text=&#8221;Linkki tallenteeseen&#8221; _builder_version=&#8221;4.24.3&#8243; _module_preset=&#8221;default&#8221; global_colors_info=&#8221;{}&#8221;][\/et_pb_button][\/et_pb_column][\/et_pb_row][et_pb_row _builder_version=&#8221;4.24.3&#8243; _module_preset=&#8221;default&#8221; global_colors_info=&#8221;{}&#8221;][et_pb_column type=&#8221;4_4&#8243; _builder_version=&#8221;4.24.3&#8243; _module_preset=&#8221;default&#8221; global_colors_info=&#8221;{}&#8221;][et_pb_divider show_divider=&#8221;off&#8221; _builder_version=&#8221;4.24.3&#8243; _module_preset=&#8221;default&#8221; global_colors_info=&#8221;{}&#8221;][\/et_pb_divider][\/et_pb_column][\/et_pb_row][et_pb_row column_structure=&#8221;1_2,1_2&#8243; _builder_version=&#8221;4.27.2&#8243; _module_preset=&#8221;default&#8221; background_color=&#8221;#7ebec7&#8243; min_height=&#8221;402.2px&#8221; custom_margin=&#8221;|388px||409px|false|false&#8221; custom_padding=&#8221;|0px||0px|false|false&#8221; hover_enabled=&#8221;0&#8243; global_colors_info=&#8221;{}&#8221; sticky_enabled=&#8221;0&#8243;][et_pb_column type=&#8221;1_2&#8243; _builder_version=&#8221;4.24.3&#8243; _module_preset=&#8221;default&#8221; global_colors_info=&#8221;{}&#8221;][et_pb_heading title=&#8221;Mit\u00e4 yritysten tulee tiet\u00e4\u00e4 kest\u00e4vyysraportoinnista?&#8221; _builder_version=&#8221;4.24.3&#8243; _module_preset=&#8221;default&#8221; title_font=&#8221;ABeeZee||||||||&#8221; title_text_color=&#8221;#686868&#8243; title_font_size=&#8221;35px&#8221; custom_margin=&#8221;23px|||57px|false|false&#8221; global_colors_info=&#8221;{}&#8221;][\/et_pb_heading][et_pb_text _builder_version=&#8221;4.24.3&#8243; _module_preset=&#8221;default&#8221; text_text_color=&#8221;#686868&#8243; header_text_color=&#8221;#686868&#8243; custom_margin=&#8221;|||58px|false|false&#8221; global_colors_info=&#8221;{}&#8221;]<\/p>\n<h3><span style=\"color: #686868\">Infotilaisuus &amp; ty\u00f6paja 15.5.2024 Levi<\/span><\/h3>\n<p>[\/et_pb_text][\/et_pb_column][et_pb_column type=&#8221;1_2&#8243; _builder_version=&#8221;4.24.3&#8243; _module_preset=&#8221;default&#8221; global_colors_info=&#8221;{}&#8221;][et_pb_image src=&#8221;https:\/\/blogi.eoppimispalvelut.fi\/kestavaliiketoiminta\/files\/2024\/06\/cropped-cropped-Hankkeen-logo-ilman-taustaa.png&#8221; title_text=&#8221;cropped-cropped-Hankkeen-logo-ilman-taustaa.png&#8221; _builder_version=&#8221;4.24.3&#8243; _module_preset=&#8221;default&#8221; width=&#8221;86%&#8221; global_colors_info=&#8221;{}&#8221;][\/et_pb_image][\/et_pb_column][\/et_pb_row][et_pb_row _builder_version=&#8221;4.24.3&#8243; _module_preset=&#8221;default&#8221; global_colors_info=&#8221;{}&#8221;][et_pb_column type=&#8221;4_4&#8243; _builder_version=&#8221;4.24.3&#8243; _module_preset=&#8221;default&#8221; global_colors_info=&#8221;{}&#8221;][et_pb_divider show_divider=&#8221;off&#8221; _builder_version=&#8221;4.24.3&#8243; _module_preset=&#8221;default&#8221; global_colors_info=&#8221;{}&#8221;][\/et_pb_divider][\/et_pb_column][\/et_pb_row][et_pb_row column_structure=&#8221;1_2,1_2&#8243; _builder_version=&#8221;4.24.3&#8243; _module_preset=&#8221;default&#8221; background_color=&#8221;#d3e871&#8243; min_height=&#8221;385.2px&#8221; global_colors_info=&#8221;{}&#8221;][et_pb_column type=&#8221;1_2&#8243; _builder_version=&#8221;4.24.3&#8243; _module_preset=&#8221;default&#8221; global_colors_info=&#8221;{}&#8221;][et_pb_image src=&#8221;https:\/\/blogi.eoppimispalvelut.fi\/kestavaliiketoiminta\/files\/2024\/06\/cropped-cropped-Hankkeen-logo-ilman-taustaa.png&#8221; title_text=&#8221;cropped-cropped-Hankkeen-logo-ilman-taustaa.png&#8221; align=&#8221;right&#8221; _builder_version=&#8221;4.24.3&#8243; _module_preset=&#8221;default&#8221; width=&#8221;94%&#8221; custom_margin=&#8221;2px||||false|false&#8221; custom_padding=&#8221;|||12px|false|false&#8221; global_colors_info=&#8221;{}&#8221;][\/et_pb_image][\/et_pb_column][et_pb_column type=&#8221;1_2&#8243; _builder_version=&#8221;4.24.3&#8243; _module_preset=&#8221;default&#8221; global_colors_info=&#8221;{}&#8221;][et_pb_heading title=&#8221;Kest\u00e4vyysraportointi ja kest\u00e4v\u00e4 kehitys liiketoiminnassa -hankkeen kick-off yrityskehitt\u00e4jille&#8221; _builder_version=&#8221;4.24.3&#8243; _module_preset=&#8221;default&#8221; title_font=&#8221;ABeeZee||||||||&#8221; title_text_color=&#8221;#686868&#8243; title_font_size=&#8221;35px&#8221; custom_margin=&#8221;|||-7px|false|false&#8221; global_colors_info=&#8221;{}&#8221;][\/et_pb_heading][et_pb_text _builder_version=&#8221;4.24.3&#8243; _module_preset=&#8221;default&#8221; text_text_color=&#8221;#686868&#8243; header_text_color=&#8221;#686868&#8243; width=&#8221;90.8%&#8221; custom_margin=&#8221;22px||107px||false|false&#8221; custom_padding=&#8221;0px|34px|||false|false&#8221; global_colors_info=&#8221;{}&#8221;]<\/p>\n<h3><span style=\"color: #686868\">Webinaari 14.5.2024<\/span><\/h3>\n<p>[\/et_pb_text][et_pb_button button_text=&#8221;Linkki tallenteeseen&#8221; _builder_version=&#8221;4.24.3&#8243; _module_preset=&#8221;default&#8221; global_colors_info=&#8221;{}&#8221;][\/et_pb_button][\/et_pb_column][\/et_pb_row][\/et_pb_section]<\/p>\n","protected":false},"excerpt":{"rendered":"<p>Mit\u00e4? Kest\u00e4vyysraportoinnin startti on valmennus yritysvastuun raportoimiseen. Valmennus antaa tarvittavat tiedot ja ty\u00f6kalut yrityksen vastuullisuusraportin laatimiseen. Kenelle? Valmennus on suunnattu lappilaisille mikro- ja pk-yrityksille. Milloin? Kev\u00e4\u00e4ll\u00e4 202527.9.2024 Kest\u00e4vyysraportointi ja sen vaikutukset liiketoimintaan 28.11.2024 Kest\u00e4vyysraportoinnin vaikutukset rahoitukseen 11.12.2024 Pienten yritysten kest\u00e4vyysraportointi &nbsp; 19.9. Rovaniemi\u00a0 10.10. Kemi 14.11. verkossaWebinaari 30.5.2024 Lapin ammattikorkeakoulu k\u00e4ynnisti huhtikuussa 2024 hankkeen\u00a0Kest\u00e4vyysraportointi ja [&hellip;]<\/p>\n","protected":false},"author":46936,"featured_media":0,"parent":0,"menu_order":0,"comment_status":"closed","ping_status":"closed","template":"","meta":{"_et_pb_use_builder":"on","_et_pb_old_content":"<!-- wp:media-text {\"align\":\"wide\",\"mediaId\":673,\"mediaLink\":\"https:\/\/wordpress.org\/patterns\/pear-half\/\",\"mediaType\":\"image\",\"verticalAlignment\":\"center\",\"style\":{\"spacing\":{\"margin\":{\"right\":\"var:preset|spacing|50\",\"left\":\"var:preset|spacing|50\"}},\"color\":{\"background\":\"#d3e871\"}}} -->\n<div class=\"wp-block-media-text alignwide is-stacked-on-mobile is-vertically-aligned-center has-background\" style=\"background-color:#d3e871;margin-right:var(--wp--preset--spacing--50);margin-left:var(--wp--preset--spacing--50)\"><figure class=\"wp-block-media-text__media\"><img src=\"https:\/\/s.w.org\/patterns\/files\/2021\/06\/pear-half-1024x1024.png\" alt=\"\" class=\"wp-image-673 size-full\" \/><\/figure><div class=\"wp-block-media-text__content\"><!-- wp:group {\"style\":{\"spacing\":{\"padding\":{\"top\":\"2em\",\"right\":\"2em\",\"bottom\":\"2em\",\"left\":\"2em\"}}}} -->\n<div class=\"wp-block-group\" style=\"padding-top:2em;padding-right:2em;padding-bottom:2em;padding-left:2em\"><!-- wp:paragraph {\"style\":{\"typography\":{\"lineHeight\":\"1.2\",\"fontSize\":\"36px\"}}} -->\n<p style=\"font-size:36px;line-height:1.2\">TULOSSA! Hiilijalanj\u00e4lkiklinikat mikro- ja pk-yrityksille<\/p>\n<!-- \/wp:paragraph -->\n\n<!-- wp:paragraph {\"fontSize\":\"extra-small\"} -->\n<p class=\"has-extra-small-font-size\">Syksyll\u00e4 2024 Rovaniemell\u00e4 ja Kemiss\u00e4<\/p>\n<!-- \/wp:paragraph --><\/div>\n<!-- \/wp:group --><\/div><\/div>\n<!-- \/wp:media-text -->\n\n<!-- wp:media-text {\"align\":\"wide\",\"mediaPosition\":\"right\",\"mediaId\":196,\"mediaLink\":\"https:\/\/blogi.eoppimispalvelut.fi\/kestavaliiketoiminta\/tapahtumat\/hankkeen-logo-ilman-taustaa\/\",\"mediaType\":\"image\",\"mediaWidth\":40,\"mediaSizeSlug\":\"full\",\"verticalAlignment\":\"center\",\"imageFill\":false,\"style\":{\"color\":{\"background\":\"#f1f5c7\"},\"spacing\":{\"margin\":{\"top\":\"0\",\"bottom\":\"0\",\"left\":\"var:preset|spacing|50\",\"right\":\"var:preset|spacing|50\"}}}} -->\n<div class=\"wp-block-media-text alignwide has-media-on-the-right is-stacked-on-mobile is-vertically-aligned-center has-background\" style=\"background-color:#f1f5c7;margin-top:0;margin-right:var(--wp--preset--spacing--50);margin-bottom:0;margin-left:var(--wp--preset--spacing--50);grid-template-columns:auto 40%\"><div class=\"wp-block-media-text__content\"><!-- wp:group {\"style\":{\"spacing\":{\"padding\":{\"top\":\"2em\",\"right\":\"2em\",\"bottom\":\"2em\",\"left\":\"2em\"}}}} -->\n<div class=\"wp-block-group\" style=\"padding-top:2em;padding-right:2em;padding-bottom:2em;padding-left:2em\"><!-- wp:paragraph {\"style\":{\"typography\":{\"lineHeight\":\"1.2\",\"fontSize\":\"36px\"}}} -->\n<p style=\"font-size:36px;line-height:1.2\">Mit\u00e4 yritysten tulee tiet\u00e4\u00e4 kest\u00e4vyysraportoinnista?Webinaari 30.5.2024<\/p>\n<!-- \/wp:paragraph -->\n\n<!-- wp:paragraph -->\n<p>Lapin ammattikorkeakoulu k\u00e4ynnisti huhtikuussa 2024 hankkeen <em>Kest\u00e4vyysraportointi ja kest\u00e4v\u00e4 kehitys liiketoiminnassa (EAKR)<\/em>, joka tarjoaa tukea ja ty\u00f6kaluja yrityksille kest\u00e4vyysraportointiin sek\u00e4 kest\u00e4v\u00e4n kehityksen mukaisen liiketoiminnan kehitt\u00e4miseen. Webinaarissa kerromme, miten Lapin ammattikorkeakoulu tukee yrityksi\u00e4 kest\u00e4vyysraportoinnissa ja lis\u00e4ksi kuulemme, kuinka kest\u00e4vyysraportoinnin suhteen on edetty Levi Ski Resortilla.<\/p>\n<!-- \/wp:paragraph -->\n\n<!-- wp:paragraph -->\n<p>LIS\u00c4TIETOA<\/p>\n<!-- \/wp:paragraph --><\/div>\n<!-- \/wp:group --><\/div><figure class=\"wp-block-media-text__media\"><img src=\"https:\/\/blogi.eoppimispalvelut.fi\/kestavaliiketoiminta\/files\/2024\/06\/Hankkeen-logo-ilman-taustaa.png\" alt=\"\" class=\"wp-image-196 size-full\" \/><\/figure><\/div>\n<!-- \/wp:media-text -->\n\n<!-- wp:media-text {\"align\":\"wide\",\"mediaId\":673,\"mediaLink\":\"https:\/\/wordpress.org\/patterns\/pear-half\/\",\"mediaType\":\"image\",\"verticalAlignment\":\"center\",\"style\":{\"spacing\":{\"margin\":{\"right\":\"var:preset|spacing|50\",\"left\":\"var:preset|spacing|50\"}},\"color\":{\"background\":\"#d3e871\"}}} -->\n<div class=\"wp-block-media-text alignwide is-stacked-on-mobile is-vertically-aligned-center has-background\" style=\"background-color:#d3e871;margin-right:var(--wp--preset--spacing--50);margin-left:var(--wp--preset--spacing--50)\"><figure class=\"wp-block-media-text__media\"><img src=\"https:\/\/s.w.org\/patterns\/files\/2021\/06\/pear-half-1024x1024.png\" alt=\"\" class=\"wp-image-673 size-full\" \/><\/figure><div class=\"wp-block-media-text__content\"><!-- wp:group {\"style\":{\"spacing\":{\"padding\":{\"top\":\"2em\",\"right\":\"2em\",\"bottom\":\"2em\",\"left\":\"2em\"}}}} -->\n<div class=\"wp-block-group\" style=\"padding-top:2em;padding-right:2em;padding-bottom:2em;padding-left:2em\"><!-- wp:paragraph {\"style\":{\"typography\":{\"lineHeight\":\"1.2\",\"fontSize\":\"36px\"}}} -->\n<p style=\"font-size:36px;line-height:1.2\">Mit\u00e4 yritysten tulee tiet\u00e4\u00e4 kest\u00e4vyysraportoinnista? infotilaisuus<\/p>\n<!-- \/wp:paragraph -->\n\n<!-- wp:paragraph {\"fontSize\":\"extra-small\"} -->\n<p class=\"has-extra-small-font-size\">15.5.2024 Levi<\/p>\n<!-- \/wp:paragraph --><\/div>\n<!-- \/wp:group --><\/div><\/div>\n<!-- \/wp:media-text -->\n\n<!-- wp:media-text {\"align\":\"wide\",\"mediaPosition\":\"right\",\"mediaId\":196,\"mediaLink\":\"https:\/\/blogi.eoppimispalvelut.fi\/kestavaliiketoiminta\/tapahtumat\/hankkeen-logo-ilman-taustaa\/\",\"mediaType\":\"image\",\"mediaWidth\":40,\"mediaSizeSlug\":\"full\",\"verticalAlignment\":\"center\",\"imageFill\":false,\"style\":{\"color\":{\"background\":\"#f1f5c7\"},\"spacing\":{\"margin\":{\"top\":\"0\",\"bottom\":\"0\",\"left\":\"var:preset|spacing|50\",\"right\":\"var:preset|spacing|50\"}}}} -->\n<div class=\"wp-block-media-text alignwide has-media-on-the-right is-stacked-on-mobile is-vertically-aligned-center has-background\" style=\"background-color:#f1f5c7;margin-top:0;margin-right:var(--wp--preset--spacing--50);margin-bottom:0;margin-left:var(--wp--preset--spacing--50);grid-template-columns:auto 40%\"><div class=\"wp-block-media-text__content\"><!-- wp:group {\"style\":{\"spacing\":{\"padding\":{\"top\":\"2em\",\"right\":\"2em\",\"bottom\":\"2em\",\"left\":\"2em\"}}}} -->\n<div class=\"wp-block-group\" style=\"padding-top:2em;padding-right:2em;padding-bottom:2em;padding-left:2em\"><!-- wp:paragraph {\"style\":{\"typography\":{\"lineHeight\":\"1.2\",\"fontSize\":\"36px\"}}} -->\n<p style=\"font-size:36px;line-height:1.2\">Kest\u00e4vyysraportointi ja kest\u00e4v\u00e4 kehitys liiketoiminnassa -hankkeen kick-off yrityskehitt\u00e4jille<\/p>\n<!-- \/wp:paragraph -->\n\n<!-- wp:paragraph -->\n<p>14.5.2024 Zoom<\/p>\n<!-- \/wp:paragraph -->\n\n<!-- wp:paragraph -->\n<p><\/p>\n<!-- \/wp:paragraph --><\/div>\n<!-- \/wp:group --><\/div><figure class=\"wp-block-media-text__media\"><img src=\"https:\/\/blogi.eoppimispalvelut.fi\/kestavaliiketoiminta\/files\/2024\/06\/Hankkeen-logo-ilman-taustaa.png\" alt=\"\" class=\"wp-image-196 size-full\" \/><\/figure><\/div>\n<!-- \/wp:media-text -->","_et_gb_content_width":"","footnotes":""},"class_list":["post-47","page","type-page","status-publish","hentry"],"_links":{"self":[{"href":"https:\/\/blogi.eoppimispalvelut.fi\/kestavaliiketoiminta\/wp-json\/wp\/v2\/pages\/47","targetHints":{"allow":["GET"]}}],"collection":[{"href":"https:\/\/blogi.eoppimispalvelut.fi\/kestavaliiketoiminta\/wp-json\/wp\/v2\/pages"}],"about":[{"href":"https:\/\/blogi.eoppimispalvelut.fi\/kestavaliiketoiminta\/wp-json\/wp\/v2\/types\/page"}],"author":[{"embeddable":true,"href":"https:\/\/blogi.eoppimispalvelut.fi\/kestavaliiketoiminta\/wp-json\/wp\/v2\/users\/46936"}],"replies":[{"embeddable":true,"href":"https:\/\/blogi.eoppimispalvelut.fi\/kestavaliiketoiminta\/wp-json\/wp\/v2\/comments?post=47"}],"version-history":[{"count":51,"href":"https:\/\/blogi.eoppimispalvelut.fi\/kestavaliiketoiminta\/wp-json\/wp\/v2\/pages\/47\/revisions"}],"predecessor-version":[{"id":637,"href":"https:\/\/blogi.eoppimispalvelut.fi\/kestavaliiketoiminta\/wp-json\/wp\/v2\/pages\/47\/revisions\/637"}],"wp:attachment":[{"href":"https:\/\/blogi.eoppimispalvelut.fi\/kestavaliiketoiminta\/wp-json\/wp\/v2\/media?parent=47"}],"curies":[{"name":"wp","href":"https:\/\/api.w.org\/{rel}","templated":true}]}}