{"id":474,"date":"2024-09-10T14:00:33","date_gmt":"2024-09-10T11:00:33","guid":{"rendered":"https:\/\/blogi.eoppimispalvelut.fi\/kestavaliiketoiminta\/?page_id=474"},"modified":"2024-10-14T09:40:44","modified_gmt":"2024-10-14T06:40:44","slug":"webinaarit","status":"publish","type":"page","link":"https:\/\/blogi.eoppimispalvelut.fi\/kestavaliiketoiminta\/webinaarit\/","title":{"rendered":"Kest\u00e4vyysraportointi ja sen vaikutukset liiketoimintaan -webinaari 27.9.2024"},"content":{"rendered":"<p>[et_pb_section fb_built=&#8221;1&#8243; _builder_version=&#8221;4.24.3&#8243; _module_preset=&#8221;default&#8221; global_colors_info=&#8221;{}&#8221;][et_pb_row column_structure=&#8221;1_2,1_2&#8243; _builder_version=&#8221;4.24.3&#8243; _module_preset=&#8221;default&#8221; global_colors_info=&#8221;{}&#8221;][et_pb_column type=&#8221;1_2&#8243; _builder_version=&#8221;4.24.3&#8243; _module_preset=&#8221;default&#8221; global_colors_info=&#8221;{}&#8221;][et_pb_heading title=&#8221;Kest\u00e4vyysraportointi ja sen vaikutukset liiketoimintaan -webinaari&#8221; _builder_version=&#8221;4.27.0&#8243; _module_preset=&#8221;default&#8221; global_colors_info=&#8221;{}&#8221;][\/et_pb_heading][\/et_pb_column][et_pb_column type=&#8221;1_2&#8243; _builder_version=&#8221;4.24.3&#8243; _module_preset=&#8221;default&#8221; global_colors_info=&#8221;{}&#8221;][\/et_pb_column][\/et_pb_row][et_pb_row column_structure=&#8221;1_2,1_2&#8243; _builder_version=&#8221;4.24.3&#8243; _module_preset=&#8221;default&#8221; global_colors_info=&#8221;{}&#8221;][et_pb_column type=&#8221;1_2&#8243; _builder_version=&#8221;4.24.3&#8243; _module_preset=&#8221;default&#8221; global_colors_info=&#8221;{}&#8221;][et_pb_text _builder_version=&#8221;4.27.0&#8243; _module_preset=&#8221;default&#8221; custom_padding=&#8221;||0px|||&#8221; global_colors_info=&#8221;{}&#8221;]<\/p>\n<h3>27.9.2024 klo 8.15-9-15 (zoom)<span data-contrast=\"auto\"><\/span><\/h3>\n<p><span data-contrast=\"auto\"><\/span><\/p>\n<p><span data-contrast=\"auto\">EU:n uusi kest\u00e4vyysraportointidirektiivi (CSRD) muuttaa yritysten raportointivelvoitteita merkitt\u00e4v\u00e4sti, ja vaikutukset ulottuvat my\u00f6s pienempiin yrityksiin, jotka toimivat raportointivelvollisten yritysten toimintaverkostoissa. Tule kuulemaan, kuinka t\u00e4m\u00e4 vaikuttaa juuri sinun yritykseesi ja kuinka voit valmistautua tuleviin vaatimuksiin.<\/span><span data-ccp-props=\"{&quot;201341983&quot;:0,&quot;335559739&quot;:160,&quot;335559740&quot;:259}\">\u00a0<\/span><\/p>\n<p><b><span data-contrast=\"auto\">Tervetuloa webinaariimme perjantaina 27. syyskuuta 2024 klo 8.15\u20139.15<\/span><\/b><span data-contrast=\"auto\">, jossa k\u00e4sittelemme kest\u00e4vyysraportointia ja sen vaikutuksia erityisesti alihankintaketjujen n\u00e4k\u00f6kulmasta.<\/span><span data-ccp-props=\"{&quot;201341983&quot;:0,&quot;335559739&quot;:160,&quot;335559740&quot;:259}\">\u00a0<\/span><\/p>\n<p><span data-ccp-props=\"{&quot;201341983&quot;:0,&quot;335559739&quot;:160,&quot;335559740&quot;:259}\"><b>Kenelle webinaari on tarkoitettu?<\/b><br \/>Webinaari on suunnattu kaikille mikro- ja pk-yrityksille, jotka haluavat valmistautua kest\u00e4vyysraportoinnin vaatimuksiin ja ymm\u00e4rt\u00e4\u00e4, kuinka t\u00e4m\u00e4 vaikuttaa liiketoiminnan eri osa-alueisiin.\u00a0<\/span><\/p>\n<p>&nbsp;<\/p>\n<ul><\/ul>\n<p>&nbsp;<\/p>\n<p>[\/et_pb_text][\/et_pb_column][et_pb_column type=&#8221;1_2&#8243; _builder_version=&#8221;4.24.3&#8243; _module_preset=&#8221;default&#8221; global_colors_info=&#8221;{}&#8221;][et_pb_text _builder_version=&#8221;4.27.0&#8243; _module_preset=&#8221;default&#8221; hover_enabled=&#8221;0&#8243; global_colors_info=&#8221;{}&#8221; sticky_enabled=&#8221;0&#8243;]<\/p>\n<p><b><span data-contrast=\"auto\">Ohjelma:<\/span><\/b><span data-ccp-props=\"{&quot;201341983&quot;:0,&quot;335559739&quot;:160,&quot;335559740&quot;:259}\">\u00a0<\/span><\/p>\n<ul>\n<li data-leveltext=\"\uf0b7\" data-font=\"Symbol\" data-listid=\"1\" data-list-defn-props=\"{&quot;335552541&quot;:1,&quot;335559685&quot;:720,&quot;335559991&quot;:360,&quot;469769226&quot;:&quot;Symbol&quot;,&quot;469769242&quot;:[8226],&quot;469777803&quot;:&quot;left&quot;,&quot;469777804&quot;:&quot;\uf0b7&quot;,&quot;469777815&quot;:&quot;multilevel&quot;}\" data-aria-posinset=\"1\" data-aria-level=\"1\"><b><span data-contrast=\"auto\">8.15\u20138.30:<\/span><\/b><span data-contrast=\"auto\"> <a href=\"https:\/\/blogi.eoppimispalvelut.fi\/kestavaliiketoiminta\/files\/2024\/10\/27092024.pdf\" rel=\"attachment wp-att-554\">Kest\u00e4vyysraportoinnista lyhyesti &amp; kest\u00e4vyyslabran esittely<\/a><\/span><span><br \/><\/span><span data-contrast=\"auto\">Miten Lapin AMK tukee yrityksi\u00e4 kest\u00e4vyysraportoinnissa ja mit\u00e4 ty\u00f6kaluja se tarjoaa raportoinnin helpottamiseksi.<\/span><span data-ccp-props=\"{&quot;201341983&quot;:0,&quot;335559739&quot;:160,&quot;335559740&quot;:259}\">\u00a0<\/span><\/li>\n<li data-leveltext=\"\uf0b7\" data-font=\"Symbol\" data-listid=\"1\" data-list-defn-props=\"{&quot;335552541&quot;:1,&quot;335559685&quot;:720,&quot;335559991&quot;:360,&quot;469769226&quot;:&quot;Symbol&quot;,&quot;469769242&quot;:[8226],&quot;469777803&quot;:&quot;left&quot;,&quot;469777804&quot;:&quot;\uf0b7&quot;,&quot;469777815&quot;:&quot;multilevel&quot;}\" data-aria-posinset=\"2\" data-aria-level=\"1\"><b><span data-contrast=\"auto\">8.30\u20139.15:<\/span><\/b><span data-contrast=\"auto\"> <a href=\"https:\/\/blogi.eoppimispalvelut.fi\/kestavaliiketoiminta\/files\/2024\/10\/20240927-NEVE-esitys.pdf\" rel=\"attachment wp-att-552\">Neve ja raportoinnin vaikutukset alihankintaan<\/a> + Q&amp;A<\/span><span><br \/><\/span><span data-contrast=\"auto\">Neven asiantuntijat kertovat, miten kest\u00e4vyysraportoinnin velvoitteet vaikuttavat alihankintaketjuihin ja mit\u00e4 yritysten tulee ottaa huomioon. Tilaisuudessa on my\u00f6s mahdollisuus esitt\u00e4\u00e4 kysymyksi\u00e4 ja keskustella asiantuntijoiden kanssa.<\/span><span data-ccp-props=\"{&quot;201341983&quot;:0,&quot;335559739&quot;:160,&quot;335559740&quot;:259}\">\u00a0<\/span><\/li>\n<\/ul>\n<p><b><span data-contrast=\"auto\">Ilmoittaudu mukaan jo t\u00e4n\u00e4\u00e4n!<\/span><\/b><span data-contrast=\"auto\"> Webinaari on maksuton, mutta vaatii ennakkoilmoittautumisen. Tartu tilaisuuteen ja varmista paikkasi!<\/span><span data-ccp-props=\"{&quot;201341983&quot;:0,&quot;335559739&quot;:160,&quot;335559740&quot;:259}\">\u00a0<\/span><\/p>\n<p><span data-ccp-props=\"{&quot;201341983&quot;:0,&quot;335559739&quot;:160,&quot;335559740&quot;:259}\"><\/span><\/p>\n<p>[\/et_pb_text][et_pb_button button_url=&#8221;https:\/\/video.eoppimispalvelut.fi\/media\/Webinaari+Kest%C3%A4vyysraportointi+ja+sen+vaikutukset+liiketoimintaan+27.9.2024\/0_geqskpmi&#8221; button_text=&#8221;Webinaarin tallenne&#8221; _builder_version=&#8221;4.27.0&#8243; _module_preset=&#8221;default&#8221; hover_enabled=&#8221;0&#8243; global_colors_info=&#8221;{}&#8221; sticky_enabled=&#8221;0&#8243;][\/et_pb_button][\/et_pb_column][\/et_pb_row][et_pb_row _builder_version=&#8221;4.24.3&#8243; _module_preset=&#8221;default&#8221; global_colors_info=&#8221;{}&#8221;][et_pb_column type=&#8221;4_4&#8243; _builder_version=&#8221;4.24.3&#8243; _module_preset=&#8221;default&#8221; global_colors_info=&#8221;{}&#8221;][et_pb_divider _builder_version=&#8221;4.24.3&#8243; _module_preset=&#8221;default&#8221; global_colors_info=&#8221;{}&#8221;][\/et_pb_divider][\/et_pb_column][\/et_pb_row][et_pb_row column_structure=&#8221;1_2,1_2&#8243; _builder_version=&#8221;4.24.3&#8243; _module_preset=&#8221;default&#8221; global_colors_info=&#8221;{}&#8221;][et_pb_column type=&#8221;1_2&#8243; _builder_version=&#8221;4.24.3&#8243; _module_preset=&#8221;default&#8221; global_colors_info=&#8221;{}&#8221;][\/et_pb_column][et_pb_column type=&#8221;1_2&#8243; _builder_version=&#8221;4.24.3&#8243; _module_preset=&#8221;default&#8221; global_colors_info=&#8221;{}&#8221;][\/et_pb_column][\/et_pb_row][\/et_pb_section]<\/p>\n","protected":false},"excerpt":{"rendered":"<p>27.9.2024 klo 8.15-9-15 (zoom) EU:n uusi kest\u00e4vyysraportointidirektiivi (CSRD) muuttaa yritysten raportointivelvoitteita merkitt\u00e4v\u00e4sti, ja vaikutukset ulottuvat my\u00f6s pienempiin yrityksiin, jotka toimivat raportointivelvollisten yritysten toimintaverkostoissa. Tule kuulemaan, kuinka t\u00e4m\u00e4 vaikuttaa juuri sinun yritykseesi ja kuinka voit valmistautua tuleviin vaatimuksiin.\u00a0 Tervetuloa webinaariimme perjantaina 27. syyskuuta 2024 klo 8.15\u20139.15, jossa k\u00e4sittelemme kest\u00e4vyysraportointia ja sen vaikutuksia erityisesti alihankintaketjujen n\u00e4k\u00f6kulmasta.\u00a0 Kenelle [&hellip;]<\/p>\n","protected":false},"author":4448,"featured_media":0,"parent":0,"menu_order":0,"comment_status":"closed","ping_status":"closed","template":"","meta":{"_et_pb_use_builder":"on","_et_pb_old_content":"","_et_gb_content_width":"","footnotes":""},"class_list":["post-474","page","type-page","status-publish","hentry"],"_links":{"self":[{"href":"https:\/\/blogi.eoppimispalvelut.fi\/kestavaliiketoiminta\/wp-json\/wp\/v2\/pages\/474","targetHints":{"allow":["GET"]}}],"collection":[{"href":"https:\/\/blogi.eoppimispalvelut.fi\/kestavaliiketoiminta\/wp-json\/wp\/v2\/pages"}],"about":[{"href":"https:\/\/blogi.eoppimispalvelut.fi\/kestavaliiketoiminta\/wp-json\/wp\/v2\/types\/page"}],"author":[{"embeddable":true,"href":"https:\/\/blogi.eoppimispalvelut.fi\/kestavaliiketoiminta\/wp-json\/wp\/v2\/users\/4448"}],"replies":[{"embeddable":true,"href":"https:\/\/blogi.eoppimispalvelut.fi\/kestavaliiketoiminta\/wp-json\/wp\/v2\/comments?post=474"}],"version-history":[{"count":13,"href":"https:\/\/blogi.eoppimispalvelut.fi\/kestavaliiketoiminta\/wp-json\/wp\/v2\/pages\/474\/revisions"}],"predecessor-version":[{"id":555,"href":"https:\/\/blogi.eoppimispalvelut.fi\/kestavaliiketoiminta\/wp-json\/wp\/v2\/pages\/474\/revisions\/555"}],"wp:attachment":[{"href":"https:\/\/blogi.eoppimispalvelut.fi\/kestavaliiketoiminta\/wp-json\/wp\/v2\/media?parent=474"}],"curies":[{"name":"wp","href":"https:\/\/api.w.org\/{rel}","templated":true}]}}