{"id":48,"date":"2024-06-04T10:07:39","date_gmt":"2024-06-04T07:07:39","guid":{"rendered":"https:\/\/blogi.eoppimispalvelut.fi\/kestavaliiketoiminta\/?page_id=48"},"modified":"2024-12-20T10:33:58","modified_gmt":"2024-12-20T08:33:58","slug":"tyokalut","status":"publish","type":"page","link":"https:\/\/blogi.eoppimispalvelut.fi\/kestavaliiketoiminta\/tyokalut\/","title":{"rendered":"Materiaalipankki"},"content":{"rendered":"<p>[et_pb_section fb_built=&#8221;1&#8243; _builder_version=&#8221;4.24.3&#8243; _module_preset=&#8221;default&#8221; global_colors_info=&#8221;{}&#8221;][et_pb_row _builder_version=&#8221;4.24.3&#8243; _module_preset=&#8221;default&#8221; global_colors_info=&#8221;{}&#8221;][et_pb_column type=&#8221;4_4&#8243; _builder_version=&#8221;4.24.3&#8243; _module_preset=&#8221;default&#8221; global_colors_info=&#8221;{}&#8221;][et_pb_heading title=&#8221;Tietoa kest\u00e4vyysraportointidirektiivist\u00e4&#8221; _builder_version=&#8221;4.24.3&#8243; _module_preset=&#8221;default&#8221; global_colors_info=&#8221;{}&#8221;][\/et_pb_heading][\/et_pb_column][\/et_pb_row][et_pb_row column_structure=&#8221;1_3,1_3,1_3&#8243; _builder_version=&#8221;4.24.3&#8243; _module_preset=&#8221;default&#8221; global_colors_info=&#8221;{}&#8221;][et_pb_column type=&#8221;1_3&#8243; _builder_version=&#8221;4.24.3&#8243; _module_preset=&#8221;default&#8221; global_colors_info=&#8221;{}&#8221;][et_pb_image src=&#8221;https:\/\/blogi.eoppimispalvelut.fi\/kestavaliiketoiminta\/files\/2024\/06\/Ikoni-Verkkosivu.png&#8221; title_text=&#8221;Ikoni-Verkkosivu&#8221; _builder_version=&#8221;4.24.3&#8243; _module_preset=&#8221;default&#8221; width=&#8221;90%&#8221; global_colors_info=&#8221;{}&#8221;][\/et_pb_image][\/et_pb_column][et_pb_column type=&#8221;1_3&#8243; _builder_version=&#8221;4.24.3&#8243; _module_preset=&#8221;default&#8221; global_colors_info=&#8221;{}&#8221;][et_pb_image src=&#8221;https:\/\/blogi.eoppimispalvelut.fi\/kestavaliiketoiminta\/files\/2024\/06\/Ikoni-Asiakirja-.png&#8221; title_text=&#8221;Ikoni-Asiakirja-&#8221; _builder_version=&#8221;4.24.3&#8243; _module_preset=&#8221;default&#8221; width=&#8221;90%&#8221; global_colors_info=&#8221;{}&#8221;][\/et_pb_image][\/et_pb_column][et_pb_column type=&#8221;1_3&#8243; _builder_version=&#8221;4.24.3&#8243; _module_preset=&#8221;default&#8221; global_colors_info=&#8221;{}&#8221;][et_pb_image src=&#8221;https:\/\/blogi.eoppimispalvelut.fi\/kestavaliiketoiminta\/files\/2024\/06\/Ikoni-Liite.png&#8221; title_text=&#8221;Ikoni-Liite&#8221; _builder_version=&#8221;4.24.3&#8243; _module_preset=&#8221;default&#8221; width=&#8221;90%&#8221; global_colors_info=&#8221;{}&#8221;][\/et_pb_image][\/et_pb_column][\/et_pb_row][et_pb_row column_structure=&#8221;1_3,1_3,1_3&#8243; _builder_version=&#8221;4.24.3&#8243; _module_preset=&#8221;default&#8221; global_colors_info=&#8221;{}&#8221;][et_pb_column type=&#8221;1_3&#8243; _builder_version=&#8221;4.24.3&#8243; _module_preset=&#8221;default&#8221; global_colors_info=&#8221;{}&#8221;][et_pb_text _builder_version=&#8221;4.24.3&#8243; _module_preset=&#8221;default&#8221; global_colors_info=&#8221;{}&#8221;]<\/p>\n<p>Euroopan tilinp\u00e4\u00e4t\u00f6sraportoinnin neuvoa-antava ryhm\u00e4 EFRAG (European Financial Reporting Advisory Group)\u00a0tuottaa tietoa kest\u00e4vyysraportoinnin standardeista.<\/p>\n<p><!-- \/divi:paragraph --> <!-- divi:paragraph --><\/p>\n<p><a href=\"https:\/\/www.efrag.org\/\">Home &#8211; EFRAG<\/a><\/p>\n<p>[\/et_pb_text][\/et_pb_column][et_pb_column type=&#8221;1_3&#8243; _builder_version=&#8221;4.24.3&#8243; _module_preset=&#8221;default&#8221; global_colors_info=&#8221;{}&#8221;][et_pb_text _builder_version=&#8221;4.27.4&#8243; _module_preset=&#8221;default&#8221; hover_enabled=&#8221;0&#8243; global_colors_info=&#8221;{}&#8221; sticky_enabled=&#8221;0&#8243;]<\/p>\n<p>VSME vapaahtoinen kest\u00e4vyysraportoinnin standardi mikro- ja pk-yrityksille.<\/p>\n<p><!-- \/divi:paragraph --> <!-- divi:paragraph --><\/p>\n<p><a href=\"https:\/\/www.efrag.org\/sites\/default\/files\/sites\/webpublishing\/SiteAssets\/VSME%20Standard.pdf\">VSME Standard.pdf<\/a><\/p>\n<p>[\/et_pb_text][\/et_pb_column][et_pb_column type=&#8221;1_3&#8243; _builder_version=&#8221;4.24.3&#8243; _module_preset=&#8221;default&#8221; global_colors_info=&#8221;{}&#8221;][et_pb_text _builder_version=&#8221;4.24.3&#8243; _module_preset=&#8221;default&#8221; global_colors_info=&#8221;{}&#8221;]<\/p>\n<p>Efragin julkaisema ohje kaksoisolennaisuuden analyysin toteuttamisesta.<\/p>\n<p><!-- \/divi:paragraph --> <!-- divi:paragraph --><\/p>\n<p><a href=\"https:\/\/www.efrag.org\/Assets\/Download?assetUrl=\/sites\/webpublishing\/SiteAssets\/Appendix%202.6%20-%20WP%20on%20draft%20ESRG%201.pdf\">Double Materiality Guidelines (efrag.org)<\/a><\/p>\n<p>[\/et_pb_text][\/et_pb_column][\/et_pb_row][et_pb_row _builder_version=&#8221;4.24.3&#8243; _module_preset=&#8221;default&#8221; global_colors_info=&#8221;{}&#8221;][et_pb_column type=&#8221;4_4&#8243; _builder_version=&#8221;4.24.3&#8243; _module_preset=&#8221;default&#8221; global_colors_info=&#8221;{}&#8221;][et_pb_heading title=&#8221;Tukea hiilijalanj\u00e4ljenlaskentaan&#8221; _builder_version=&#8221;4.24.3&#8243; _module_preset=&#8221;default&#8221; global_colors_info=&#8221;{}&#8221;][\/et_pb_heading][\/et_pb_column][\/et_pb_row][et_pb_row column_structure=&#8221;1_3,1_3,1_3&#8243; _builder_version=&#8221;4.24.3&#8243; _module_preset=&#8221;default&#8221; global_colors_info=&#8221;{}&#8221;][et_pb_column type=&#8221;1_3&#8243; _builder_version=&#8221;4.24.3&#8243; _module_preset=&#8221;default&#8221; global_colors_info=&#8221;{}&#8221;][et_pb_image src=&#8221;https:\/\/blogi.eoppimispalvelut.fi\/kestavaliiketoiminta\/files\/2024\/06\/Ikoni-Lehti.png&#8221; title_text=&#8221;Ikoni-Lehti&#8221; _builder_version=&#8221;4.24.3&#8243; _module_preset=&#8221;default&#8221; width=&#8221;90%&#8221; global_colors_info=&#8221;{}&#8221;][\/et_pb_image][\/et_pb_column][et_pb_column type=&#8221;1_3&#8243; _builder_version=&#8221;4.24.3&#8243; _module_preset=&#8221;default&#8221; global_colors_info=&#8221;{}&#8221;][et_pb_image src=&#8221;https:\/\/blogi.eoppimispalvelut.fi\/kestavaliiketoiminta\/files\/2024\/06\/Ikoni-Idea.png&#8221; title_text=&#8221;Ikoni-Idea&#8221; _builder_version=&#8221;4.24.3&#8243; _module_preset=&#8221;default&#8221; width=&#8221;90%&#8221; global_colors_info=&#8221;{}&#8221;][\/et_pb_image][\/et_pb_column][et_pb_column type=&#8221;1_3&#8243; _builder_version=&#8221;4.24.3&#8243; _module_preset=&#8221;default&#8221; global_colors_info=&#8221;{}&#8221;][et_pb_image src=&#8221;https:\/\/blogi.eoppimispalvelut.fi\/kestavaliiketoiminta\/files\/2024\/06\/Ikoni-Asiakirja-.png&#8221; title_text=&#8221;Ikoni-Asiakirja-&#8221; _builder_version=&#8221;4.24.3&#8243; _module_preset=&#8221;default&#8221; width=&#8221;90%&#8221; global_colors_info=&#8221;{}&#8221;][\/et_pb_image][\/et_pb_column][\/et_pb_row][et_pb_row column_structure=&#8221;1_3,1_3,1_3&#8243; _builder_version=&#8221;4.24.3&#8243; _module_preset=&#8221;default&#8221; global_colors_info=&#8221;{}&#8221;][et_pb_column type=&#8221;1_3&#8243; _builder_version=&#8221;4.24.3&#8243; _module_preset=&#8221;default&#8221; global_colors_info=&#8221;{}&#8221;][et_pb_text _builder_version=&#8221;4.24.3&#8243; _module_preset=&#8221;default&#8221; global_colors_info=&#8221;{}&#8221;]<\/p>\n<div class=\"wp-block-column\">\n<p><strong>Y-HIILARI <\/strong>on Suomen ymp\u00e4rist\u00f6keskuksen (Syke) kehitt\u00e4m\u00e4 ty\u00f6kalu yrityksen hiilijalanj\u00e4ljen laskentaan. Ty\u00f6kalu sis\u00e4lt\u00e4\u00e4 laskurin ja ohjeen. Ty\u00f6kalun k\u00e4ytt\u00f6 on maksutonta.<\/p>\n<p><!-- \/divi:paragraph --> <!-- divi:paragraph --><\/p>\n<p><a href=\"https:\/\/www.syke.fi\/fi-FI\/Tutkimus__kehittaminen\/Kiertotalous\/Laskurit\/YHiilari\">Y-Hiilari &#8211; syke.fi<\/a><\/p>\n<p><!-- \/divi:paragraph --><\/div>\n<p><!-- \/divi:column --> <!-- divi:column --><\/p>\n<div class=\"wp-block-column\">\n<p><!-- divi:paragraph --><\/p>\n<p>&nbsp;<\/p>\n<\/div>\n<p>[\/et_pb_text][\/et_pb_column][et_pb_column type=&#8221;1_3&#8243; _builder_version=&#8221;4.24.3&#8243; _module_preset=&#8221;default&#8221; global_colors_info=&#8221;{}&#8221;][et_pb_text _builder_version=&#8221;4.24.3&#8243; _module_preset=&#8221;default&#8221; global_colors_info=&#8221;{}&#8221;]<\/p>\n<p>Matkailualan maksuttomalla hiilijalanj\u00e4lkilaskurilla <strong>Hiilikurilla<\/strong> voit laskea yrityksesi hiilijalanj\u00e4ljen ja kartoittaa suurimmat p\u00e4\u00e4st\u00f6l\u00e4hteet.<\/p>\n<p><!-- \/divi:paragraph --> <!-- divi:paragraph --><\/p>\n<p><a href=\"https:\/\/www.visitfinland.fi\/liiketoiminnan-kehittaminen\/vastuullinen-matkailu\/matkailualan-hiilijalanjalkilaskuri-hiilikuri\">Matkailualan hiilijalanj\u00e4lkilaskuri Hiilikuri &#8211; Visit Finland<\/a><\/p>\n<p>[\/et_pb_text][\/et_pb_column][et_pb_column type=&#8221;1_3&#8243; _builder_version=&#8221;4.24.3&#8243; _module_preset=&#8221;default&#8221; global_colors_info=&#8221;{}&#8221;][et_pb_text _builder_version=&#8221;4.24.3&#8243; _module_preset=&#8221;default&#8221; global_colors_info=&#8221;{}&#8221;]<\/p>\n<p>Kierr\u00e4tyskeskuksen laatima <strong>Hiilijalanj\u00e4lkilaskennan perusteet -opas<\/strong> on tehty yrityksille, jotka haluavat selvitt\u00e4\u00e4 hiilijalanj\u00e4lkens\u00e4. Opas sopii my\u00f6s hiilijalanj\u00e4lkilaskennasta kiinnostuneille perusperiaatteiden haltuunottoon.\u00a0<\/p>\n<p><!-- \/divi:paragraph --> <!-- divi:paragraph --><\/p>\n<p><a href=\"https:\/\/kierratyskeskus.fi\/yrityspalvelut\/lataa-opas-hjj-perusteet\/\">Lataa opas: Hiilijalanj\u00e4lkilaskennan perusteet &#8211; Kierr\u00e4tyskeskus (kierratyskeskus.fi)<\/a><\/p>\n<p>[\/et_pb_text][\/et_pb_column][\/et_pb_row][et_pb_row _builder_version=&#8221;4.24.3&#8243; _module_preset=&#8221;default&#8221; global_colors_info=&#8221;{}&#8221;][et_pb_column type=&#8221;4_4&#8243; _builder_version=&#8221;4.24.3&#8243; _module_preset=&#8221;default&#8221; global_colors_info=&#8221;{}&#8221;][et_pb_heading title=&#8221;Ty\u00f6kaluja vastuullisuusty\u00f6h\u00f6n&#8221; _builder_version=&#8221;4.24.3&#8243; _module_preset=&#8221;default&#8221; global_colors_info=&#8221;{}&#8221;][\/et_pb_heading][\/et_pb_column][\/et_pb_row][et_pb_row column_structure=&#8221;1_3,1_3,1_3&#8243; _builder_version=&#8221;4.24.3&#8243; _module_preset=&#8221;default&#8221; global_colors_info=&#8221;{}&#8221;][et_pb_column type=&#8221;1_3&#8243; _builder_version=&#8221;4.24.3&#8243; _module_preset=&#8221;default&#8221; global_colors_info=&#8221;{}&#8221;][et_pb_image src=&#8221;https:\/\/blogi.eoppimispalvelut.fi\/kestavaliiketoiminta\/files\/2024\/06\/Ikoni-Verkkosivu.png&#8221; title_text=&#8221;Ikoni-Verkkosivu&#8221; _builder_version=&#8221;4.24.3&#8243; _module_preset=&#8221;default&#8221; width=&#8221;90%&#8221; global_colors_info=&#8221;{}&#8221;][\/et_pb_image][\/et_pb_column][et_pb_column type=&#8221;1_3&#8243; _builder_version=&#8221;4.24.3&#8243; _module_preset=&#8221;default&#8221; global_colors_info=&#8221;{}&#8221;][et_pb_image src=&#8221;https:\/\/blogi.eoppimispalvelut.fi\/kestavaliiketoiminta\/files\/2024\/06\/Ikoni-Ihminen.png&#8221; title_text=&#8221;Ikoni-Ihminen&#8221; _builder_version=&#8221;4.24.3&#8243; _module_preset=&#8221;default&#8221; width=&#8221;90%&#8221; global_colors_info=&#8221;{}&#8221;][\/et_pb_image][\/et_pb_column][et_pb_column type=&#8221;1_3&#8243; _builder_version=&#8221;4.24.3&#8243; _module_preset=&#8221;default&#8221; global_colors_info=&#8221;{}&#8221;][et_pb_image src=&#8221;https:\/\/blogi.eoppimispalvelut.fi\/kestavaliiketoiminta\/files\/2024\/06\/Ikoni-Lehti.png&#8221; title_text=&#8221;Ikoni-Lehti&#8221; _builder_version=&#8221;4.24.3&#8243; _module_preset=&#8221;default&#8221; width=&#8221;90%&#8221; global_colors_info=&#8221;{}&#8221;][\/et_pb_image][\/et_pb_column][\/et_pb_row][et_pb_row column_structure=&#8221;1_3,1_3,1_3&#8243; _builder_version=&#8221;4.24.3&#8243; _module_preset=&#8221;default&#8221; global_colors_info=&#8221;{}&#8221;][et_pb_column type=&#8221;1_3&#8243; _builder_version=&#8221;4.24.3&#8243; _module_preset=&#8221;default&#8221; global_colors_info=&#8221;{}&#8221;][et_pb_text _builder_version=&#8221;4.24.3&#8243; _module_preset=&#8221;default&#8221; global_colors_info=&#8221;{}&#8221;]<\/p>\n<p><strong>Yrityksen ilmastoty\u00f6n askeleet<\/strong> &#8211; ty\u00f6kirja auttaa yrityksen alkuun ilmastoty\u00f6ss\u00e4. Ty\u00f6kirjan kysymykset auttavat oman toiminnan tarkastelun k\u00e4ynnist\u00e4misess\u00e4 ja askeleiden m\u00e4\u00e4r\u00e4tt\u00e4misess\u00e4 kohti hiilineutraalia ja kest\u00e4v\u00e4\u00e4 liiketoimintaa.\u00a0<\/p>\n<p><!-- \/divi:paragraph --> <!-- divi:paragraph --><\/p>\n<p><a href=\"https:\/\/valonia.fi\/materiaali\/yrityksen-ilmastotyon-askeleet-tyokirja-pk-yrityksen-ilmastotyon-kaynnistamiseen\/\">Yrityksen ilmastoty\u00f6n askeleet &#8211; ty\u00f6kirja pk-yrityksen ilmastoty\u00f6n k\u00e4ynnist\u00e4miseen \u2013 Valonia %<\/a><\/p>\n<p>[\/et_pb_text][\/et_pb_column][et_pb_column type=&#8221;1_3&#8243; _builder_version=&#8221;4.24.3&#8243; _module_preset=&#8221;default&#8221; global_colors_info=&#8221;{}&#8221;][et_pb_text _builder_version=&#8221;4.24.3&#8243; _module_preset=&#8221;default&#8221; global_colors_info=&#8221;{}&#8221;]<\/p>\n<p><strong>Yritysvastuun itsearviointi<\/strong><span>\u00a0<\/span>on s\u00e4hk\u00f6inen ty\u00f6kalu yrityksesi vastuullisen liiketoiminnan edelleenkehitt\u00e4miseen. Lis\u00e4ksi ty\u00f6kalu tarjoaa k\u00e4yt\u00e4nn\u00f6n vinkkej\u00e4 yritysvastuun johtamiseen.<\/p>\n<p><a href=\"https:\/\/www.vastuullisuusarviointi.fi\/\">Yritysvastuun itsearviointi \u2013 vastuullisuusarviointi.fi<\/a><\/p>\n<p>[\/et_pb_text][\/et_pb_column][et_pb_column type=&#8221;1_3&#8243; _builder_version=&#8221;4.24.3&#8243; _module_preset=&#8221;default&#8221; global_colors_info=&#8221;{}&#8221;][et_pb_text _builder_version=&#8221;4.24.3&#8243; _module_preset=&#8221;default&#8221; global_colors_info=&#8221;{}&#8221;]<\/p>\n<p>Yritysneuvojille suunnattuun<span>\u00a0<\/span><strong>vihre\u00e4n siirtym\u00e4n oppaaseen<\/strong><span>\u00a0<\/span>on koottu vinkkej\u00e4 ja askelmerkkej\u00e4, joiden avulla yritysneuvoja voi tukea yrityksen kilpailukyky\u00e4 sek\u00e4 siirtym\u00e4\u00e4 kohti ymp\u00e4rist\u00f6yst\u00e4v\u00e4llisemp\u00e4\u00e4 liiketoimintaa.<\/p>\n<p><a href=\"https:\/\/www.theseus.fi\/bitstream\/handle\/10024\/755274\/D_4_2022_Yritysten_vihrea_siirtyma_-_opas_yritysneuvojille.pdf?sequence=1&amp;isAllowed=y\">Yritysten vihre\u00e4 siirtym\u00e4 (theseus.fi)<\/a><\/p>\n<p>[\/et_pb_text][\/et_pb_column][\/et_pb_row][\/et_pb_section]<\/p>\n","protected":false},"excerpt":{"rendered":"<p>Euroopan tilinp\u00e4\u00e4t\u00f6sraportoinnin neuvoa-antava ryhm\u00e4 EFRAG (European Financial Reporting Advisory Group)\u00a0tuottaa tietoa kest\u00e4vyysraportoinnin standardeista. Home &#8211; EFRAGVSME vapaahtoinen kest\u00e4vyysraportoinnin standardi mikro- ja pk-yrityksille. VSME Standard.pdfEfragin julkaisema ohje kaksoisolennaisuuden analyysin toteuttamisesta. Double Materiality Guidelines (efrag.org) Y-HIILARI on Suomen ymp\u00e4rist\u00f6keskuksen (Syke) kehitt\u00e4m\u00e4 ty\u00f6kalu yrityksen hiilijalanj\u00e4ljen laskentaan. Ty\u00f6kalu sis\u00e4lt\u00e4\u00e4 laskurin ja ohjeen. Ty\u00f6kalun k\u00e4ytt\u00f6 on maksutonta. Y-Hiilari &#8211; syke.fi [&hellip;]<\/p>\n","protected":false},"author":46936,"featured_media":0,"parent":0,"menu_order":0,"comment_status":"closed","ping_status":"closed","template":"","meta":{"_et_pb_use_builder":"on","_et_pb_old_content":"<!-- wp:spacer {\"height\":\"85px\"} -->\n<div style=\"height:85px\" aria-hidden=\"true\" class=\"wp-block-spacer\"><\/div>\n<!-- \/wp:spacer -->\n\n<!-- wp:heading -->\n<h2 class=\"wp-block-heading\">Tietoa kest\u00e4vyysraportointidirektiivist\u00e4<\/h2>\n<!-- \/wp:heading -->\n\n<!-- wp:columns -->\n<div class=\"wp-block-columns\"><!-- wp:column -->\n<div class=\"wp-block-column\"><!-- wp:image {\"id\":220,\"sizeSlug\":\"thumbnail\",\"linkDestination\":\"none\"} -->\n<figure class=\"wp-block-image size-thumbnail\"><img src=\"https:\/\/blogi.eoppimispalvelut.fi\/kestavaliiketoiminta\/files\/2024\/06\/Ikoni-Verkkosivu-150x150.png\" alt=\"\" class=\"wp-image-220\" \/><\/figure>\n<!-- \/wp:image --><\/div>\n<!-- \/wp:column -->\n\n<!-- wp:column -->\n<div class=\"wp-block-column\"><!-- wp:image {\"id\":221,\"sizeSlug\":\"thumbnail\",\"linkDestination\":\"none\"} -->\n<figure class=\"wp-block-image size-thumbnail\"><img src=\"https:\/\/blogi.eoppimispalvelut.fi\/kestavaliiketoiminta\/files\/2024\/06\/Ikoni-Asiakirja--150x150.png\" alt=\"\" class=\"wp-image-221\" \/><\/figure>\n<!-- \/wp:image --><\/div>\n<!-- \/wp:column -->\n\n<!-- wp:column -->\n<div class=\"wp-block-column\"><!-- wp:image {\"id\":224,\"sizeSlug\":\"thumbnail\",\"linkDestination\":\"none\"} -->\n<figure class=\"wp-block-image size-thumbnail\"><img src=\"https:\/\/blogi.eoppimispalvelut.fi\/kestavaliiketoiminta\/files\/2024\/06\/Ikoni-Liite-150x150.png\" alt=\"\" class=\"wp-image-224\" \/><\/figure>\n<!-- \/wp:image --><\/div>\n<!-- \/wp:column --><\/div>\n<!-- \/wp:columns -->\n\n<!-- wp:columns -->\n<div class=\"wp-block-columns\"><!-- wp:column -->\n<div class=\"wp-block-column\"><!-- wp:paragraph -->\n<p>Euroopan tilinp\u00e4\u00e4t\u00f6sraportoinnin neuvoa-antava ryhm\u00e4 EFRAG (European Financial Reporting Advisory Group)\u00a0tuottaa tietoa kest\u00e4vyysraportoinnin standardeista. <\/p>\n<!-- \/wp:paragraph -->\n\n<!-- wp:paragraph -->\n<p><a href=\"https:\/\/www.efrag.org\/\">Home - EFRAG<\/a><\/p>\n<!-- \/wp:paragraph --><\/div>\n<!-- \/wp:column -->\n\n<!-- wp:column -->\n<div class=\"wp-block-column\"><!-- wp:paragraph -->\n<p>Luonnos vapaahtoisen raportoinnin standardin (VSRS) sis\u00e4ll\u00f6ist\u00e4. <\/p>\n<!-- \/wp:paragraph -->\n\n<!-- wp:paragraph -->\n<p><a href=\"https:\/\/www.efrag.org\/Assets\/Download?assetUrl=%2Fsites%2Fwebpublishing%2FSiteAssets%2FVSME%2520ED%2520January%25202024.pdf\">Download (efrag.org)<\/a><\/p>\n<!-- \/wp:paragraph --><\/div>\n<!-- \/wp:column -->\n\n<!-- wp:column -->\n<div class=\"wp-block-column\"><!-- wp:paragraph -->\n<p>Efragin julkaisema ohje kaksoisolennaisuuden analyysin toteuttamisesta. <\/p>\n<!-- \/wp:paragraph -->\n\n<!-- wp:paragraph -->\n<p><a href=\"https:\/\/www.efrag.org\/Assets\/Download?assetUrl=\/sites\/webpublishing\/SiteAssets\/Appendix%202.6%20-%20WP%20on%20draft%20ESRG%201.pdf\">Double Materiality Guidelines (efrag.org)<\/a><\/p>\n<!-- \/wp:paragraph --><\/div>\n<!-- \/wp:column --><\/div>\n<!-- \/wp:columns -->\n\n<!-- wp:spacer {\"height\":\"41px\"} -->\n<div style=\"height:41px\" aria-hidden=\"true\" class=\"wp-block-spacer\"><\/div>\n<!-- \/wp:spacer -->\n\n<!-- wp:heading -->\n<h2 class=\"wp-block-heading\">Tukea hiilijalanj\u00e4ljenlaskentaan<\/h2>\n<!-- \/wp:heading -->\n\n<!-- wp:columns -->\n<div class=\"wp-block-columns\"><!-- wp:column -->\n<div class=\"wp-block-column\"><!-- wp:image {\"id\":228,\"sizeSlug\":\"thumbnail\",\"linkDestination\":\"none\"} -->\n<figure class=\"wp-block-image size-thumbnail\"><img src=\"https:\/\/blogi.eoppimispalvelut.fi\/kestavaliiketoiminta\/files\/2024\/06\/Ikoni-Lehti-150x150.png\" alt=\"\" class=\"wp-image-228\" \/><\/figure>\n<!-- \/wp:image --><\/div>\n<!-- \/wp:column -->\n\n<!-- wp:column -->\n<div class=\"wp-block-column\"><!-- wp:image {\"id\":231,\"sizeSlug\":\"thumbnail\",\"linkDestination\":\"none\"} -->\n<figure class=\"wp-block-image size-thumbnail\"><img src=\"https:\/\/blogi.eoppimispalvelut.fi\/kestavaliiketoiminta\/files\/2024\/06\/Ikoni-Idea-150x150.png\" alt=\"\" class=\"wp-image-231\" \/><\/figure>\n<!-- \/wp:image --><\/div>\n<!-- \/wp:column -->\n\n<!-- wp:column -->\n<div class=\"wp-block-column\"><!-- wp:image {\"id\":221,\"sizeSlug\":\"thumbnail\",\"linkDestination\":\"none\"} -->\n<figure class=\"wp-block-image size-thumbnail\"><img src=\"https:\/\/blogi.eoppimispalvelut.fi\/kestavaliiketoiminta\/files\/2024\/06\/Ikoni-Asiakirja--150x150.png\" alt=\"\" class=\"wp-image-221\" \/><\/figure>\n<!-- \/wp:image --><\/div>\n<!-- \/wp:column --><\/div>\n<!-- \/wp:columns -->\n\n<!-- wp:columns -->\n<div class=\"wp-block-columns\"><!-- wp:column -->\n<div class=\"wp-block-column\"><!-- wp:paragraph -->\n<p><strong>Y-HIILARI <\/strong>on Suomen ymp\u00e4rist\u00f6keskuksen (Syke) kehitt\u00e4m\u00e4 ty\u00f6kalu yrityksen hiilijalanj\u00e4ljen laskentaan. Ty\u00f6kalu sis\u00e4lt\u00e4\u00e4 laskurin ja ohjeen. Ty\u00f6kalun k\u00e4ytt\u00f6 on maksutonta.<\/p>\n<!-- \/wp:paragraph -->\n\n<!-- wp:paragraph -->\n<p><a href=\"https:\/\/www.syke.fi\/fi-FI\/Tutkimus__kehittaminen\/Kiertotalous\/Laskurit\/YHiilari\">Y-Hiilari - syke.fi<\/a><\/p>\n<!-- \/wp:paragraph --><\/div>\n<!-- \/wp:column -->\n\n<!-- wp:column -->\n<div class=\"wp-block-column\"><!-- wp:paragraph -->\n<p>\u00a0Matkailualan maksuttomalla hiilijalanj\u00e4lkilaskurilla <strong>Hiilikurilla<\/strong> voit laskea yrityksesi hiilijalanj\u00e4ljen ja kartoittaa suurimmat p\u00e4\u00e4st\u00f6l\u00e4hteet. <\/p>\n<!-- \/wp:paragraph -->\n\n<!-- wp:paragraph -->\n<p><a href=\"https:\/\/www.visitfinland.fi\/liiketoiminnan-kehittaminen\/vastuullinen-matkailu\/matkailualan-hiilijalanjalkilaskuri-hiilikuri\">Matkailualan hiilijalanj\u00e4lkilaskuri Hiilikuri - Visit Finland<\/a><\/p>\n<!-- \/wp:paragraph --><\/div>\n<!-- \/wp:column -->\n\n<!-- wp:column -->\n<div class=\"wp-block-column\"><!-- wp:paragraph -->\n<p>Kierr\u00e4tyskeskuksen laatima <strong>Hiilijalanj\u00e4lkilaskennan perusteet -opas<\/strong> on tehty yrityksille, jotka haluavat selvitt\u00e4\u00e4 hiilijalanj\u00e4lkens\u00e4. Opas sopii my\u00f6s hiilijalanj\u00e4lkilaskennasta kiinnostuneille perusperiaatteiden haltuunottoon.\u00a0<\/p>\n<!-- \/wp:paragraph -->\n\n<!-- wp:paragraph -->\n<p><a href=\"https:\/\/kierratyskeskus.fi\/yrityspalvelut\/lataa-opas-hjj-perusteet\/\">Lataa opas: Hiilijalanj\u00e4lkilaskennan perusteet - Kierr\u00e4tyskeskus (kierratyskeskus.fi)<\/a><\/p>\n<!-- \/wp:paragraph --><\/div>\n<!-- \/wp:column --><\/div>\n<!-- \/wp:columns -->\n\n<!-- wp:spacer {\"height\":\"56px\"} -->\n<div style=\"height:56px\" aria-hidden=\"true\" class=\"wp-block-spacer\"><\/div>\n<!-- \/wp:spacer -->\n\n<!-- wp:heading -->\n<h2 class=\"wp-block-heading\">Ty\u00f6kaluja vastuullisuusty\u00f6h\u00f6n<\/h2>\n<!-- \/wp:heading -->\n\n<!-- wp:columns -->\n<div class=\"wp-block-columns\"><!-- wp:column -->\n<div class=\"wp-block-column\"><!-- wp:image {\"id\":220,\"sizeSlug\":\"thumbnail\",\"linkDestination\":\"none\"} -->\n<figure class=\"wp-block-image size-thumbnail\"><img src=\"https:\/\/blogi.eoppimispalvelut.fi\/kestavaliiketoiminta\/files\/2024\/06\/Ikoni-Verkkosivu-150x150.png\" alt=\"\" class=\"wp-image-220\" \/><\/figure>\n<!-- \/wp:image --><\/div>\n<!-- \/wp:column -->\n\n<!-- wp:column -->\n<div class=\"wp-block-column\"><!-- wp:image {\"id\":237,\"sizeSlug\":\"thumbnail\",\"linkDestination\":\"none\"} -->\n<figure class=\"wp-block-image size-thumbnail\"><img src=\"https:\/\/blogi.eoppimispalvelut.fi\/kestavaliiketoiminta\/files\/2024\/06\/Ikoni-Ihminen-150x150.png\" alt=\"\" class=\"wp-image-237\" \/><\/figure>\n<!-- \/wp:image --><\/div>\n<!-- \/wp:column -->\n\n<!-- wp:column -->\n<div class=\"wp-block-column\"><!-- wp:image {\"id\":228,\"sizeSlug\":\"thumbnail\",\"linkDestination\":\"none\"} -->\n<figure class=\"wp-block-image size-thumbnail\"><img src=\"https:\/\/blogi.eoppimispalvelut.fi\/kestavaliiketoiminta\/files\/2024\/06\/Ikoni-Lehti-150x150.png\" alt=\"\" class=\"wp-image-228\" \/><\/figure>\n<!-- \/wp:image --><\/div>\n<!-- \/wp:column --><\/div>\n<!-- \/wp:columns -->\n\n<!-- wp:columns -->\n<div class=\"wp-block-columns\"><!-- wp:column -->\n<div class=\"wp-block-column\"><!-- wp:paragraph -->\n<p><strong>Yrityksen ilmastoty\u00f6n askeleet<\/strong> - ty\u00f6kirja auttaa yrityksen alkuun ilmastoty\u00f6ss\u00e4. Ty\u00f6kirjan kysymykset auttavat oman toiminnan tarkastelun k\u00e4ynnist\u00e4misess\u00e4  ja askeleiden m\u00e4\u00e4r\u00e4tt\u00e4misess\u00e4 kohti hiilineutraalia ja kest\u00e4v\u00e4\u00e4 liiketoimintaa.\u00a0<\/p>\n<!-- \/wp:paragraph -->\n\n<!-- wp:paragraph -->\n<p><a href=\"https:\/\/valonia.fi\/materiaali\/yrityksen-ilmastotyon-askeleet-tyokirja-pk-yrityksen-ilmastotyon-kaynnistamiseen\/\">Yrityksen ilmastoty\u00f6n askeleet - ty\u00f6kirja pk-yrityksen ilmastoty\u00f6n k\u00e4ynnist\u00e4miseen \u2013 Valonia %<\/a><\/p>\n<!-- \/wp:paragraph --><\/div>\n<!-- \/wp:column -->\n\n<!-- wp:column -->\n<div class=\"wp-block-column\"><!-- wp:paragraph -->\n<p><strong>Yritysvastuun itsearviointi<\/strong> on s\u00e4hk\u00f6inen ty\u00f6kalu yrityksesi vastuullisen liiketoiminnan edelleenkehitt\u00e4miseen. Lis\u00e4ksi ty\u00f6kalu tarjoaa k\u00e4yt\u00e4nn\u00f6n vinkkej\u00e4 yritysvastuun johtamiseen.<\/p>\n<!-- \/wp:paragraph -->\n\n<!-- wp:paragraph -->\n<p><a href=\"https:\/\/www.vastuullisuusarviointi.fi\/\">Yritysvastuun itsearviointi - vastuullisuusarviointi.fi<\/a><\/p>\n<!-- \/wp:paragraph --><\/div>\n<!-- \/wp:column -->\n\n<!-- wp:column -->\n<div class=\"wp-block-column\"><!-- wp:paragraph -->\n<p>Yritysneuvojille suunnattuun <strong>vihre\u00e4n siirtym\u00e4n oppaaseen<\/strong> on koottu vinkkej\u00e4 ja askelmerkkej\u00e4, joiden avulla yritysneuvoja voi tukea yrityksen kilpailukyky\u00e4 sek\u00e4 siirtym\u00e4\u00e4 kohti ymp\u00e4rist\u00f6yst\u00e4v\u00e4llisemp\u00e4\u00e4 liiketoimintaa.<\/p>\n<!-- \/wp:paragraph -->\n\n<!-- wp:paragraph -->\n<p><a href=\"https:\/\/www.theseus.fi\/bitstream\/handle\/10024\/755274\/D_4_2022_Yritysten_vihrea_siirtyma_-_opas_yritysneuvojille.pdf?sequence=1&amp;isAllowed=y\">Yritysten vihre\u00e4 siirtym\u00e4 (theseus.fi)<\/a><\/p>\n<!-- \/wp:paragraph --><\/div>\n<!-- \/wp:column --><\/div>\n<!-- \/wp:columns -->","_et_gb_content_width":"","footnotes":""},"class_list":["post-48","page","type-page","status-publish","hentry"],"_links":{"self":[{"href":"https:\/\/blogi.eoppimispalvelut.fi\/kestavaliiketoiminta\/wp-json\/wp\/v2\/pages\/48","targetHints":{"allow":["GET"]}}],"collection":[{"href":"https:\/\/blogi.eoppimispalvelut.fi\/kestavaliiketoiminta\/wp-json\/wp\/v2\/pages"}],"about":[{"href":"https:\/\/blogi.eoppimispalvelut.fi\/kestavaliiketoiminta\/wp-json\/wp\/v2\/types\/page"}],"author":[{"embeddable":true,"href":"https:\/\/blogi.eoppimispalvelut.fi\/kestavaliiketoiminta\/wp-json\/wp\/v2\/users\/46936"}],"replies":[{"embeddable":true,"href":"https:\/\/blogi.eoppimispalvelut.fi\/kestavaliiketoiminta\/wp-json\/wp\/v2\/comments?post=48"}],"version-history":[{"count":25,"href":"https:\/\/blogi.eoppimispalvelut.fi\/kestavaliiketoiminta\/wp-json\/wp\/v2\/pages\/48\/revisions"}],"predecessor-version":[{"id":640,"href":"https:\/\/blogi.eoppimispalvelut.fi\/kestavaliiketoiminta\/wp-json\/wp\/v2\/pages\/48\/revisions\/640"}],"wp:attachment":[{"href":"https:\/\/blogi.eoppimispalvelut.fi\/kestavaliiketoiminta\/wp-json\/wp\/v2\/media?parent=48"}],"curies":[{"name":"wp","href":"https:\/\/api.w.org\/{rel}","templated":true}]}}