{"id":51,"date":"2024-06-04T10:07:39","date_gmt":"2024-06-04T07:07:39","guid":{"rendered":"https:\/\/blogi.eoppimispalvelut.fi\/kestavaliiketoiminta\/?page_id=51"},"modified":"2024-11-17T21:46:44","modified_gmt":"2024-11-17T19:46:44","slug":"yhteystiedot","status":"publish","type":"page","link":"https:\/\/blogi.eoppimispalvelut.fi\/kestavaliiketoiminta\/yhteystiedot\/","title":{"rendered":"Yhteystiedot"},"content":{"rendered":"<p>[et_pb_section fb_built=&#8221;1&#8243; _builder_version=&#8221;4.16&#8243; global_colors_info=&#8221;{}&#8221;][et_pb_row column_structure=&#8221;1_2,1_2&#8243; _builder_version=&#8221;4.24.3&#8243; _module_preset=&#8221;default&#8221; global_colors_info=&#8221;{}&#8221;][et_pb_column type=&#8221;1_2&#8243; _builder_version=&#8221;4.24.3&#8243; _module_preset=&#8221;default&#8221; global_colors_info=&#8221;{}&#8221;][et_pb_text _builder_version=&#8221;4.24.3&#8243; _module_preset=&#8221;default&#8221; global_colors_info=&#8221;{}&#8221;]<\/p>\n<h5>Projektip\u00e4\u00e4llikk\u00f6<\/h5>\n<h5><!-- \/divi:paragraph --> <!-- divi:paragraph --><strong>Paula Heikkil\u00e4<\/strong><\/h5>\n<h5><a href=\"mailto:paula.heikkila@lapinamk.fi\">paula.heikkila@lapinamk.fi<\/a><\/h5>\n<h5>040 354 0875<\/h5>\n<p>[\/et_pb_text][\/et_pb_column][et_pb_column type=&#8221;1_2&#8243; _builder_version=&#8221;4.24.3&#8243; _module_preset=&#8221;default&#8221; global_colors_info=&#8221;{}&#8221;][et_pb_text _builder_version=&#8221;4.24.3&#8243; _module_preset=&#8221;default&#8221; global_colors_info=&#8221;{}&#8221;]<\/p>\n<h5>Asiantuntija<\/h5>\n<h5><strong>Nelly Korteniemi<\/strong><\/h5>\n<h5><!-- divi:paragraph --><a href=\"mailto:nelly.korteniemi@lapinamk.fi\">nelly.korteniemi@lapinamk.fi<\/a><\/h5>\n<h5>040 500 3240<\/h5>\n<p>&nbsp;<\/p>\n<p>[\/et_pb_text][\/et_pb_column][\/et_pb_row][et_pb_row column_structure=&#8221;1_2,1_2&#8243; _builder_version=&#8221;4.24.3&#8243; _module_preset=&#8221;default&#8221; global_colors_info=&#8221;{}&#8221;][et_pb_column type=&#8221;1_2&#8243; _builder_version=&#8221;4.24.3&#8243; _module_preset=&#8221;default&#8221; global_colors_info=&#8221;{}&#8221;][et_pb_text _builder_version=&#8221;4.27.2&#8243; _module_preset=&#8221;default&#8221; hover_enabled=&#8221;0&#8243; global_colors_info=&#8221;{}&#8221; sticky_enabled=&#8221;0&#8243;]<\/p>\n<h5>Asiantuntija<\/h5>\n<h5><strong>Elisa Maljam\u00e4ki<\/strong><\/h5>\n<h5><!-- \/divi:paragraph --> <!-- divi:paragraph --><a href=\"mailto:elisa.maljamaki@lapinamk.fi\">elisa.maljamaki@lapinamk.fi<\/a><\/h5>\n<h5><!-- \/divi:paragraph --> <!-- divi:paragraph -->040 710 6426<\/h5>\n<p>[\/et_pb_text][\/et_pb_column][et_pb_column type=&#8221;1_2&#8243; _builder_version=&#8221;4.24.3&#8243; _module_preset=&#8221;default&#8221; global_colors_info=&#8221;{}&#8221;][et_pb_text _builder_version=&#8221;4.24.3&#8243; _module_preset=&#8221;default&#8221; global_colors_info=&#8221;{}&#8221;]<\/p>\n<h5>Asiantuntija<\/h5>\n<h5><strong>Anne Tolvanen<\/strong><\/h5>\n<h5><!-- \/divi:paragraph --> <!-- divi:paragraph --><a href=\"mailto:Anne.Tolvanen@lapinamk.fi\">anne.tolvanen@lapinamk.fi<\/a><\/h5>\n<h5><!-- \/divi:paragraph --> <!-- divi:paragraph -->044 478 0222<\/h5>\n<p>[\/et_pb_text][\/et_pb_column][\/et_pb_row][et_pb_row _builder_version=&#8221;4.24.3&#8243; _module_preset=&#8221;default&#8221; global_colors_info=&#8221;{}&#8221;][et_pb_column type=&#8221;4_4&#8243; _builder_version=&#8221;4.24.3&#8243; _module_preset=&#8221;default&#8221; global_colors_info=&#8221;{}&#8221;][et_pb_social_media_follow use_icon_font_size=&#8221;on&#8221; icon_font_size=&#8221;28px&#8221; _builder_version=&#8221;4.24.3&#8243; _module_preset=&#8221;default&#8221; max_width=&#8221;100%&#8221; height=&#8221;1000px&#8221; custom_margin=&#8221;||-852px|||&#8221; custom_padding=&#8221;47px|||||&#8221; global_colors_info=&#8221;{}&#8221;][et_pb_social_media_follow_network social_network=&#8221;linkedin&#8221; url=&#8221;https:\/\/www.linkedin.com\/showcase\/102425405\/admin\/feed\/posts\/&#8221; _builder_version=&#8221;4.24.3&#8243; _module_preset=&#8221;default&#8221; background_color=&#8221;#007bb6&#8243; global_colors_info=&#8221;{}&#8221; follow_button=&#8221;off&#8221; url_new_window=&#8221;on&#8221;]linkedin[\/et_pb_social_media_follow_network][\/et_pb_social_media_follow][\/et_pb_column][\/et_pb_row][\/et_pb_section]<\/p>\n","protected":false},"excerpt":{"rendered":"<p>Projektip\u00e4\u00e4llikk\u00f6 Paula Heikkil\u00e4 paula.heikkila@lapinamk.fi 040 354 0875Asiantuntija Nelly Korteniemi nelly.korteniemi@lapinamk.fi 040 500 3240 &nbsp;Asiantuntija Elisa Maljam\u00e4ki elisa.maljamaki@lapinamk.fi 040 710 6426Asiantuntija Anne Tolvanen anne.tolvanen@lapinamk.fi 044 478 0222<\/p>\n","protected":false},"author":46936,"featured_media":0,"parent":0,"menu_order":0,"comment_status":"closed","ping_status":"closed","template":"","meta":{"_et_pb_use_builder":"on","_et_pb_old_content":"<!-- wp:paragraph -->\n<p><\/p>\n<!-- \/wp:paragraph -->\n\n<!-- wp:columns {\"style\":{\"spacing\":{\"blockGap\":{\"left\":\"0\"}}}} -->\n<div class=\"wp-block-columns\"><!-- wp:column {\"style\":{\"spacing\":{\"blockGap\":\"var:preset|spacing|20\"}}} -->\n<div class=\"wp-block-column\"><!-- wp:paragraph -->\n<p>Projektip\u00e4\u00e4llikk\u00f6<\/p>\n<!-- \/wp:paragraph -->\n\n<!-- wp:paragraph -->\n<p>Paula Heikkil\u00e4<\/p>\n<!-- \/wp:paragraph -->\n\n<!-- wp:paragraph -->\n<p><a href=\"mailto:paula.heikkila@lapinamk.fi\">paula.heikkila@lapinamk.fi<\/a><\/p>\n<!-- \/wp:paragraph -->\n\n<!-- wp:paragraph -->\n<p>040 354 0873<\/p>\n<!-- \/wp:paragraph --><\/div>\n<!-- \/wp:column -->\n\n<!-- wp:column {\"style\":{\"spacing\":{\"blockGap\":\"var:preset|spacing|20\"}}} -->\n<div class=\"wp-block-column\"><!-- wp:paragraph -->\n<p>Asiantuntija<\/p>\n<!-- \/wp:paragraph -->\n\n<!-- wp:paragraph -->\n<p>Nelly Korteniemi<\/p>\n<!-- \/wp:paragraph -->\n\n<!-- wp:paragraph -->\n<p><a href=\"mailto:nelly.korteniemi@lapinamk.fi\">nelly.korteniemi@lapinamk.fi<\/a><\/p>\n<!-- \/wp:paragraph -->\n\n<!-- wp:paragraph -->\n<p>040 500 3240<\/p>\n<!-- \/wp:paragraph --><\/div>\n<!-- \/wp:column --><\/div>\n<!-- \/wp:columns -->\n\n<!-- wp:columns -->\n<div class=\"wp-block-columns\"><!-- wp:column {\"style\":{\"spacing\":{\"blockGap\":\"var:preset|spacing|20\"}}} -->\n<div class=\"wp-block-column\"><!-- wp:paragraph -->\n<p>Asiantuntija<\/p>\n<!-- \/wp:paragraph -->\n\n<!-- wp:paragraph -->\n<p>Sini Turpeenniemi<\/p>\n<!-- \/wp:paragraph -->\n\n<!-- wp:paragraph -->\n<p><a href=\"mailto:sini.turpeenniemi@lapinamk.fi\">sini.turpeenniemi@lapinamk.fi<\/a><\/p>\n<!-- \/wp:paragraph -->\n\n<!-- wp:paragraph -->\n<p>040 673 9348<\/p>\n<!-- \/wp:paragraph --><\/div>\n<!-- \/wp:column -->\n\n<!-- wp:column {\"style\":{\"spacing\":{\"blockGap\":\"var:preset|spacing|20\"}}} -->\n<div class=\"wp-block-column\"><!-- wp:paragraph -->\n<p>Asiantuntija<\/p>\n<!-- \/wp:paragraph -->\n\n<!-- wp:paragraph -->\n<p>Anne Tolvanen<\/p>\n<!-- \/wp:paragraph -->\n\n<!-- wp:paragraph -->\n<p><a href=\"mailto:Anne.Tolvanen@lapinamk.fi\">anne.tolvanen@lapinamk.fi<\/a><\/p>\n<!-- \/wp:paragraph -->\n\n<!-- wp:paragraph -->\n<p>044 478 0222<\/p>\n<!-- \/wp:paragraph --><\/div>\n<!-- \/wp:column --><\/div>\n<!-- \/wp:columns -->\n\n<!-- wp:buttons {\"layout\":{\"type\":\"flex\",\"justifyContent\":\"left\"},\"style\":{\"spacing\":{\"margin\":{\"top\":\"0\",\"bottom\":\"0\"},\"blockGap\":\"0\"}},\"fontSize\":\"normal\"} -->\n<div class=\"wp-block-buttons has-custom-font-size has-normal-font-size\" style=\"margin-top:0;margin-bottom:0\"><!-- wp:button {\"width\":25,\"style\":{\"color\":{\"background\":\"#d3e871\",\"text\":\"#2e2e2e\"},\"elements\":{\"link\":{\"color\":{\"text\":\"#2e2e2e\"}}},\"border\":{\"radius\":\"11px\"}}} -->\n<div class=\"wp-block-button has-custom-width wp-block-button__width-25\"><a class=\"wp-block-button__link has-text-color has-background has-link-color wp-element-button\" href=\"https:\/\/www.linkedin.com\/showcase\/102425405\/admin\/feed\/posts\/\" style=\"border-radius:11px;color:#2e2e2e;background-color:#d3e871\">Seuraa hankettamme LinkedIniss\u00e4!<\/a><\/div>\n<!-- \/wp:button --><\/div>\n<!-- \/wp:buttons -->","_et_gb_content_width":"","footnotes":""},"class_list":["post-51","page","type-page","status-publish","hentry"],"_links":{"self":[{"href":"https:\/\/blogi.eoppimispalvelut.fi\/kestavaliiketoiminta\/wp-json\/wp\/v2\/pages\/51","targetHints":{"allow":["GET"]}}],"collection":[{"href":"https:\/\/blogi.eoppimispalvelut.fi\/kestavaliiketoiminta\/wp-json\/wp\/v2\/pages"}],"about":[{"href":"https:\/\/blogi.eoppimispalvelut.fi\/kestavaliiketoiminta\/wp-json\/wp\/v2\/types\/page"}],"author":[{"embeddable":true,"href":"https:\/\/blogi.eoppimispalvelut.fi\/kestavaliiketoiminta\/wp-json\/wp\/v2\/users\/46936"}],"replies":[{"embeddable":true,"href":"https:\/\/blogi.eoppimispalvelut.fi\/kestavaliiketoiminta\/wp-json\/wp\/v2\/comments?post=51"}],"version-history":[{"count":16,"href":"https:\/\/blogi.eoppimispalvelut.fi\/kestavaliiketoiminta\/wp-json\/wp\/v2\/pages\/51\/revisions"}],"predecessor-version":[{"id":608,"href":"https:\/\/blogi.eoppimispalvelut.fi\/kestavaliiketoiminta\/wp-json\/wp\/v2\/pages\/51\/revisions\/608"}],"wp:attachment":[{"href":"https:\/\/blogi.eoppimispalvelut.fi\/kestavaliiketoiminta\/wp-json\/wp\/v2\/media?parent=51"}],"curies":[{"name":"wp","href":"https:\/\/api.w.org\/{rel}","templated":true}]}}