{"id":595,"date":"2024-11-18T13:29:39","date_gmt":"2024-11-18T11:29:39","guid":{"rendered":"https:\/\/blogi.eoppimispalvelut.fi\/kestavaliiketoiminta\/?page_id=595"},"modified":"2024-11-18T14:36:13","modified_gmt":"2024-11-18T12:36:13","slug":"pienten-yritysten-kestavyysraportointi-webinaari-11-12-2024","status":"publish","type":"page","link":"https:\/\/blogi.eoppimispalvelut.fi\/kestavaliiketoiminta\/pienten-yritysten-kestavyysraportointi-webinaari-11-12-2024\/","title":{"rendered":"Pienten yritysten kest\u00e4vyysraportointi &#8211; webinaari 11.12.2024"},"content":{"rendered":"<p>[et_pb_section fb_built=&#8221;1&#8243; _builder_version=&#8221;4.24.3&#8243; _module_preset=&#8221;default&#8221; global_colors_info=&#8221;{}&#8221;][et_pb_row column_structure=&#8221;1_2,1_2&#8243; _builder_version=&#8221;4.24.3&#8243; _module_preset=&#8221;default&#8221; global_colors_info=&#8221;{}&#8221;][et_pb_column type=&#8221;1_2&#8243; _builder_version=&#8221;4.24.3&#8243; _module_preset=&#8221;default&#8221; global_colors_info=&#8221;{}&#8221;][et_pb_heading title=&#8221;Pienten yritysten kest\u00e4vyysraportointi &#8211; webinaari 11.12.2024&#8243; _builder_version=&#8221;4.27.2&#8243; _module_preset=&#8221;default&#8221; global_colors_info=&#8221;{}&#8221;][\/et_pb_heading][\/et_pb_column][et_pb_column type=&#8221;1_2&#8243; _builder_version=&#8221;4.24.3&#8243; _module_preset=&#8221;default&#8221; global_colors_info=&#8221;{}&#8221;][\/et_pb_column][\/et_pb_row][et_pb_row column_structure=&#8221;1_2,1_2&#8243; _builder_version=&#8221;4.27.2&#8243; _module_preset=&#8221;default&#8221; global_colors_info=&#8221;{}&#8221;][et_pb_column type=&#8221;1_2&#8243; _builder_version=&#8221;4.24.3&#8243; _module_preset=&#8221;default&#8221; global_colors_info=&#8221;{}&#8221;][et_pb_text _builder_version=&#8221;4.27.2&#8243; _module_preset=&#8221;default&#8221; custom_padding=&#8221;||0px|||&#8221; hover_enabled=&#8221;0&#8243; global_colors_info=&#8221;{}&#8221; sticky_enabled=&#8221;0&#8243;]<\/p>\n<h3>11.12.2024 klo 8.30-9.25 (Zoom)<span data-contrast=\"auto\"><\/span><\/h3>\n<p><span data-contrast=\"auto\"><\/span><\/p>\n<p><span data-contrast=\"auto\">EU:n <\/span>uusi kest\u00e4vyysraportointistandardi CSRD tuo mukanaan laajoja vaatimuksia suuryrityksille kest\u00e4vyyteen liittyvien vaikutusten ja riskien raportoinnista. Vaikka standardi koskee ensisijaisesti suuryrityksi\u00e4, sen vaikutukset ulottuvat my\u00f6s laajalle yhteisty\u00f6verkostoon, jossa yrityksilt\u00e4 tullaan jatkossa vaatimaan tietoja kest\u00e4vyyteen liittyvist\u00e4 toimenpiteist\u00e4 ja tavoitteista.<\/p>\n<p>Pienemmille yrityksille laaditaan parhaillaan vapaaehtoisuuteen perustuva kest\u00e4vyysraportointimallia, joka auttaa niit\u00e4 vastaamaan tietopyynt\u00f6ihin, johtamaan kest\u00e4vyyteen liittyvi\u00e4 toimenpiteit\u00e4 ja hy\u00f6dynt\u00e4m\u00e4\u00e4n niit\u00e4 liiketoiminnan kehitt\u00e4misess\u00e4.<\/p>\n<p>Uunituore VSME &#8211; standardi valmistuu joulukuussa, ja esittelemme sen keskeisimm\u00e4t sis\u00e4ll\u00f6t ja k\u00e4yt\u00e4nn\u00f6n hy\u00f6dyt pienille yrityksille <strong>webinaarissamme keskiviikkona 11.12. klo 8.30\u20139.25.<\/strong><\/p>\n<p><strong><\/strong><\/p>\n<p>&nbsp;<\/p>\n<ul><\/ul>\n<p>&nbsp;<\/p>\n<p>[\/et_pb_text][\/et_pb_column][et_pb_column type=&#8221;1_2&#8243; _builder_version=&#8221;4.24.3&#8243; _module_preset=&#8221;default&#8221; global_colors_info=&#8221;{}&#8221;][et_pb_text _builder_version=&#8221;4.27.2&#8243; _module_preset=&#8221;default&#8221; global_colors_info=&#8221;{}&#8221;]<\/p>\n<p><b><span data-contrast=\"auto\">Kenelle webinaari on tarkoitettu?<\/span><\/b><\/p>\n<p><b><span data-contrast=\"auto\"><\/span><\/b>Webinaari on suunnattu kaikille mikro- ja pk-yrityksille, jotka haluavat valmistautua kest\u00e4vyysraportoinnin vaatimuksiin ja ymm\u00e4rt\u00e4\u00e4, kuinka t\u00e4m\u00e4 vaikuttaa liiketoiminnan eri osa-alueisiin.<\/p>\n<p><b><span data-contrast=\"auto\">Ohjelma:<\/span><\/b><span data-ccp-props=\"{&quot;201341983&quot;:0,&quot;335559739&quot;:160,&quot;335559740&quot;:259}\">\u00a0<\/span><\/p>\n<ul>\n<li data-leveltext=\"\uf0b7\" data-font=\"Symbol\" data-listid=\"1\" data-list-defn-props=\"{&quot;335552541&quot;:1,&quot;335559685&quot;:720,&quot;335559991&quot;:360,&quot;469769226&quot;:&quot;Symbol&quot;,&quot;469769242&quot;:[8226],&quot;469777803&quot;:&quot;left&quot;,&quot;469777804&quot;:&quot;\uf0b7&quot;,&quot;469777815&quot;:&quot;multilevel&quot;}\" data-aria-posinset=\"1\" data-aria-level=\"1\">Vapaaehtoisen raportoinnin standardi VSME:n esittely<\/li>\n<li data-leveltext=\"\uf0b7\" data-font=\"Symbol\" data-listid=\"1\" data-list-defn-props=\"{&quot;335552541&quot;:1,&quot;335559685&quot;:720,&quot;335559991&quot;:360,&quot;469769226&quot;:&quot;Symbol&quot;,&quot;469769242&quot;:[8226],&quot;469777803&quot;:&quot;left&quot;,&quot;469777804&quot;:&quot;\uf0b7&quot;,&quot;469777815&quot;:&quot;multilevel&quot;}\" data-aria-posinset=\"1\" data-aria-level=\"1\">Lapin AMK:n aiheeseen liittyv\u00e4n ty\u00f6pajasarjan esittely ja aikataulut<\/li>\n<\/ul>\n<p><b><span data-contrast=\"auto\">Ilmoittaudu mukaan jo t\u00e4n\u00e4\u00e4n!<\/span><\/b><span data-contrast=\"auto\"> Webinaari on maksuton, mutta vaatii ennakkoilmoittautumisen. Tartu tilaisuuteen ja varmista paikkasi!<\/span><span data-ccp-props=\"{&quot;201341983&quot;:0,&quot;335559739&quot;:160,&quot;335559740&quot;:259}\">\u00a0<\/span><\/p>\n<p><span data-ccp-props=\"{&quot;201341983&quot;:0,&quot;335559739&quot;:160,&quot;335559740&quot;:259}\"><\/span><\/p>\n<p>[\/et_pb_text][et_pb_button button_url=&#8221;https:\/\/link.webropolsurveys.com\/EventParticipation\/EventPublic\/efcbbe7e-4111-475d-957b-f6557f626c6e?displayId=Fin3237392&#8243; button_text=&#8221;Ilmoittautuminen&#8221; _builder_version=&#8221;4.27.2&#8243; _module_preset=&#8221;default&#8221; global_colors_info=&#8221;{}&#8221;][\/et_pb_button][\/et_pb_column][\/et_pb_row][et_pb_row _builder_version=&#8221;4.24.3&#8243; _module_preset=&#8221;default&#8221; global_colors_info=&#8221;{}&#8221;][et_pb_column type=&#8221;4_4&#8243; _builder_version=&#8221;4.24.3&#8243; _module_preset=&#8221;default&#8221; global_colors_info=&#8221;{}&#8221;][et_pb_divider _builder_version=&#8221;4.24.3&#8243; _module_preset=&#8221;default&#8221; global_colors_info=&#8221;{}&#8221;][\/et_pb_divider][\/et_pb_column][\/et_pb_row][\/et_pb_section]<\/p>\n","protected":false},"excerpt":{"rendered":"<p>11.12.2024 klo 8.30-9.25 (Zoom) EU:n uusi kest\u00e4vyysraportointistandardi CSRD tuo mukanaan laajoja vaatimuksia suuryrityksille kest\u00e4vyyteen liittyvien vaikutusten ja riskien raportoinnista. Vaikka standardi koskee ensisijaisesti suuryrityksi\u00e4, sen vaikutukset ulottuvat my\u00f6s laajalle yhteisty\u00f6verkostoon, jossa yrityksilt\u00e4 tullaan jatkossa vaatimaan tietoja kest\u00e4vyyteen liittyvist\u00e4 toimenpiteist\u00e4 ja tavoitteista. Pienemmille yrityksille laaditaan parhaillaan vapaaehtoisuuteen perustuva kest\u00e4vyysraportointimallia, joka auttaa niit\u00e4 vastaamaan tietopyynt\u00f6ihin, johtamaan kest\u00e4vyyteen [&hellip;]<\/p>\n","protected":false},"author":4448,"featured_media":0,"parent":0,"menu_order":0,"comment_status":"closed","ping_status":"closed","template":"","meta":{"_et_pb_use_builder":"on","_et_pb_old_content":"","_et_gb_content_width":"","footnotes":""},"class_list":["post-595","page","type-page","status-publish","hentry"],"_links":{"self":[{"href":"https:\/\/blogi.eoppimispalvelut.fi\/kestavaliiketoiminta\/wp-json\/wp\/v2\/pages\/595","targetHints":{"allow":["GET"]}}],"collection":[{"href":"https:\/\/blogi.eoppimispalvelut.fi\/kestavaliiketoiminta\/wp-json\/wp\/v2\/pages"}],"about":[{"href":"https:\/\/blogi.eoppimispalvelut.fi\/kestavaliiketoiminta\/wp-json\/wp\/v2\/types\/page"}],"author":[{"embeddable":true,"href":"https:\/\/blogi.eoppimispalvelut.fi\/kestavaliiketoiminta\/wp-json\/wp\/v2\/users\/4448"}],"replies":[{"embeddable":true,"href":"https:\/\/blogi.eoppimispalvelut.fi\/kestavaliiketoiminta\/wp-json\/wp\/v2\/comments?post=595"}],"version-history":[{"count":13,"href":"https:\/\/blogi.eoppimispalvelut.fi\/kestavaliiketoiminta\/wp-json\/wp\/v2\/pages\/595\/revisions"}],"predecessor-version":[{"id":616,"href":"https:\/\/blogi.eoppimispalvelut.fi\/kestavaliiketoiminta\/wp-json\/wp\/v2\/pages\/595\/revisions\/616"}],"wp:attachment":[{"href":"https:\/\/blogi.eoppimispalvelut.fi\/kestavaliiketoiminta\/wp-json\/wp\/v2\/media?parent=595"}],"curies":[{"name":"wp","href":"https:\/\/api.w.org\/{rel}","templated":true}]}}