{"id":660,"date":"2025-04-01T08:24:52","date_gmt":"2025-04-01T05:24:52","guid":{"rendered":"https:\/\/blogi.eoppimispalvelut.fi\/kestavaliiketoiminta\/?page_id=660"},"modified":"2025-08-14T09:57:13","modified_gmt":"2025-08-14T06:57:13","slug":"kestavyysraportoinnin-startti-2025-maksuton-verkkovalmennus-pk-yrityksille","status":"publish","type":"page","link":"https:\/\/blogi.eoppimispalvelut.fi\/kestavaliiketoiminta\/kestavyysraportoinnin-startti-2025-maksuton-verkkovalmennus-pk-yrityksille\/","title":{"rendered":"Kest\u00e4vyysraportoinnin startti 2025"},"content":{"rendered":"<p>[et_pb_section fb_built=&#8221;1&#8243; _builder_version=&#8221;4.27.4&#8243; _module_preset=&#8221;default&#8221; global_colors_info=&#8221;{}&#8221;][et_pb_row column_structure=&#8221;3_5,2_5&#8243; _builder_version=&#8221;4.27.4&#8243; _module_preset=&#8221;default&#8221; global_colors_info=&#8221;{}&#8221;][et_pb_column type=&#8221;3_5&#8243; _builder_version=&#8221;4.27.4&#8243; _module_preset=&#8221;default&#8221; global_colors_info=&#8221;{}&#8221;][et_pb_heading title=&#8221;Kest\u00e4vyysraportoinnin startti 2025 \u2013 maksuton verkkovalmennus pk-yrityksille&#8221; _builder_version=&#8221;4.27.4&#8243; _module_preset=&#8221;default&#8221; title_font=&#8221;|600|||||||&#8221; title_font_size=&#8221;40px&#8221; width=&#8221;100%&#8221; custom_margin=&#8221;|90px||||&#8221; global_colors_info=&#8221;{}&#8221;][\/et_pb_heading][\/et_pb_column][et_pb_column type=&#8221;2_5&#8243; _builder_version=&#8221;4.27.4&#8243; _module_preset=&#8221;default&#8221; global_colors_info=&#8221;{}&#8221;][et_pb_image src=&#8221;https:\/\/blogi.eoppimispalvelut.fi\/kestavaliiketoiminta\/files\/2024\/06\/cropped-cropped-Hankkeen-logo-ilman-taustaa.png&#8221; title_text=&#8221;cropped-cropped-Hankkeen-logo-ilman-taustaa.png&#8221; _builder_version=&#8221;4.27.4&#8243; _module_preset=&#8221;default&#8221; width=&#8221;87.1%&#8221; module_alignment=&#8221;right&#8221; global_colors_info=&#8221;{}&#8221;][\/et_pb_image][\/et_pb_column][\/et_pb_row][et_pb_row _builder_version=&#8221;4.27.4&#8243; _module_preset=&#8221;default&#8221; global_colors_info=&#8221;{}&#8221;][et_pb_column type=&#8221;4_4&#8243; _builder_version=&#8221;4.27.4&#8243; _module_preset=&#8221;default&#8221; global_colors_info=&#8221;{}&#8221;][et_pb_text _builder_version=&#8221;4.27.4&#8243; _module_preset=&#8221;default&#8221; global_colors_info=&#8221;{}&#8221;]<\/p>\n<p style=\"text-align: justify\"><strong>Kest\u00e4vyysraportoinnin startti 2025 \u2013 maksuton verkkovalmennus pk-yrityksille<\/strong><\/p>\n<p style=\"text-align: justify\">Haluatko ymm\u00e4rt\u00e4\u00e4 kest\u00e4vyysraportoinnin vaatimukset ja hy\u00f6dynt\u00e4\u00e4 vastuullisuutta liiketoiminnassasi? <strong><em>Kest\u00e4vyysraportoinnin startti 2025<\/em><\/strong> on pk-yrityksille suunnattu valmennus, jonka aikana yritys voi helppojen ty\u00f6kalujen avulla tehd\u00e4 kest\u00e4vyysraportin vapaaehtoisen standardin pohjalta (VSME).<\/p>\n<p style=\"text-align: justify\">Valmennuksessa yritykset p\u00e4\u00e4sev\u00e4t osallistumaan asiantuntijavetoisiin koulutuksiin ja ty\u00f6pajoihin, joissa k\u00e4sitell\u00e4\u00e4n kest\u00e4vyysraportoinnin perusasioita, yritystoiminnan riskej\u00e4 ja mahdollisuuksia ja vastuullisuuden kehitt\u00e4mist\u00e4 ja johtamista.<\/p>\n<p style=\"text-align: justify\">Valmennukset j\u00e4rjestet\u00e4\u00e4n sovitun mukaan l\u00e4hivalmennuksena tai Teams \u2013 yhteyksien kautta ja osallistujilla on avoin p\u00e4\u00e4sy kaikkiin materiaaleihin.<\/p>\n<p style=\"text-align: justify\"><strong>\ud83d\udca1 Valmennuksen sis\u00e4lt\u00f6:<\/strong><\/p>\n<p style=\"text-align: justify\">\ud83d\udccc <strong>Kest\u00e4vyysraportoinnin alkeet<\/strong> \u2013 mit\u00e4 ja miten raportoidaan?<br \/>\ud83d\udccc <strong>Ty\u00f6paja:<\/strong> Yritystoiminnan riskit, mahdollisuudet ja kest\u00e4vyysvaikutusten arviointi<br \/>\ud83d\udccc <strong>Ty\u00f6paja:<\/strong> Vastuullisuuden kehitt\u00e4minen ja johtaminen<\/p>\n<p style=\"text-align: justify\">\n<p style=\"text-align: justify\">Avoimet koulutukset l\u00f6yd\u00e4t p\u00e4\u00e4valikon Kest\u00e4vyysraportoinnin startti 2025 &#8211; alavalikoista. Tervetuloa mukaan kehitt\u00e4m\u00e4\u00e4n yrityksenne vastuullisuusty\u00f6t\u00e4!\u00a0<\/p>\n<p style=\"text-align: justify\">\n<p style=\"text-align: justify\">[\/et_pb_text][\/et_pb_column][\/et_pb_row][et_pb_row column_structure=&#8221;1_4,1_4,1_4,1_4&#8243; _builder_version=&#8221;4.27.4&#8243; _module_preset=&#8221;default&#8221; global_colors_info=&#8221;{}&#8221;][et_pb_column _builder_version=&#8221;4.27.4&#8243; _module_preset=&#8221;default&#8221; type=&#8221;1_4&#8243;][et_pb_button button_url=&#8221;https:\/\/blogi.eoppimispalvelut.fi\/kestavaliiketoiminta\/kestavyysraportoinnin-startti-online-syksy-2025\/&#8221; button_text=&#8221;Kest\u00e4vyysraportoinnin startti 2025 \u2013 Online syksy 2025&#8243; _builder_version=&#8221;4.27.4&#8243; _module_preset=&#8221;default&#8221; global_colors_info=&#8221;{}&#8221;][\/et_pb_button][\/et_pb_column][et_pb_column type=&#8221;1_4&#8243; _builder_version=&#8221;4.27.4&#8243; _module_preset=&#8221;default&#8221; global_colors_info=&#8221;{}&#8221;][et_pb_button button_url=&#8221;https:\/\/blogi.eoppimispalvelut.fi\/kestavaliiketoiminta\/kestavyysraportoinnin-startti-verkkovalmennus-10-4-2025-alkaen\/&#8221; button_text=&#8221;Kest\u00e4vyysraportoinnin startti 2025 \u2013 Online Kev\u00e4t 2025&#8243; _builder_version=&#8221;4.27.4&#8243; _module_preset=&#8221;default&#8221; global_colors_info=&#8221;{}&#8221;][\/et_pb_button][\/et_pb_column][et_pb_column type=&#8221;1_4&#8243; _builder_version=&#8221;4.27.4&#8243; _module_preset=&#8221;default&#8221; global_colors_info=&#8221;{}&#8221;][\/et_pb_column][et_pb_column type=&#8221;1_4&#8243; _builder_version=&#8221;4.27.4&#8243; _module_preset=&#8221;default&#8221; global_colors_info=&#8221;{}&#8221;][\/et_pb_column][\/et_pb_row][et_pb_row _builder_version=&#8221;4.27.4&#8243; _module_preset=&#8221;default&#8221; global_colors_info=&#8221;{}&#8221;][et_pb_column type=&#8221;4_4&#8243; _builder_version=&#8221;4.27.4&#8243; _module_preset=&#8221;default&#8221; global_colors_info=&#8221;{}&#8221;][et_pb_heading title=&#8221;Kokemuksia valmennuksen pilotointiyrityksilt\u00e4: &#8221; _builder_version=&#8221;4.27.4&#8243; _module_preset=&#8221;default&#8221; global_colors_info=&#8221;{}&#8221;][\/et_pb_heading][\/et_pb_column][\/et_pb_row][et_pb_row _builder_version=&#8221;4.27.4&#8243; _module_preset=&#8221;default&#8221; global_colors_info=&#8221;{}&#8221;][et_pb_column type=&#8221;4_4&#8243; _builder_version=&#8221;4.27.4&#8243; _module_preset=&#8221;default&#8221; global_colors_info=&#8221;{}&#8221;][et_pb_testimonial author=&#8221;Juho Tapio&#8221; company_name=&#8221;Latitude 66 Cobalt Oy&#8221; portrait_url=&#8221;data:image\/svg+xml;base64,PHN2ZyB3aWR0aD0iNTAwIiBoZWlnaHQ9IjUwMCIgdmlld0JveD0iMCAwIDUwMCA1MDAiIHhtbG5zPSJodHRwOi8vd3d3LnczLm9yZy8yMDAwL3N2ZyI+CiAgICA8ZyBmaWxsPSJub25lIiBmaWxsLXJ1bGU9ImV2ZW5vZGQiPgogICAgICAgIDxwYXRoIGZpbGw9IiNFQkVCRUIiIGQ9Ik0wIDBoNTAwdjUwMEgweiIvPgogICAgICAgIDxyZWN0IGZpbGwtb3BhY2l0eT0iLjEiIGZpbGw9IiMwMDAiIHg9IjY4IiB5PSIzMDUiIHdpZHRoPSIzNjQiIGhlaWdodD0iNTY4IiByeD0iMTgyIi8+CiAgICAgICAgPGNpcmNsZSBmaWxsLW9wYWNpdHk9Ii4xIiBmaWxsPSIjMDAwIiBjeD0iMjQ5IiBjeT0iMTcyIiByPSIxMDAiLz4KICAgIDwvZz4KPC9zdmc+Cg==&#8221; _builder_version=&#8221;4.27.4&#8243; _module_preset=&#8221;default&#8221; global_colors_info=&#8221;{}&#8221;]<\/p>\n<p>Nettimateriaalit olivat hyvi\u00e4 ja t\u00e4ll\u00e4 ty\u00f6kalulla saa luotua yksinkertaisen ja salonkikelpoisen raportin.<\/p>\n<p>[\/et_pb_testimonial][et_pb_testimonial author=&#8221;Aino Kaisa Karjalainen&#8221; company_name=&#8221;NewPaakkola Oy&#8221; portrait_url=&#8221;data:image\/svg+xml;base64,PHN2ZyB3aWR0aD0iNTAwIiBoZWlnaHQ9IjUwMCIgdmlld0JveD0iMCAwIDUwMCA1MDAiIHhtbG5zPSJodHRwOi8vd3d3LnczLm9yZy8yMDAwL3N2ZyI+CiAgICA8ZyBmaWxsPSJub25lIiBmaWxsLXJ1bGU9ImV2ZW5vZGQiPgogICAgICAgIDxwYXRoIGZpbGw9IiNFQkVCRUIiIGQ9Ik0wIDBoNTAwdjUwMEgweiIvPgogICAgICAgIDxyZWN0IGZpbGwtb3BhY2l0eT0iLjEiIGZpbGw9IiMwMDAiIHg9IjY4IiB5PSIzMDUiIHdpZHRoPSIzNjQiIGhlaWdodD0iNTY4IiByeD0iMTgyIi8+CiAgICAgICAgPGNpcmNsZSBmaWxsLW9wYWNpdHk9Ii4xIiBmaWxsPSIjMDAwIiBjeD0iMjQ5IiBjeT0iMTcyIiByPSIxMDAiLz4KICAgIDwvZz4KPC9zdmc+Cg==&#8221; _builder_version=&#8221;4.27.4&#8243; _module_preset=&#8221;default&#8221; global_colors_info=&#8221;{}&#8221;]<\/p>\n<p>T\u00e4m\u00e4 VSME-ty\u00f6kalu oli mukava yll\u00e4tys, sill\u00e4 se on hallittava.\u00a0 Lomakkeet ovat aika hyvi\u00e4 ja helppoja. Toimii kyll\u00e4.<\/p>\n<p>[\/et_pb_testimonial][\/et_pb_column][\/et_pb_row][et_pb_row _builder_version=&#8221;4.27.4&#8243; _module_preset=&#8221;default&#8221; global_colors_info=&#8221;{}&#8221;][et_pb_column type=&#8221;4_4&#8243; _builder_version=&#8221;4.27.4&#8243; _module_preset=&#8221;default&#8221; global_colors_info=&#8221;{}&#8221;][et_pb_testimonial author=&#8221;Erkki Saari&#8221; company_name=&#8221;Tornion KaMa-palvelut Oy&#8221; portrait_url=&#8221;data:image\/svg+xml;base64,PHN2ZyB3aWR0aD0iNTAwIiBoZWlnaHQ9IjUwMCIgdmlld0JveD0iMCAwIDUwMCA1MDAiIHhtbG5zPSJodHRwOi8vd3d3LnczLm9yZy8yMDAwL3N2ZyI+CiAgICA8ZyBmaWxsPSJub25lIiBmaWxsLXJ1bGU9ImV2ZW5vZGQiPgogICAgICAgIDxwYXRoIGZpbGw9IiNFQkVCRUIiIGQ9Ik0wIDBoNTAwdjUwMEgweiIvPgogICAgICAgIDxyZWN0IGZpbGwtb3BhY2l0eT0iLjEiIGZpbGw9IiMwMDAiIHg9IjY4IiB5PSIzMDUiIHdpZHRoPSIzNjQiIGhlaWdodD0iNTY4IiByeD0iMTgyIi8+CiAgICAgICAgPGNpcmNsZSBmaWxsLW9wYWNpdHk9Ii4xIiBmaWxsPSIjMDAwIiBjeD0iMjQ5IiBjeT0iMTcyIiByPSIxMDAiLz4KICAgIDwvZz4KPC9zdmc+Cg==&#8221; _builder_version=&#8221;4.27.4&#8243; _module_preset=&#8221;default&#8221; global_colors_info=&#8221;{}&#8221;]<\/p>\n<p>Olen ollut tyytyv\u00e4inen n\u00e4ihin ty\u00f6kaluihin ja pienelle yritykselle t\u00e4m\u00e4 on t\u00e4ysin riitt\u00e4v\u00e4.\u00a0<\/p>\n<p>[\/et_pb_testimonial][\/et_pb_column][\/et_pb_row][\/et_pb_section]<\/p>\n","protected":false},"excerpt":{"rendered":"<p>Kest\u00e4vyysraportoinnin startti 2025 \u2013 maksuton verkkovalmennus pk-yrityksille Haluatko ymm\u00e4rt\u00e4\u00e4 kest\u00e4vyysraportoinnin vaatimukset ja hy\u00f6dynt\u00e4\u00e4 vastuullisuutta liiketoiminnassasi? Kest\u00e4vyysraportoinnin startti 2025 on pk-yrityksille suunnattu valmennus, jonka aikana yritys voi helppojen ty\u00f6kalujen avulla tehd\u00e4 kest\u00e4vyysraportin vapaaehtoisen standardin pohjalta (VSME). Valmennuksessa yritykset p\u00e4\u00e4sev\u00e4t osallistumaan asiantuntijavetoisiin koulutuksiin ja ty\u00f6pajoihin, joissa k\u00e4sitell\u00e4\u00e4n kest\u00e4vyysraportoinnin perusasioita, yritystoiminnan riskej\u00e4 ja mahdollisuuksia ja vastuullisuuden kehitt\u00e4mist\u00e4 ja [&hellip;]<\/p>\n","protected":false},"author":4448,"featured_media":0,"parent":0,"menu_order":0,"comment_status":"closed","ping_status":"closed","template":"","meta":{"_et_pb_use_builder":"on","_et_pb_old_content":"","_et_gb_content_width":"","footnotes":""},"class_list":["post-660","page","type-page","status-publish","hentry"],"_links":{"self":[{"href":"https:\/\/blogi.eoppimispalvelut.fi\/kestavaliiketoiminta\/wp-json\/wp\/v2\/pages\/660","targetHints":{"allow":["GET"]}}],"collection":[{"href":"https:\/\/blogi.eoppimispalvelut.fi\/kestavaliiketoiminta\/wp-json\/wp\/v2\/pages"}],"about":[{"href":"https:\/\/blogi.eoppimispalvelut.fi\/kestavaliiketoiminta\/wp-json\/wp\/v2\/types\/page"}],"author":[{"embeddable":true,"href":"https:\/\/blogi.eoppimispalvelut.fi\/kestavaliiketoiminta\/wp-json\/wp\/v2\/users\/4448"}],"replies":[{"embeddable":true,"href":"https:\/\/blogi.eoppimispalvelut.fi\/kestavaliiketoiminta\/wp-json\/wp\/v2\/comments?post=660"}],"version-history":[{"count":13,"href":"https:\/\/blogi.eoppimispalvelut.fi\/kestavaliiketoiminta\/wp-json\/wp\/v2\/pages\/660\/revisions"}],"predecessor-version":[{"id":774,"href":"https:\/\/blogi.eoppimispalvelut.fi\/kestavaliiketoiminta\/wp-json\/wp\/v2\/pages\/660\/revisions\/774"}],"wp:attachment":[{"href":"https:\/\/blogi.eoppimispalvelut.fi\/kestavaliiketoiminta\/wp-json\/wp\/v2\/media?parent=660"}],"curies":[{"name":"wp","href":"https:\/\/api.w.org\/{rel}","templated":true}]}}