{"id":717,"date":"2025-04-04T16:49:47","date_gmt":"2025-04-04T13:49:47","guid":{"rendered":"https:\/\/blogi.eoppimispalvelut.fi\/kestavaliiketoiminta\/?page_id=717"},"modified":"2025-04-10T11:02:11","modified_gmt":"2025-04-10T08:02:11","slug":"kestavyysraportoinnin-startti-verkkovalmennus-10-4-2025-alkaen","status":"publish","type":"page","link":"https:\/\/blogi.eoppimispalvelut.fi\/kestavaliiketoiminta\/kestavyysraportoinnin-startti-verkkovalmennus-10-4-2025-alkaen\/","title":{"rendered":"Kest\u00e4vyysraportoinnin startti verkkovalmennus 10.4.2025 alkaen"},"content":{"rendered":"<p>[et_pb_section fb_built=&#8221;1&#8243; _builder_version=&#8221;4.27.4&#8243; _module_preset=&#8221;default&#8221; global_colors_info=&#8221;{}&#8221;][et_pb_row column_structure=&#8221;3_5,2_5&#8243; _builder_version=&#8221;4.27.4&#8243; _module_preset=&#8221;default&#8221; custom_margin=&#8221;|232px||auto||&#8221; custom_padding=&#8221;|||0px||&#8221; global_colors_info=&#8221;{}&#8221;][et_pb_column type=&#8221;3_5&#8243; _builder_version=&#8221;4.27.4&#8243; _module_preset=&#8221;default&#8221; global_colors_info=&#8221;{}&#8221;][et_pb_heading title=&#8221; Kest\u00e4vyysraportoinnin startti 2025 \u2013 maksuton verkkovalmennus pk-yrityksille Kev\u00e4t 2025&#8243; _builder_version=&#8221;4.27.4&#8243; _module_preset=&#8221;default&#8221; title_font=&#8221;|600|||||||&#8221; title_font_size=&#8221;40px&#8221; hover_enabled=&#8221;0&#8243; global_colors_info=&#8221;{}&#8221; sticky_enabled=&#8221;0&#8243;][\/et_pb_heading][\/et_pb_column][et_pb_column type=&#8221;2_5&#8243; _builder_version=&#8221;4.27.4&#8243; _module_preset=&#8221;default&#8221; global_colors_info=&#8221;{}&#8221;][et_pb_image src=&#8221;https:\/\/blogi.eoppimispalvelut.fi\/kestavaliiketoiminta\/files\/2024\/06\/cropped-cropped-Hankkeen-logo-ilman-taustaa.png&#8221; title_text=&#8221;cropped-cropped-Hankkeen-logo-ilman-taustaa.png&#8221; _builder_version=&#8221;4.27.4&#8243; _module_preset=&#8221;default&#8221; width=&#8221;87%&#8221; custom_padding=&#8221;|||0px||&#8221; hover_enabled=&#8221;0&#8243; global_colors_info=&#8221;{}&#8221; sticky_enabled=&#8221;0&#8243;][\/et_pb_image][\/et_pb_column][\/et_pb_row][et_pb_row _builder_version=&#8221;4.27.4&#8243; _module_preset=&#8221;default&#8221; global_colors_info=&#8221;{}&#8221;][et_pb_column type=&#8221;4_4&#8243; _builder_version=&#8221;4.27.4&#8243; _module_preset=&#8221;default&#8221; global_colors_info=&#8221;{}&#8221;][et_pb_text _builder_version=&#8221;4.27.4&#8243; _module_preset=&#8221;default&#8221; global_colors_info=&#8221;{}&#8221;]<\/p>\n<p style=\"text-align: justify\"><strong>\u00a0Kest\u00e4vyysraportoinnin startti 2025 \u2013 maksuton verkkovalmennus pk-yrityksille<\/strong><\/p>\n<p style=\"text-align: justify\">\n<p style=\"text-align: justify\">\n<p style=\"text-align: justify\"><strong>Kev\u00e4\u00e4n 2025 verkkovalmennus 10 huhtikuuta 2025 alkaen<\/strong><\/p>\n<p style=\"text-align: justify\">\n<p style=\"text-align: justify\">Haluatko ymm\u00e4rt\u00e4\u00e4 kest\u00e4vyysraportoinnin vaatimukset ja hy\u00f6dynt\u00e4\u00e4 vastuullisuutta liiketoiminnassasi? <strong><em>Kest\u00e4vyysraportoinnin startti 2025<\/em><\/strong> on pk-yrityksille suunnattu valmennus, jonka aikana yritys voi helppojen ty\u00f6kalujen avulla tehd\u00e4 kest\u00e4vyysraportin vapaaehtoisen standardin pohjalta (VSME).<\/p>\n<p style=\"text-align: justify\"><strong><\/strong><\/p>\n<p style=\"text-align: justify\"><strong><\/strong><\/p>\n<p style=\"text-align: justify\">Valmennuksessa p\u00e4\u00e4set osallistumaan asiantuntijavetoisiin koulutuksiin ja ty\u00f6pajoihin, joissa k\u00e4sitell\u00e4\u00e4n kest\u00e4vyysraportoinnin perusasioita, yritystoiminnan riskej\u00e4 ja mahdollisuuksia, hiilijalanj\u00e4ljen laskentaa sek\u00e4 vastuullisuuden johtamista. Lis\u00e4ksi tarjolla on syvent\u00e4v\u00e4\u00e4 tietoa Scope 3 -p\u00e4\u00e4st\u00f6ist\u00e4.<\/p>\n<p style=\"text-align: justify\">Voit osallistua valmennukseen Teams \u2013 yhteyksien kautta ja sinulla on avoin p\u00e4\u00e4sy kaikkiin materiaaleihin.<\/p>\n<p style=\"text-align: justify\"><strong>\ud83d\udca1 Valmennuksen sis\u00e4lt\u00f6:<\/strong><\/p>\n<p style=\"text-align: justify\">\ud83d\udccc <strong>Kest\u00e4vyysraportoinnin alkeet<\/strong> \u2013 mit\u00e4 ja miten raportoidaan? <em>(10.4. klo 12\u201313.30)<\/em><em><\/em><br \/>\ud83d\udccc <strong>Ty\u00f6paja:<\/strong> Yritystoiminnan riskit, mahdollisuudet ja kest\u00e4vyysvaikutusten arviointi <em>(17.4. klo 12\u201314)<\/em><br \/>\ud83d\udccc <strong>Ty\u00f6paja:<\/strong> Vastuullisuuden kehitt\u00e4minen ja johtaminen <em>(24.4. klo 14\u201315.30)<\/em><\/p>\n<p style=\"text-align: justify\"><em><\/em><\/p>\n<p style=\"text-align: justify\">Lis\u00e4ksi valmennuksessa tarjoamme mahdollisuuden hiilijalanj\u00e4ljen laskentaan sek\u00e4 tutustumisen tarkemmin Scope 3-p\u00e4\u00e4st\u00f6ihin.<\/p>\n<p style=\"text-align: justify\"><em>\ud83d\udccc <strong>Hiilijalanj\u00e4lkiklinikka:<\/strong> Laskenta haltuun k\u00e4yt\u00e4nn\u00f6ss\u00e4 (22.4. klo 13\u201316)<\/em><\/p>\n<p style=\"text-align: justify\">\ud83d\udccc <strong>Scope 3 -p\u00e4\u00e4st\u00f6t<\/strong> \u2013 syvent\u00e4v\u00e4 osuus hiilijalanj\u00e4lkiklinikan j\u00e4lkeen <em>(toukokuu 2025.)<\/em><\/p>\n<p>[\/et_pb_text][\/et_pb_column][\/et_pb_row][et_pb_row _builder_version=&#8221;4.27.4&#8243; _module_preset=&#8221;default&#8221; global_colors_info=&#8221;{}&#8221;][et_pb_column type=&#8221;4_4&#8243; _builder_version=&#8221;4.27.4&#8243; _module_preset=&#8221;default&#8221; global_colors_info=&#8221;{}&#8221;][et_pb_button button_url=&#8221;https:\/\/link.webropolsurveys.com\/EP\/6F64D22E5D5A507B&#8221; button_text=&#8221;Ilmoittaudu mukaan ja vie yrityksesi vastuullisuusty\u00f6 uudelle tasolle!&#8221; _builder_version=&#8221;4.27.4&#8243; _module_preset=&#8221;default&#8221; hover_enabled=&#8221;0&#8243; global_colors_info=&#8221;{}&#8221; sticky_enabled=&#8221;0&#8243;][\/et_pb_button][\/et_pb_column][\/et_pb_row][\/et_pb_section]<\/p>\n","protected":false},"excerpt":{"rendered":"<p>\u00a0Kest\u00e4vyysraportoinnin startti 2025 \u2013 maksuton verkkovalmennus pk-yrityksille Kev\u00e4\u00e4n 2025 verkkovalmennus 10 huhtikuuta 2025 alkaen Haluatko ymm\u00e4rt\u00e4\u00e4 kest\u00e4vyysraportoinnin vaatimukset ja hy\u00f6dynt\u00e4\u00e4 vastuullisuutta liiketoiminnassasi? Kest\u00e4vyysraportoinnin startti 2025 on pk-yrityksille suunnattu valmennus, jonka aikana yritys voi helppojen ty\u00f6kalujen avulla tehd\u00e4 kest\u00e4vyysraportin vapaaehtoisen standardin pohjalta (VSME). Valmennuksessa p\u00e4\u00e4set osallistumaan asiantuntijavetoisiin koulutuksiin ja ty\u00f6pajoihin, joissa k\u00e4sitell\u00e4\u00e4n kest\u00e4vyysraportoinnin perusasioita, yritystoiminnan riskej\u00e4 [&hellip;]<\/p>\n","protected":false},"author":4448,"featured_media":0,"parent":0,"menu_order":0,"comment_status":"closed","ping_status":"closed","template":"","meta":{"_et_pb_use_builder":"on","_et_pb_old_content":"","_et_gb_content_width":"","footnotes":""},"class_list":["post-717","page","type-page","status-publish","hentry"],"_links":{"self":[{"href":"https:\/\/blogi.eoppimispalvelut.fi\/kestavaliiketoiminta\/wp-json\/wp\/v2\/pages\/717","targetHints":{"allow":["GET"]}}],"collection":[{"href":"https:\/\/blogi.eoppimispalvelut.fi\/kestavaliiketoiminta\/wp-json\/wp\/v2\/pages"}],"about":[{"href":"https:\/\/blogi.eoppimispalvelut.fi\/kestavaliiketoiminta\/wp-json\/wp\/v2\/types\/page"}],"author":[{"embeddable":true,"href":"https:\/\/blogi.eoppimispalvelut.fi\/kestavaliiketoiminta\/wp-json\/wp\/v2\/users\/4448"}],"replies":[{"embeddable":true,"href":"https:\/\/blogi.eoppimispalvelut.fi\/kestavaliiketoiminta\/wp-json\/wp\/v2\/comments?post=717"}],"version-history":[{"count":5,"href":"https:\/\/blogi.eoppimispalvelut.fi\/kestavaliiketoiminta\/wp-json\/wp\/v2\/pages\/717\/revisions"}],"predecessor-version":[{"id":738,"href":"https:\/\/blogi.eoppimispalvelut.fi\/kestavaliiketoiminta\/wp-json\/wp\/v2\/pages\/717\/revisions\/738"}],"wp:attachment":[{"href":"https:\/\/blogi.eoppimispalvelut.fi\/kestavaliiketoiminta\/wp-json\/wp\/v2\/media?parent=717"}],"curies":[{"name":"wp","href":"https:\/\/api.w.org\/{rel}","templated":true}]}}