{"id":727,"date":"2025-04-10T10:58:41","date_gmt":"2025-04-10T07:58:41","guid":{"rendered":"https:\/\/blogi.eoppimispalvelut.fi\/kestavaliiketoiminta\/?page_id=727"},"modified":"2025-08-14T08:58:51","modified_gmt":"2025-08-14T05:58:51","slug":"kestavyysraportoinnin-startti-online-syksy-2025","status":"publish","type":"page","link":"https:\/\/blogi.eoppimispalvelut.fi\/kestavaliiketoiminta\/kestavyysraportoinnin-startti-online-syksy-2025\/","title":{"rendered":"Kest\u00e4vyysraportoinnin startti Online syksy 2025"},"content":{"rendered":"<p>[et_pb_section fb_built=&#8221;1&#8243; _builder_version=&#8221;4.27.4&#8243; _module_preset=&#8221;default&#8221; global_colors_info=&#8221;{}&#8221;][et_pb_row column_structure=&#8221;3_5,2_5&#8243; _builder_version=&#8221;4.27.4&#8243; _module_preset=&#8221;default&#8221; custom_margin=&#8221;|auto|-62px|auto||&#8221; custom_padding=&#8221;||1px|||&#8221; global_colors_info=&#8221;{}&#8221;][et_pb_column type=&#8221;3_5&#8243; _builder_version=&#8221;4.27.4&#8243; _module_preset=&#8221;default&#8221; global_colors_info=&#8221;{}&#8221;][et_pb_heading title=&#8221;Kest\u00e4vyysraportoinnin startti 2025 \u2013 maksuton verkkovalmennus pk-yrityksille  Syksy 2025&#8243; _builder_version=&#8221;4.27.4&#8243; _module_preset=&#8221;default&#8221; global_colors_info=&#8221;{}&#8221;][\/et_pb_heading][\/et_pb_column][et_pb_column type=&#8221;2_5&#8243; _builder_version=&#8221;4.27.4&#8243; _module_preset=&#8221;default&#8221; global_colors_info=&#8221;{}&#8221;][et_pb_gallery gallery_ids=&#8221;732&#8243; _builder_version=&#8221;4.27.4&#8243; _module_preset=&#8221;default&#8221; custom_padding=&#8221;|||0px||&#8221; global_colors_info=&#8221;{}&#8221;][\/et_pb_gallery][\/et_pb_column][\/et_pb_row][et_pb_row _builder_version=&#8221;4.27.4&#8243; _module_preset=&#8221;default&#8221; global_colors_info=&#8221;{}&#8221;][et_pb_column type=&#8221;4_4&#8243; _builder_version=&#8221;4.27.4&#8243; _module_preset=&#8221;default&#8221; global_colors_info=&#8221;{}&#8221;][et_pb_text _builder_version=&#8221;4.27.4&#8243; _module_preset=&#8221;default&#8221; global_colors_info=&#8221;{}&#8221;]<\/p>\n<p style=\"text-align: justify\"><strong>Kest\u00e4vyysraportoinnin startti 2025 \u2013 maksuton verkkovalmennus pk-yrityksille<\/strong><\/p>\n<p style=\"text-align: justify\">\n<p style=\"text-align: justify\">\n<p style=\"text-align: justify\"><strong>Syksyn 2025 verkkovalmennus 4. syyskuuta 2025 alkaen<\/strong><\/p>\n<p style=\"text-align: justify\">\n<p style=\"text-align: justify\">Haluatko ymm\u00e4rt\u00e4\u00e4 kest\u00e4vyysraportoinnin vaatimukset ja hy\u00f6dynt\u00e4\u00e4 vastuullisuutta liiketoiminnassasi? <strong><em>Kest\u00e4vyysraportoinnin startti 2025<\/em><\/strong> on pk-yrityksille suunnattu valmennus, jonka aikana yritys voi helppojen ty\u00f6kalujen avulla tehd\u00e4 kest\u00e4vyysraportin vapaaehtoisen standardin pohjalta (VSME).<\/p>\n<p style=\"text-align: justify\"><strong><\/strong><\/p>\n<p style=\"text-align: justify\"><strong><\/strong><\/p>\n<p style=\"text-align: justify\">Valmennuksessa p\u00e4\u00e4set osallistumaan asiantuntijavetoisiin koulutuksiin ja ty\u00f6pajoihin, joissa k\u00e4sitell\u00e4\u00e4n kest\u00e4vyysraportoinnin perusasioita, yritystoiminnan riskej\u00e4 ja mahdollisuuksia, hiilijalanj\u00e4ljen laskentaa sek\u00e4 vastuullisuuden johtamista.<\/p>\n<p style=\"text-align: justify\">Voit osallistua valmennukseen Teams \u2013 yhteyksien kautta ja sinulla on avoin p\u00e4\u00e4sy kaikkiin materiaaleihin.<\/p>\n<p style=\"text-align: justify\"><strong>\ud83d\udca1 Valmennuksen sis\u00e4lt\u00f6:<\/strong><\/p>\n<p style=\"text-align: justify\">\ud83d\udccc <strong>Kest\u00e4vyysraportoinnin alkeet<\/strong> \u2013 mit\u00e4 ja miten raportoidaan? <em>(4.9. klo 9\u201310)<\/em><em><\/em><br \/>\ud83d\udccc <strong>Ty\u00f6paja:<\/strong> Yritystoiminnan riskit, mahdollisuudet ja kest\u00e4vyysvaikutusten arviointi <em>(11.9. klo 12\u201315)<\/em><br \/>\ud83d\udccc <strong>Ty\u00f6paja:<\/strong> Vastuullisuuden kehitt\u00e4minen ja johtaminen <em>(18.9. klo 9\u201311)<\/em><\/p>\n<p>[\/et_pb_text][\/et_pb_column][\/et_pb_row][et_pb_row _builder_version=&#8221;4.27.4&#8243; _module_preset=&#8221;default&#8221; global_colors_info=&#8221;{}&#8221;][et_pb_column type=&#8221;4_4&#8243; _builder_version=&#8221;4.27.4&#8243; _module_preset=&#8221;default&#8221; global_colors_info=&#8221;{}&#8221;][et_pb_button button_url=&#8221;https:\/\/link.webropolsurveys.com\/EventParticipation\/EventPublic\/c8542728-96df-4aa5-92ef-b3c72e7f8044?displayId=Fin3364713&#8243; button_text=&#8221;Ilmoittaudu mukaan ja vie yrityksesi vastuullisuusty\u00f6 uudelle tasolle!&#8221; _builder_version=&#8221;4.27.4&#8243; _module_preset=&#8221;default&#8221; global_colors_info=&#8221;{}&#8221;][\/et_pb_button][\/et_pb_column][\/et_pb_row][\/et_pb_section]<\/p>\n","protected":false},"excerpt":{"rendered":"<p>Kest\u00e4vyysraportoinnin startti 2025 \u2013 maksuton verkkovalmennus pk-yrityksille Syksyn 2025 verkkovalmennus 4. syyskuuta 2025 alkaen Haluatko ymm\u00e4rt\u00e4\u00e4 kest\u00e4vyysraportoinnin vaatimukset ja hy\u00f6dynt\u00e4\u00e4 vastuullisuutta liiketoiminnassasi? Kest\u00e4vyysraportoinnin startti 2025 on pk-yrityksille suunnattu valmennus, jonka aikana yritys voi helppojen ty\u00f6kalujen avulla tehd\u00e4 kest\u00e4vyysraportin vapaaehtoisen standardin pohjalta (VSME). Valmennuksessa p\u00e4\u00e4set osallistumaan asiantuntijavetoisiin koulutuksiin ja ty\u00f6pajoihin, joissa k\u00e4sitell\u00e4\u00e4n kest\u00e4vyysraportoinnin perusasioita, yritystoiminnan riskej\u00e4 [&hellip;]<\/p>\n","protected":false},"author":4448,"featured_media":0,"parent":0,"menu_order":0,"comment_status":"closed","ping_status":"closed","template":"","meta":{"_et_pb_use_builder":"on","_et_pb_old_content":"","_et_gb_content_width":"","footnotes":""},"class_list":["post-727","page","type-page","status-publish","hentry"],"_links":{"self":[{"href":"https:\/\/blogi.eoppimispalvelut.fi\/kestavaliiketoiminta\/wp-json\/wp\/v2\/pages\/727","targetHints":{"allow":["GET"]}}],"collection":[{"href":"https:\/\/blogi.eoppimispalvelut.fi\/kestavaliiketoiminta\/wp-json\/wp\/v2\/pages"}],"about":[{"href":"https:\/\/blogi.eoppimispalvelut.fi\/kestavaliiketoiminta\/wp-json\/wp\/v2\/types\/page"}],"author":[{"embeddable":true,"href":"https:\/\/blogi.eoppimispalvelut.fi\/kestavaliiketoiminta\/wp-json\/wp\/v2\/users\/4448"}],"replies":[{"embeddable":true,"href":"https:\/\/blogi.eoppimispalvelut.fi\/kestavaliiketoiminta\/wp-json\/wp\/v2\/comments?post=727"}],"version-history":[{"count":5,"href":"https:\/\/blogi.eoppimispalvelut.fi\/kestavaliiketoiminta\/wp-json\/wp\/v2\/pages\/727\/revisions"}],"predecessor-version":[{"id":770,"href":"https:\/\/blogi.eoppimispalvelut.fi\/kestavaliiketoiminta\/wp-json\/wp\/v2\/pages\/727\/revisions\/770"}],"wp:attachment":[{"href":"https:\/\/blogi.eoppimispalvelut.fi\/kestavaliiketoiminta\/wp-json\/wp\/v2\/media?parent=727"}],"curies":[{"name":"wp","href":"https:\/\/api.w.org\/{rel}","templated":true}]}}