{"id":739,"date":"2025-04-11T08:36:36","date_gmt":"2025-04-11T05:36:36","guid":{"rendered":"https:\/\/blogi.eoppimispalvelut.fi\/kestavaliiketoiminta\/?page_id=739"},"modified":"2025-04-11T08:36:36","modified_gmt":"2025-04-11T05:36:36","slug":"kestavyysraportoinnin-startti-ivalo-syksy-2025","status":"publish","type":"page","link":"https:\/\/blogi.eoppimispalvelut.fi\/kestavaliiketoiminta\/kestavyysraportoinnin-startti-ivalo-syksy-2025\/","title":{"rendered":"Kest\u00e4vyysraportoinnin startti Ivalo syksy 2025"},"content":{"rendered":"<p>[et_pb_section fb_built=&#8221;1&#8243; theme_builder_area=&#8221;post_content&#8221; _builder_version=&#8221;4.27.4&#8243; _module_preset=&#8221;default&#8221;][et_pb_row _builder_version=&#8221;4.27.4&#8243; _module_preset=&#8221;default&#8221; column_structure=&#8221;3_5,2_5&#8243; theme_builder_area=&#8221;post_content&#8221;][et_pb_column _builder_version=&#8221;4.27.4&#8243; _module_preset=&#8221;default&#8221; type=&#8221;3_5&#8243; theme_builder_area=&#8221;post_content&#8221;][et_pb_heading title=&#8221;Kest\u00e4vyysraportoinnin startti 2025 \u2013 maksuton verkkovalmennus pk-yrityksille Ivalo syksy 2025&#8243; _builder_version=&#8221;4.27.4&#8243; _module_preset=&#8221;default&#8221; theme_builder_area=&#8221;post_content&#8221; hover_enabled=&#8221;0&#8243; sticky_enabled=&#8221;0&#8243;][\/et_pb_heading][\/et_pb_column][et_pb_column _builder_version=&#8221;4.27.4&#8243; _module_preset=&#8221;default&#8221; type=&#8221;2_5&#8243; theme_builder_area=&#8221;post_content&#8221;][et_pb_gallery _builder_version=&#8221;4.27.4&#8243; _module_preset=&#8221;default&#8221; theme_builder_area=&#8221;post_content&#8221; gallery_ids=&#8221;744&#8243; hover_enabled=&#8221;0&#8243; sticky_enabled=&#8221;0&#8243;][\/et_pb_gallery][\/et_pb_column][\/et_pb_row][et_pb_row _builder_version=&#8221;4.27.4&#8243; _module_preset=&#8221;default&#8221; theme_builder_area=&#8221;post_content&#8221;][et_pb_column _builder_version=&#8221;4.27.4&#8243; _module_preset=&#8221;default&#8221; type=&#8221;4_4&#8243; theme_builder_area=&#8221;post_content&#8221;][et_pb_text _builder_version=&#8221;4.27.4&#8243; _module_preset=&#8221;default&#8221; theme_builder_area=&#8221;post_content&#8221; hover_enabled=&#8221;0&#8243; sticky_enabled=&#8221;0&#8243;]<\/p>\n<p style=\"text-align: justify\"><strong>Kest\u00e4vyysraportoinnin startti 2025 \u2013 maksuton verkkovalmennus pk-yrityksille<\/strong><\/p>\n<p style=\"text-align: justify\">Haluatko ymm\u00e4rt\u00e4\u00e4 kest\u00e4vyysraportoinnin vaatimukset ja hy\u00f6dynt\u00e4\u00e4 vastuullisuutta liiketoiminnassasi? <strong><em>Kest\u00e4vyysraportoinnin startti 2025<\/em><\/strong> on pk-yrityksille suunnattu valmennus, jonka aikana yritys voi helppojen ty\u00f6kalujen avulla tehd\u00e4 kest\u00e4vyysraportin vapaaehtoisen standardin pohjalta (VSME).<\/p>\n<p style=\"text-align: justify\">Valmennuksessa yritykset p\u00e4\u00e4sev\u00e4t osallistumaan asiantuntijavetoisiin koulutuksiin ja ty\u00f6pajoihin, joissa k\u00e4sitell\u00e4\u00e4n kest\u00e4vyysraportoinnin perusasioita, yritystoiminnan riskej\u00e4 ja mahdollisuuksia ja vastuullisuuden kehitt\u00e4mist\u00e4 ja johtamista.<\/p>\n<p style=\"text-align: justify\">Valmennukset j\u00e4rjestet\u00e4\u00e4n sovitun mukaan l\u00e4hivalmennuksena tai Teams \u2013 yhteyksien kautta ja osallistujilla on avoin p\u00e4\u00e4sy kaikkiin materiaaleihin.<\/p>\n<p style=\"text-align: justify\"><strong>\ud83d\udca1 Valmennuksen sis\u00e4lt\u00f6:<\/strong><\/p>\n<p style=\"text-align: justify\">\ud83d\udccc <strong>Kest\u00e4vyysraportoinnin alkeet<\/strong> \u2013 mit\u00e4 ja miten raportoidaan? <span data-teams=\"true\">online (7.8. kello 9-10)<\/span><br \/>\ud83d\udccc <strong>Ty\u00f6paja:<\/strong> Yritystoiminnan riskit, mahdollisuudet ja kest\u00e4vyysvaikutusten arviointi (Ivalo 20.8. kello 12-15)<br \/>\ud83d\udccc <strong>Ty\u00f6paja:<\/strong> Vastuullisuuden kehitt\u00e4minen ja johtaminen (Ivalo 21.8. kello 9-11)<\/p>\n<p style=\"text-align: justify\">[\/et_pb_text][\/et_pb_column][\/et_pb_row][et_pb_row _builder_version=&#8221;4.27.4&#8243; _module_preset=&#8221;default&#8221; theme_builder_area=&#8221;post_content&#8221;][et_pb_column _builder_version=&#8221;4.27.4&#8243; _module_preset=&#8221;default&#8221; type=&#8221;4_4&#8243; theme_builder_area=&#8221;post_content&#8221;][et_pb_button button_text=&#8221;Ilmoittaudu mukaan ja vie yrityksesi vastuullisuusty\u00f6 uudelle tasolle!&#8221; _builder_version=&#8221;4.27.4&#8243; _module_preset=&#8221;default&#8221; theme_builder_area=&#8221;post_content&#8221; button_url=&#8221;https:\/\/link.webropolsurveys.com\/EventParticipation\/EventPublic\/a7d3a6cd-d224-41df-8858-02d08ddc4dd2?displayId=Fin3361211&#8243; hover_enabled=&#8221;0&#8243; sticky_enabled=&#8221;0&#8243;][\/et_pb_button][\/et_pb_column][\/et_pb_row][\/et_pb_section]<\/p>\n","protected":false},"excerpt":{"rendered":"<p>Kest\u00e4vyysraportoinnin startti 2025 \u2013 maksuton verkkovalmennus pk-yrityksille Haluatko ymm\u00e4rt\u00e4\u00e4 kest\u00e4vyysraportoinnin vaatimukset ja hy\u00f6dynt\u00e4\u00e4 vastuullisuutta liiketoiminnassasi? Kest\u00e4vyysraportoinnin startti 2025 on pk-yrityksille suunnattu valmennus, jonka aikana yritys voi helppojen ty\u00f6kalujen avulla tehd\u00e4 kest\u00e4vyysraportin vapaaehtoisen standardin pohjalta (VSME). Valmennuksessa yritykset p\u00e4\u00e4sev\u00e4t osallistumaan asiantuntijavetoisiin koulutuksiin ja ty\u00f6pajoihin, joissa k\u00e4sitell\u00e4\u00e4n kest\u00e4vyysraportoinnin perusasioita, yritystoiminnan riskej\u00e4 ja mahdollisuuksia ja vastuullisuuden kehitt\u00e4mist\u00e4 ja [&hellip;]<\/p>\n","protected":false},"author":4448,"featured_media":0,"parent":0,"menu_order":0,"comment_status":"closed","ping_status":"closed","template":"","meta":{"_et_pb_use_builder":"on","_et_pb_old_content":"","_et_gb_content_width":"","footnotes":""},"class_list":["post-739","page","type-page","status-publish","hentry"],"_links":{"self":[{"href":"https:\/\/blogi.eoppimispalvelut.fi\/kestavaliiketoiminta\/wp-json\/wp\/v2\/pages\/739","targetHints":{"allow":["GET"]}}],"collection":[{"href":"https:\/\/blogi.eoppimispalvelut.fi\/kestavaliiketoiminta\/wp-json\/wp\/v2\/pages"}],"about":[{"href":"https:\/\/blogi.eoppimispalvelut.fi\/kestavaliiketoiminta\/wp-json\/wp\/v2\/types\/page"}],"author":[{"embeddable":true,"href":"https:\/\/blogi.eoppimispalvelut.fi\/kestavaliiketoiminta\/wp-json\/wp\/v2\/users\/4448"}],"replies":[{"embeddable":true,"href":"https:\/\/blogi.eoppimispalvelut.fi\/kestavaliiketoiminta\/wp-json\/wp\/v2\/comments?post=739"}],"version-history":[{"count":3,"href":"https:\/\/blogi.eoppimispalvelut.fi\/kestavaliiketoiminta\/wp-json\/wp\/v2\/pages\/739\/revisions"}],"predecessor-version":[{"id":746,"href":"https:\/\/blogi.eoppimispalvelut.fi\/kestavaliiketoiminta\/wp-json\/wp\/v2\/pages\/739\/revisions\/746"}],"wp:attachment":[{"href":"https:\/\/blogi.eoppimispalvelut.fi\/kestavaliiketoiminta\/wp-json\/wp\/v2\/media?parent=739"}],"curies":[{"name":"wp","href":"https:\/\/api.w.org\/{rel}","templated":true}]}}