{"id":757,"date":"2025-05-19T10:27:32","date_gmt":"2025-05-19T07:27:32","guid":{"rendered":"https:\/\/blogi.eoppimispalvelut.fi\/kestavaliiketoiminta\/?page_id=757"},"modified":"2025-05-19T10:28:40","modified_gmt":"2025-05-19T07:28:40","slug":"scope-3-paastot-mita-ne-ovat-ja-miten-niita-hallitaan-webinaari","status":"publish","type":"page","link":"https:\/\/blogi.eoppimispalvelut.fi\/kestavaliiketoiminta\/scope-3-paastot-mita-ne-ovat-ja-miten-niita-hallitaan-webinaari\/","title":{"rendered":"Scope 3 -p\u00e4\u00e4st\u00f6t: Mit\u00e4 ne ovat ja miten niit\u00e4 hallitaan? &#8211; webinaari 27.5.2025"},"content":{"rendered":"<p>[et_pb_section fb_built=&#8221;1&#8243; theme_builder_area=&#8221;post_content&#8221; _builder_version=&#8221;4.27.4&#8243; _module_preset=&#8221;default&#8221;][et_pb_row _builder_version=&#8221;4.27.4&#8243; _module_preset=&#8221;default&#8221; column_structure=&#8221;1_2,1_2&#8243; theme_builder_area=&#8221;post_content&#8221;][et_pb_column _builder_version=&#8221;4.27.4&#8243; _module_preset=&#8221;default&#8221; type=&#8221;1_2&#8243; theme_builder_area=&#8221;post_content&#8221;][et_pb_text _builder_version=&#8221;4.27.4&#8243; _module_preset=&#8221;default&#8221; theme_builder_area=&#8221;post_content&#8221; hover_enabled=&#8221;0&#8243; sticky_enabled=&#8221;0&#8243;]<\/p>\n<p data-start=\"126\" data-end=\"226\"><strong data-start=\"126\" data-end=\"186\">27.5.2025 klo 10-11 (Teams)<\/strong><\/p>\n<p data-start=\"126\" data-end=\"226\"><strong data-start=\"126\" data-end=\"186\">Scope 3 -p\u00e4\u00e4st\u00f6t: Mit\u00e4 ne ovat ja miten niit\u00e4 hallitaan?<\/strong><\/p>\n<p data-start=\"228\" data-end=\"509\">Scope 3 -p\u00e4\u00e4st\u00f6ist\u00e4 on muodostunut yksi vaikeimmin hahmotettavista osa-alueista yritysten vastuullisuusty\u00f6ss\u00e4. Webinaarissa pureudumme siihen, mit\u00e4 Scope 3 -p\u00e4\u00e4st\u00f6t k\u00e4yt\u00e4nn\u00f6ss\u00e4 tarkoittavat ja miten niiden tunnistaminen, hallinta ja v\u00e4hent\u00e4minen on mahdollista.<\/p>\n<p data-start=\"511\" data-end=\"807\">Alustuksessa k\u00e4yd\u00e4\u00e4n lyhyesti l\u00e4pi GHG-protokolla ja Scope 1\u20132 -p\u00e4\u00e4st\u00f6t, mink\u00e4 j\u00e4lkeen keskityt\u00e4\u00e4n syv\u00e4llisemmin Scope 3 -p\u00e4\u00e4st\u00f6ihin.<\/p>\n<p data-start=\"511\" data-end=\"807\">Asiantuntijana toimii Joonas Blomqvist, Musti Groupin Group Logistics Manage.<\/p>\n<p data-start=\"511\" data-end=\"807\">\n<p data-start=\"809\" data-end=\"1020\">\n<p data-start=\"1201\" data-end=\"1323\">\n<p>[\/et_pb_text][et_pb_button button_text=&#8221;Ilmoittaudu t\u00e4st\u00e4&#8221; _builder_version=&#8221;4.27.4&#8243; _module_preset=&#8221;default&#8221; theme_builder_area=&#8221;post_content&#8221; url_new_window=&#8221;on&#8221; button_url=&#8221; https:\/\/link.webropolsurveys.com\/EP\/F3A9AC16C1807932&#8243; hover_enabled=&#8221;0&#8243; sticky_enabled=&#8221;0&#8243;][\/et_pb_button][\/et_pb_column][et_pb_column _builder_version=&#8221;4.27.4&#8243; _module_preset=&#8221;default&#8221; type=&#8221;1_2&#8243; theme_builder_area=&#8221;post_content&#8221;][et_pb_text _builder_version=&#8221;4.27.4&#8243; _module_preset=&#8221;default&#8221; theme_builder_area=&#8221;post_content&#8221; hover_enabled=&#8221;0&#8243; sticky_enabled=&#8221;0&#8243;]<\/p>\n<p data-start=\"809\" data-end=\"1020\"><strong data-start=\"809\" data-end=\"846\">Kenelle webinaari on tarkoitettu?<\/strong><\/p>\n<p data-start=\"809\" data-end=\"1020\">Webinaari on suunnattu erityisesti mikro- ja pk-yrityksille, jotka haluavat ymm\u00e4rt\u00e4\u00e4 Scope 3 -p\u00e4\u00e4st\u00f6ihin liittyvi\u00e4 vaatimuksia ja kehitt\u00e4\u00e4 liiketoimintaansa kest\u00e4v\u00e4mm\u00e4ksi.<\/p>\n<p data-start=\"1022\" data-end=\"1034\"><strong data-start=\"1022\" data-end=\"1034\">Ohjelma:<\/strong><\/p>\n<ul data-start=\"1035\" data-end=\"1199\">\n<li data-start=\"1035\" data-end=\"1089\">\n<p data-start=\"1037\" data-end=\"1089\">Johdanto GHG-protokollaan ja Scope 1\u20132 -p\u00e4\u00e4st\u00f6ihin<\/p>\n<\/li>\n<li data-start=\"1090\" data-end=\"1138\">\n<p data-start=\"1092\" data-end=\"1138\">Scope 3 -p\u00e4\u00e4st\u00f6jen tunnistaminen ja hallinta. Askelmerkit siihen, miten Scope 3 kanssa kannattaa l\u00e4hte\u00e4 liikkeelle<\/p>\n<\/li>\n<\/ul>\n<p data-start=\"1201\" data-end=\"1323\"><strong data-start=\"1201\" data-end=\"1224\">Ilmoittaudu mukaan!<\/strong><\/p>\n<p data-start=\"1201\" data-end=\"1323\">Webinaari on maksuton, mutta vaatii ilmoittautumisen. Varmista paikkasi ja tule mukaan oppimaan!<\/p>\n<p>[\/et_pb_text][\/et_pb_column][\/et_pb_row][\/et_pb_section][et_pb_section fb_built=&#8221;1&#8243; theme_builder_area=&#8221;post_content&#8221; _builder_version=&#8221;4.27.4&#8243; _module_preset=&#8221;default&#8221;][\/et_pb_section]<\/p>\n","protected":false},"excerpt":{"rendered":"<p>27.5.2025 klo 10-11 (Teams) Scope 3 -p\u00e4\u00e4st\u00f6t: Mit\u00e4 ne ovat ja miten niit\u00e4 hallitaan? Scope 3 -p\u00e4\u00e4st\u00f6ist\u00e4 on muodostunut yksi vaikeimmin hahmotettavista osa-alueista yritysten vastuullisuusty\u00f6ss\u00e4. Webinaarissa pureudumme siihen, mit\u00e4 Scope 3 -p\u00e4\u00e4st\u00f6t k\u00e4yt\u00e4nn\u00f6ss\u00e4 tarkoittavat ja miten niiden tunnistaminen, hallinta ja v\u00e4hent\u00e4minen on mahdollista. Alustuksessa k\u00e4yd\u00e4\u00e4n lyhyesti l\u00e4pi GHG-protokolla ja Scope 1\u20132 -p\u00e4\u00e4st\u00f6t, mink\u00e4 j\u00e4lkeen keskityt\u00e4\u00e4n [&hellip;]<\/p>\n","protected":false},"author":4448,"featured_media":0,"parent":0,"menu_order":0,"comment_status":"closed","ping_status":"closed","template":"","meta":{"_et_pb_use_builder":"on","_et_pb_old_content":"","_et_gb_content_width":"","footnotes":""},"class_list":["post-757","page","type-page","status-publish","hentry"],"_links":{"self":[{"href":"https:\/\/blogi.eoppimispalvelut.fi\/kestavaliiketoiminta\/wp-json\/wp\/v2\/pages\/757","targetHints":{"allow":["GET"]}}],"collection":[{"href":"https:\/\/blogi.eoppimispalvelut.fi\/kestavaliiketoiminta\/wp-json\/wp\/v2\/pages"}],"about":[{"href":"https:\/\/blogi.eoppimispalvelut.fi\/kestavaliiketoiminta\/wp-json\/wp\/v2\/types\/page"}],"author":[{"embeddable":true,"href":"https:\/\/blogi.eoppimispalvelut.fi\/kestavaliiketoiminta\/wp-json\/wp\/v2\/users\/4448"}],"replies":[{"embeddable":true,"href":"https:\/\/blogi.eoppimispalvelut.fi\/kestavaliiketoiminta\/wp-json\/wp\/v2\/comments?post=757"}],"version-history":[{"count":4,"href":"https:\/\/blogi.eoppimispalvelut.fi\/kestavaliiketoiminta\/wp-json\/wp\/v2\/pages\/757\/revisions"}],"predecessor-version":[{"id":763,"href":"https:\/\/blogi.eoppimispalvelut.fi\/kestavaliiketoiminta\/wp-json\/wp\/v2\/pages\/757\/revisions\/763"}],"wp:attachment":[{"href":"https:\/\/blogi.eoppimispalvelut.fi\/kestavaliiketoiminta\/wp-json\/wp\/v2\/media?parent=757"}],"curies":[{"name":"wp","href":"https:\/\/api.w.org\/{rel}","templated":true}]}}