{"id":776,"date":"2025-11-26T21:15:08","date_gmt":"2025-11-26T19:15:08","guid":{"rendered":"https:\/\/blogi.eoppimispalvelut.fi\/kestavaliiketoiminta\/?page_id=776"},"modified":"2026-04-15T16:41:59","modified_gmt":"2026-04-15T13:41:59","slug":"kestavyysraportti-maksuton-tyokalu-vastuullisuusraportointiin-pk-yrityksille","status":"publish","type":"page","link":"https:\/\/blogi.eoppimispalvelut.fi\/kestavaliiketoiminta\/etusivu\/kestavyysraportti-maksuton-tyokalu-vastuullisuusraportointiin-pk-yrityksille\/","title":{"rendered":"Raportointi ty\u00f6kalut"},"content":{"rendered":"<p>[et_pb_section fb_built=&#8221;1&#8243; _builder_version=&#8221;4.27.4&#8243; _module_preset=&#8221;default&#8221; global_colors_info=&#8221;{}&#8221;][et_pb_row _builder_version=&#8221;4.27.4&#8243; _module_preset=&#8221;default&#8221; global_colors_info=&#8221;{}&#8221;][et_pb_column type=&#8221;4_4&#8243; _builder_version=&#8221;4.27.4&#8243; _module_preset=&#8221;default&#8221; global_colors_info=&#8221;{}&#8221;][et_pb_text _builder_version=&#8221;4.27.4&#8243; _module_preset=&#8221;default&#8221; global_colors_info=&#8221;{}&#8221;]<\/p>\n<h3 data-start=\"369\" data-end=\"747\"><strong>Maksuton ty\u00f6kalu kest\u00e4vyysraportointiin<\/strong><\/h3>\n<p data-start=\"369\" data-end=\"747\">Kest\u00e4vyysraportoinnin ei tarvitse olla vaikeaa. Ja hyv\u00e4 niin, sill\u00e4 raportoinnin todellinen hy\u00f6ty on tulosten k\u00e4ytt\u00f6 yrityksen strategisessa p\u00e4\u00e4t\u00f6ksenteossa. Kest\u00e4vyysraportti auttaa yrityst\u00e4 kehitt\u00e4m\u00e4\u00e4n kilpailukyky\u00e4\u00e4n, vastaamaan sidosryhmien odotuksiin ja vahvistamaan muutoskyky\u00e4\u00e4n vihre\u00e4ss\u00e4 siirtym\u00e4ss\u00e4.<\/p>\n<p data-start=\"1236\" data-end=\"1469\">T\u00e4ss\u00e4 on tarjolla maksuton ty\u00f6kalu <strong>VSME-standarin mukaiseen kest\u00e4vyysraportointiin<\/strong>. EU komissio on antanut virallisen suosituksen k\u00e4ytt\u00e4\u00e4 t\u00e4t\u00e4 standardia, jos rahoittaja ja\/tai arvoverkko pyyt\u00e4\u00e4 kest\u00e4vyystietoja mikro- tai pk-yrityksilt\u00e4.<\/p>\n<p data-start=\"944\" data-end=\"1168\">Ty\u00f6kalu tekee monimutkaisen s\u00e4\u00e4telyn sis\u00e4ll\u00f6ist\u00e4 ymm\u00e4rrett\u00e4v\u00e4\u00e4 ja kest\u00e4vyysraportti l\u00e4htee rakentemaan heti. Ohjeet k\u00e4ytt\u00f6\u00f6 l\u00f6ytyv\u00e4t\u00e4 tuosta alta.<\/p>\n<p data-start=\"1170\" data-end=\"1345\">[\/et_pb_text][\/et_pb_column][\/et_pb_row][et_pb_row column_structure=&#8221;1_2,1_2&#8243; _builder_version=&#8221;4.27.4&#8243; _module_preset=&#8221;default&#8221; custom_padding=&#8221;||1px|||&#8221; global_colors_info=&#8221;{}&#8221;][et_pb_column type=&#8221;1_2&#8243; _builder_version=&#8221;4.27.4&#8243; _module_preset=&#8221;default&#8221; global_colors_info=&#8221;{}&#8221;][et_pb_image src=&#8221;https:\/\/blogi.eoppimispalvelut.fi\/kestavaliiketoiminta\/files\/2026\/04\/koskeeko-raporoitnti-sinun-yritysta-12.png&#8221; title_text=&#8221;koskeeko raporoitnti sinun yrityst\u00e4 (12)&#8221; _builder_version=&#8221;4.27.4&#8243; _module_preset=&#8221;default&#8221; global_colors_info=&#8221;{}&#8221;][\/et_pb_image][\/et_pb_column][et_pb_column type=&#8221;1_2&#8243; _builder_version=&#8221;4.27.4&#8243; _module_preset=&#8221;default&#8221; global_colors_info=&#8221;{}&#8221;][et_pb_cta title=&#8221;Miksi kannattaa raportoida?&#8221; button_text=&#8221;Click Here&#8221; _builder_version=&#8221;4.27.4&#8243; _module_preset=&#8221;default&#8221; header_font=&#8221;|700|||||||&#8221; header_text_color=&#8221;#353535&#8243; background_color=&#8221;#FFFFFF&#8221; width=&#8221;100%&#8221; min_height=&#8221;157.8px&#8221; global_colors_info=&#8221;{}&#8221;]<\/p>\n<p><span style=\"color: #0a0a0a\">\u00a0Yksiselitteist\u00e4 vastausta t\u00e4h\u00e4n ei ole. Jos jokin allaolevista pit\u00e4\u00e4 paikkansa nyt tai kohtapuolin, kannattaa raportointi aloittaa.<\/span><\/p>\n<ol>\n<li><span style=\"color: #333333;font-size: 14px;text-align: justify\"><\/span><\/li>\n<li style=\"text-align: center\"><span style=\"color: #333333;font-size: 14px;text-align: justify\">1. Tulossa <strong>investointi<\/strong>, johon haetaan rahoitusta. Rahoittajalle kest\u00e4vyysriskit kulkevat k\u00e4si k\u00e4dess\u00e4 rahoitusriskien kanssa.<\/span><\/li>\n<li style=\"text-align: center\"><span style=\"color: #333333\">2. Yhteisty\u00f6verkostossa on suuria tai kest\u00e4vyytt\u00e4 painottavia yrityksi\u00e4. Kest\u00e4vyysty\u00f6 on silloin <strong>kilpailukykytekij\u00e4.<\/strong><\/span><\/li>\n<li style=\"text-align: center\"><span style=\"color: #333333\">3. <strong>Asiakas<\/strong> haluaa ostaa valmiita ratkaisuja kest\u00e4v\u00e4\u00e4n kuluttamiseen<\/span><\/li>\n<li style=\"text-align: center\"><span style=\"color: #333333\">4. Ei ole varmuuttaa piileek\u00f6 t\u00e4ss\u00e4 <strong>riski tai mahdollisuus<\/strong>. Se kannattaa selvitt\u00e4\u00e4.<\/span><\/li>\n<li style=\"text-align: center\"><span style=\"color: #333333\">5. <strong>Toiminnan vaikutukset<\/strong> halutaan selvitt\u00e4\u00e4 ja ottaa ainakin negatiiviset haltuun pikimiten.<\/span><\/li>\n<\/ol>\n<p>[\/et_pb_cta][\/et_pb_column][\/et_pb_row][et_pb_row _builder_version=&#8221;4.27.4&#8243; _module_preset=&#8221;default&#8221; global_colors_info=&#8221;{}&#8221;][et_pb_column type=&#8221;4_4&#8243; _builder_version=&#8221;4.27.4&#8243; _module_preset=&#8221;default&#8221; global_colors_info=&#8221;{}&#8221;][et_pb_text _builder_version=&#8221;4.27.4&#8243; _module_preset=&#8221;default&#8221; hover_enabled=&#8221;0&#8243; global_colors_info=&#8221;{}&#8221; sticky_enabled=&#8221;0&#8243;]<\/p>\n<h3><strong>Kirjautumisohjeet<\/strong><\/h3>\n<p>Tule mukaan raportoimaan kest\u00e4vyydest\u00e4! K\u00e4yt\u00f6ss\u00e4si on ilmainen kest\u00e4vyysraportoinnin ty\u00f6kalu, jonka l\u00f6yd\u00e4t Lapin AMKin Open Moodlesta. alta l\u00f6yd\u00e4t ohjeet, joiden avulla p\u00e4\u00e4set ty\u00f6tilaan.<\/p>\n<p>1) Kest\u00e4vyysraportti l\u00f6ytyy Lapin AMKin Open Moodlesta osoitteesta <a aria-label=\"Linkki https:\/\/openmoodle.eoppimispalvelut.fi\/\" id=\"menur1jk\" href=\"https:\/\/openmoodle.eoppimispalvelut.fi\/\" rel=\"noreferrer noopener\" target=\"_blank\" class=\"fui-Link ___1q1shib f2hkw1w f3rmtva f1ewtqcl fyind8e f1k6fduh f1w7gpdv fk6fouc fjoy568 figsok6 f1s184ao f1mk8lai fnbmjn9 f1o700av f13mvf36 f1cmlufx f9n3di6 f1ids18y f1tx3yz7 f1deo86v f1eh06m1 f1iescvh fhgqx19 f1olyrje f1p93eir f1nev41a f1h8hb77 f1lqvz6u f10aw75t fsle3fq f17ae5zn\" title=\"https:\/\/openmoodle.eoppimispalvelut.fi\/\">https:\/\/openmoodle.eoppimispalvelut.fi\/<\/a><\/p>\n<p>2) Jos sinulla on jo Lapin ammattikorkeakoulun, Lapin yliopiston tai Redun tunnukset, voit kirjautua Open Moodleen niiden avulla. Muussa tapauksessa, paina \u201d<a aria-label=\"Linkki Aloita nyt luomalla uusi k\u00e4ytt\u00e4j\u00e4tunnus\" id=\"menur1jm\" href=\"https:\/\/openmoodle.eoppimispalvelut.fi\/login\/signup.php\" rel=\"noreferrer noopener\" target=\"_blank\" class=\"fui-Link ___1q1shib f2hkw1w f3rmtva f1ewtqcl fyind8e f1k6fduh f1w7gpdv fk6fouc fjoy568 figsok6 f1s184ao f1mk8lai fnbmjn9 f1o700av f13mvf36 f1cmlufx f9n3di6 f1ids18y f1tx3yz7 f1deo86v f1eh06m1 f1iescvh fhgqx19 f1olyrje f1p93eir f1nev41a f1h8hb77 f1lqvz6u f10aw75t fsle3fq f17ae5zn\" title=\"https:\/\/openmoodle.eoppimispalvelut.fi\/login\/signup.php\">Aloita nyt luomalla uusi k\u00e4ytt\u00e4j\u00e4tunnus<\/a>\u201d.<\/p>\n<p>3) Luo itsellesi uusi tunnus. Kun olet luonut itsellesi tunnuksen, saat s\u00e4hk\u00f6postiisi vahvistusviestin. Jos vahvistusviesti\u00e4 ei kuulu, tarkista my\u00f6s roskaposti-kansiosi. Jos tunnuksen luomisessa on ongelmia, ole yhteydess\u00e4 eOppimispalveluihin: <a aria-label=\"Linkki eoppimispalvelut@lapinamk.fi\" id=\"menur1jo\" href=\"mailto:eoppimispalvelut@lapinamk.fi\" rel=\"noreferrer noopener\" target=\"_blank\" class=\"fui-Link ___1q1shib f2hkw1w f3rmtva f1ewtqcl fyind8e f1k6fduh f1w7gpdv fk6fouc fjoy568 figsok6 f1s184ao f1mk8lai fnbmjn9 f1o700av f13mvf36 f1cmlufx f9n3di6 f1ids18y f1tx3yz7 f1deo86v f1eh06m1 f1iescvh fhgqx19 f1olyrje f1p93eir f1nev41a f1h8hb77 f1lqvz6u f10aw75t fsle3fq f17ae5zn\" title=\"mailto:eoppimispalvelut@lapinamk.fi\">eoppimispalvelut@lapinamk.fi<\/a>.<\/p>\n<p>4) Kun olet onnistuneesti luonut itsellesi k\u00e4ytt\u00e4j\u00e4tunnuksen, p\u00e4\u00e4set kirjautumaan Open Moodleen. Kirjaudu sis\u00e4\u00e4n <a aria-label=\"Linkki Open Moodleen\" id=\"menur1jq\" href=\"https:\/\/openmoodle.eoppimispalvelut.fi\/\" rel=\"noreferrer noopener\" target=\"_blank\" class=\"fui-Link ___1q1shib f2hkw1w f3rmtva f1ewtqcl fyind8e f1k6fduh f1w7gpdv fk6fouc fjoy568 figsok6 f1s184ao f1mk8lai fnbmjn9 f1o700av f13mvf36 f1cmlufx f9n3di6 f1ids18y f1tx3yz7 f1deo86v f1eh06m1 f1iescvh fhgqx19 f1olyrje f1p93eir f1nev41a f1h8hb77 f1lqvz6u f10aw75t fsle3fq f17ae5zn\" title=\"https:\/\/openmoodle.eoppimispalvelut.fi\/\">Open Moodleen<\/a> aloitussivun \u201d<a aria-label=\"Linkki Muut k\u00e4ytt\u00e4j\u00e4t\" id=\"menur1js\" href=\"https:\/\/openmoodle.eoppimispalvelut.fi\/theme\/boost_union\/locallogin.php\" rel=\"noreferrer noopener\" target=\"_blank\" class=\"fui-Link ___1q1shib f2hkw1w f3rmtva f1ewtqcl fyind8e f1k6fduh f1w7gpdv fk6fouc fjoy568 figsok6 f1s184ao f1mk8lai fnbmjn9 f1o700av f13mvf36 f1cmlufx f9n3di6 f1ids18y f1tx3yz7 f1deo86v f1eh06m1 f1iescvh fhgqx19 f1olyrje f1p93eir f1nev41a f1h8hb77 f1lqvz6u f10aw75t fsle3fq f17ae5zn\" title=\"https:\/\/openmoodle.eoppimispalvelut.fi\/theme\/boost_union\/locallogin.php\">Muut k\u00e4ytt\u00e4j\u00e4t<\/a>\u201d -kohdasta. Kirjauduttuasi sis\u00e4\u00e4n Open Moodleen voit hakea kursseja sivun oikeaan laitaan avautuvan valikon \u201dMoodle ty\u00f6tilahaku\u201d -kohdassa. L\u00f6yd\u00e4t ty\u00f6tilan nimell\u00e4 Kest\u00e4vyysraportointi VSME. P\u00e4\u00e4set sis\u00e4lle my\u00f6s t\u00e4st\u00e4 linkist\u00e4: <a aria-label=\"Linkki Kest\u00e4vyysraportointi VSME\" id=\"menur1ju\" href=\"https:\/\/openmoodle.eoppimispalvelut.fi\/course\/view.php?id=661\" rel=\"noreferrer noopener\" target=\"_blank\" class=\"fui-Link ___1q1shib f2hkw1w f3rmtva f1ewtqcl fyind8e f1k6fduh f1w7gpdv fk6fouc fjoy568 figsok6 f1s184ao f1mk8lai fnbmjn9 f1o700av f13mvf36 f1cmlufx f9n3di6 f1ids18y f1tx3yz7 f1deo86v f1eh06m1 f1iescvh fhgqx19 f1olyrje f1p93eir f1nev41a f1h8hb77 f1lqvz6u f10aw75t fsle3fq f17ae5zn\" title=\"https:\/\/openmoodle.eoppimispalvelut.fi\/course\/view.php?id=661\">Kest\u00e4vyysraportointi VSME<\/a>.<\/p>\n<p>5) Ensimm\u00e4isell\u00e4 kerralla ty\u00f6tilaan p\u00e4\u00e4sy vaatii salasanan. Se on: <strong>Kest\u00e4vyysraportointi<\/strong><\/p>\n<p>6) Tervetuloa mukaan! Voit nyt aloittaa kest\u00e4vyysraportointiin perehtymisen ja raportoinnin omassa tahdissasi.<\/p>\n<p>&nbsp;<\/p>\n<p>&nbsp;<\/p>\n<p>[\/et_pb_text][\/et_pb_column][\/et_pb_row][et_pb_row _builder_version=&#8221;4.27.4&#8243; _module_preset=&#8221;default&#8221; global_colors_info=&#8221;{}&#8221;][et_pb_column type=&#8221;4_4&#8243; _builder_version=&#8221;4.27.4&#8243; _module_preset=&#8221;default&#8221; global_colors_info=&#8221;{}&#8221;][et_pb_testimonial author=&#8221;Juho Tapio&#8221; company_name=&#8221;Latitude 66 Cobalt Oy&#8221; portrait_url=&#8221;data:image\/svg+xml;base64,PHN2ZyB3aWR0aD0iNTAwIiBoZWlnaHQ9IjUwMCIgdmlld0JveD0iMCAwIDUwMCA1MDAiIHhtbG5zPSJodHRwOi8vd3d3LnczLm9yZy8yMDAwL3N2ZyI+CiAgICA8ZyBmaWxsPSJub25lIiBmaWxsLXJ1bGU9ImV2ZW5vZGQiPgogICAgICAgIDxwYXRoIGZpbGw9IiNFQkVCRUIiIGQ9Ik0wIDBoNTAwdjUwMEgweiIvPgogICAgICAgIDxyZWN0IGZpbGwtb3BhY2l0eT0iLjEiIGZpbGw9IiMwMDAiIHg9IjY4IiB5PSIzMDUiIHdpZHRoPSIzNjQiIGhlaWdodD0iNTY4IiByeD0iMTgyIi8+CiAgICAgICAgPGNpcmNsZSBmaWxsLW9wYWNpdHk9Ii4xIiBmaWxsPSIjMDAwIiBjeD0iMjQ5IiBjeT0iMTcyIiByPSIxMDAiLz4KICAgIDwvZz4KPC9zdmc+Cg==&#8221; _builder_version=&#8221;4.27.4&#8243; _module_preset=&#8221;default&#8221; global_colors_info=&#8221;{}&#8221;]<\/p>\n<p>Nettimateriaalit olivat hyvi\u00e4 ja t\u00e4ll\u00e4 ty\u00f6kalulla saa luotua yksinkertaisen ja salonkikelpoisen raportin.<\/p>\n<p>[\/et_pb_testimonial][et_pb_testimonial author=&#8221;Aino Kaisa Karjalainen&#8221; company_name=&#8221;NewPaakkola Oy&#8221; portrait_url=&#8221;data:image\/svg+xml;base64,PHN2ZyB3aWR0aD0iNTAwIiBoZWlnaHQ9IjUwMCIgdmlld0JveD0iMCAwIDUwMCA1MDAiIHhtbG5zPSJodHRwOi8vd3d3LnczLm9yZy8yMDAwL3N2ZyI+CiAgICA8ZyBmaWxsPSJub25lIiBmaWxsLXJ1bGU9ImV2ZW5vZGQiPgogICAgICAgIDxwYXRoIGZpbGw9IiNFQkVCRUIiIGQ9Ik0wIDBoNTAwdjUwMEgweiIvPgogICAgICAgIDxyZWN0IGZpbGwtb3BhY2l0eT0iLjEiIGZpbGw9IiMwMDAiIHg9IjY4IiB5PSIzMDUiIHdpZHRoPSIzNjQiIGhlaWdodD0iNTY4IiByeD0iMTgyIi8+CiAgICAgICAgPGNpcmNsZSBmaWxsLW9wYWNpdHk9Ii4xIiBmaWxsPSIjMDAwIiBjeD0iMjQ5IiBjeT0iMTcyIiByPSIxMDAiLz4KICAgIDwvZz4KPC9zdmc+Cg==&#8221; _builder_version=&#8221;4.27.4&#8243; _module_preset=&#8221;default&#8221; global_colors_info=&#8221;{}&#8221;]<\/p>\n<p>T\u00e4m\u00e4 VSME-ty\u00f6kalu oli mukava yll\u00e4tys, sill\u00e4 se on hallittava.\u00a0 Lomakkeet ovat aika hyvi\u00e4 ja helppoja. Toimii kyll\u00e4.<\/p>\n<p>[\/et_pb_testimonial][\/et_pb_column][\/et_pb_row][\/et_pb_section]<\/p>\n","protected":false},"excerpt":{"rendered":"<p>Maksuton ty\u00f6kalu kest\u00e4vyysraportointiin Kest\u00e4vyysraportoinnin ei tarvitse olla vaikeaa. Ja hyv\u00e4 niin, sill\u00e4 raportoinnin todellinen hy\u00f6ty on tulosten k\u00e4ytt\u00f6 yrityksen strategisessa p\u00e4\u00e4t\u00f6ksenteossa. Kest\u00e4vyysraportti auttaa yrityst\u00e4 kehitt\u00e4m\u00e4\u00e4n kilpailukyky\u00e4\u00e4n, vastaamaan sidosryhmien odotuksiin ja vahvistamaan muutoskyky\u00e4\u00e4n vihre\u00e4ss\u00e4 siirtym\u00e4ss\u00e4. T\u00e4ss\u00e4 on tarjolla maksuton ty\u00f6kalu VSME-standarin mukaiseen kest\u00e4vyysraportointiin. EU komissio on antanut virallisen suosituksen k\u00e4ytt\u00e4\u00e4 t\u00e4t\u00e4 standardia, jos rahoittaja ja\/tai arvoverkko [&hellip;]<\/p>\n","protected":false},"author":4448,"featured_media":0,"parent":120,"menu_order":0,"comment_status":"closed","ping_status":"closed","template":"","meta":{"_et_pb_use_builder":"on","_et_pb_old_content":"","_et_gb_content_width":"","footnotes":""},"class_list":["post-776","page","type-page","status-publish","hentry"],"_links":{"self":[{"href":"https:\/\/blogi.eoppimispalvelut.fi\/kestavaliiketoiminta\/wp-json\/wp\/v2\/pages\/776","targetHints":{"allow":["GET"]}}],"collection":[{"href":"https:\/\/blogi.eoppimispalvelut.fi\/kestavaliiketoiminta\/wp-json\/wp\/v2\/pages"}],"about":[{"href":"https:\/\/blogi.eoppimispalvelut.fi\/kestavaliiketoiminta\/wp-json\/wp\/v2\/types\/page"}],"author":[{"embeddable":true,"href":"https:\/\/blogi.eoppimispalvelut.fi\/kestavaliiketoiminta\/wp-json\/wp\/v2\/users\/4448"}],"replies":[{"embeddable":true,"href":"https:\/\/blogi.eoppimispalvelut.fi\/kestavaliiketoiminta\/wp-json\/wp\/v2\/comments?post=776"}],"version-history":[{"count":11,"href":"https:\/\/blogi.eoppimispalvelut.fi\/kestavaliiketoiminta\/wp-json\/wp\/v2\/pages\/776\/revisions"}],"predecessor-version":[{"id":906,"href":"https:\/\/blogi.eoppimispalvelut.fi\/kestavaliiketoiminta\/wp-json\/wp\/v2\/pages\/776\/revisions\/906"}],"up":[{"embeddable":true,"href":"https:\/\/blogi.eoppimispalvelut.fi\/kestavaliiketoiminta\/wp-json\/wp\/v2\/pages\/120"}],"wp:attachment":[{"href":"https:\/\/blogi.eoppimispalvelut.fi\/kestavaliiketoiminta\/wp-json\/wp\/v2\/media?parent=776"}],"curies":[{"name":"wp","href":"https:\/\/api.w.org\/{rel}","templated":true}]}}